{"id":1547,"date":"2025-08-28T17:33:55","date_gmt":"2025-08-28T20:33:55","guid":{"rendered":"https:\/\/www.alantraleasing.com\/product\/shower-trailers\/"},"modified":"2026-03-13T10:44:47","modified_gmt":"2026-03-13T13:44:47","slug":"roulottes-avec-douches","status":"publish","type":"product","link":"https:\/\/www.alantraleasing.com\/fr\/product\/roulottes-avec-douches\/","title":{"rendered":"Roulotte avec douches"},"content":{"rendered":"\r\n<h2><\/h2>\r\n<h2>ROULOTTE AVEC DOUCHES<\/h2>\r\n<p>Les roulottes avec des douche d&rsquo;Alantra Leasing sont con\u00e7ues pour le confort et la commodit\u00e9, vous offrant tout ce dont vous avez besoin pour commencer la journ\u00e9e propre et revigor\u00e9. Chaque unit\u00e9 comprend un lavabo, des toilettes, un s\u00e8che-mains, des crochets pour manteaux, un banc, une \u00e9tag\u00e8re grillag\u00e9e et un ventilateur, avec des options de douche accessibles pour garantir une utilisation inclusive pour tous.<\/p>\r\n<p>Parfaites pour accompagner nos roulottes dortoirs ou vestiaires, ces unit\u00e9s constituent une solution id\u00e9ale pour les loisirs, tels que les \u00e9v\u00e9nements sportifs, les campings et les relais routiers.<\/p>\r\n<!-- Top Main Slider -->\r\n<p><img decoding=\"async\" src=\"https:\/\/www.alantraleasing.com\/wp-content\/uploads\/2025\/08\/1-1.png\" alt=\"Product Image\" \/> <img decoding=\"async\" src=\"https:\/\/www.alantraleasing.com\/wp-content\/uploads\/2025\/08\/2-1.png\" alt=\"Product Image\" \/> <img decoding=\"async\" src=\"https:\/\/www.alantraleasing.com\/wp-content\/uploads\/2025\/08\/3-3.png\" alt=\"Product Image\" \/> <img decoding=\"async\" src=\"https:\/\/www.alantraleasing.com\/wp-content\/uploads\/2025\/08\/4-3.png\" alt=\"Product Image\" \/> <img decoding=\"async\" src=\"https:\/\/www.alantraleasing.com\/wp-content\/uploads\/2025\/08\/5-1.png\" alt=\"Product Image\" \/> <img decoding=\"async\" src=\"https:\/\/www.alantraleasing.com\/wp-content\/uploads\/2025\/08\/6-1.png\" alt=\"Product Image\" \/> <img decoding=\"async\" src=\"https:\/\/www.alantraleasing.com\/wp-content\/uploads\/2025\/08\/7-1.png\" alt=\"Product Image\" \/> <img decoding=\"async\" src=\"https:\/\/www.alantraleasing.com\/wp-content\/uploads\/2025\/08\/8-1.png\" alt=\"Product Image\" \/> <img decoding=\"async\" src=\"https:\/\/www.alantraleasing.com\/wp-content\/uploads\/2025\/08\/9-1.png\" alt=\"Product Image\" \/><\/p>\r\n<h3>OBTENEZ VOTRE DEVIS<\/h3>\r\n<p>Contactez un repr\u00e9sentant d\u00e8s aujourd&rsquo;hui pour demandez un devis!<\/p>\r\n<p><img decoding=\"async\" src=\"https:\/\/www.alantraleasing.com\/wp-content\/uploads\/2025\/08\/1-1.png\" alt=\"Product Image\" \/> <img decoding=\"async\" src=\"https:\/\/www.alantraleasing.com\/wp-content\/uploads\/2025\/08\/2-1.png\" alt=\"Product Image\" \/> <img decoding=\"async\" src=\"https:\/\/www.alantraleasing.com\/wp-content\/uploads\/2025\/08\/3-3.png\" alt=\"Product Image\" \/> <img decoding=\"async\" src=\"https:\/\/www.alantraleasing.com\/wp-content\/uploads\/2025\/08\/4-3.png\" alt=\"Product Image\" \/> <img decoding=\"async\" src=\"https:\/\/www.alantraleasing.com\/wp-content\/uploads\/2025\/08\/5-1.png\" alt=\"Product Image\" \/> <img decoding=\"async\" src=\"https:\/\/www.alantraleasing.com\/wp-content\/uploads\/2025\/08\/6-1.png\" alt=\"Product Image\" \/> <img decoding=\"async\" src=\"https:\/\/www.alantraleasing.com\/wp-content\/uploads\/2025\/08\/7-1.png\" alt=\"Product Image\" \/> <img decoding=\"async\" src=\"https:\/\/www.alantraleasing.com\/wp-content\/uploads\/2025\/08\/8-1.png\" alt=\"Product Image\" \/> <img decoding=\"async\" src=\"https:\/\/www.alantraleasing.com\/wp-content\/uploads\/2025\/08\/9-1.png\" alt=\"Product Image\" \/> <style>\r\n  .product-slider {\r\n    border: 6px solid #2A3071;\r\n    border-radius: 15px;\r\n    position: relative;\r\n    overflow: hidden;\r\n}\r\n.product-slider img {\r\n    height: 450px;\r\n    object-fit: cover;\r\n    width: 100%;\r\n    display: block;\r\n}\r\n.slick-arrow {\r\n    position: absolute !important;\r\n    z-index: 9;\r\n    top: 35%;\r\n    background-color: transparent !important;\r\n    border: none !important;\r\n    font-size: 0;\r\n    background-image: url(https:\/\/www.alantraleasing.com\/wp-content\/uploads\/2025\/07\/Path-12.svg);\r\n    width: 77px;\r\n    height: 151px;\r\n    background-repeat: no-repeat;\r\n    padding: 0;\r\n    background-position: center;\r\n}\r\nbutton.slick-next.slick-arrow {\r\n    right: 0;\r\n     background-image: url(https:\/\/www.alantraleasing.com\/wp-content\/uploads\/2025\/07\/Path-13.svg);\r\n}\r\n.product-slider-nav {\r\n    margin-top: 34px;\r\n}\r\n.product-slide-nav img {\r\n    border: 6px solid;\r\n    height: 126px;\r\n    border-radius: 3px;\r\n    width: 100%;\r\n}\r\n.product-slide-nav {\r\n    padding: 0 9px;\r\n}\r\n.product-slider-wrap-nav {\r\n    margin: 0 -8px;\r\n}\r\n.product-slider-wrap {\r\n    position: relative;\r\n}\r\n.sale_info {\r\n    position: absolute;\r\n    bottom: 25px;\r\n    max-width: 388px;\r\n    background: #0B939C;\r\n    width: 100%;\r\n    color: #fff;\r\n    border-radius: 17px;\r\n    text-align: center;\r\n    left: -31px;\r\n    padding: 8px 40px;\r\n}\r\n.sale_info h3 {\r\n    margin: 0 0 2px;\r\n    font: normal normal 800 35px \/ 27px futura-pt-condensed;\r\n    letter-spacing: 0px;\r\n    color: #FFFFFF;\r\n    text-transform: uppercase;\r\n}\r\n.sale_info p {\r\n    margin: 0;\r\n    font-size: 14px;\r\n    line-height: 17px;\r\n}\r\n.product-slide, .product-slide-nav{\r\n  display: none;\r\n}\r\n.slick-initialized .slick-slide {\r\n    display: block;\r\n}\r\n@media(max-width:800px){\r\n  .slick-arrow {\r\n    background-size: contain;\r\n    height: 58px;\r\n    font-size: 0 !important;\r\n    width: 34px;\r\n}\r\n.sale_info h3 {\r\n    font: normal normal 800 22px \/ 23px futura-pt-condensed;\r\n}\r\n.sale_info {\r\n    bottom: -26px;\r\n    max-width: 388px;\r\n    left: -12px;\r\n    padding: 8px 11px;\r\n}\r\n.product-slider-wrap-nav {\r\n    display: none;\r\n}\r\n.product-slider img {\r\n    height: 320px;\r\n}\r\n.fl-col-group.fl-node-yjrbnw9kxcz3.fl-col-group-equal-height.fl-col-group-align-center.fl-col-group-custom-width {\r\n    display: block !important;\r\n}\r\n}\r\n<\/style><\/p>\r\n<h2>Caract\u00e9ristiques<\/h2>\r\n<p>Location de 28 jours, installation n\u00e9cessitant l&rsquo;intervention d&rsquo;un plombier\/\u00e9lectricien, remplissage du r\u00e9servoir sur place et vidange de la pompe avant le retour.<\/p>\r\n<ul>\r\n<li>Douches<\/li>\r\n<li>Lavabos<\/li>\r\n<li>Toilettes<\/li>\r\n<li>S\u00e8che-mains<\/li>\r\n<li>Crochets \u00e0 v\u00eatements<\/li>\r\n<li>Bancs<\/li>\r\n<li>Climatiseurs<\/li>\r\n<li>Ventilateurs<\/li>\r\n<li>\u00c9tag\u00e8res m\u00e9talliques<\/li>\r\n<\/ul>\r\n<p><img loading=\"lazy\" decoding=\"async\" title=\"Shower Trailer Display photo 1\" src=\"https:\/\/www.alantraleasing.com\/wp-content\/uploads\/2025\/08\/Shower-Trailer-Display-photo-1.png\" alt=\"Shower Trailer Display photo 1\" width=\"1200\" height=\"1330\" \/> <img loading=\"lazy\" decoding=\"async\" title=\"Shower Trailer Display photo 2\" src=\"https:\/\/www.alantraleasing.com\/wp-content\/uploads\/2025\/08\/Shower-Trailer-Display-photo-2-2-e1770854112131.png\" alt=\"Shower Trailer Display photo 2\" width=\"1080\" height=\"1920\" \/><\/p>\r\n<h2>Options de mod\u00e8le et de taille diverse<\/h2>\r\n<p>Les options de conception disponibles peuvent \u00eatre personnalis\u00e9es pour r\u00e9pondre \u00e0 votre situation et \u00e0 vos besoins.<\/p>\r\n<ul>\r\n<li><a href=\"https:\/\/www.alantraleasing.com\/wp-content\/uploads\/2025\/09\/AL15-870.pdf\" target=\"_blank\" rel=\"noopener\">30&#215;10 roulottes douche\/salle d&rsquo;eau<\/a><\/li>\r\n<li><a href=\"https:\/\/www.alantraleasing.com\/wp-content\/uploads\/2025\/11\/40x12-new-standard-shower-unit-individual-rooms-1.pdf\" target=\"_blank\" rel=\"noopener\">40&#215;12 roulottes douche\/sallle d&rsquo;eau<\/a><\/li>\r\n<\/ul>\r\n","protected":false},"featured_media":1910,"template":"","meta":{"_acf_changed":false},"product-category":[41],"class_list":["post-1547","product","type-product","status-publish","has-post-thumbnail","hentry","product-category-roulotte-de-chantier-fr"],"acf":[],"yoast_head":"<!-- This site is optimized with the Yoast SEO plugin v27.2 - https:\/\/yoast.com\/product\/yoast-seo-wordpress\/ -->\n<title>Roulottes de douche haut de gamme \u00e0 louer et en cr\u00e9dit-bail<\/title>\n<meta name=\"description\" content=\"D\u00e9couvrez les roulottes de douche durables et confortables d&#039;Alantra, id\u00e9ales pour les camps, les \u00e9v\u00e9nements et bien plus encore. Elles comprennent des douches, des toilettes et des options accessibles.\" \/>\n<meta name=\"robots\" content=\"index, follow, max-snippet:-1, max-image-preview:large, max-video-preview:-1\" \/>\n<link rel=\"canonical\" href=\"https:\/\/www.alantraleasing.com\/fr\/product\/roulottes-avec-douches\/\" \/>\n<meta property=\"og:locale\" content=\"fr_FR\" \/>\n<meta property=\"og:type\" content=\"article\" \/>\n<meta property=\"og:title\" content=\"Roulottes de douche haut de gamme \u00e0 louer et en cr\u00e9dit-bail\" \/>\n<meta property=\"og:description\" content=\"D\u00e9couvrez les roulottes de douche durables et confortables d&#039;Alantra, id\u00e9ales pour les camps, les \u00e9v\u00e9nements et bien plus encore. Elles comprennent des douches, des toilettes et des options accessibles.\" \/>\n<meta property=\"og:url\" content=\"https:\/\/www.alantraleasing.com\/fr\/product\/roulottes-avec-douches\/\" \/>\n<meta property=\"og:site_name\" content=\"Alantra\" \/>\n<meta property=\"article:publisher\" content=\"https:\/\/www.facebook.com\/alantratrailers\/\" \/>\n<meta property=\"article:modified_time\" content=\"2026-03-13T13:44:47+00:00\" \/>\n<meta property=\"og:image\" content=\"https:\/\/www.alantraleasing.com\/wp-content\/uploads\/2025\/08\/Shower-Trailer-Display-photo-2-1-e1770850940789-745x1024.png\" \/>\n\t<meta property=\"og:image:width\" content=\"745\" \/>\n\t<meta property=\"og:image:height\" content=\"1024\" \/>\n\t<meta property=\"og:image:type\" content=\"image\/png\" \/>\n<meta name=\"twitter:card\" content=\"summary_large_image\" \/>\n<meta name=\"twitter:label1\" content=\"Dur\u00e9e de lecture estim\u00e9e\" \/>\n\t<meta name=\"twitter:data1\" content=\"5 minutes\" \/>\n<script type=\"application\/ld+json\" class=\"yoast-schema-graph\">{\"@context\":\"https:\/\/schema.org\",\"@graph\":[{\"@type\":\"WebPage\",\"@id\":\"https:\/\/www.alantraleasing.com\/fr\/product\/roulottes-avec-douches\/\",\"url\":\"https:\/\/www.alantraleasing.com\/fr\/product\/roulottes-avec-douches\/\",\"name\":\"Roulottes de douche haut de gamme \u00e0 louer et en cr\u00e9dit-bail\",\"isPartOf\":{\"@id\":\"https:\/\/www.alantraleasing.com\/#website\"},\"primaryImageOfPage\":{\"@id\":\"https:\/\/www.alantraleasing.com\/fr\/product\/roulottes-avec-douches\/#primaryimage\"},\"image\":{\"@id\":\"https:\/\/www.alantraleasing.com\/fr\/product\/roulottes-avec-douches\/#primaryimage\"},\"thumbnailUrl\":\"https:\/\/www.alantraleasing.com\/wp-content\/uploads\/2025\/08\/Shower-Trailer-Display-photo-2-1-e1770850940789.png\",\"datePublished\":\"2025-08-28T20:33:55+00:00\",\"dateModified\":\"2026-03-13T13:44:47+00:00\",\"description\":\"D\u00e9couvrez les roulottes de douche durables et confortables d'Alantra, id\u00e9ales pour les camps, les \u00e9v\u00e9nements et bien plus encore. Elles comprennent des douches, des toilettes et des options accessibles.\",\"breadcrumb\":{\"@id\":\"https:\/\/www.alantraleasing.com\/fr\/product\/roulottes-avec-douches\/#breadcrumb\"},\"inLanguage\":\"fr-FR\",\"potentialAction\":[{\"@type\":\"ReadAction\",\"target\":[\"https:\/\/www.alantraleasing.com\/fr\/product\/roulottes-avec-douches\/\"]}]},{\"@type\":\"ImageObject\",\"inLanguage\":\"fr-FR\",\"@id\":\"https:\/\/www.alantraleasing.com\/fr\/product\/roulottes-avec-douches\/#primaryimage\",\"url\":\"https:\/\/www.alantraleasing.com\/wp-content\/uploads\/2025\/08\/Shower-Trailer-Display-photo-2-1-e1770850940789.png\",\"contentUrl\":\"https:\/\/www.alantraleasing.com\/wp-content\/uploads\/2025\/08\/Shower-Trailer-Display-photo-2-1-e1770850940789.png\",\"width\":1080,\"height\":1485},{\"@type\":\"BreadcrumbList\",\"@id\":\"https:\/\/www.alantraleasing.com\/fr\/product\/roulottes-avec-douches\/#breadcrumb\",\"itemListElement\":[{\"@type\":\"ListItem\",\"position\":1,\"name\":\"Home\",\"item\":\"https:\/\/www.alantraleasing.com\/fr\/\"},{\"@type\":\"ListItem\",\"position\":2,\"name\":\"Roulotte avec douches\"}]},{\"@type\":\"WebSite\",\"@id\":\"https:\/\/www.alantraleasing.com\/#website\",\"url\":\"https:\/\/www.alantraleasing.com\/\",\"name\":\"Alantra Leasing Inc.\",\"description\":\"Mobile Office Trailer &amp; Modular Building Specialists\",\"publisher\":{\"@id\":\"https:\/\/www.alantraleasing.com\/#organization\"},\"alternateName\":\"Alantra Leasing\",\"potentialAction\":[{\"@type\":\"SearchAction\",\"target\":{\"@type\":\"EntryPoint\",\"urlTemplate\":\"https:\/\/www.alantraleasing.com\/?s={search_term_string}\"},\"query-input\":{\"@type\":\"PropertyValueSpecification\",\"valueRequired\":true,\"valueName\":\"search_term_string\"}}],\"inLanguage\":\"fr-FR\"},{\"@type\":\"Organization\",\"@id\":\"https:\/\/www.alantraleasing.com\/#organization\",\"name\":\"Alantra Leasing Inc.\",\"alternateName\":\"Alantra Leasing\",\"url\":\"https:\/\/www.alantraleasing.com\/\",\"logo\":{\"@type\":\"ImageObject\",\"inLanguage\":\"fr-FR\",\"@id\":\"https:\/\/www.alantraleasing.com\/#\/schema\/logo\/image\/\",\"url\":\"https:\/\/www.alantraleasing.com\/wp-content\/uploads\/2026\/02\/Alantra.png\",\"contentUrl\":\"https:\/\/www.alantraleasing.com\/wp-content\/uploads\/2026\/02\/Alantra.png\",\"width\":1200,\"height\":1200,\"caption\":\"Alantra Leasing Inc.\"},\"image\":{\"@id\":\"https:\/\/www.alantraleasing.com\/#\/schema\/logo\/image\/\"},\"sameAs\":[\"https:\/\/www.facebook.com\/alantratrailers\/\",\"https:\/\/www.instagram.com\/alantraleasing\/?hl=en\",\"https:\/\/www.linkedin.com\/company\/alantra-leasing-inc-\/\",\"https:\/\/www.youtube.com\/channel\/UC147gZKyzDss4_0nrOOAj6w\"]}]}<\/script>\n<!-- \/ Yoast SEO plugin. -->","yoast_head_json":{"title":"Roulottes de douche haut de gamme \u00e0 louer et en cr\u00e9dit-bail","description":"D\u00e9couvrez les roulottes de douche durables et confortables d'Alantra, id\u00e9ales pour les camps, les \u00e9v\u00e9nements et bien plus encore. Elles comprennent des douches, des toilettes et des options accessibles.","robots":{"index":"index","follow":"follow","max-snippet":"max-snippet:-1","max-image-preview":"max-image-preview:large","max-video-preview":"max-video-preview:-1"},"canonical":"https:\/\/www.alantraleasing.com\/fr\/product\/roulottes-avec-douches\/","og_locale":"fr_FR","og_type":"article","og_title":"Roulottes de douche haut de gamme \u00e0 louer et en cr\u00e9dit-bail","og_description":"D\u00e9couvrez les roulottes de douche durables et confortables d'Alantra, id\u00e9ales pour les camps, les \u00e9v\u00e9nements et bien plus encore. Elles comprennent des douches, des toilettes et des options accessibles.","og_url":"https:\/\/www.alantraleasing.com\/fr\/product\/roulottes-avec-douches\/","og_site_name":"Alantra","article_publisher":"https:\/\/www.facebook.com\/alantratrailers\/","article_modified_time":"2026-03-13T13:44:47+00:00","og_image":[{"width":745,"height":1024,"url":"https:\/\/www.alantraleasing.com\/wp-content\/uploads\/2025\/08\/Shower-Trailer-Display-photo-2-1-e1770850940789-745x1024.png","type":"image\/png"}],"twitter_card":"summary_large_image","twitter_misc":{"Dur\u00e9e de lecture estim\u00e9e":"5 minutes"},"schema":{"@context":"https:\/\/schema.org","@graph":[{"@type":"WebPage","@id":"https:\/\/www.alantraleasing.com\/fr\/product\/roulottes-avec-douches\/","url":"https:\/\/www.alantraleasing.com\/fr\/product\/roulottes-avec-douches\/","name":"Roulottes de douche haut de gamme \u00e0 louer et en cr\u00e9dit-bail","isPartOf":{"@id":"https:\/\/www.alantraleasing.com\/#website"},"primaryImageOfPage":{"@id":"https:\/\/www.alantraleasing.com\/fr\/product\/roulottes-avec-douches\/#primaryimage"},"image":{"@id":"https:\/\/www.alantraleasing.com\/fr\/product\/roulottes-avec-douches\/#primaryimage"},"thumbnailUrl":"https:\/\/www.alantraleasing.com\/wp-content\/uploads\/2025\/08\/Shower-Trailer-Display-photo-2-1-e1770850940789.png","datePublished":"2025-08-28T20:33:55+00:00","dateModified":"2026-03-13T13:44:47+00:00","description":"D\u00e9couvrez les roulottes de douche durables et confortables d'Alantra, id\u00e9ales pour les camps, les \u00e9v\u00e9nements et bien plus encore. Elles comprennent des douches, des toilettes et des options accessibles.","breadcrumb":{"@id":"https:\/\/www.alantraleasing.com\/fr\/product\/roulottes-avec-douches\/#breadcrumb"},"inLanguage":"fr-FR","potentialAction":[{"@type":"ReadAction","target":["https:\/\/www.alantraleasing.com\/fr\/product\/roulottes-avec-douches\/"]}]},{"@type":"ImageObject","inLanguage":"fr-FR","@id":"https:\/\/www.alantraleasing.com\/fr\/product\/roulottes-avec-douches\/#primaryimage","url":"https:\/\/www.alantraleasing.com\/wp-content\/uploads\/2025\/08\/Shower-Trailer-Display-photo-2-1-e1770850940789.png","contentUrl":"https:\/\/www.alantraleasing.com\/wp-content\/uploads\/2025\/08\/Shower-Trailer-Display-photo-2-1-e1770850940789.png","width":1080,"height":1485},{"@type":"BreadcrumbList","@id":"https:\/\/www.alantraleasing.com\/fr\/product\/roulottes-avec-douches\/#breadcrumb","itemListElement":[{"@type":"ListItem","position":1,"name":"Home","item":"https:\/\/www.alantraleasing.com\/fr\/"},{"@type":"ListItem","position":2,"name":"Roulotte avec douches"}]},{"@type":"WebSite","@id":"https:\/\/www.alantraleasing.com\/#website","url":"https:\/\/www.alantraleasing.com\/","name":"Alantra Leasing Inc.","description":"Mobile Office Trailer &amp; Modular Building Specialists","publisher":{"@id":"https:\/\/www.alantraleasing.com\/#organization"},"alternateName":"Alantra Leasing","potentialAction":[{"@type":"SearchAction","target":{"@type":"EntryPoint","urlTemplate":"https:\/\/www.alantraleasing.com\/?s={search_term_string}"},"query-input":{"@type":"PropertyValueSpecification","valueRequired":true,"valueName":"search_term_string"}}],"inLanguage":"fr-FR"},{"@type":"Organization","@id":"https:\/\/www.alantraleasing.com\/#organization","name":"Alantra Leasing Inc.","alternateName":"Alantra Leasing","url":"https:\/\/www.alantraleasing.com\/","logo":{"@type":"ImageObject","inLanguage":"fr-FR","@id":"https:\/\/www.alantraleasing.com\/#\/schema\/logo\/image\/","url":"https:\/\/www.alantraleasing.com\/wp-content\/uploads\/2026\/02\/Alantra.png","contentUrl":"https:\/\/www.alantraleasing.com\/wp-content\/uploads\/2026\/02\/Alantra.png","width":1200,"height":1200,"caption":"Alantra Leasing Inc."},"image":{"@id":"https:\/\/www.alantraleasing.com\/#\/schema\/logo\/image\/"},"sameAs":["https:\/\/www.facebook.com\/alantratrailers\/","https:\/\/www.instagram.com\/alantraleasing\/?hl=en","https:\/\/www.linkedin.com\/company\/alantra-leasing-inc-\/","https:\/\/www.youtube.com\/channel\/UC147gZKyzDss4_0nrOOAj6w"]}]}},"_links":{"self":[{"href":"https:\/\/www.alantraleasing.com\/fr\/wp-json\/wp\/v2\/product\/1547","targetHints":{"allow":["GET"]}}],"collection":[{"href":"https:\/\/www.alantraleasing.com\/fr\/wp-json\/wp\/v2\/product"}],"about":[{"href":"https:\/\/www.alantraleasing.com\/fr\/wp-json\/wp\/v2\/types\/product"}],"wp:featuredmedia":[{"embeddable":true,"href":"https:\/\/www.alantraleasing.com\/fr\/wp-json\/wp\/v2\/media\/1910"}],"wp:attachment":[{"href":"https:\/\/www.alantraleasing.com\/fr\/wp-json\/wp\/v2\/media?parent=1547"}],"wp:term":[{"taxonomy":"product-category","embeddable":true,"href":"https:\/\/www.alantraleasing.com\/fr\/wp-json\/wp\/v2\/product-category?post=1547"}],"curies":[{"name":"wp","href":"https:\/\/api.w.org\/{rel}","templated":true}]}}