{"id":1545,"date":"2025-08-25T15:41:50","date_gmt":"2025-08-25T18:41:50","guid":{"rendered":"https:\/\/www.alantraleasing.com\/product\/washroom-trailers\/"},"modified":"2026-03-13T10:43:54","modified_gmt":"2026-03-13T13:43:54","slug":"roulottes-sanitaires","status":"publish","type":"product","link":"https:\/\/www.alantraleasing.com\/fr\/product\/roulottes-sanitaires\/","title":{"rendered":"Roulottes sanitaires"},"content":{"rendered":"\r\n<h2>\r\n\t\t\t\t<\/h2>\r\n<h2>\r\n\t\t\tROULOTTES SANITAIRES\t<\/h2>\r\n\t<p>Nos toilettes portables sont disponibles en mod\u00e8les autonomes ou en mod\u00e8les standard raccordables au r\u00e9seau municipal.<\/p>\r\n<p>Con\u00e7ues pour toutes les saisons et les climats rigoureux, nos roulottes autonomes offrent un acc\u00e8s facile \u00e0 des r\u00e9servoirs d&rsquo;eau et d&rsquo;\u00e9gouts int\u00e9gr\u00e9s d&rsquo;une capacit\u00e9 de 600 gallons, ainsi qu&rsquo;\u00e0 un syst\u00e8me de pression dans une salle m\u00e9canique chauff\u00e9e.<\/p>\r\n<!-- Top Main Slider -->\r\n           <img decoding=\"async\" src=\"https:\/\/www.alantraleasing.com\/wp-content\/uploads\/2025\/08\/1-3-scaled.jpg\" alt=\"Product Image\" \/>\r\n           <img decoding=\"async\" src=\"https:\/\/www.alantraleasing.com\/wp-content\/uploads\/2025\/08\/2-3-scaled.jpg\" alt=\"Product Image\" \/>\r\n           <img decoding=\"async\" src=\"https:\/\/www.alantraleasing.com\/wp-content\/uploads\/2025\/08\/3-1-scaled.png\" alt=\"Product Image\" \/>\r\n           <img decoding=\"async\" src=\"https:\/\/www.alantraleasing.com\/wp-content\/uploads\/2025\/08\/4-1.png\" alt=\"Product Image\" \/>\r\n           <img decoding=\"async\" src=\"https:\/\/www.alantraleasing.com\/wp-content\/uploads\/2025\/08\/5-3-scaled.jpg\" alt=\"Product Image\" \/>\r\n           <img decoding=\"async\" src=\"https:\/\/www.alantraleasing.com\/wp-content\/uploads\/2025\/08\/6-3-scaled.jpg\" alt=\"Product Image\" \/>\r\n           <img decoding=\"async\" src=\"https:\/\/www.alantraleasing.com\/wp-content\/uploads\/2025\/08\/7-3-scaled.jpg\" alt=\"Product Image\" \/>\r\n           <img decoding=\"async\" src=\"https:\/\/www.alantraleasing.com\/wp-content\/uploads\/2025\/08\/8-3-scaled.jpg\" alt=\"Product Image\" \/>\r\n           <img decoding=\"async\" src=\"https:\/\/www.alantraleasing.com\/wp-content\/uploads\/2025\/08\/9-1-scaled.jpg\" alt=\"Product Image\" \/>\r\n      <h3>NOUVEAU ! <\/h3>\r\n      <p>Ajouts aux roulottes sanitaires. Certaines roulottes sanitaires Alantra sont \u00e9quip\u00e9es de douches et peuvent \u00e9galement inclure des casiers.<\/p>\r\n          <img decoding=\"async\" src=\"https:\/\/www.alantraleasing.com\/wp-content\/uploads\/2025\/08\/1-3-scaled.jpg\" alt=\"Product Image\" \/>\r\n          <img decoding=\"async\" src=\"https:\/\/www.alantraleasing.com\/wp-content\/uploads\/2025\/08\/2-3-scaled.jpg\" alt=\"Product Image\" \/>\r\n          <img decoding=\"async\" src=\"https:\/\/www.alantraleasing.com\/wp-content\/uploads\/2025\/08\/3-1-scaled.png\" alt=\"Product Image\" \/>\r\n          <img decoding=\"async\" src=\"https:\/\/www.alantraleasing.com\/wp-content\/uploads\/2025\/08\/4-1.png\" alt=\"Product Image\" \/>\r\n          <img decoding=\"async\" src=\"https:\/\/www.alantraleasing.com\/wp-content\/uploads\/2025\/08\/5-3-scaled.jpg\" alt=\"Product Image\" \/>\r\n          <img decoding=\"async\" src=\"https:\/\/www.alantraleasing.com\/wp-content\/uploads\/2025\/08\/6-3-scaled.jpg\" alt=\"Product Image\" \/>\r\n          <img decoding=\"async\" src=\"https:\/\/www.alantraleasing.com\/wp-content\/uploads\/2025\/08\/7-3-scaled.jpg\" alt=\"Product Image\" \/>\r\n          <img decoding=\"async\" src=\"https:\/\/www.alantraleasing.com\/wp-content\/uploads\/2025\/08\/8-3-scaled.jpg\" alt=\"Product Image\" \/>\r\n          <img decoding=\"async\" src=\"https:\/\/www.alantraleasing.com\/wp-content\/uploads\/2025\/08\/9-1-scaled.jpg\" alt=\"Product Image\" \/>\r\n<style>\r\n  .product-slider {\r\n    border: 6px solid #2A3071;\r\n    border-radius: 15px;\r\n    position: relative;\r\n    overflow: hidden;\r\n}\r\n.product-slider img {\r\n    height: 450px;\r\n    object-fit: cover;\r\n    width: 100%;\r\n    display: block;\r\n}\r\n.slick-arrow {\r\n    position: absolute !important;\r\n    z-index: 9;\r\n    top: 35%;\r\n    background-color: transparent !important;\r\n    border: none !important;\r\n    font-size: 0;\r\n    background-image: url(https:\/\/www.alantraleasing.com\/wp-content\/uploads\/2025\/07\/Path-12.svg);\r\n    width: 77px;\r\n    height: 151px;\r\n    background-repeat: no-repeat;\r\n    padding: 0;\r\n    background-position: center;\r\n}\r\nbutton.slick-next.slick-arrow {\r\n    right: 0;\r\n     background-image: url(https:\/\/www.alantraleasing.com\/wp-content\/uploads\/2025\/07\/Path-13.svg);\r\n}\r\n.product-slider-nav {\r\n    margin-top: 34px;\r\n}\r\n.product-slide-nav img {\r\n    border: 6px solid;\r\n    height: 126px;\r\n    border-radius: 3px;\r\n    width: 100%;\r\n}\r\n.product-slide-nav {\r\n    padding: 0 9px;\r\n}\r\n.product-slider-wrap-nav {\r\n    margin: 0 -8px;\r\n}\r\n.product-slider-wrap {\r\n    position: relative;\r\n}\r\n.sale_info {\r\n    position: absolute;\r\n    bottom: 25px;\r\n    max-width: 388px;\r\n    background: #0B939C;\r\n    width: 100%;\r\n    color: #fff;\r\n    border-radius: 17px;\r\n    text-align: center;\r\n    left: -31px;\r\n    padding: 8px 40px;\r\n}\r\n.sale_info h3 {\r\n    margin: 0 0 2px;\r\n    font: normal normal 800 35px \/ 27px futura-pt-condensed;\r\n    letter-spacing: 0px;\r\n    color: #FFFFFF;\r\n    text-transform: uppercase;\r\n}\r\n.sale_info p {\r\n    margin: 0;\r\n    font-size: 14px;\r\n    line-height: 17px;\r\n}\r\n.product-slide, .product-slide-nav{\r\n  display: none;\r\n}\r\n.slick-initialized .slick-slide {\r\n    display: block;\r\n}\r\n@media(max-width:800px){\r\n  .slick-arrow {\r\n    background-size: contain;\r\n    height: 58px;\r\n    font-size: 0 !important;\r\n    width: 34px;\r\n}\r\n.sale_info h3 {\r\n    font: normal normal 800 22px \/ 23px futura-pt-condensed;\r\n}\r\n.sale_info {\r\n    bottom: -26px;\r\n    max-width: 388px;\r\n    left: -12px;\r\n    padding: 8px 11px;\r\n}\r\n.product-slider-wrap-nav {\r\n    display: none;\r\n}\r\n.product-slider img {\r\n    height: 320px;\r\n}\r\n.fl-col-group.fl-node-yjrbnw9kxcz3.fl-col-group-equal-height.fl-col-group-align-center.fl-col-group-custom-width {\r\n    display: block !important;\r\n}\r\n}\r\n<\/style><h2>\r\n\t\t\tCaract\u00e9ristiques\t<\/h2>\r\n\t<p>Location de 28 jours, installation n\u00e9cessitant l&rsquo;intervention d&rsquo;un plombier\/\u00e9lectricien, remplissage du r\u00e9servoir sur place et vidange de la pompe avant le retour.<\/p>\r\n\t<ul>\r\n<li>Chauffage \u00e9lectrique<\/li>\r\n<li>M\u00e2t \u00e9lectrique<\/li>\r\n<li>Ventilateurs d&rsquo;extraction<\/li>\r\n<li>\u00c9viers de buanderie<\/li>\r\n<li>Toilettes<\/li>\r\n<li>\u00c9viers<\/li>\r\n<li>Climatisation<\/li>\r\n<li>R\u00e9servoirs d&rsquo;eau et fosses septiques<\/li>\r\n<li>Chauffe-eau<\/li>\r\n<li>S\u00e8che-mains<\/li>\r\n<li>Urinoirs<\/li>\r\n<\/ul>\r\n\t\t\t\t<img decoding=\"async\" src=\"https:\/\/www.alantraleasing.com\/wp-content\/uploads\/2025\/08\/Washroom-Trailer-Display-photo-3-scaled-e1770852145745.jpg\" alt=\"Washroom Trailer Display photo 3\" itemprop=\"image\" height=\"1707\" width=\"2560\" title=\"Washroom Trailer Display photo 3\" onerror=\"this.style.display='none'\" loading=\"lazy\" \/>\r\n\t\t\t\t<img decoding=\"async\" src=\"https:\/\/www.alantraleasing.com\/wp-content\/uploads\/2025\/08\/Washroom-Trailer-Display-photo-2.png\" alt=\"Washroom Trailer Display photo 2\" itemprop=\"image\" height=\"1080\" width=\"1920\" title=\"Washroom Trailer Display photo 2\" onerror=\"this.style.display='none'\" loading=\"lazy\" \/>\r\n<h2>\r\n\t\t\tConceptions\t<\/h2>\r\n\t<ul>\r\n<li><a href=\"https:\/\/www.alantraleasing.com\/wp-content\/uploads\/2026\/01\/20x11-self-contained-washroom.pdf\" target=\"_blank\" rel=\"noopener\">20&#215;11 roulottes &#8211; toilettes autonomes<\/a><\/li>\r\n<li aria-level=\"1\"><a href=\"https:\/\/www.alantraleasing.com\/wp-content\/uploads\/2025\/08\/AL15-870.pdf\" target=\"_blank\" rel=\"noopener\">30&#215;10 roulottes douche\/salle d&rsquo;eau<\/a><\/li>\r\n<li aria-level=\"1\"><a href=\"https:\/\/www.alantraleasing.com\/wp-content\/uploads\/2025\/08\/32x12_Washroom_M-F.pdf\" target=\"_blank\" rel=\"noopener\">32&#215;12 roulottes sanitaire<\/a><\/li>\r\n<li aria-level=\"1\"><a href=\"https:\/\/www.alantraleasing.com\/wp-content\/uploads\/2025\/08\/34x11_S-C_Washroom_M-F.pdf\" target=\"_blank\" rel=\"noopener\">34&#215;11 roulottes sanitaire autonome<\/a><\/li>\r\n<li aria-level=\"1\"><a href=\"https:\/\/www.alantraleasing.com\/wp-content\/uploads\/2025\/11\/40x12-new-standard-shower-unit-individual-rooms.pdf\" target=\"_blank\" rel=\"noopener\">40&#215;12 roulottes douche\/salle d&rsquo;eau<\/a><\/li>\r\n<li aria-level=\"1\"><a href=\"https:\/\/www.alantraleasing.com\/wp-content\/uploads\/2025\/08\/60x12_S-C_Washroom_M-F.pdf\" target=\"_blank\" rel=\"noopener\">60&#215;12 roulottes sanitaire autonome<\/a><\/li>\r\n<\/ul>\r\n\t\t\t\t<img decoding=\"async\" src=\"https:\/\/www.alantraleasing.com\/wp-content\/uploads\/2025\/08\/Washroom-Trailer-Display-photo-1-scaled.jpg\" alt=\"Washroom Trailer Display photo 1\" itemprop=\"image\" height=\"1938\" width=\"2560\" title=\"Washroom Trailer Display photo 1\" onerror=\"this.style.display='none'\" loading=\"lazy\" \/>\r\n<h2>\r\n\t\t\tINSTRUCTIONS POUR L&rsquo;HIVER\t<\/h2>\r\n\t<ul>\r\n<li><a href=\"https:\/\/www.alantraleasing.com\/wp-content\/uploads\/2025\/08\/Washroom_Winterizing_Procedures_NON_SELF-CONTAINED_-_MUNICIPAL_USE_ONLY.pdf\" target=\"_blank\" rel=\"noopener\">Salle d&rsquo;eau non autonome<\/a><\/li>\r\n<li><a href=\"https:\/\/www.alantraleasing.com\/wp-content\/uploads\/2025\/08\/Washroom_Winterizing_Procedures_NON_SELF-CONTAINED_-_MUNICIPAL_USE_ONLY-1.pdf\" target=\"_blank\" rel=\"noopener\">Bureau avec toilettes non autonomes<\/a><\/li>\r\n<li><a href=\"https:\/\/www.alantraleasing.com\/wp-content\/uploads\/2025\/08\/shower-trailer-winterizing-procedures-al19-1457-and-al19-1463-1.pdf\" target=\"_blank\" rel=\"noopener\">Roulottes de douches<\/a><\/li>\r\n<\/ul>\r\n\t<p>Unit\u00e9s avec roulottes sanitaires autonomes<\/p>\r\n<ul>\r\n<li><a href=\"https:\/\/www.alantraleasing.com\/wp-content\/uploads\/2025\/08\/20x11-self-contained-washroom.pdf\" target=\"_blank\" rel=\"noopener\">20&#215;11<\/a><\/li>\r\n<li><a href=\"https:\/\/www.alantraleasing.com\/wp-content\/uploads\/2025\/08\/34x11_SC_Washroom_Winterizing_Procedures_-_ENGLISH.pdf\" target=\"_blank\" rel=\"noopener\">34&#215;11<\/a><\/li>\r\n<li><a href=\"https:\/\/www.alantraleasing.com\/wp-content\/uploads\/2025\/08\/40x11_SC_Washroom_Winterizing_Procedures_-_ENGLISH.pdf\" target=\"_blank\" rel=\"noopener\">40&#215;11 avec Bureau<\/a><\/li>\r\n<li><a href=\"https:\/\/www.alantraleasing.com\/wp-content\/uploads\/2025\/08\/60X11_Office_w_Washroom_Operating_Procedures.pdf\" target=\"_blank\" rel=\"noopener\">60 x 11 avec Bureau<\/a><\/li>\r\n<\/ul>\r\n\r\n","protected":false},"featured_media":922,"template":"","meta":{"_acf_changed":false},"product-category":[41],"class_list":["post-1545","product","type-product","status-publish","has-post-thumbnail","hentry","product-category-roulotte-de-chantier-fr"],"acf":[],"yoast_head":"<!-- This site is optimized with the Yoast SEO plugin v27.2 - https:\/\/yoast.com\/product\/yoast-seo-wordpress\/ -->\n<title>Roulottes sanitaires \u00e0 louer et en cr\u00e9dit-bail<\/title>\n<meta name=\"description\" content=\"Louez des roulottes sanitaires durables et enti\u00e8rement \u00e9quip\u00e9es pour les chantiers, les \u00e9v\u00e9nements et les sites isol\u00e9s. Confort et hygi\u00e8ne garantis par Alantra.\" \/>\n<meta name=\"robots\" content=\"index, follow, max-snippet:-1, max-image-preview:large, max-video-preview:-1\" \/>\n<link rel=\"canonical\" href=\"https:\/\/www.alantraleasing.com\/fr\/product\/roulottes-sanitaires\/\" \/>\n<meta property=\"og:locale\" content=\"fr_FR\" \/>\n<meta property=\"og:type\" content=\"article\" \/>\n<meta property=\"og:title\" content=\"Roulottes sanitaires \u00e0 louer et en cr\u00e9dit-bail\" \/>\n<meta property=\"og:description\" content=\"Louez des roulottes sanitaires durables et enti\u00e8rement \u00e9quip\u00e9es pour les chantiers, les \u00e9v\u00e9nements et les sites isol\u00e9s. Confort et hygi\u00e8ne garantis par Alantra.\" \/>\n<meta property=\"og:url\" content=\"https:\/\/www.alantraleasing.com\/fr\/product\/roulottes-sanitaires\/\" \/>\n<meta property=\"og:site_name\" content=\"Alantra\" \/>\n<meta property=\"article:publisher\" content=\"https:\/\/www.facebook.com\/alantratrailers\/\" \/>\n<meta property=\"article:modified_time\" content=\"2026-03-13T13:43:54+00:00\" \/>\n<meta property=\"og:image\" content=\"https:\/\/www.alantraleasing.com\/wp-content\/uploads\/2025\/08\/1-1.webp\" \/>\n\t<meta property=\"og:image:width\" content=\"1711\" \/>\n\t<meta property=\"og:image:height\" content=\"1141\" \/>\n\t<meta property=\"og:image:type\" content=\"image\/webp\" \/>\n<meta name=\"twitter:card\" content=\"summary_large_image\" \/>\n<meta name=\"twitter:label1\" content=\"Dur\u00e9e de lecture estim\u00e9e\" \/>\n\t<meta name=\"twitter:data1\" content=\"5 minutes\" \/>\n<script type=\"application\/ld+json\" class=\"yoast-schema-graph\">{\"@context\":\"https:\/\/schema.org\",\"@graph\":[{\"@type\":\"WebPage\",\"@id\":\"https:\/\/www.alantraleasing.com\/fr\/product\/roulottes-sanitaires\/\",\"url\":\"https:\/\/www.alantraleasing.com\/fr\/product\/roulottes-sanitaires\/\",\"name\":\"Roulottes sanitaires \u00e0 louer et en cr\u00e9dit-bail\",\"isPartOf\":{\"@id\":\"https:\/\/www.alantraleasing.com\/#website\"},\"primaryImageOfPage\":{\"@id\":\"https:\/\/www.alantraleasing.com\/fr\/product\/roulottes-sanitaires\/#primaryimage\"},\"image\":{\"@id\":\"https:\/\/www.alantraleasing.com\/fr\/product\/roulottes-sanitaires\/#primaryimage\"},\"thumbnailUrl\":\"https:\/\/www.alantraleasing.com\/wp-content\/uploads\/2025\/08\/1-1.webp\",\"datePublished\":\"2025-08-25T18:41:50+00:00\",\"dateModified\":\"2026-03-13T13:43:54+00:00\",\"description\":\"Louez des roulottes sanitaires durables et enti\u00e8rement \u00e9quip\u00e9es pour les chantiers, les \u00e9v\u00e9nements et les sites isol\u00e9s. Confort et hygi\u00e8ne garantis par Alantra.\",\"breadcrumb\":{\"@id\":\"https:\/\/www.alantraleasing.com\/fr\/product\/roulottes-sanitaires\/#breadcrumb\"},\"inLanguage\":\"fr-FR\",\"potentialAction\":[{\"@type\":\"ReadAction\",\"target\":[\"https:\/\/www.alantraleasing.com\/fr\/product\/roulottes-sanitaires\/\"]}]},{\"@type\":\"ImageObject\",\"inLanguage\":\"fr-FR\",\"@id\":\"https:\/\/www.alantraleasing.com\/fr\/product\/roulottes-sanitaires\/#primaryimage\",\"url\":\"https:\/\/www.alantraleasing.com\/wp-content\/uploads\/2025\/08\/1-1.webp\",\"contentUrl\":\"https:\/\/www.alantraleasing.com\/wp-content\/uploads\/2025\/08\/1-1.webp\",\"width\":1711,\"height\":1141,\"caption\":\"WASHROOM TRAILERS\"},{\"@type\":\"BreadcrumbList\",\"@id\":\"https:\/\/www.alantraleasing.com\/fr\/product\/roulottes-sanitaires\/#breadcrumb\",\"itemListElement\":[{\"@type\":\"ListItem\",\"position\":1,\"name\":\"Home\",\"item\":\"https:\/\/www.alantraleasing.com\/fr\/\"},{\"@type\":\"ListItem\",\"position\":2,\"name\":\"Roulottes sanitaires\"}]},{\"@type\":\"WebSite\",\"@id\":\"https:\/\/www.alantraleasing.com\/#website\",\"url\":\"https:\/\/www.alantraleasing.com\/\",\"name\":\"Alantra Leasing Inc.\",\"description\":\"Mobile Office Trailer &amp; Modular Building Specialists\",\"publisher\":{\"@id\":\"https:\/\/www.alantraleasing.com\/#organization\"},\"alternateName\":\"Alantra Leasing\",\"potentialAction\":[{\"@type\":\"SearchAction\",\"target\":{\"@type\":\"EntryPoint\",\"urlTemplate\":\"https:\/\/www.alantraleasing.com\/?s={search_term_string}\"},\"query-input\":{\"@type\":\"PropertyValueSpecification\",\"valueRequired\":true,\"valueName\":\"search_term_string\"}}],\"inLanguage\":\"fr-FR\"},{\"@type\":\"Organization\",\"@id\":\"https:\/\/www.alantraleasing.com\/#organization\",\"name\":\"Alantra Leasing Inc.\",\"alternateName\":\"Alantra Leasing\",\"url\":\"https:\/\/www.alantraleasing.com\/\",\"logo\":{\"@type\":\"ImageObject\",\"inLanguage\":\"fr-FR\",\"@id\":\"https:\/\/www.alantraleasing.com\/#\/schema\/logo\/image\/\",\"url\":\"https:\/\/www.alantraleasing.com\/wp-content\/uploads\/2026\/02\/Alantra.png\",\"contentUrl\":\"https:\/\/www.alantraleasing.com\/wp-content\/uploads\/2026\/02\/Alantra.png\",\"width\":1200,\"height\":1200,\"caption\":\"Alantra Leasing Inc.\"},\"image\":{\"@id\":\"https:\/\/www.alantraleasing.com\/#\/schema\/logo\/image\/\"},\"sameAs\":[\"https:\/\/www.facebook.com\/alantratrailers\/\",\"https:\/\/www.instagram.com\/alantraleasing\/?hl=en\",\"https:\/\/www.linkedin.com\/company\/alantra-leasing-inc-\/\",\"https:\/\/www.youtube.com\/channel\/UC147gZKyzDss4_0nrOOAj6w\"]}]}<\/script>\n<!-- \/ Yoast SEO plugin. -->","yoast_head_json":{"title":"Roulottes sanitaires \u00e0 louer et en cr\u00e9dit-bail","description":"Louez des roulottes sanitaires durables et enti\u00e8rement \u00e9quip\u00e9es pour les chantiers, les \u00e9v\u00e9nements et les sites isol\u00e9s. Confort et hygi\u00e8ne garantis par Alantra.","robots":{"index":"index","follow":"follow","max-snippet":"max-snippet:-1","max-image-preview":"max-image-preview:large","max-video-preview":"max-video-preview:-1"},"canonical":"https:\/\/www.alantraleasing.com\/fr\/product\/roulottes-sanitaires\/","og_locale":"fr_FR","og_type":"article","og_title":"Roulottes sanitaires \u00e0 louer et en cr\u00e9dit-bail","og_description":"Louez des roulottes sanitaires durables et enti\u00e8rement \u00e9quip\u00e9es pour les chantiers, les \u00e9v\u00e9nements et les sites isol\u00e9s. Confort et hygi\u00e8ne garantis par Alantra.","og_url":"https:\/\/www.alantraleasing.com\/fr\/product\/roulottes-sanitaires\/","og_site_name":"Alantra","article_publisher":"https:\/\/www.facebook.com\/alantratrailers\/","article_modified_time":"2026-03-13T13:43:54+00:00","og_image":[{"width":1711,"height":1141,"url":"https:\/\/www.alantraleasing.com\/wp-content\/uploads\/2025\/08\/1-1.webp","type":"image\/webp"}],"twitter_card":"summary_large_image","twitter_misc":{"Dur\u00e9e de lecture estim\u00e9e":"5 minutes"},"schema":{"@context":"https:\/\/schema.org","@graph":[{"@type":"WebPage","@id":"https:\/\/www.alantraleasing.com\/fr\/product\/roulottes-sanitaires\/","url":"https:\/\/www.alantraleasing.com\/fr\/product\/roulottes-sanitaires\/","name":"Roulottes sanitaires \u00e0 louer et en cr\u00e9dit-bail","isPartOf":{"@id":"https:\/\/www.alantraleasing.com\/#website"},"primaryImageOfPage":{"@id":"https:\/\/www.alantraleasing.com\/fr\/product\/roulottes-sanitaires\/#primaryimage"},"image":{"@id":"https:\/\/www.alantraleasing.com\/fr\/product\/roulottes-sanitaires\/#primaryimage"},"thumbnailUrl":"https:\/\/www.alantraleasing.com\/wp-content\/uploads\/2025\/08\/1-1.webp","datePublished":"2025-08-25T18:41:50+00:00","dateModified":"2026-03-13T13:43:54+00:00","description":"Louez des roulottes sanitaires durables et enti\u00e8rement \u00e9quip\u00e9es pour les chantiers, les \u00e9v\u00e9nements et les sites isol\u00e9s. Confort et hygi\u00e8ne garantis par Alantra.","breadcrumb":{"@id":"https:\/\/www.alantraleasing.com\/fr\/product\/roulottes-sanitaires\/#breadcrumb"},"inLanguage":"fr-FR","potentialAction":[{"@type":"ReadAction","target":["https:\/\/www.alantraleasing.com\/fr\/product\/roulottes-sanitaires\/"]}]},{"@type":"ImageObject","inLanguage":"fr-FR","@id":"https:\/\/www.alantraleasing.com\/fr\/product\/roulottes-sanitaires\/#primaryimage","url":"https:\/\/www.alantraleasing.com\/wp-content\/uploads\/2025\/08\/1-1.webp","contentUrl":"https:\/\/www.alantraleasing.com\/wp-content\/uploads\/2025\/08\/1-1.webp","width":1711,"height":1141,"caption":"WASHROOM TRAILERS"},{"@type":"BreadcrumbList","@id":"https:\/\/www.alantraleasing.com\/fr\/product\/roulottes-sanitaires\/#breadcrumb","itemListElement":[{"@type":"ListItem","position":1,"name":"Home","item":"https:\/\/www.alantraleasing.com\/fr\/"},{"@type":"ListItem","position":2,"name":"Roulottes sanitaires"}]},{"@type":"WebSite","@id":"https:\/\/www.alantraleasing.com\/#website","url":"https:\/\/www.alantraleasing.com\/","name":"Alantra Leasing Inc.","description":"Mobile Office Trailer &amp; Modular Building Specialists","publisher":{"@id":"https:\/\/www.alantraleasing.com\/#organization"},"alternateName":"Alantra Leasing","potentialAction":[{"@type":"SearchAction","target":{"@type":"EntryPoint","urlTemplate":"https:\/\/www.alantraleasing.com\/?s={search_term_string}"},"query-input":{"@type":"PropertyValueSpecification","valueRequired":true,"valueName":"search_term_string"}}],"inLanguage":"fr-FR"},{"@type":"Organization","@id":"https:\/\/www.alantraleasing.com\/#organization","name":"Alantra Leasing Inc.","alternateName":"Alantra Leasing","url":"https:\/\/www.alantraleasing.com\/","logo":{"@type":"ImageObject","inLanguage":"fr-FR","@id":"https:\/\/www.alantraleasing.com\/#\/schema\/logo\/image\/","url":"https:\/\/www.alantraleasing.com\/wp-content\/uploads\/2026\/02\/Alantra.png","contentUrl":"https:\/\/www.alantraleasing.com\/wp-content\/uploads\/2026\/02\/Alantra.png","width":1200,"height":1200,"caption":"Alantra Leasing Inc."},"image":{"@id":"https:\/\/www.alantraleasing.com\/#\/schema\/logo\/image\/"},"sameAs":["https:\/\/www.facebook.com\/alantratrailers\/","https:\/\/www.instagram.com\/alantraleasing\/?hl=en","https:\/\/www.linkedin.com\/company\/alantra-leasing-inc-\/","https:\/\/www.youtube.com\/channel\/UC147gZKyzDss4_0nrOOAj6w"]}]}},"_links":{"self":[{"href":"https:\/\/www.alantraleasing.com\/fr\/wp-json\/wp\/v2\/product\/1545","targetHints":{"allow":["GET"]}}],"collection":[{"href":"https:\/\/www.alantraleasing.com\/fr\/wp-json\/wp\/v2\/product"}],"about":[{"href":"https:\/\/www.alantraleasing.com\/fr\/wp-json\/wp\/v2\/types\/product"}],"wp:featuredmedia":[{"embeddable":true,"href":"https:\/\/www.alantraleasing.com\/fr\/wp-json\/wp\/v2\/media\/922"}],"wp:attachment":[{"href":"https:\/\/www.alantraleasing.com\/fr\/wp-json\/wp\/v2\/media?parent=1545"}],"wp:term":[{"taxonomy":"product-category","embeddable":true,"href":"https:\/\/www.alantraleasing.com\/fr\/wp-json\/wp\/v2\/product-category?post=1545"}],"curies":[{"name":"wp","href":"https:\/\/api.w.org\/{rel}","templated":true}]}}