{"id":1544,"date":"2025-08-25T19:53:10","date_gmt":"2025-08-25T22:53:10","guid":{"rendered":"https:\/\/www.alantraleasing.com\/product\/modular-office-industrial-buildings\/"},"modified":"2026-02-26T15:43:25","modified_gmt":"2026-02-26T19:43:25","slug":"bureau-modulaire-pour-batiments-industriels","status":"publish","type":"product","link":"https:\/\/www.alantraleasing.com\/fr\/product\/bureau-modulaire-pour-batiments-industriels\/","title":{"rendered":"BUREAU MODULAIRE POUR B\u00c2TIMENTS INDUSTRIELS"},"content":{"rendered":"\r\n<h2><\/h2>\r\n<h2>BUREAU MODULAIRE POUR B\u00c2TIMENTS INDUSTRIELS<\/h2>\r\n<p>Travaillez avec notre \u00e9quipe d&rsquo;experts pour concevoir, construire et livrer votre roulotte de chantier mobile ou votre b\u00e2timent modulaire class\u00e9 s\u00e9curit\u00e9 incendie. Construit en acier pour une structure plus s\u00e9curitaire.<\/p>\r\n<p>Les roulottes de bureau mobiles et les b\u00e2timents modulaires incombustibles offrent une grande vari\u00e9t\u00e9 d&rsquo;options de personnalisation adapt\u00e9es \u00e0 tous les sites. Ces produits peuvent \u00eatre largement utilis\u00e9s dans les secteurs o\u00f9 la lutte contre les incendies est une pr\u00e9occupation. Les b\u00e2timents incombustibles sont utiles lorsque votre site traite des produits hautement inflammables ou lorsque vous \u00eates \u00e0 proximit\u00e9 d&rsquo;autres b\u00e2timents et que vous craignez que le feu se propage \u00e0 une propri\u00e9t\u00e9 adjacente.<\/p>\r\n<p>Alantra offre une solution unique pour la s\u00e9curit\u00e9 et la lutte contre les incendies sur tous les chantiers. Si votre site n\u00e9cessite une protection maximale contre les incendies ou si vous devez emp\u00eacher la propagation d&rsquo;un incendie, une solution incombustible est ce qu&rsquo;il vous faut.<\/p>\r\n<!-- Top Main Slider -->\r\n<p><img decoding=\"async\" src=\"https:\/\/www.alantraleasing.com\/wp-content\/uploads\/2025\/08\/3_-scaled.png\" alt=\"Product Image\" \/> <img decoding=\"async\" src=\"https:\/\/www.alantraleasing.com\/wp-content\/uploads\/2025\/08\/1-2.png\" alt=\"Product Image\" \/> <img decoding=\"async\" src=\"https:\/\/www.alantraleasing.com\/wp-content\/uploads\/2025\/08\/2-11-scaled.jpg\" alt=\"Product Image\" \/> <img decoding=\"async\" src=\"https:\/\/www.alantraleasing.com\/wp-content\/uploads\/2025\/08\/3_-scaled.png\" alt=\"Product Image\" \/> <img decoding=\"async\" src=\"https:\/\/www.alantraleasing.com\/wp-content\/uploads\/2025\/08\/1-2.png\" alt=\"Product Image\" \/> <img decoding=\"async\" src=\"https:\/\/www.alantraleasing.com\/wp-content\/uploads\/2025\/08\/2-11-scaled.jpg\" alt=\"Product Image\" \/> <style>\r\n  .product-slider {\r\n    border: 6px solid #2A3071;\r\n    border-radius: 15px;\r\n    position: relative;\r\n    overflow: hidden;\r\n}\r\n.product-slider img {\r\n    height: 450px;\r\n    object-fit: cover;\r\n    width: 100%;\r\n    display: block;\r\n}\r\n.slick-arrow {\r\n    position: absolute !important;\r\n    z-index: 9;\r\n    top: 35%;\r\n    background-color: transparent !important;\r\n    border: none !important;\r\n    font-size: 0;\r\n    background-image: url(https:\/\/www.alantraleasing.com\/wp-content\/uploads\/2025\/07\/Path-12.svg);\r\n    width: 77px;\r\n    height: 151px;\r\n    background-repeat: no-repeat;\r\n    padding: 0;\r\n    background-position: center;\r\n}\r\nbutton.slick-next.slick-arrow {\r\n    right: 0;\r\n     background-image: url(https:\/\/www.alantraleasing.com\/wp-content\/uploads\/2025\/07\/Path-13.svg);\r\n}\r\n.product-slider-nav {\r\n    margin-top: 34px;\r\n}\r\n.product-slide-nav img {\r\n    border: 6px solid;\r\n    height: 126px;\r\n    border-radius: 3px;\r\n    width: 100%;\r\n}\r\n.product-slide-nav {\r\n    padding: 0 9px;\r\n}\r\n.product-slider-wrap-nav {\r\n    margin: 0 -8px;\r\n}\r\n.product-slider-wrap {\r\n    position: relative;\r\n}\r\n.sale_info {\r\n    position: absolute;\r\n    bottom: 25px;\r\n    max-width: 388px;\r\n    background: #0B939C;\r\n    width: 100%;\r\n    color: #fff;\r\n    border-radius: 17px;\r\n    text-align: center;\r\n    left: -31px;\r\n    padding: 8px 40px;\r\n}\r\n.sale_info h3 {\r\n    margin: 0 0 2px;\r\n    font: normal normal 800 35px \/ 27px futura-pt-condensed;\r\n    letter-spacing: 0px;\r\n    color: #FFFFFF;\r\n    text-transform: uppercase;\r\n}\r\n.sale_info p {\r\n    margin: 0;\r\n    font-size: 14px;\r\n    line-height: 17px;\r\n}\r\n.product-slide, .product-slide-nav{\r\n  display: none;\r\n}\r\n.slick-initialized .slick-slide {\r\n    display: block;\r\n}\r\n@media(max-width:800px){\r\n  .slick-arrow {\r\n    background-size: contain;\r\n    height: 58px;\r\n    font-size: 0 !important;\r\n    width: 34px;\r\n}\r\n.sale_info h3 {\r\n    font: normal normal 800 22px \/ 23px futura-pt-condensed;\r\n}\r\n.sale_info {\r\n    bottom: -26px;\r\n    max-width: 388px;\r\n    left: -12px;\r\n    padding: 8px 11px;\r\n}\r\n.product-slider-wrap-nav {\r\n    display: none;\r\n}\r\n.product-slider img {\r\n    height: 320px;\r\n}\r\n.fl-col-group.fl-node-yjrbnw9kxcz3.fl-col-group-equal-height.fl-col-group-align-center.fl-col-group-custom-width {\r\n    display: block !important;\r\n}\r\n}\r\n<\/style><\/p>\r\n<h2>Caract\u00e9ristiques<\/h2>\r\n<ul>\r\n<li>Montants en acier<\/li>\r\n<li>Soutenus par des poutres en acier<\/li>\r\n<li>Plafonds, murs et planchers r\u00e9sistants au feu<\/li>\r\n<li>Panneau de communication<\/li>\r\n<li>Climatisation<\/li>\r\n<li>Pompes \u00e0 chaleur<\/li>\r\n<li>Tableaux d&rsquo;affichage<\/li>\r\n<li>Cadres de fen\u00eatres en aluminium<\/li>\r\n<li>Conceptions sur mesure<\/li>\r\n<li>Crochets \u00e0 v\u00eatements<\/li>\r\n<li>Sorties de secours\/\u00e9clairage de secours<\/li>\r\n<li>M\u00e2t \u00e9lectrique<\/li>\r\n<li>Chauffage \u00e9lectrique<\/li>\r\n<li>Portes int\u00e9rieures en acier<\/li>\r\n<\/ul>\r\n<p><img loading=\"lazy\" decoding=\"async\" title=\"491375260_1243746587757650_6694736937067861770_n\" src=\"https:\/\/www.alantraleasing.com\/wp-content\/uploads\/2025\/08\/491375260_1243746587757650_6694736937067861770_n-e1756407668643.jpg\" alt=\"491375260_1243746587757650_6694736937067861770_n\" width=\"1024\" height=\"683\" \/> <img loading=\"lazy\" decoding=\"async\" title=\"Modular Offices for industrial building display photo 2\" src=\"https:\/\/www.alantraleasing.com\/wp-content\/uploads\/2025\/08\/Modular-Offices-for-industrial-building-display-photo-2-2-1024x768.png\" alt=\"Modular Offices for industrial building display photo 2\" width=\"1024\" height=\"768\" \/><\/p>\r\n","protected":false},"featured_media":2108,"template":"","meta":{"_acf_changed":false},"product-category":[42],"class_list":["post-1544","product","type-product","status-publish","has-post-thumbnail","hentry","product-category-batiments-modulaires-fr"],"acf":[],"yoast_head":"<!-- This site is optimized with the Yoast SEO plugin v27.2 - https:\/\/yoast.com\/product\/yoast-seo-wordpress\/ -->\n<title>B\u00e2timents de bureaux modulaires pour sites industriels<\/title>\n<meta name=\"description\" content=\"D\u00e9couvrez des b\u00e2timents de bureaux modulaires durables, r\u00e9sistants au feu et enti\u00e8rement personnalisables pour les sites industriels et de construction.\" \/>\n<meta name=\"robots\" content=\"index, follow, max-snippet:-1, max-image-preview:large, max-video-preview:-1\" \/>\n<link rel=\"canonical\" href=\"https:\/\/www.alantraleasing.com\/fr\/product\/bureau-modulaire-pour-batiments-industriels\/\" \/>\n<meta property=\"og:locale\" content=\"fr_FR\" \/>\n<meta property=\"og:type\" content=\"article\" \/>\n<meta property=\"og:title\" content=\"B\u00e2timents de bureaux modulaires pour sites industriels\" \/>\n<meta property=\"og:description\" content=\"D\u00e9couvrez des b\u00e2timents de bureaux modulaires durables, r\u00e9sistants au feu et enti\u00e8rement personnalisables pour les sites industriels et de construction.\" \/>\n<meta property=\"og:url\" content=\"https:\/\/www.alantraleasing.com\/fr\/product\/bureau-modulaire-pour-batiments-industriels\/\" \/>\n<meta property=\"og:site_name\" content=\"Alantra\" \/>\n<meta property=\"article:publisher\" content=\"https:\/\/www.facebook.com\/alantratrailers\/\" \/>\n<meta property=\"article:modified_time\" content=\"2026-02-26T19:43:25+00:00\" \/>\n<meta property=\"og:image\" content=\"https:\/\/www.alantraleasing.com\/wp-content\/uploads\/2025\/08\/Modular-Offices-for-industrial-building-display-photo-2-1.png\" \/>\n\t<meta property=\"og:image:width\" content=\"1143\" \/>\n\t<meta property=\"og:image:height\" content=\"857\" \/>\n\t<meta property=\"og:image:type\" content=\"image\/png\" \/>\n<meta name=\"twitter:card\" content=\"summary_large_image\" \/>\n<meta name=\"twitter:label1\" content=\"Dur\u00e9e de lecture estim\u00e9e\" \/>\n\t<meta name=\"twitter:data1\" content=\"3 minutes\" \/>\n<script type=\"application\/ld+json\" class=\"yoast-schema-graph\">{\"@context\":\"https:\/\/schema.org\",\"@graph\":[{\"@type\":\"WebPage\",\"@id\":\"https:\/\/www.alantraleasing.com\/fr\/product\/bureau-modulaire-pour-batiments-industriels\/\",\"url\":\"https:\/\/www.alantraleasing.com\/fr\/product\/bureau-modulaire-pour-batiments-industriels\/\",\"name\":\"B\u00e2timents de bureaux modulaires pour sites industriels\",\"isPartOf\":{\"@id\":\"https:\/\/www.alantraleasing.com\/#website\"},\"primaryImageOfPage\":{\"@id\":\"https:\/\/www.alantraleasing.com\/fr\/product\/bureau-modulaire-pour-batiments-industriels\/#primaryimage\"},\"image\":{\"@id\":\"https:\/\/www.alantraleasing.com\/fr\/product\/bureau-modulaire-pour-batiments-industriels\/#primaryimage\"},\"thumbnailUrl\":\"https:\/\/www.alantraleasing.com\/wp-content\/uploads\/2025\/08\/Modular-Offices-for-industrial-building-display-photo-2-1.png\",\"datePublished\":\"2025-08-25T22:53:10+00:00\",\"dateModified\":\"2026-02-26T19:43:25+00:00\",\"description\":\"D\u00e9couvrez des b\u00e2timents de bureaux modulaires durables, r\u00e9sistants au feu et enti\u00e8rement personnalisables pour les sites industriels et de construction.\",\"breadcrumb\":{\"@id\":\"https:\/\/www.alantraleasing.com\/fr\/product\/bureau-modulaire-pour-batiments-industriels\/#breadcrumb\"},\"inLanguage\":\"fr-FR\",\"potentialAction\":[{\"@type\":\"ReadAction\",\"target\":[\"https:\/\/www.alantraleasing.com\/fr\/product\/bureau-modulaire-pour-batiments-industriels\/\"]}]},{\"@type\":\"ImageObject\",\"inLanguage\":\"fr-FR\",\"@id\":\"https:\/\/www.alantraleasing.com\/fr\/product\/bureau-modulaire-pour-batiments-industriels\/#primaryimage\",\"url\":\"https:\/\/www.alantraleasing.com\/wp-content\/uploads\/2025\/08\/Modular-Offices-for-industrial-building-display-photo-2-1.png\",\"contentUrl\":\"https:\/\/www.alantraleasing.com\/wp-content\/uploads\/2025\/08\/Modular-Offices-for-industrial-building-display-photo-2-1.png\",\"width\":1143,\"height\":857},{\"@type\":\"BreadcrumbList\",\"@id\":\"https:\/\/www.alantraleasing.com\/fr\/product\/bureau-modulaire-pour-batiments-industriels\/#breadcrumb\",\"itemListElement\":[{\"@type\":\"ListItem\",\"position\":1,\"name\":\"Home\",\"item\":\"https:\/\/www.alantraleasing.com\/fr\/\"},{\"@type\":\"ListItem\",\"position\":2,\"name\":\"BUREAU MODULAIRE POUR B\u00c2TIMENTS INDUSTRIELS\"}]},{\"@type\":\"WebSite\",\"@id\":\"https:\/\/www.alantraleasing.com\/#website\",\"url\":\"https:\/\/www.alantraleasing.com\/\",\"name\":\"Alantra Leasing Inc.\",\"description\":\"Mobile Office Trailer &amp; Modular Building Specialists\",\"publisher\":{\"@id\":\"https:\/\/www.alantraleasing.com\/#organization\"},\"alternateName\":\"Alantra Leasing\",\"potentialAction\":[{\"@type\":\"SearchAction\",\"target\":{\"@type\":\"EntryPoint\",\"urlTemplate\":\"https:\/\/www.alantraleasing.com\/?s={search_term_string}\"},\"query-input\":{\"@type\":\"PropertyValueSpecification\",\"valueRequired\":true,\"valueName\":\"search_term_string\"}}],\"inLanguage\":\"fr-FR\"},{\"@type\":\"Organization\",\"@id\":\"https:\/\/www.alantraleasing.com\/#organization\",\"name\":\"Alantra Leasing Inc.\",\"alternateName\":\"Alantra Leasing\",\"url\":\"https:\/\/www.alantraleasing.com\/\",\"logo\":{\"@type\":\"ImageObject\",\"inLanguage\":\"fr-FR\",\"@id\":\"https:\/\/www.alantraleasing.com\/#\/schema\/logo\/image\/\",\"url\":\"https:\/\/www.alantraleasing.com\/wp-content\/uploads\/2026\/02\/Alantra.png\",\"contentUrl\":\"https:\/\/www.alantraleasing.com\/wp-content\/uploads\/2026\/02\/Alantra.png\",\"width\":1200,\"height\":1200,\"caption\":\"Alantra Leasing Inc.\"},\"image\":{\"@id\":\"https:\/\/www.alantraleasing.com\/#\/schema\/logo\/image\/\"},\"sameAs\":[\"https:\/\/www.facebook.com\/alantratrailers\/\",\"https:\/\/www.instagram.com\/alantraleasing\/?hl=en\",\"https:\/\/www.linkedin.com\/company\/alantra-leasing-inc-\/\",\"https:\/\/www.youtube.com\/channel\/UC147gZKyzDss4_0nrOOAj6w\"]}]}<\/script>\n<!-- \/ Yoast SEO plugin. -->","yoast_head_json":{"title":"B\u00e2timents de bureaux modulaires pour sites industriels","description":"D\u00e9couvrez des b\u00e2timents de bureaux modulaires durables, r\u00e9sistants au feu et enti\u00e8rement personnalisables pour les sites industriels et de construction.","robots":{"index":"index","follow":"follow","max-snippet":"max-snippet:-1","max-image-preview":"max-image-preview:large","max-video-preview":"max-video-preview:-1"},"canonical":"https:\/\/www.alantraleasing.com\/fr\/product\/bureau-modulaire-pour-batiments-industriels\/","og_locale":"fr_FR","og_type":"article","og_title":"B\u00e2timents de bureaux modulaires pour sites industriels","og_description":"D\u00e9couvrez des b\u00e2timents de bureaux modulaires durables, r\u00e9sistants au feu et enti\u00e8rement personnalisables pour les sites industriels et de construction.","og_url":"https:\/\/www.alantraleasing.com\/fr\/product\/bureau-modulaire-pour-batiments-industriels\/","og_site_name":"Alantra","article_publisher":"https:\/\/www.facebook.com\/alantratrailers\/","article_modified_time":"2026-02-26T19:43:25+00:00","og_image":[{"width":1143,"height":857,"url":"https:\/\/www.alantraleasing.com\/wp-content\/uploads\/2025\/08\/Modular-Offices-for-industrial-building-display-photo-2-1.png","type":"image\/png"}],"twitter_card":"summary_large_image","twitter_misc":{"Dur\u00e9e de lecture estim\u00e9e":"3 minutes"},"schema":{"@context":"https:\/\/schema.org","@graph":[{"@type":"WebPage","@id":"https:\/\/www.alantraleasing.com\/fr\/product\/bureau-modulaire-pour-batiments-industriels\/","url":"https:\/\/www.alantraleasing.com\/fr\/product\/bureau-modulaire-pour-batiments-industriels\/","name":"B\u00e2timents de bureaux modulaires pour sites industriels","isPartOf":{"@id":"https:\/\/www.alantraleasing.com\/#website"},"primaryImageOfPage":{"@id":"https:\/\/www.alantraleasing.com\/fr\/product\/bureau-modulaire-pour-batiments-industriels\/#primaryimage"},"image":{"@id":"https:\/\/www.alantraleasing.com\/fr\/product\/bureau-modulaire-pour-batiments-industriels\/#primaryimage"},"thumbnailUrl":"https:\/\/www.alantraleasing.com\/wp-content\/uploads\/2025\/08\/Modular-Offices-for-industrial-building-display-photo-2-1.png","datePublished":"2025-08-25T22:53:10+00:00","dateModified":"2026-02-26T19:43:25+00:00","description":"D\u00e9couvrez des b\u00e2timents de bureaux modulaires durables, r\u00e9sistants au feu et enti\u00e8rement personnalisables pour les sites industriels et de construction.","breadcrumb":{"@id":"https:\/\/www.alantraleasing.com\/fr\/product\/bureau-modulaire-pour-batiments-industriels\/#breadcrumb"},"inLanguage":"fr-FR","potentialAction":[{"@type":"ReadAction","target":["https:\/\/www.alantraleasing.com\/fr\/product\/bureau-modulaire-pour-batiments-industriels\/"]}]},{"@type":"ImageObject","inLanguage":"fr-FR","@id":"https:\/\/www.alantraleasing.com\/fr\/product\/bureau-modulaire-pour-batiments-industriels\/#primaryimage","url":"https:\/\/www.alantraleasing.com\/wp-content\/uploads\/2025\/08\/Modular-Offices-for-industrial-building-display-photo-2-1.png","contentUrl":"https:\/\/www.alantraleasing.com\/wp-content\/uploads\/2025\/08\/Modular-Offices-for-industrial-building-display-photo-2-1.png","width":1143,"height":857},{"@type":"BreadcrumbList","@id":"https:\/\/www.alantraleasing.com\/fr\/product\/bureau-modulaire-pour-batiments-industriels\/#breadcrumb","itemListElement":[{"@type":"ListItem","position":1,"name":"Home","item":"https:\/\/www.alantraleasing.com\/fr\/"},{"@type":"ListItem","position":2,"name":"BUREAU MODULAIRE POUR B\u00c2TIMENTS INDUSTRIELS"}]},{"@type":"WebSite","@id":"https:\/\/www.alantraleasing.com\/#website","url":"https:\/\/www.alantraleasing.com\/","name":"Alantra Leasing Inc.","description":"Mobile Office Trailer &amp; Modular Building Specialists","publisher":{"@id":"https:\/\/www.alantraleasing.com\/#organization"},"alternateName":"Alantra Leasing","potentialAction":[{"@type":"SearchAction","target":{"@type":"EntryPoint","urlTemplate":"https:\/\/www.alantraleasing.com\/?s={search_term_string}"},"query-input":{"@type":"PropertyValueSpecification","valueRequired":true,"valueName":"search_term_string"}}],"inLanguage":"fr-FR"},{"@type":"Organization","@id":"https:\/\/www.alantraleasing.com\/#organization","name":"Alantra Leasing Inc.","alternateName":"Alantra Leasing","url":"https:\/\/www.alantraleasing.com\/","logo":{"@type":"ImageObject","inLanguage":"fr-FR","@id":"https:\/\/www.alantraleasing.com\/#\/schema\/logo\/image\/","url":"https:\/\/www.alantraleasing.com\/wp-content\/uploads\/2026\/02\/Alantra.png","contentUrl":"https:\/\/www.alantraleasing.com\/wp-content\/uploads\/2026\/02\/Alantra.png","width":1200,"height":1200,"caption":"Alantra Leasing Inc."},"image":{"@id":"https:\/\/www.alantraleasing.com\/#\/schema\/logo\/image\/"},"sameAs":["https:\/\/www.facebook.com\/alantratrailers\/","https:\/\/www.instagram.com\/alantraleasing\/?hl=en","https:\/\/www.linkedin.com\/company\/alantra-leasing-inc-\/","https:\/\/www.youtube.com\/channel\/UC147gZKyzDss4_0nrOOAj6w"]}]}},"_links":{"self":[{"href":"https:\/\/www.alantraleasing.com\/fr\/wp-json\/wp\/v2\/product\/1544","targetHints":{"allow":["GET"]}}],"collection":[{"href":"https:\/\/www.alantraleasing.com\/fr\/wp-json\/wp\/v2\/product"}],"about":[{"href":"https:\/\/www.alantraleasing.com\/fr\/wp-json\/wp\/v2\/types\/product"}],"wp:featuredmedia":[{"embeddable":true,"href":"https:\/\/www.alantraleasing.com\/fr\/wp-json\/wp\/v2\/media\/2108"}],"wp:attachment":[{"href":"https:\/\/www.alantraleasing.com\/fr\/wp-json\/wp\/v2\/media?parent=1544"}],"wp:term":[{"taxonomy":"product-category","embeddable":true,"href":"https:\/\/www.alantraleasing.com\/fr\/wp-json\/wp\/v2\/product-category?post=1544"}],"curies":[{"name":"wp","href":"https:\/\/api.w.org\/{rel}","templated":true}]}}