{"id":1543,"date":"2025-05-21T05:41:31","date_gmt":"2025-05-21T08:41:31","guid":{"rendered":"https:\/\/www.alantraleasing.com\/product\/sea-cans-shipping-containers\/"},"modified":"2026-02-27T10:14:43","modified_gmt":"2026-02-27T14:14:43","slug":"sea-cans-shipping-containers","status":"publish","type":"product","link":"https:\/\/www.alantraleasing.com\/fr\/product\/sea-cans-shipping-containers\/","title":{"rendered":"SEA CANS \/ SHIPPING CONTAINERS"},"content":{"rendered":"\r\n<h2>\r\n\t\t\t\t<\/h2>\r\n<h2>\r\n\t\t\tSEA CANS \/ SHIPPING CONTAINERS\t<\/h2>\r\n\t<p>Temporary storage solutions are just a phone call away with Alantra Leasing. Alantra&rsquo;s shipping containers offer high quality and durable solutions for every job site storage needs. Whether you need to store your tools and equipment, furniture, or project supplies, we have you covered. Take advantage of our in-house trucking services and have your sea can unit delivered to you when and where you need them.<\/p>\r\n<h2>\r\n\t\t\tDISCLAIMER\t<\/h2>\r\n\t<p>Alantra will not move sea cans containing any items. Or assist in loading, unloading materials from a container, or storage unit. It is the responsibility of the renter to ensure all units are empty prior to pick-up.<\/p>\r\n<!-- Top Main Slider -->\r\n           <img decoding=\"async\" src=\"https:\/\/www.alantraleasing.com\/wp-content\/uploads\/2025\/05\/5bdf20452fb99cdd1deb92d9510695c0-1.png\" alt=\"Product Image\" \/>\r\n           <img decoding=\"async\" src=\"https:\/\/www.alantraleasing.com\/wp-content\/uploads\/2025\/05\/355abd5b77bd164a9aae4c1227bb285f.png\" alt=\"Product Image\" \/>\r\n           <img decoding=\"async\" src=\"https:\/\/www.alantraleasing.com\/wp-content\/uploads\/2025\/05\/698ee045ad73a169990db600a7139dcd.png\" alt=\"Product Image\" \/>\r\n           <img decoding=\"async\" src=\"https:\/\/www.alantraleasing.com\/wp-content\/uploads\/2025\/05\/dd4a1dce8619c392b97c7f11de302e69.png\" alt=\"Product Image\" \/>\r\n           <img decoding=\"async\" src=\"https:\/\/www.alantraleasing.com\/wp-content\/uploads\/2025\/05\/620657f885291bb3d5486d5f4060f7d0.png\" alt=\"Product Image\" \/>\r\n      <h3>RENTALS ONLY<\/h3>\r\n      <p>Please Note: We do not rent Sea Cans outside of Atlantic Canada and the Gasp\u00e9 Peninsula.<\/p>\r\n          <img decoding=\"async\" src=\"https:\/\/www.alantraleasing.com\/wp-content\/uploads\/2025\/05\/5bdf20452fb99cdd1deb92d9510695c0-1.png\" alt=\"Product Image\" \/>\r\n          <img decoding=\"async\" src=\"https:\/\/www.alantraleasing.com\/wp-content\/uploads\/2025\/05\/355abd5b77bd164a9aae4c1227bb285f.png\" alt=\"Product Image\" \/>\r\n          <img decoding=\"async\" src=\"https:\/\/www.alantraleasing.com\/wp-content\/uploads\/2025\/05\/698ee045ad73a169990db600a7139dcd.png\" alt=\"Product Image\" \/>\r\n          <img decoding=\"async\" src=\"https:\/\/www.alantraleasing.com\/wp-content\/uploads\/2025\/05\/dd4a1dce8619c392b97c7f11de302e69.png\" alt=\"Product Image\" \/>\r\n          <img decoding=\"async\" src=\"https:\/\/www.alantraleasing.com\/wp-content\/uploads\/2025\/05\/620657f885291bb3d5486d5f4060f7d0.png\" alt=\"Product Image\" \/>\r\n<style>\r\n  .product-slider {\r\n    border: 6px solid #2A3071;\r\n    border-radius: 15px;\r\n    position: relative;\r\n    overflow: hidden;\r\n}\r\n.product-slider img {\r\n    height: 450px;\r\n    object-fit: cover;\r\n    width: 100%;\r\n    display: block;\r\n}\r\n.slick-arrow {\r\n    position: absolute !important;\r\n    z-index: 9;\r\n    top: 35%;\r\n    background-color: transparent !important;\r\n    border: none !important;\r\n    font-size: 0;\r\n    background-image: url(https:\/\/www.alantraleasing.com\/wp-content\/uploads\/2025\/07\/Path-12.svg);\r\n    width: 77px;\r\n    height: 151px;\r\n    background-repeat: no-repeat;\r\n    padding: 0;\r\n    background-position: center;\r\n}\r\nbutton.slick-next.slick-arrow {\r\n    right: 0;\r\n     background-image: url(https:\/\/www.alantraleasing.com\/wp-content\/uploads\/2025\/07\/Path-13.svg);\r\n}\r\n.product-slider-nav {\r\n    margin-top: 34px;\r\n}\r\n.product-slide-nav img {\r\n    border: 6px solid;\r\n    height: 126px;\r\n    border-radius: 3px;\r\n    width: 100%;\r\n}\r\n.product-slide-nav {\r\n    padding: 0 9px;\r\n}\r\n.product-slider-wrap-nav {\r\n    margin: 0 -8px;\r\n}\r\n.product-slider-wrap {\r\n    position: relative;\r\n}\r\n.sale_info {\r\n    position: absolute;\r\n    bottom: 25px;\r\n    max-width: 388px;\r\n    background: #0B939C;\r\n    width: 100%;\r\n    color: #fff;\r\n    border-radius: 17px;\r\n    text-align: center;\r\n    left: -31px;\r\n    padding: 8px 40px;\r\n}\r\n.sale_info h3 {\r\n    margin: 0 0 2px;\r\n    font: normal normal 800 35px \/ 27px futura-pt-condensed;\r\n    letter-spacing: 0px;\r\n    color: #FFFFFF;\r\n    text-transform: uppercase;\r\n}\r\n.sale_info p {\r\n    margin: 0;\r\n    font-size: 14px;\r\n    line-height: 17px;\r\n}\r\n.product-slide, .product-slide-nav{\r\n  display: none;\r\n}\r\n.slick-initialized .slick-slide {\r\n    display: block;\r\n}\r\n@media(max-width:800px){\r\n  .slick-arrow {\r\n    background-size: contain;\r\n    height: 58px;\r\n    font-size: 0 !important;\r\n    width: 34px;\r\n}\r\n.sale_info h3 {\r\n    font: normal normal 800 22px \/ 23px futura-pt-condensed;\r\n}\r\n.sale_info {\r\n    bottom: -26px;\r\n    max-width: 388px;\r\n    left: -12px;\r\n    padding: 8px 11px;\r\n}\r\n.product-slider-wrap-nav {\r\n    display: none;\r\n}\r\n.product-slider img {\r\n    height: 320px;\r\n}\r\n}\r\n<\/style><h2>\r\n\t\t\tCUSTOMIZE YOUR SEA CONTAINERS\t<\/h2>\r\n\t<p>Alantra Leasing Inc. offers customization options for sea containers. Perfect for specific job site needs including storage, fueling stations, work centers, portable offices, data centers, etc.<\/p>\r\n<h2>\r\n\t\t\tFEAUTRES\t<\/h2>\r\n\t<ul>\r\n<li>Tie hooks<\/li>\r\n<li>Lock box<\/li>\r\n<li>Varnished plank floor<\/li>\r\n<li>Easy open handles<\/li>\r\n<li>Cable hatch<\/li>\r\n<li>Air vents<\/li>\r\n<\/ul>\r\n<p>&nbsp;<\/p>\r\n\t\t\t\t<img decoding=\"async\" src=\"https:\/\/www.alantraleasing.com\/wp-content\/uploads\/2025\/05\/69acb9d3b9545186b665adf482039962.png\" alt=\"69acb9d3b9545186b665adf482039962\" itemprop=\"image\" height=\"472\" width=\"651\" title=\"69acb9d3b9545186b665adf482039962\" onerror=\"this.style.display='none'\" loading=\"lazy\" \/>\r\n\t\t\t\t<img decoding=\"async\" src=\"https:\/\/www.alantraleasing.com\/wp-content\/uploads\/2025\/05\/45e3c5e726bd6fa3c2e4dac3414dfb1f.png\" alt=\"45e3c5e726bd6fa3c2e4dac3414dfb1f\" itemprop=\"image\" height=\"472\" width=\"651\" title=\"45e3c5e726bd6fa3c2e4dac3414dfb1f\" onerror=\"this.style.display='none'\" loading=\"lazy\" \/>\r\n\r\n","protected":false},"featured_media":202,"template":"","meta":{"_acf_changed":false},"product-category":[43],"class_list":["post-1543","product","type-product","status-publish","has-post-thumbnail","hentry","product-category-entreposage-portable-fr"],"acf":[],"yoast_head":"<!-- This site is optimized with the Yoast SEO plugin v27.2 - https:\/\/yoast.com\/product\/yoast-seo-wordpress\/ -->\n<title>Conteneurs maritimes et conteneurs d&#039;exp\u00e9dition \u00e0 louer | Alantra<\/title>\n<meta name=\"description\" content=\"Louez des conteneurs maritimes et des conteneurs d&#039;exp\u00e9dition durables pour le stockage ou la conversion modulaire. Des solutions flexibles pr\u00eates \u00e0 \u00eatre lou\u00e9es chez Alantra.\" \/>\n<meta name=\"robots\" content=\"index, follow, max-snippet:-1, max-image-preview:large, max-video-preview:-1\" \/>\n<link rel=\"canonical\" href=\"https:\/\/www.alantraleasing.com\/fr\/product\/sea-cans-shipping-containers\/\" \/>\n<meta property=\"og:locale\" content=\"fr_FR\" \/>\n<meta property=\"og:type\" content=\"article\" \/>\n<meta property=\"og:title\" content=\"Conteneurs maritimes et conteneurs d&#039;exp\u00e9dition \u00e0 louer | Alantra\" \/>\n<meta property=\"og:description\" content=\"Louez des conteneurs maritimes et des conteneurs d&#039;exp\u00e9dition durables pour le stockage ou la conversion modulaire. Des solutions flexibles pr\u00eates \u00e0 \u00eatre lou\u00e9es chez Alantra.\" \/>\n<meta property=\"og:url\" content=\"https:\/\/www.alantraleasing.com\/fr\/product\/sea-cans-shipping-containers\/\" \/>\n<meta property=\"og:site_name\" content=\"Alantra\" \/>\n<meta property=\"article:publisher\" content=\"https:\/\/www.facebook.com\/alantratrailers\/\" \/>\n<meta property=\"article:modified_time\" content=\"2026-02-27T14:14:43+00:00\" \/>\n<meta property=\"og:image\" content=\"https:\/\/www.alantraleasing.com\/wp-content\/uploads\/2025\/05\/b237dac958f5e4a9c75777b6ec1d037e-e1747806077591.png\" \/>\n\t<meta property=\"og:image:width\" content=\"241\" \/>\n\t<meta property=\"og:image:height\" content=\"191\" \/>\n\t<meta property=\"og:image:type\" content=\"image\/png\" \/>\n<meta name=\"twitter:card\" content=\"summary_large_image\" \/>\n<meta name=\"twitter:label1\" content=\"Dur\u00e9e de lecture estim\u00e9e\" \/>\n\t<meta name=\"twitter:data1\" content=\"4 minutes\" \/>\n<script type=\"application\/ld+json\" class=\"yoast-schema-graph\">{\"@context\":\"https:\/\/schema.org\",\"@graph\":[{\"@type\":\"WebPage\",\"@id\":\"https:\/\/www.alantraleasing.com\/fr\/product\/sea-cans-shipping-containers\/\",\"url\":\"https:\/\/www.alantraleasing.com\/fr\/product\/sea-cans-shipping-containers\/\",\"name\":\"Conteneurs maritimes et conteneurs d'exp\u00e9dition \u00e0 louer | Alantra\",\"isPartOf\":{\"@id\":\"https:\/\/www.alantraleasing.com\/#website\"},\"primaryImageOfPage\":{\"@id\":\"https:\/\/www.alantraleasing.com\/fr\/product\/sea-cans-shipping-containers\/#primaryimage\"},\"image\":{\"@id\":\"https:\/\/www.alantraleasing.com\/fr\/product\/sea-cans-shipping-containers\/#primaryimage\"},\"thumbnailUrl\":\"https:\/\/www.alantraleasing.com\/wp-content\/uploads\/2025\/05\/b237dac958f5e4a9c75777b6ec1d037e-e1747806077591.png\",\"datePublished\":\"2025-05-21T08:41:31+00:00\",\"dateModified\":\"2026-02-27T14:14:43+00:00\",\"description\":\"Louez des conteneurs maritimes et des conteneurs d'exp\u00e9dition durables pour le stockage ou la conversion modulaire. Des solutions flexibles pr\u00eates \u00e0 \u00eatre lou\u00e9es chez Alantra.\",\"breadcrumb\":{\"@id\":\"https:\/\/www.alantraleasing.com\/fr\/product\/sea-cans-shipping-containers\/#breadcrumb\"},\"inLanguage\":\"fr-FR\",\"potentialAction\":[{\"@type\":\"ReadAction\",\"target\":[\"https:\/\/www.alantraleasing.com\/fr\/product\/sea-cans-shipping-containers\/\"]}]},{\"@type\":\"ImageObject\",\"inLanguage\":\"fr-FR\",\"@id\":\"https:\/\/www.alantraleasing.com\/fr\/product\/sea-cans-shipping-containers\/#primaryimage\",\"url\":\"https:\/\/www.alantraleasing.com\/wp-content\/uploads\/2025\/05\/b237dac958f5e4a9c75777b6ec1d037e-e1747806077591.png\",\"contentUrl\":\"https:\/\/www.alantraleasing.com\/wp-content\/uploads\/2025\/05\/b237dac958f5e4a9c75777b6ec1d037e-e1747806077591.png\",\"width\":241,\"height\":191,\"caption\":\"Alantra Reference\"},{\"@type\":\"BreadcrumbList\",\"@id\":\"https:\/\/www.alantraleasing.com\/fr\/product\/sea-cans-shipping-containers\/#breadcrumb\",\"itemListElement\":[{\"@type\":\"ListItem\",\"position\":1,\"name\":\"Home\",\"item\":\"https:\/\/www.alantraleasing.com\/fr\/\"},{\"@type\":\"ListItem\",\"position\":2,\"name\":\"SEA CANS \/ SHIPPING CONTAINERS\"}]},{\"@type\":\"WebSite\",\"@id\":\"https:\/\/www.alantraleasing.com\/#website\",\"url\":\"https:\/\/www.alantraleasing.com\/\",\"name\":\"Alantra Leasing Inc.\",\"description\":\"Mobile Office Trailer &amp; Modular Building Specialists\",\"publisher\":{\"@id\":\"https:\/\/www.alantraleasing.com\/#organization\"},\"alternateName\":\"Alantra Leasing\",\"potentialAction\":[{\"@type\":\"SearchAction\",\"target\":{\"@type\":\"EntryPoint\",\"urlTemplate\":\"https:\/\/www.alantraleasing.com\/?s={search_term_string}\"},\"query-input\":{\"@type\":\"PropertyValueSpecification\",\"valueRequired\":true,\"valueName\":\"search_term_string\"}}],\"inLanguage\":\"fr-FR\"},{\"@type\":\"Organization\",\"@id\":\"https:\/\/www.alantraleasing.com\/#organization\",\"name\":\"Alantra Leasing Inc.\",\"alternateName\":\"Alantra Leasing\",\"url\":\"https:\/\/www.alantraleasing.com\/\",\"logo\":{\"@type\":\"ImageObject\",\"inLanguage\":\"fr-FR\",\"@id\":\"https:\/\/www.alantraleasing.com\/#\/schema\/logo\/image\/\",\"url\":\"https:\/\/www.alantraleasing.com\/wp-content\/uploads\/2026\/02\/Alantra.png\",\"contentUrl\":\"https:\/\/www.alantraleasing.com\/wp-content\/uploads\/2026\/02\/Alantra.png\",\"width\":1200,\"height\":1200,\"caption\":\"Alantra Leasing Inc.\"},\"image\":{\"@id\":\"https:\/\/www.alantraleasing.com\/#\/schema\/logo\/image\/\"},\"sameAs\":[\"https:\/\/www.facebook.com\/alantratrailers\/\",\"https:\/\/www.instagram.com\/alantraleasing\/?hl=en\",\"https:\/\/www.linkedin.com\/company\/alantra-leasing-inc-\/\",\"https:\/\/www.youtube.com\/channel\/UC147gZKyzDss4_0nrOOAj6w\"]}]}<\/script>\n<!-- \/ Yoast SEO plugin. -->","yoast_head_json":{"title":"Conteneurs maritimes et conteneurs d'exp\u00e9dition \u00e0 louer | Alantra","description":"Louez des conteneurs maritimes et des conteneurs d'exp\u00e9dition durables pour le stockage ou la conversion modulaire. Des solutions flexibles pr\u00eates \u00e0 \u00eatre lou\u00e9es chez Alantra.","robots":{"index":"index","follow":"follow","max-snippet":"max-snippet:-1","max-image-preview":"max-image-preview:large","max-video-preview":"max-video-preview:-1"},"canonical":"https:\/\/www.alantraleasing.com\/fr\/product\/sea-cans-shipping-containers\/","og_locale":"fr_FR","og_type":"article","og_title":"Conteneurs maritimes et conteneurs d'exp\u00e9dition \u00e0 louer | Alantra","og_description":"Louez des conteneurs maritimes et des conteneurs d'exp\u00e9dition durables pour le stockage ou la conversion modulaire. Des solutions flexibles pr\u00eates \u00e0 \u00eatre lou\u00e9es chez Alantra.","og_url":"https:\/\/www.alantraleasing.com\/fr\/product\/sea-cans-shipping-containers\/","og_site_name":"Alantra","article_publisher":"https:\/\/www.facebook.com\/alantratrailers\/","article_modified_time":"2026-02-27T14:14:43+00:00","og_image":[{"width":241,"height":191,"url":"https:\/\/www.alantraleasing.com\/wp-content\/uploads\/2025\/05\/b237dac958f5e4a9c75777b6ec1d037e-e1747806077591.png","type":"image\/png"}],"twitter_card":"summary_large_image","twitter_misc":{"Dur\u00e9e de lecture estim\u00e9e":"4 minutes"},"schema":{"@context":"https:\/\/schema.org","@graph":[{"@type":"WebPage","@id":"https:\/\/www.alantraleasing.com\/fr\/product\/sea-cans-shipping-containers\/","url":"https:\/\/www.alantraleasing.com\/fr\/product\/sea-cans-shipping-containers\/","name":"Conteneurs maritimes et conteneurs d'exp\u00e9dition \u00e0 louer | Alantra","isPartOf":{"@id":"https:\/\/www.alantraleasing.com\/#website"},"primaryImageOfPage":{"@id":"https:\/\/www.alantraleasing.com\/fr\/product\/sea-cans-shipping-containers\/#primaryimage"},"image":{"@id":"https:\/\/www.alantraleasing.com\/fr\/product\/sea-cans-shipping-containers\/#primaryimage"},"thumbnailUrl":"https:\/\/www.alantraleasing.com\/wp-content\/uploads\/2025\/05\/b237dac958f5e4a9c75777b6ec1d037e-e1747806077591.png","datePublished":"2025-05-21T08:41:31+00:00","dateModified":"2026-02-27T14:14:43+00:00","description":"Louez des conteneurs maritimes et des conteneurs d'exp\u00e9dition durables pour le stockage ou la conversion modulaire. Des solutions flexibles pr\u00eates \u00e0 \u00eatre lou\u00e9es chez Alantra.","breadcrumb":{"@id":"https:\/\/www.alantraleasing.com\/fr\/product\/sea-cans-shipping-containers\/#breadcrumb"},"inLanguage":"fr-FR","potentialAction":[{"@type":"ReadAction","target":["https:\/\/www.alantraleasing.com\/fr\/product\/sea-cans-shipping-containers\/"]}]},{"@type":"ImageObject","inLanguage":"fr-FR","@id":"https:\/\/www.alantraleasing.com\/fr\/product\/sea-cans-shipping-containers\/#primaryimage","url":"https:\/\/www.alantraleasing.com\/wp-content\/uploads\/2025\/05\/b237dac958f5e4a9c75777b6ec1d037e-e1747806077591.png","contentUrl":"https:\/\/www.alantraleasing.com\/wp-content\/uploads\/2025\/05\/b237dac958f5e4a9c75777b6ec1d037e-e1747806077591.png","width":241,"height":191,"caption":"Alantra Reference"},{"@type":"BreadcrumbList","@id":"https:\/\/www.alantraleasing.com\/fr\/product\/sea-cans-shipping-containers\/#breadcrumb","itemListElement":[{"@type":"ListItem","position":1,"name":"Home","item":"https:\/\/www.alantraleasing.com\/fr\/"},{"@type":"ListItem","position":2,"name":"SEA CANS \/ SHIPPING CONTAINERS"}]},{"@type":"WebSite","@id":"https:\/\/www.alantraleasing.com\/#website","url":"https:\/\/www.alantraleasing.com\/","name":"Alantra Leasing Inc.","description":"Mobile Office Trailer &amp; Modular Building Specialists","publisher":{"@id":"https:\/\/www.alantraleasing.com\/#organization"},"alternateName":"Alantra Leasing","potentialAction":[{"@type":"SearchAction","target":{"@type":"EntryPoint","urlTemplate":"https:\/\/www.alantraleasing.com\/?s={search_term_string}"},"query-input":{"@type":"PropertyValueSpecification","valueRequired":true,"valueName":"search_term_string"}}],"inLanguage":"fr-FR"},{"@type":"Organization","@id":"https:\/\/www.alantraleasing.com\/#organization","name":"Alantra Leasing Inc.","alternateName":"Alantra Leasing","url":"https:\/\/www.alantraleasing.com\/","logo":{"@type":"ImageObject","inLanguage":"fr-FR","@id":"https:\/\/www.alantraleasing.com\/#\/schema\/logo\/image\/","url":"https:\/\/www.alantraleasing.com\/wp-content\/uploads\/2026\/02\/Alantra.png","contentUrl":"https:\/\/www.alantraleasing.com\/wp-content\/uploads\/2026\/02\/Alantra.png","width":1200,"height":1200,"caption":"Alantra Leasing Inc."},"image":{"@id":"https:\/\/www.alantraleasing.com\/#\/schema\/logo\/image\/"},"sameAs":["https:\/\/www.facebook.com\/alantratrailers\/","https:\/\/www.instagram.com\/alantraleasing\/?hl=en","https:\/\/www.linkedin.com\/company\/alantra-leasing-inc-\/","https:\/\/www.youtube.com\/channel\/UC147gZKyzDss4_0nrOOAj6w"]}]}},"_links":{"self":[{"href":"https:\/\/www.alantraleasing.com\/fr\/wp-json\/wp\/v2\/product\/1543","targetHints":{"allow":["GET"]}}],"collection":[{"href":"https:\/\/www.alantraleasing.com\/fr\/wp-json\/wp\/v2\/product"}],"about":[{"href":"https:\/\/www.alantraleasing.com\/fr\/wp-json\/wp\/v2\/types\/product"}],"wp:featuredmedia":[{"embeddable":true,"href":"https:\/\/www.alantraleasing.com\/fr\/wp-json\/wp\/v2\/media\/202"}],"wp:attachment":[{"href":"https:\/\/www.alantraleasing.com\/fr\/wp-json\/wp\/v2\/media?parent=1543"}],"wp:term":[{"taxonomy":"product-category","embeddable":true,"href":"https:\/\/www.alantraleasing.com\/fr\/wp-json\/wp\/v2\/product-category?post=1543"}],"curies":[{"name":"wp","href":"https:\/\/api.w.org\/{rel}","templated":true}]}}