{"id":1542,"date":"2025-08-25T19:39:30","date_gmt":"2025-08-25T22:39:30","guid":{"rendered":"https:\/\/www.alantraleasing.com\/product\/modular-office-buildings\/"},"modified":"2026-02-26T15:42:24","modified_gmt":"2026-02-26T19:42:24","slug":"immeubles-de-bureaux-modulaires","status":"publish","type":"product","link":"https:\/\/www.alantraleasing.com\/fr\/product\/immeubles-de-bureaux-modulaires\/","title":{"rendered":"IMMEUBLES DE BUREAUX MODULAIRES"},"content":{"rendered":"\r\n<h2>\r\n\t\t\t\t<\/h2>\r\n<h2>\r\n\t\t\tIMMEUBLES DE BUREAUX MODULAIRES\t<\/h2>\r\n\t<p>Aucun projet modulaire n&rsquo;est trop grand ni trop petit pour l&rsquo;\u00e9quipe d&rsquo;ing\u00e9nieurs et de concepteurs experts chez Alantra.<\/p>\r\n<p>Choisissez parmi notre inventaire de complexes de bureaux et de salles de classe de qualit\u00e9, disponibles dans une vari\u00e9t\u00e9 de configurations, ou reliez-en plusieurs entre eux pour agrandir l&rsquo;espace et les fonctionnalit\u00e9s. Alantra peut personnaliser ses structures modulaires pour r\u00e9pondre \u00e0 vos besoins ou partir de z\u00e9ro. \u00c9quiper de vastes installations de fabrication int\u00e9rieures chauff\u00e9es, Alantra r\u00e9alisera votre projet sur mesure, de la fabrication au transport et \u00e0 l&rsquo;installation, en un temps record.<\/p>\r\n<!-- Top Main Slider -->\r\n           <img decoding=\"async\" src=\"https:\/\/www.alantraleasing.com\/wp-content\/uploads\/2025\/08\/Customized-Modular-Offices-12-scaled.jpg\" alt=\"Product Image\" \/>\r\n           <img decoding=\"async\" src=\"https:\/\/www.alantraleasing.com\/wp-content\/uploads\/2025\/08\/Customized-Modular-Offices-13-1-2-scaled.jpg\" alt=\"Product Image\" \/>\r\n           <img decoding=\"async\" src=\"https:\/\/www.alantraleasing.com\/wp-content\/uploads\/2025\/08\/Customized-Modular-Offices-14-1-scaled.jpg\" alt=\"Product Image\" \/>\r\n          <img decoding=\"async\" src=\"https:\/\/www.alantraleasing.com\/wp-content\/uploads\/2025\/08\/Customized-Modular-Offices-12-scaled.jpg\" alt=\"Product Image\" \/>\r\n          <img decoding=\"async\" src=\"https:\/\/www.alantraleasing.com\/wp-content\/uploads\/2025\/08\/Customized-Modular-Offices-13-1-2-scaled.jpg\" alt=\"Product Image\" \/>\r\n          <img decoding=\"async\" src=\"https:\/\/www.alantraleasing.com\/wp-content\/uploads\/2025\/08\/Customized-Modular-Offices-14-1-scaled.jpg\" alt=\"Product Image\" \/>\r\n<style>\r\n  .product-slider {\r\n    border: 6px solid #2A3071;\r\n    border-radius: 15px;\r\n    position: relative;\r\n    overflow: hidden;\r\n}\r\n.product-slider img {\r\n    height: 450px;\r\n    object-fit: cover;\r\n    width: 100%;\r\n    display: block;\r\n}\r\n.slick-arrow {\r\n    position: absolute !important;\r\n    z-index: 9;\r\n    top: 35%;\r\n    background-color: transparent !important;\r\n    border: none !important;\r\n    font-size: 0;\r\n    background-image: url(https:\/\/www.alantraleasing.com\/wp-content\/uploads\/2025\/07\/Path-12.svg);\r\n    width: 77px;\r\n    height: 151px;\r\n    background-repeat: no-repeat;\r\n    padding: 0;\r\n    background-position: center;\r\n}\r\nbutton.slick-next.slick-arrow {\r\n    right: 0;\r\n     background-image: url(https:\/\/www.alantraleasing.com\/wp-content\/uploads\/2025\/07\/Path-13.svg);\r\n}\r\n.product-slider-nav {\r\n    margin-top: 34px;\r\n}\r\n.product-slide-nav img {\r\n    border: 6px solid;\r\n    height: 126px;\r\n    border-radius: 3px;\r\n    width: 100%;\r\n}\r\n.product-slide-nav {\r\n    padding: 0 9px;\r\n}\r\n.product-slider-wrap-nav {\r\n    margin: 0 -8px;\r\n}\r\n.product-slider-wrap {\r\n    position: relative;\r\n}\r\n.sale_info {\r\n    position: absolute;\r\n    bottom: 25px;\r\n    max-width: 388px;\r\n    background: #0B939C;\r\n    width: 100%;\r\n    color: #fff;\r\n    border-radius: 17px;\r\n    text-align: center;\r\n    left: -31px;\r\n    padding: 8px 40px;\r\n}\r\n.sale_info h3 {\r\n    margin: 0 0 2px;\r\n    font: normal normal 800 35px \/ 27px futura-pt-condensed;\r\n    letter-spacing: 0px;\r\n    color: #FFFFFF;\r\n    text-transform: uppercase;\r\n}\r\n.sale_info p {\r\n    margin: 0;\r\n    font-size: 14px;\r\n    line-height: 17px;\r\n}\r\n.product-slide, .product-slide-nav{\r\n  display: none;\r\n}\r\n.slick-initialized .slick-slide {\r\n    display: block;\r\n}\r\n@media(max-width:800px){\r\n  .slick-arrow {\r\n    background-size: contain;\r\n    height: 58px;\r\n    font-size: 0 !important;\r\n    width: 34px;\r\n}\r\n.sale_info h3 {\r\n    font: normal normal 800 22px \/ 23px futura-pt-condensed;\r\n}\r\n.sale_info {\r\n    bottom: -26px;\r\n    max-width: 388px;\r\n    left: -12px;\r\n    padding: 8px 11px;\r\n}\r\n.product-slider-wrap-nav {\r\n    display: none;\r\n}\r\n.product-slider img {\r\n    height: 320px;\r\n}\r\n.fl-col-group.fl-node-yjrbnw9kxcz3.fl-col-group-equal-height.fl-col-group-align-center.fl-col-group-custom-width {\r\n    display: block !important;\r\n}\r\n}\r\n<\/style><h2>\r\n\t\t\tAvantages de la construction modulaire :\t<\/h2>\r\n\t<ul>\r\n<li>R\u00e9sistance et efficacit\u00e9 \u00e9nerg\u00e9tique accrues<\/li>\r\n<li>R\u00e9duction des d\u00e9chets<\/li>\r\n<li>Acc\u00e9l\u00e9ration de la construction<\/li>\r\n<li>R\u00e9duction des perturbations sur le chantier<\/li>\r\n<li>S\u00e9curit\u00e9 et s\u00fbret\u00e9 accrues<\/li>\r\n<\/ul>\r\n\t<ul>\r\n<li>Flexibilit\u00e9<\/li>\r\n<li>Int\u00e9gration aux structures existantes<\/li>\r\n<li>Augmentation de la productivit\u00e9 au bureau<\/li>\r\n<li>Optimisation de l&rsquo;espace<\/li>\r\n<\/ul>\r\n\t\t\t\t<img decoding=\"async\" src=\"https:\/\/www.alantraleasing.com\/wp-content\/uploads\/2025\/08\/1-2.png\" alt=\"1\" itemprop=\"image\" height=\"857\" width=\"1143\" title=\"1\" onerror=\"this.style.display='none'\" loading=\"lazy\" \/>\r\n<h2>\r\n\t\t\tCaract\u00e9ristiques\t<\/h2>\r\n\t<ul>\r\n<li>Chauffage \u00e9lectrique<\/li>\r\n<li>Panneau de communication<\/li>\r\n<li>Climatisation<\/li>\r\n<li>M\u00e2t \u00e9lectrique<\/li>\r\n<li>Sortie\/\u00e9clairage de secours<\/li>\r\n<li>Crochets \u00e0 v\u00eatements<\/li>\r\n<li>Tableaux d&rsquo;affichage<\/li>\r\n<\/ul>\r\n<h2>\r\n\t\t\tFonctionnalit\u00e9s optionnelles :\t<\/h2>\r\n\t<ul>\r\n<li>Bureaux (bois, 1,5 m, avec tiroirs)<\/li>\r\n<li>Chaises de bureau (cuir, mod\u00e8le directeur)<\/li>\r\n<li>Chaises pliantes<\/li>\r\n<li>Tables pliantes (1,8 m)<\/li>\r\n<li>Classeurs<\/li>\r\n<li>Casiers<\/li>\r\n<li>R\u00e9frig\u00e9rateurs<\/li>\r\n<li>Micro-ondes<\/li>\r\n<li>Assurance incendie et vol (30 $\/mois)<\/li>\r\n<li>Autres demandes personnalis\u00e9es<\/li>\r\n<\/ul>\r\n\r\n","protected":false},"featured_media":2111,"template":"","meta":{"_acf_changed":false},"product-category":[42],"class_list":["post-1542","product","type-product","status-publish","has-post-thumbnail","hentry","product-category-batiments-modulaires-fr"],"acf":[],"yoast_head":"<!-- This site is optimized with the Yoast SEO plugin v27.2 - https:\/\/yoast.com\/product\/yoast-seo-wordpress\/ -->\n<title>B\u00e2timents de bureaux modulaires \u00e0 louer<\/title>\n<meta name=\"description\" content=\"Louez des b\u00e2timents modulaires durables pour vos chantiers, \u00e9coles et projets commerciaux : am\u00e9nagements flexibles et unit\u00e9s pr\u00eates \u00e0 louer chez Alantra.\" \/>\n<meta name=\"robots\" content=\"index, follow, max-snippet:-1, max-image-preview:large, max-video-preview:-1\" \/>\n<link rel=\"canonical\" href=\"https:\/\/www.alantraleasing.com\/fr\/product\/immeubles-de-bureaux-modulaires\/\" \/>\n<meta property=\"og:locale\" content=\"fr_FR\" \/>\n<meta property=\"og:type\" content=\"article\" \/>\n<meta property=\"og:title\" content=\"B\u00e2timents de bureaux modulaires \u00e0 louer\" \/>\n<meta property=\"og:description\" content=\"Louez des b\u00e2timents modulaires durables pour vos chantiers, \u00e9coles et projets commerciaux : am\u00e9nagements flexibles et unit\u00e9s pr\u00eates \u00e0 louer chez Alantra.\" \/>\n<meta property=\"og:url\" content=\"https:\/\/www.alantraleasing.com\/fr\/product\/immeubles-de-bureaux-modulaires\/\" \/>\n<meta property=\"og:site_name\" content=\"Alantra\" \/>\n<meta property=\"article:publisher\" content=\"https:\/\/www.facebook.com\/alantratrailers\/\" \/>\n<meta property=\"article:modified_time\" content=\"2026-02-26T19:42:24+00:00\" \/>\n<meta property=\"og:image\" content=\"https:\/\/www.alantraleasing.com\/wp-content\/uploads\/2025\/08\/Modular-Office-Building-photo-scaled.jpg\" \/>\n\t<meta property=\"og:image:width\" content=\"2560\" \/>\n\t<meta property=\"og:image:height\" content=\"1920\" \/>\n\t<meta property=\"og:image:type\" content=\"image\/jpeg\" \/>\n<meta name=\"twitter:card\" content=\"summary_large_image\" \/>\n<meta name=\"twitter:label1\" content=\"Dur\u00e9e de lecture estim\u00e9e\" \/>\n\t<meta name=\"twitter:data1\" content=\"3 minutes\" \/>\n<script type=\"application\/ld+json\" class=\"yoast-schema-graph\">{\"@context\":\"https:\/\/schema.org\",\"@graph\":[{\"@type\":\"WebPage\",\"@id\":\"https:\/\/www.alantraleasing.com\/fr\/product\/immeubles-de-bureaux-modulaires\/\",\"url\":\"https:\/\/www.alantraleasing.com\/fr\/product\/immeubles-de-bureaux-modulaires\/\",\"name\":\"B\u00e2timents de bureaux modulaires \u00e0 louer\",\"isPartOf\":{\"@id\":\"https:\/\/www.alantraleasing.com\/#website\"},\"primaryImageOfPage\":{\"@id\":\"https:\/\/www.alantraleasing.com\/fr\/product\/immeubles-de-bureaux-modulaires\/#primaryimage\"},\"image\":{\"@id\":\"https:\/\/www.alantraleasing.com\/fr\/product\/immeubles-de-bureaux-modulaires\/#primaryimage\"},\"thumbnailUrl\":\"https:\/\/www.alantraleasing.com\/wp-content\/uploads\/2025\/08\/Modular-Office-Building-photo-scaled.jpg\",\"datePublished\":\"2025-08-25T22:39:30+00:00\",\"dateModified\":\"2026-02-26T19:42:24+00:00\",\"description\":\"Louez des b\u00e2timents modulaires durables pour vos chantiers, \u00e9coles et projets commerciaux : am\u00e9nagements flexibles et unit\u00e9s pr\u00eates \u00e0 louer chez Alantra.\",\"breadcrumb\":{\"@id\":\"https:\/\/www.alantraleasing.com\/fr\/product\/immeubles-de-bureaux-modulaires\/#breadcrumb\"},\"inLanguage\":\"fr-FR\",\"potentialAction\":[{\"@type\":\"ReadAction\",\"target\":[\"https:\/\/www.alantraleasing.com\/fr\/product\/immeubles-de-bureaux-modulaires\/\"]}]},{\"@type\":\"ImageObject\",\"inLanguage\":\"fr-FR\",\"@id\":\"https:\/\/www.alantraleasing.com\/fr\/product\/immeubles-de-bureaux-modulaires\/#primaryimage\",\"url\":\"https:\/\/www.alantraleasing.com\/wp-content\/uploads\/2025\/08\/Modular-Office-Building-photo-scaled.jpg\",\"contentUrl\":\"https:\/\/www.alantraleasing.com\/wp-content\/uploads\/2025\/08\/Modular-Office-Building-photo-scaled.jpg\",\"width\":2560,\"height\":1920},{\"@type\":\"BreadcrumbList\",\"@id\":\"https:\/\/www.alantraleasing.com\/fr\/product\/immeubles-de-bureaux-modulaires\/#breadcrumb\",\"itemListElement\":[{\"@type\":\"ListItem\",\"position\":1,\"name\":\"Home\",\"item\":\"https:\/\/www.alantraleasing.com\/fr\/\"},{\"@type\":\"ListItem\",\"position\":2,\"name\":\"IMMEUBLES DE BUREAUX MODULAIRES\"}]},{\"@type\":\"WebSite\",\"@id\":\"https:\/\/www.alantraleasing.com\/#website\",\"url\":\"https:\/\/www.alantraleasing.com\/\",\"name\":\"Alantra Leasing Inc.\",\"description\":\"Mobile Office Trailer &amp; Modular Building Specialists\",\"publisher\":{\"@id\":\"https:\/\/www.alantraleasing.com\/#organization\"},\"alternateName\":\"Alantra Leasing\",\"potentialAction\":[{\"@type\":\"SearchAction\",\"target\":{\"@type\":\"EntryPoint\",\"urlTemplate\":\"https:\/\/www.alantraleasing.com\/?s={search_term_string}\"},\"query-input\":{\"@type\":\"PropertyValueSpecification\",\"valueRequired\":true,\"valueName\":\"search_term_string\"}}],\"inLanguage\":\"fr-FR\"},{\"@type\":\"Organization\",\"@id\":\"https:\/\/www.alantraleasing.com\/#organization\",\"name\":\"Alantra Leasing Inc.\",\"alternateName\":\"Alantra Leasing\",\"url\":\"https:\/\/www.alantraleasing.com\/\",\"logo\":{\"@type\":\"ImageObject\",\"inLanguage\":\"fr-FR\",\"@id\":\"https:\/\/www.alantraleasing.com\/#\/schema\/logo\/image\/\",\"url\":\"https:\/\/www.alantraleasing.com\/wp-content\/uploads\/2026\/02\/Alantra.png\",\"contentUrl\":\"https:\/\/www.alantraleasing.com\/wp-content\/uploads\/2026\/02\/Alantra.png\",\"width\":1200,\"height\":1200,\"caption\":\"Alantra Leasing Inc.\"},\"image\":{\"@id\":\"https:\/\/www.alantraleasing.com\/#\/schema\/logo\/image\/\"},\"sameAs\":[\"https:\/\/www.facebook.com\/alantratrailers\/\",\"https:\/\/www.instagram.com\/alantraleasing\/?hl=en\",\"https:\/\/www.linkedin.com\/company\/alantra-leasing-inc-\/\",\"https:\/\/www.youtube.com\/channel\/UC147gZKyzDss4_0nrOOAj6w\"]}]}<\/script>\n<!-- \/ Yoast SEO plugin. -->","yoast_head_json":{"title":"B\u00e2timents de bureaux modulaires \u00e0 louer","description":"Louez des b\u00e2timents modulaires durables pour vos chantiers, \u00e9coles et projets commerciaux : am\u00e9nagements flexibles et unit\u00e9s pr\u00eates \u00e0 louer chez Alantra.","robots":{"index":"index","follow":"follow","max-snippet":"max-snippet:-1","max-image-preview":"max-image-preview:large","max-video-preview":"max-video-preview:-1"},"canonical":"https:\/\/www.alantraleasing.com\/fr\/product\/immeubles-de-bureaux-modulaires\/","og_locale":"fr_FR","og_type":"article","og_title":"B\u00e2timents de bureaux modulaires \u00e0 louer","og_description":"Louez des b\u00e2timents modulaires durables pour vos chantiers, \u00e9coles et projets commerciaux : am\u00e9nagements flexibles et unit\u00e9s pr\u00eates \u00e0 louer chez Alantra.","og_url":"https:\/\/www.alantraleasing.com\/fr\/product\/immeubles-de-bureaux-modulaires\/","og_site_name":"Alantra","article_publisher":"https:\/\/www.facebook.com\/alantratrailers\/","article_modified_time":"2026-02-26T19:42:24+00:00","og_image":[{"width":2560,"height":1920,"url":"https:\/\/www.alantraleasing.com\/wp-content\/uploads\/2025\/08\/Modular-Office-Building-photo-scaled.jpg","type":"image\/jpeg"}],"twitter_card":"summary_large_image","twitter_misc":{"Dur\u00e9e de lecture estim\u00e9e":"3 minutes"},"schema":{"@context":"https:\/\/schema.org","@graph":[{"@type":"WebPage","@id":"https:\/\/www.alantraleasing.com\/fr\/product\/immeubles-de-bureaux-modulaires\/","url":"https:\/\/www.alantraleasing.com\/fr\/product\/immeubles-de-bureaux-modulaires\/","name":"B\u00e2timents de bureaux modulaires \u00e0 louer","isPartOf":{"@id":"https:\/\/www.alantraleasing.com\/#website"},"primaryImageOfPage":{"@id":"https:\/\/www.alantraleasing.com\/fr\/product\/immeubles-de-bureaux-modulaires\/#primaryimage"},"image":{"@id":"https:\/\/www.alantraleasing.com\/fr\/product\/immeubles-de-bureaux-modulaires\/#primaryimage"},"thumbnailUrl":"https:\/\/www.alantraleasing.com\/wp-content\/uploads\/2025\/08\/Modular-Office-Building-photo-scaled.jpg","datePublished":"2025-08-25T22:39:30+00:00","dateModified":"2026-02-26T19:42:24+00:00","description":"Louez des b\u00e2timents modulaires durables pour vos chantiers, \u00e9coles et projets commerciaux : am\u00e9nagements flexibles et unit\u00e9s pr\u00eates \u00e0 louer chez Alantra.","breadcrumb":{"@id":"https:\/\/www.alantraleasing.com\/fr\/product\/immeubles-de-bureaux-modulaires\/#breadcrumb"},"inLanguage":"fr-FR","potentialAction":[{"@type":"ReadAction","target":["https:\/\/www.alantraleasing.com\/fr\/product\/immeubles-de-bureaux-modulaires\/"]}]},{"@type":"ImageObject","inLanguage":"fr-FR","@id":"https:\/\/www.alantraleasing.com\/fr\/product\/immeubles-de-bureaux-modulaires\/#primaryimage","url":"https:\/\/www.alantraleasing.com\/wp-content\/uploads\/2025\/08\/Modular-Office-Building-photo-scaled.jpg","contentUrl":"https:\/\/www.alantraleasing.com\/wp-content\/uploads\/2025\/08\/Modular-Office-Building-photo-scaled.jpg","width":2560,"height":1920},{"@type":"BreadcrumbList","@id":"https:\/\/www.alantraleasing.com\/fr\/product\/immeubles-de-bureaux-modulaires\/#breadcrumb","itemListElement":[{"@type":"ListItem","position":1,"name":"Home","item":"https:\/\/www.alantraleasing.com\/fr\/"},{"@type":"ListItem","position":2,"name":"IMMEUBLES DE BUREAUX MODULAIRES"}]},{"@type":"WebSite","@id":"https:\/\/www.alantraleasing.com\/#website","url":"https:\/\/www.alantraleasing.com\/","name":"Alantra Leasing Inc.","description":"Mobile Office Trailer &amp; Modular Building Specialists","publisher":{"@id":"https:\/\/www.alantraleasing.com\/#organization"},"alternateName":"Alantra Leasing","potentialAction":[{"@type":"SearchAction","target":{"@type":"EntryPoint","urlTemplate":"https:\/\/www.alantraleasing.com\/?s={search_term_string}"},"query-input":{"@type":"PropertyValueSpecification","valueRequired":true,"valueName":"search_term_string"}}],"inLanguage":"fr-FR"},{"@type":"Organization","@id":"https:\/\/www.alantraleasing.com\/#organization","name":"Alantra Leasing Inc.","alternateName":"Alantra Leasing","url":"https:\/\/www.alantraleasing.com\/","logo":{"@type":"ImageObject","inLanguage":"fr-FR","@id":"https:\/\/www.alantraleasing.com\/#\/schema\/logo\/image\/","url":"https:\/\/www.alantraleasing.com\/wp-content\/uploads\/2026\/02\/Alantra.png","contentUrl":"https:\/\/www.alantraleasing.com\/wp-content\/uploads\/2026\/02\/Alantra.png","width":1200,"height":1200,"caption":"Alantra Leasing Inc."},"image":{"@id":"https:\/\/www.alantraleasing.com\/#\/schema\/logo\/image\/"},"sameAs":["https:\/\/www.facebook.com\/alantratrailers\/","https:\/\/www.instagram.com\/alantraleasing\/?hl=en","https:\/\/www.linkedin.com\/company\/alantra-leasing-inc-\/","https:\/\/www.youtube.com\/channel\/UC147gZKyzDss4_0nrOOAj6w"]}]}},"_links":{"self":[{"href":"https:\/\/www.alantraleasing.com\/fr\/wp-json\/wp\/v2\/product\/1542","targetHints":{"allow":["GET"]}}],"collection":[{"href":"https:\/\/www.alantraleasing.com\/fr\/wp-json\/wp\/v2\/product"}],"about":[{"href":"https:\/\/www.alantraleasing.com\/fr\/wp-json\/wp\/v2\/types\/product"}],"wp:featuredmedia":[{"embeddable":true,"href":"https:\/\/www.alantraleasing.com\/fr\/wp-json\/wp\/v2\/media\/2111"}],"wp:attachment":[{"href":"https:\/\/www.alantraleasing.com\/fr\/wp-json\/wp\/v2\/media?parent=1542"}],"wp:term":[{"taxonomy":"product-category","embeddable":true,"href":"https:\/\/www.alantraleasing.com\/fr\/wp-json\/wp\/v2\/product-category?post=1542"}],"curies":[{"name":"wp","href":"https:\/\/api.w.org\/{rel}","templated":true}]}}