{"id":1541,"date":"2025-08-25T20:01:41","date_gmt":"2025-08-25T23:01:41","guid":{"rendered":"https:\/\/www.alantraleasing.com\/product\/modular-hotels\/"},"modified":"2026-02-26T15:45:12","modified_gmt":"2026-02-26T19:45:12","slug":"hotels-modulaires","status":"publish","type":"product","link":"https:\/\/www.alantraleasing.com\/fr\/product\/hotels-modulaires\/","title":{"rendered":"H\u00d4TELS MODULAIRES"},"content":{"rendered":"\r\n<h2>\r\n\t\t\t\t<\/h2>\r\n<h2>\r\n\t\t\tH\u00d4TELS MODULAIRES\t<\/h2>\r\n\t<p>L&rsquo;\u00e9quipe d&rsquo;experts chevronn\u00e9s d&rsquo;Alantra travaille avec diligence pour fournir des solutions de construction \u00e0 l&rsquo;heure et dans budget. Nous collaborons avec divers entrepreneurs g\u00e9n\u00e9raux, architectes et marques afin de donner vie \u00e0 votre projet de construction h\u00f4teli\u00e8re de mani\u00e8re rapide et efficace. Faites appel \u00e0 Alantra Leasing d\u00e8s aujourd&rsquo;hui pour obtenir de magnifiques r\u00e9sultats et r\u00e9duire le temps de construction afin de pouvoir commencer \u00e0 accueillir des clients d\u00e8s que possible.<\/p>\r\n<p>Alantra Leasing est sp\u00e9cialis\u00e9e dans la construction modulaire et a particip\u00e9 \u00e0 plusieurs projets h\u00f4teliers. L&rsquo;\u00e9quipe de conception interne d&rsquo;Alantra travaillera directement avec vous et votre \u00e9quipe pour obtenir des r\u00e9sultats de haute qualit\u00e9. Une fois vos plans sont approuv\u00e9s, l&rsquo;\u00e9quipe d&rsquo;Alantra passera \u00e0 la prochaine \u00e9tape de fabrication et d&rsquo;installation.<\/p>\r\n<!-- Top Main Slider -->\r\n           <img decoding=\"async\" src=\"https:\/\/www.alantraleasing.com\/wp-content\/uploads\/2025\/08\/1-11.jpg\" alt=\"Product Image\" \/>\r\n           <img decoding=\"async\" src=\"https:\/\/www.alantraleasing.com\/wp-content\/uploads\/2025\/08\/2-12-scaled.jpg\" alt=\"Product Image\" \/>\r\n           <img decoding=\"async\" src=\"https:\/\/www.alantraleasing.com\/wp-content\/uploads\/2025\/08\/3-7.jpg\" alt=\"Product Image\" \/>\r\n           <img decoding=\"async\" src=\"https:\/\/www.alantraleasing.com\/wp-content\/uploads\/2025\/08\/5-11.jpg\" alt=\"Product Image\" \/>\r\n           <img decoding=\"async\" src=\"https:\/\/www.alantraleasing.com\/wp-content\/uploads\/2025\/08\/6-11.jpg\" alt=\"Product Image\" \/>\r\n           <img decoding=\"async\" src=\"https:\/\/www.alantraleasing.com\/wp-content\/uploads\/2025\/08\/7-9.jpg\" alt=\"Product Image\" \/>\r\n           <img decoding=\"async\" src=\"https:\/\/www.alantraleasing.com\/wp-content\/uploads\/2025\/08\/8-7-scaled.jpg\" alt=\"Product Image\" \/>\r\n          <img decoding=\"async\" src=\"https:\/\/www.alantraleasing.com\/wp-content\/uploads\/2025\/08\/1-11.jpg\" alt=\"Product Image\" \/>\r\n          <img decoding=\"async\" src=\"https:\/\/www.alantraleasing.com\/wp-content\/uploads\/2025\/08\/2-12-scaled.jpg\" alt=\"Product Image\" \/>\r\n          <img decoding=\"async\" src=\"https:\/\/www.alantraleasing.com\/wp-content\/uploads\/2025\/08\/3-7.jpg\" alt=\"Product Image\" \/>\r\n          <img decoding=\"async\" src=\"https:\/\/www.alantraleasing.com\/wp-content\/uploads\/2025\/08\/5-11.jpg\" alt=\"Product Image\" \/>\r\n          <img decoding=\"async\" src=\"https:\/\/www.alantraleasing.com\/wp-content\/uploads\/2025\/08\/6-11.jpg\" alt=\"Product Image\" \/>\r\n          <img decoding=\"async\" src=\"https:\/\/www.alantraleasing.com\/wp-content\/uploads\/2025\/08\/7-9.jpg\" alt=\"Product Image\" \/>\r\n          <img decoding=\"async\" src=\"https:\/\/www.alantraleasing.com\/wp-content\/uploads\/2025\/08\/8-7-scaled.jpg\" alt=\"Product Image\" \/>\r\n<style>\r\n  .product-slider {\r\n    border: 6px solid #2A3071;\r\n    border-radius: 15px;\r\n    position: relative;\r\n    overflow: hidden;\r\n}\r\n.product-slider img {\r\n    height: 450px;\r\n    object-fit: cover;\r\n    width: 100%;\r\n    display: block;\r\n}\r\n.slick-arrow {\r\n    position: absolute !important;\r\n    z-index: 9;\r\n    top: 35%;\r\n    background-color: transparent !important;\r\n    border: none !important;\r\n    font-size: 0;\r\n    background-image: url(https:\/\/www.alantraleasing.com\/wp-content\/uploads\/2025\/07\/Path-12.svg);\r\n    width: 77px;\r\n    height: 151px;\r\n    background-repeat: no-repeat;\r\n    padding: 0;\r\n    background-position: center;\r\n}\r\nbutton.slick-next.slick-arrow {\r\n    right: 0;\r\n     background-image: url(https:\/\/www.alantraleasing.com\/wp-content\/uploads\/2025\/07\/Path-13.svg);\r\n}\r\n.product-slider-nav {\r\n    margin-top: 34px;\r\n}\r\n.product-slide-nav img {\r\n    border: 6px solid;\r\n    height: 126px;\r\n    border-radius: 3px;\r\n    width: 100%;\r\n}\r\n.product-slide-nav {\r\n    padding: 0 9px;\r\n}\r\n.product-slider-wrap-nav {\r\n    margin: 0 -8px;\r\n}\r\n.product-slider-wrap {\r\n    position: relative;\r\n}\r\n.sale_info {\r\n    position: absolute;\r\n    bottom: 25px;\r\n    max-width: 388px;\r\n    background: #0B939C;\r\n    width: 100%;\r\n    color: #fff;\r\n    border-radius: 17px;\r\n    text-align: center;\r\n    left: -31px;\r\n    padding: 8px 40px;\r\n}\r\n.sale_info h3 {\r\n    margin: 0 0 2px;\r\n    font: normal normal 800 35px \/ 27px futura-pt-condensed;\r\n    letter-spacing: 0px;\r\n    color: #FFFFFF;\r\n    text-transform: uppercase;\r\n}\r\n.sale_info p {\r\n    margin: 0;\r\n    font-size: 14px;\r\n    line-height: 17px;\r\n}\r\n.product-slide, .product-slide-nav{\r\n  display: none;\r\n}\r\n.slick-initialized .slick-slide {\r\n    display: block;\r\n}\r\n@media(max-width:800px){\r\n  .slick-arrow {\r\n    background-size: contain;\r\n    height: 58px;\r\n    font-size: 0 !important;\r\n    width: 34px;\r\n}\r\n.sale_info h3 {\r\n    font: normal normal 800 22px \/ 23px futura-pt-condensed;\r\n}\r\n.sale_info {\r\n    bottom: -26px;\r\n    max-width: 388px;\r\n    left: -12px;\r\n    padding: 8px 11px;\r\n}\r\n.product-slider-wrap-nav {\r\n    display: none;\r\n}\r\n.product-slider img {\r\n    height: 320px;\r\n}\r\n.fl-col-group.fl-node-yjrbnw9kxcz3.fl-col-group-equal-height.fl-col-group-align-center.fl-col-group-custom-width {\r\n    display: block !important;\r\n}\r\n}\r\n<\/style><h2>\r\n\t\t\tPourquoi choisir la construction modulaire pour les h\u00f4tels ?\t<\/h2>\r\n\t<ul>\r\n<li>Environnement contr\u00f4l\u00e9<\/li>\r\n<li>Gain de temps<\/li>\r\n<li>Conception de qualit\u00e9<\/li>\r\n<li>R\u00e9sultats esth\u00e9tiques<\/li>\r\n<li>Efficacit\u00e9 en termes de calendrier et de budget<\/li>\r\n<\/ul>\r\n\t\t<iframe loading=\"lazy\" width=\"560\" height=\"315\" src=\"https:\/\/www.youtube.com\/embed\/1zHssgVekIE?si=ncv0Q6ckMTLsxt_A\" title=\"YouTube video player\" frameborder=\"0\" allow=\"accelerometer; autoplay; clipboard-write; encrypted-media; gyroscope; picture-in-picture; web-share\" referrerpolicy=\"strict-origin-when-cross-origin\" allowfullscreen><\/iframe>\t\r\n\r\n","protected":false},"featured_media":2102,"template":"","meta":{"_acf_changed":false},"product-category":[42],"class_list":["post-1541","product","type-product","status-publish","has-post-thumbnail","hentry","product-category-batiments-modulaires-fr"],"acf":[],"yoast_head":"<!-- This site is optimized with the Yoast SEO plugin v27.2 - https:\/\/yoast.com\/product\/yoast-seo-wordpress\/ -->\n<title>H\u00f4tels modulaires \u00e0 louer et en location<\/title>\n<meta name=\"description\" content=\"D\u00e9couvrez les h\u00f4tels modulaires pour les complexes touristiques, les sites isol\u00e9s et les h\u00e9bergements temporaires. Des unit\u00e9s durables, flexibles et pr\u00eates \u00e0 louer propos\u00e9es par Alantra.\" \/>\n<meta name=\"robots\" content=\"index, follow, max-snippet:-1, max-image-preview:large, max-video-preview:-1\" \/>\n<link rel=\"canonical\" href=\"https:\/\/www.alantraleasing.com\/fr\/product\/hotels-modulaires\/\" \/>\n<meta property=\"og:locale\" content=\"fr_FR\" \/>\n<meta property=\"og:type\" content=\"article\" \/>\n<meta property=\"og:title\" content=\"H\u00f4tels modulaires \u00e0 louer et en location\" \/>\n<meta property=\"og:description\" content=\"D\u00e9couvrez les h\u00f4tels modulaires pour les complexes touristiques, les sites isol\u00e9s et les h\u00e9bergements temporaires. Des unit\u00e9s durables, flexibles et pr\u00eates \u00e0 louer propos\u00e9es par Alantra.\" \/>\n<meta property=\"og:url\" content=\"https:\/\/www.alantraleasing.com\/fr\/product\/hotels-modulaires\/\" \/>\n<meta property=\"og:site_name\" content=\"Alantra\" \/>\n<meta property=\"article:publisher\" content=\"https:\/\/www.facebook.com\/alantratrailers\/\" \/>\n<meta property=\"article:modified_time\" content=\"2026-02-26T19:45:12+00:00\" \/>\n<meta property=\"og:image\" content=\"https:\/\/www.alantraleasing.com\/wp-content\/uploads\/2025\/08\/Modular-Hotels-display-photo.jpg\" \/>\n\t<meta property=\"og:image:width\" content=\"2400\" \/>\n\t<meta property=\"og:image:height\" content=\"1600\" \/>\n\t<meta property=\"og:image:type\" content=\"image\/jpeg\" \/>\n<meta name=\"twitter:card\" content=\"summary_large_image\" \/>\n<meta name=\"twitter:label1\" content=\"Dur\u00e9e de lecture estim\u00e9e\" \/>\n\t<meta name=\"twitter:data1\" content=\"4 minutes\" \/>\n<script type=\"application\/ld+json\" class=\"yoast-schema-graph\">{\"@context\":\"https:\/\/schema.org\",\"@graph\":[{\"@type\":\"WebPage\",\"@id\":\"https:\/\/www.alantraleasing.com\/fr\/product\/hotels-modulaires\/\",\"url\":\"https:\/\/www.alantraleasing.com\/fr\/product\/hotels-modulaires\/\",\"name\":\"H\u00f4tels modulaires \u00e0 louer et en location\",\"isPartOf\":{\"@id\":\"https:\/\/www.alantraleasing.com\/#website\"},\"primaryImageOfPage\":{\"@id\":\"https:\/\/www.alantraleasing.com\/fr\/product\/hotels-modulaires\/#primaryimage\"},\"image\":{\"@id\":\"https:\/\/www.alantraleasing.com\/fr\/product\/hotels-modulaires\/#primaryimage\"},\"thumbnailUrl\":\"https:\/\/www.alantraleasing.com\/wp-content\/uploads\/2025\/08\/Modular-Hotels-display-photo.jpg\",\"datePublished\":\"2025-08-25T23:01:41+00:00\",\"dateModified\":\"2026-02-26T19:45:12+00:00\",\"description\":\"D\u00e9couvrez les h\u00f4tels modulaires pour les complexes touristiques, les sites isol\u00e9s et les h\u00e9bergements temporaires. Des unit\u00e9s durables, flexibles et pr\u00eates \u00e0 louer propos\u00e9es par Alantra.\",\"breadcrumb\":{\"@id\":\"https:\/\/www.alantraleasing.com\/fr\/product\/hotels-modulaires\/#breadcrumb\"},\"inLanguage\":\"fr-FR\",\"potentialAction\":[{\"@type\":\"ReadAction\",\"target\":[\"https:\/\/www.alantraleasing.com\/fr\/product\/hotels-modulaires\/\"]}]},{\"@type\":\"ImageObject\",\"inLanguage\":\"fr-FR\",\"@id\":\"https:\/\/www.alantraleasing.com\/fr\/product\/hotels-modulaires\/#primaryimage\",\"url\":\"https:\/\/www.alantraleasing.com\/wp-content\/uploads\/2025\/08\/Modular-Hotels-display-photo.jpg\",\"contentUrl\":\"https:\/\/www.alantraleasing.com\/wp-content\/uploads\/2025\/08\/Modular-Hotels-display-photo.jpg\",\"width\":2400,\"height\":1600},{\"@type\":\"BreadcrumbList\",\"@id\":\"https:\/\/www.alantraleasing.com\/fr\/product\/hotels-modulaires\/#breadcrumb\",\"itemListElement\":[{\"@type\":\"ListItem\",\"position\":1,\"name\":\"Home\",\"item\":\"https:\/\/www.alantraleasing.com\/fr\/\"},{\"@type\":\"ListItem\",\"position\":2,\"name\":\"H\u00d4TELS MODULAIRES\"}]},{\"@type\":\"WebSite\",\"@id\":\"https:\/\/www.alantraleasing.com\/#website\",\"url\":\"https:\/\/www.alantraleasing.com\/\",\"name\":\"Alantra Leasing Inc.\",\"description\":\"Mobile Office Trailer &amp; Modular Building Specialists\",\"publisher\":{\"@id\":\"https:\/\/www.alantraleasing.com\/#organization\"},\"alternateName\":\"Alantra Leasing\",\"potentialAction\":[{\"@type\":\"SearchAction\",\"target\":{\"@type\":\"EntryPoint\",\"urlTemplate\":\"https:\/\/www.alantraleasing.com\/?s={search_term_string}\"},\"query-input\":{\"@type\":\"PropertyValueSpecification\",\"valueRequired\":true,\"valueName\":\"search_term_string\"}}],\"inLanguage\":\"fr-FR\"},{\"@type\":\"Organization\",\"@id\":\"https:\/\/www.alantraleasing.com\/#organization\",\"name\":\"Alantra Leasing Inc.\",\"alternateName\":\"Alantra Leasing\",\"url\":\"https:\/\/www.alantraleasing.com\/\",\"logo\":{\"@type\":\"ImageObject\",\"inLanguage\":\"fr-FR\",\"@id\":\"https:\/\/www.alantraleasing.com\/#\/schema\/logo\/image\/\",\"url\":\"https:\/\/www.alantraleasing.com\/wp-content\/uploads\/2026\/02\/Alantra.png\",\"contentUrl\":\"https:\/\/www.alantraleasing.com\/wp-content\/uploads\/2026\/02\/Alantra.png\",\"width\":1200,\"height\":1200,\"caption\":\"Alantra Leasing Inc.\"},\"image\":{\"@id\":\"https:\/\/www.alantraleasing.com\/#\/schema\/logo\/image\/\"},\"sameAs\":[\"https:\/\/www.facebook.com\/alantratrailers\/\",\"https:\/\/www.instagram.com\/alantraleasing\/?hl=en\",\"https:\/\/www.linkedin.com\/company\/alantra-leasing-inc-\/\",\"https:\/\/www.youtube.com\/channel\/UC147gZKyzDss4_0nrOOAj6w\"]}]}<\/script>\n<!-- \/ Yoast SEO plugin. -->","yoast_head_json":{"title":"H\u00f4tels modulaires \u00e0 louer et en location","description":"D\u00e9couvrez les h\u00f4tels modulaires pour les complexes touristiques, les sites isol\u00e9s et les h\u00e9bergements temporaires. Des unit\u00e9s durables, flexibles et pr\u00eates \u00e0 louer propos\u00e9es par Alantra.","robots":{"index":"index","follow":"follow","max-snippet":"max-snippet:-1","max-image-preview":"max-image-preview:large","max-video-preview":"max-video-preview:-1"},"canonical":"https:\/\/www.alantraleasing.com\/fr\/product\/hotels-modulaires\/","og_locale":"fr_FR","og_type":"article","og_title":"H\u00f4tels modulaires \u00e0 louer et en location","og_description":"D\u00e9couvrez les h\u00f4tels modulaires pour les complexes touristiques, les sites isol\u00e9s et les h\u00e9bergements temporaires. Des unit\u00e9s durables, flexibles et pr\u00eates \u00e0 louer propos\u00e9es par Alantra.","og_url":"https:\/\/www.alantraleasing.com\/fr\/product\/hotels-modulaires\/","og_site_name":"Alantra","article_publisher":"https:\/\/www.facebook.com\/alantratrailers\/","article_modified_time":"2026-02-26T19:45:12+00:00","og_image":[{"width":2400,"height":1600,"url":"https:\/\/www.alantraleasing.com\/wp-content\/uploads\/2025\/08\/Modular-Hotels-display-photo.jpg","type":"image\/jpeg"}],"twitter_card":"summary_large_image","twitter_misc":{"Dur\u00e9e de lecture estim\u00e9e":"4 minutes"},"schema":{"@context":"https:\/\/schema.org","@graph":[{"@type":"WebPage","@id":"https:\/\/www.alantraleasing.com\/fr\/product\/hotels-modulaires\/","url":"https:\/\/www.alantraleasing.com\/fr\/product\/hotels-modulaires\/","name":"H\u00f4tels modulaires \u00e0 louer et en location","isPartOf":{"@id":"https:\/\/www.alantraleasing.com\/#website"},"primaryImageOfPage":{"@id":"https:\/\/www.alantraleasing.com\/fr\/product\/hotels-modulaires\/#primaryimage"},"image":{"@id":"https:\/\/www.alantraleasing.com\/fr\/product\/hotels-modulaires\/#primaryimage"},"thumbnailUrl":"https:\/\/www.alantraleasing.com\/wp-content\/uploads\/2025\/08\/Modular-Hotels-display-photo.jpg","datePublished":"2025-08-25T23:01:41+00:00","dateModified":"2026-02-26T19:45:12+00:00","description":"D\u00e9couvrez les h\u00f4tels modulaires pour les complexes touristiques, les sites isol\u00e9s et les h\u00e9bergements temporaires. Des unit\u00e9s durables, flexibles et pr\u00eates \u00e0 louer propos\u00e9es par Alantra.","breadcrumb":{"@id":"https:\/\/www.alantraleasing.com\/fr\/product\/hotels-modulaires\/#breadcrumb"},"inLanguage":"fr-FR","potentialAction":[{"@type":"ReadAction","target":["https:\/\/www.alantraleasing.com\/fr\/product\/hotels-modulaires\/"]}]},{"@type":"ImageObject","inLanguage":"fr-FR","@id":"https:\/\/www.alantraleasing.com\/fr\/product\/hotels-modulaires\/#primaryimage","url":"https:\/\/www.alantraleasing.com\/wp-content\/uploads\/2025\/08\/Modular-Hotels-display-photo.jpg","contentUrl":"https:\/\/www.alantraleasing.com\/wp-content\/uploads\/2025\/08\/Modular-Hotels-display-photo.jpg","width":2400,"height":1600},{"@type":"BreadcrumbList","@id":"https:\/\/www.alantraleasing.com\/fr\/product\/hotels-modulaires\/#breadcrumb","itemListElement":[{"@type":"ListItem","position":1,"name":"Home","item":"https:\/\/www.alantraleasing.com\/fr\/"},{"@type":"ListItem","position":2,"name":"H\u00d4TELS MODULAIRES"}]},{"@type":"WebSite","@id":"https:\/\/www.alantraleasing.com\/#website","url":"https:\/\/www.alantraleasing.com\/","name":"Alantra Leasing Inc.","description":"Mobile Office Trailer &amp; Modular Building Specialists","publisher":{"@id":"https:\/\/www.alantraleasing.com\/#organization"},"alternateName":"Alantra Leasing","potentialAction":[{"@type":"SearchAction","target":{"@type":"EntryPoint","urlTemplate":"https:\/\/www.alantraleasing.com\/?s={search_term_string}"},"query-input":{"@type":"PropertyValueSpecification","valueRequired":true,"valueName":"search_term_string"}}],"inLanguage":"fr-FR"},{"@type":"Organization","@id":"https:\/\/www.alantraleasing.com\/#organization","name":"Alantra Leasing Inc.","alternateName":"Alantra Leasing","url":"https:\/\/www.alantraleasing.com\/","logo":{"@type":"ImageObject","inLanguage":"fr-FR","@id":"https:\/\/www.alantraleasing.com\/#\/schema\/logo\/image\/","url":"https:\/\/www.alantraleasing.com\/wp-content\/uploads\/2026\/02\/Alantra.png","contentUrl":"https:\/\/www.alantraleasing.com\/wp-content\/uploads\/2026\/02\/Alantra.png","width":1200,"height":1200,"caption":"Alantra Leasing Inc."},"image":{"@id":"https:\/\/www.alantraleasing.com\/#\/schema\/logo\/image\/"},"sameAs":["https:\/\/www.facebook.com\/alantratrailers\/","https:\/\/www.instagram.com\/alantraleasing\/?hl=en","https:\/\/www.linkedin.com\/company\/alantra-leasing-inc-\/","https:\/\/www.youtube.com\/channel\/UC147gZKyzDss4_0nrOOAj6w"]}]}},"_links":{"self":[{"href":"https:\/\/www.alantraleasing.com\/fr\/wp-json\/wp\/v2\/product\/1541","targetHints":{"allow":["GET"]}}],"collection":[{"href":"https:\/\/www.alantraleasing.com\/fr\/wp-json\/wp\/v2\/product"}],"about":[{"href":"https:\/\/www.alantraleasing.com\/fr\/wp-json\/wp\/v2\/types\/product"}],"wp:featuredmedia":[{"embeddable":true,"href":"https:\/\/www.alantraleasing.com\/fr\/wp-json\/wp\/v2\/media\/2102"}],"wp:attachment":[{"href":"https:\/\/www.alantraleasing.com\/fr\/wp-json\/wp\/v2\/media?parent=1541"}],"wp:term":[{"taxonomy":"product-category","embeddable":true,"href":"https:\/\/www.alantraleasing.com\/fr\/wp-json\/wp\/v2\/product-category?post=1541"}],"curies":[{"name":"wp","href":"https:\/\/api.w.org\/{rel}","templated":true}]}}