{"id":1540,"date":"2025-08-22T15:34:24","date_gmt":"2025-08-22T18:34:24","guid":{"rendered":"https:\/\/www.alantraleasing.com\/product\/office-and-lunchroom-trailers\/"},"modified":"2026-03-25T15:54:39","modified_gmt":"2026-03-25T18:54:39","slug":"roulotte-de-bureau-et-de-salle-a-manger","status":"publish","type":"product","link":"https:\/\/www.alantraleasing.com\/fr\/product\/roulotte-de-bureau-et-de-salle-a-manger\/","title":{"rendered":"ROULOTTE DE BUREAU ET DE SALLE \u00c0 MANGER"},"content":{"rendered":"\r\n<h2><\/h2>\r\n<h2>ROULOTTE DE BUREAU ET DE SALLE \u00c0 MANGER<\/h2>\r\n<p>Choisissez parmi notre vaste gamme de roulottes mobiles de diff\u00e9rentes tailles ou personnalisez une unit\u00e9 avec notre \u00e9quipe de conception d\u00e8s aujourd&rsquo;hui. Nous proposons une grande vari\u00e9t\u00e9 de roulottes de bureau ou de chantier, allant des roulottes de bureau mobiles simples aux grands complexes modulaires. Nous disposons d&rsquo;un parc croissant d&rsquo;espaces de bureau temporaires pour r\u00e9pondre \u00e0 vos besoins.<\/p>\r\n<p>Si nous ne l&rsquo;avons pas, nous le construirons ! Si vous recherchez une solution de bureau mobile personnalis\u00e9e pour r\u00e9pondre \u00e0 vos exigences et sp\u00e9cifications, nous pouvons \u00e9galement vous la fournir. Nos roulottes de bureau mobiles vous offrent, \u00e0 vous et \u00e0 votre \u00e9quipe, une fonctionnalit\u00e9, un confort et une qualit\u00e9 sup\u00e9rieurs, quand et o\u00f9 vous en avez besoin.<\/p>\r\n<p>En tant que sp\u00e9cialiste des roulottes de bureau mobiles et des b\u00e2timents modulaires pour tous les espaces temporaires, Alantra Leasing Inc. vous offre un service, une conception, une logistique et des produits de qualit\u00e9 sup\u00e9rieure pour tous vos besoins en mati\u00e8re de location de roulottes de bureau. Notre \u00e9quipe de sp\u00e9cialistes se fera un plaisir de vous aider d\u00e8s aujourd&rsquo;hui pour la location ou l&rsquo;achat de votre bureau mobile.<\/p>\r\n<!-- Top Main Slider -->\r\n<p><img decoding=\"async\" src=\"https:\/\/www.alantraleasing.com\/wp-content\/uploads\/2025\/08\/1-1-scaled.jpg\" alt=\"Product Image\" \/> <img decoding=\"async\" src=\"https:\/\/www.alantraleasing.com\/wp-content\/uploads\/2025\/08\/2-1-scaled.jpg\" alt=\"Product Image\" \/> <img decoding=\"async\" src=\"https:\/\/www.alantraleasing.com\/wp-content\/uploads\/2025\/08\/3-1-scaled.jpg\" alt=\"Product Image\" \/> <img decoding=\"async\" src=\"https:\/\/www.alantraleasing.com\/wp-content\/uploads\/2025\/08\/4-1-scaled.jpg\" alt=\"Product Image\" \/> <img decoding=\"async\" src=\"https:\/\/www.alantraleasing.com\/wp-content\/uploads\/2025\/08\/5-1-scaled.jpg\" alt=\"Product Image\" \/> <img decoding=\"async\" src=\"https:\/\/www.alantraleasing.com\/wp-content\/uploads\/2025\/08\/6-1-scaled.jpg\" alt=\"Product Image\" \/> <img decoding=\"async\" src=\"https:\/\/www.alantraleasing.com\/wp-content\/uploads\/2025\/08\/7-1-scaled.jpg\" alt=\"Product Image\" \/> <img decoding=\"async\" src=\"https:\/\/www.alantraleasing.com\/wp-content\/uploads\/2025\/08\/8-1-scaled.jpg\" alt=\"Product Image\" \/><\/p>\r\n<h3>CON\u00c7U POUR TOUS LES BESOINS<\/h3>\r\n<p>Achetez, louez ou louez avec option d&rsquo;achat parmi notre inventaire, ou demandez une unit\u00e9 adapt\u00e9e ou con\u00e7ue sur mesure.<\/p>\r\n<p><img decoding=\"async\" src=\"https:\/\/www.alantraleasing.com\/wp-content\/uploads\/2025\/08\/1-1-scaled.jpg\" alt=\"Product Image\" \/> <img decoding=\"async\" src=\"https:\/\/www.alantraleasing.com\/wp-content\/uploads\/2025\/08\/2-1-scaled.jpg\" alt=\"Product Image\" \/> <img decoding=\"async\" src=\"https:\/\/www.alantraleasing.com\/wp-content\/uploads\/2025\/08\/3-1-scaled.jpg\" alt=\"Product Image\" \/> <img decoding=\"async\" src=\"https:\/\/www.alantraleasing.com\/wp-content\/uploads\/2025\/08\/4-1-scaled.jpg\" alt=\"Product Image\" \/> <img decoding=\"async\" src=\"https:\/\/www.alantraleasing.com\/wp-content\/uploads\/2025\/08\/5-1-scaled.jpg\" alt=\"Product Image\" \/> <img decoding=\"async\" src=\"https:\/\/www.alantraleasing.com\/wp-content\/uploads\/2025\/08\/6-1-scaled.jpg\" alt=\"Product Image\" \/> <img decoding=\"async\" src=\"https:\/\/www.alantraleasing.com\/wp-content\/uploads\/2025\/08\/7-1-scaled.jpg\" alt=\"Product Image\" \/> <img decoding=\"async\" src=\"https:\/\/www.alantraleasing.com\/wp-content\/uploads\/2025\/08\/8-1-scaled.jpg\" alt=\"Product Image\" \/> <style>\r\n  .product-slider {\r\n    border: 6px solid #2A3071;\r\n    border-radius: 15px;\r\n    position: relative;\r\n    overflow: hidden;\r\n}\r\n.product-slider img {\r\n    height: 450px;\r\n    object-fit: cover;\r\n    width: 100%;\r\n    display: block;\r\n}\r\n.slick-arrow {\r\n    position: absolute !important;\r\n    z-index: 9;\r\n    top: 35%;\r\n    background-color: transparent !important;\r\n    border: none !important;\r\n    font-size: 0;\r\n    background-image: url(https:\/\/www.alantraleasing.com\/wp-content\/uploads\/2025\/07\/Path-12.svg);\r\n    width: 77px;\r\n    height: 151px;\r\n    background-repeat: no-repeat;\r\n    padding: 0;\r\n    background-position: center;\r\n}\r\nbutton.slick-next.slick-arrow {\r\n    right: 0;\r\n     background-image: url(https:\/\/www.alantraleasing.com\/wp-content\/uploads\/2025\/07\/Path-13.svg);\r\n}\r\n.product-slider-nav {\r\n    margin-top: 34px;\r\n}\r\n.product-slide-nav img {\r\n    border: 6px solid;\r\n    height: 126px;\r\n    border-radius: 3px;\r\n    width: 100%;\r\n}\r\n.product-slide-nav {\r\n    padding: 0 9px;\r\n}\r\n.product-slider-wrap-nav {\r\n    margin: 0 -8px;\r\n}\r\n.product-slider-wrap {\r\n    position: relative;\r\n}\r\n.sale_info {\r\n    position: absolute;\r\n    bottom: 25px;\r\n    max-width: 388px;\r\n    background: #0B939C;\r\n    width: 100%;\r\n    color: #fff;\r\n    border-radius: 17px;\r\n    text-align: center;\r\n    left: -31px;\r\n    padding: 8px 40px;\r\n}\r\n.sale_info h3 {\r\n    margin: 0 0 2px;\r\n    font: normal normal 800 35px \/ 27px futura-pt-condensed;\r\n    letter-spacing: 0px;\r\n    color: #FFFFFF;\r\n    text-transform: uppercase;\r\n}\r\n.sale_info p {\r\n    margin: 0;\r\n    font-size: 14px;\r\n    line-height: 17px;\r\n}\r\n.product-slide, .product-slide-nav{\r\n  display: none;\r\n}\r\n.slick-initialized .slick-slide {\r\n    display: block;\r\n}\r\n@media(max-width:800px){\r\n  .slick-arrow {\r\n    background-size: contain;\r\n    height: 58px;\r\n    font-size: 0 !important;\r\n    width: 34px;\r\n}\r\n.sale_info h3 {\r\n    font: normal normal 800 22px \/ 23px futura-pt-condensed;\r\n}\r\n.sale_info {\r\n    bottom: -26px;\r\n    max-width: 388px;\r\n    left: -12px;\r\n    padding: 8px 11px;\r\n}\r\n.product-slider-wrap-nav {\r\n    display: none;\r\n}\r\n.product-slider img {\r\n    height: 320px;\r\n}\r\n.fl-col-group.fl-node-yjrbnw9kxcz3.fl-col-group-equal-height.fl-col-group-align-center.fl-col-group-custom-width {\r\n    display: block !important;\r\n}\r\n}\r\n<\/style><\/p>\r\n<h2>Si nous ne l&rsquo;avons pas, nous le construirons !<\/h2>\r\n<p>Alantra Leasing propose une des inventaires de roulottes de bureau les plus diversifi\u00e9s et les plus complets dans l&rsquo;est du Canada. Les roulottes de bureau et de salle \u00e0 manger haut de gamme d&rsquo;Alantra continuent d&rsquo;offrir une gamme de tailles et d&rsquo;am\u00e9nagements flexibles con\u00e7us pour vous. Vos roulottes de chantier arriveront o\u00f9 et quand vous en aurez besoin, en parfait \u00e9tat et \u00e9quip\u00e9es des fonctionnalit\u00e9s standard, panneaux de communication et \u00e9lectriques, barres de s\u00e9curit\u00e9 aux fen\u00eatres, \u00e9clairage de s\u00e9curit\u00e9 et tables \u00e0 dessin. Du mobilier suppl\u00e9mentaire, des appareils \u00e9lectrom\u00e9nagers et bien d&rsquo;autres \u00e9quipements sont disponibles \u00e0 la location.<\/p>\r\n<h2>Caract\u00e9ristiques<\/h2>\r\n<ul>\r\n<li>Chauffage \u00e9lectrique<\/li>\r\n<li>Panneau de communication<\/li>\r\n<li>Climatisation<\/li>\r\n<li>M\u00e2t \u00e9lectrique<\/li>\r\n<li>Crochets \u00e0 v\u00eatements<\/li>\r\n<li>Tableaux d&rsquo;affichage<\/li>\r\n<li>Sortie\/\u00e9clairage de secours<\/li>\r\n<\/ul>\r\n<h2>Caract\u00e9ristiques optionelles<\/h2>\r\n<ul>\r\n<li aria-level=\"1\">Chaises pliantes<\/li>\r\n<li aria-level=\"1\">Tables pliantes (1,8 m)<\/li>\r\n<li aria-level=\"1\">R\u00e9frig\u00e9rateurs<\/li>\r\n<li aria-level=\"1\">Micro-ondes<\/li>\r\n<li>Bureaux (bois, 1,5 m, avec tiroirs)<\/li>\r\n<\/ul>\r\n<p><img decoding=\"async\" title=\"3\" src=\"https:\/\/www.alantraleasing.com\/wp-content\/uploads\/2025\/08\/3-e1756403391304.webp\" alt=\"3\" \/> <img loading=\"lazy\" decoding=\"async\" title=\"Lunchroom Trailers - 1\" src=\"https:\/\/www.alantraleasing.com\/wp-content\/uploads\/2025\/08\/Lunchroom-Trailers-1-1-scaled.jpg\" alt=\"Lunchroom Trailers - 1\" width=\"2560\" height=\"1707\" \/><\/p>\r\n<h2>Options de conception et de taille<\/h2>\r\n<p>Veuillez cliquer sur les dimensions pour voir le design de la roulotte. Les options de design disponibles peuvent \u00eatre personnalis\u00e9es pour r\u00e9pondre \u00e0 vos besoins.<\/p>\r\n<ul>\r\n<li><a href=\"https:\/\/www.alantraleasing.com\/wp-content\/uploads\/2025\/08\/20x10_-_Open.pdf\">20&#215;10 &#8211; roulotte avec bureau ouvert<\/a><\/li>\r\n<li><a href=\"https:\/\/www.alantraleasing.com\/wp-content\/uploads\/2025\/08\/30x10_-_2_Offices.pdf\" target=\"_blank\" rel=\"noopener\">30&#215;10 &#8211; roulotte avec 2 bureaux <\/a><\/li>\r\n<li><a href=\"https:\/\/www.alantraleasing.com\/wp-content\/uploads\/2025\/08\/30x10_-_Open.pdf\" target=\"_blank\" rel=\"noopener\">30&#215;10 &#8211; roulotte avec bureau ouvert<\/a><\/li>\r\n<li><a href=\"https:\/\/www.alantraleasing.com\/wp-content\/uploads\/2025\/08\/40x10_-_3_Offices_with_Half_Bath.pdf\" target=\"_blank\" rel=\"noopener\">40&#215;10\u00a0&#8211; roulotte avec 3 bureaux et une salle d&rsquo;eau<\/a><\/li>\r\n<li><a href=\"https:\/\/www.alantraleasing.com\/wp-content\/uploads\/2025\/08\/40x10_-_3_Offices.pdf\" target=\"_blank\" rel=\"noopener\">40&#215;10 &#8211; roulotte avec 3 bureaux<\/a><\/li>\r\n<li><a href=\"https:\/\/www.alantraleasing.com\/wp-content\/uploads\/2025\/11\/al19-1421n.pdf\" target=\"_blank\" rel=\"noopener\">40&#215;10 &#8211; roulotte avec 2 bureaux<\/a><\/li>\r\n<li><a href=\"https:\/\/www.alantraleasing.com\/wp-content\/uploads\/2025\/08\/40x10_-_Open.pdf\" target=\"_blank\" rel=\"noopener\">40&#215;10 &#8211; roulotte avec bureau ouvert<\/a><\/li>\r\n<li><a href=\"https:\/\/www.alantraleasing.com\/wp-content\/uploads\/2025\/11\/11-x-40-2-office-self-contained-half-bath-no-roof-top-ac.pdf\" target=\"_blank\" rel=\"noopener\">40 x 11 &#8211; roulotte avec 2 bureaux et salle de bain ind\u00e9pendante<\/a><\/li>\r\n<li><a href=\"https:\/\/www.alantraleasing.com\/wp-content\/uploads\/2026\/01\/al19-1421n.pdf\" target=\"_blank\" rel=\"noopener\">40&#215;12 &#8211; roulotte avec 2 bureaux <\/a><\/li>\r\n<li><a href=\"https:\/\/www.alantraleasing.com\/wp-content\/uploads\/2026\/01\/40X12-OPEN-FEATURE-SHEET.pdf\" target=\"_blank\" rel=\"noopener\">40&#215;12 &#8211; roulotte avec bureau ouvert<\/a><\/li>\r\n<li><a href=\"https:\/\/www.alantraleasing.com\/wp-content\/uploads\/2025\/08\/al19-1475n.pdf\" target=\"_blank\" rel=\"noopener\">40&#215;12 &#8211; roulotte avec 3 bureaux ouvert<\/a><\/li>\r\n<\/ul>\r\n<ul>\r\n<li><a href=\"https:\/\/www.alantraleasing.com\/wp-content\/uploads\/2025\/08\/50x12_-_2_Offices.pdf\" target=\"_blank\" rel=\"noopener\">50&#215;12 &#8211; roulotte avec 2 bureaux<\/a><\/li>\r\n<li><a href=\"https:\/\/www.alantraleasing.com\/wp-content\/uploads\/2025\/08\/50x12_-_3_Offices.pdf\" target=\"_blank\" rel=\"noopener\">50&#215;12 &#8211; roulotte avec 3 bureaux<\/a><\/li>\r\n<li><a href=\"https:\/\/www.alantraleasing.com\/wp-content\/uploads\/2025\/08\/50x12_-_Open.pdf\" target=\"_blank\" rel=\"noopener\">50&#215;12 &#8211; roulotte avec bureau ouvert<\/a><\/li>\r\n<li><a href=\"https:\/\/www.alantraleasing.com\/wp-content\/uploads\/2025\/11\/11-x-60-self-contained-half-bath-no-roof-top-ac.pdf\" target=\"_blank\" rel=\"noopener\">60 x 11 &#8211; roulotte avec 3 Bureau et salle de bain ind\u00e9pendante<\/a><\/li>\r\n<li><a href=\"https:\/\/www.alantraleasing.com\/wp-content\/uploads\/2025\/08\/60x12_-_2_Offices.pdf\" target=\"_blank\" rel=\"noopener\">60&#215;12 &#8211; roulott avec 2 bureaux<\/a><\/li>\r\n<li><a href=\"https:\/\/www.alantraleasing.com\/wp-content\/uploads\/2025\/08\/60x12_-_3_Offices_with_Half_Bath___kitchenette.pdf\" target=\"_blank\" rel=\"noopener\">60&#215;12 &#8211; roulotte avec 3 bureaux, demi-salle de bain et cuisinette<\/a><\/li>\r\n<li><a href=\"https:\/\/www.alantraleasing.com\/wp-content\/uploads\/2025\/08\/60x12_-_3_Offices.pdf\" target=\"_blank\" rel=\"noopener\">60&#215;12 &#8211; roulotte avec 3 bureaux<\/a><\/li>\r\n<li><a href=\"https:\/\/www.alantraleasing.com\/wp-content\/uploads\/2025\/08\/60x12_-_Open.pdf\" target=\"_blank\" rel=\"noopener\">60&#215;12 -roulotte avec bureau ouvert<\/a><\/li>\r\n<li><a href=\"https:\/\/www.alantraleasing.com\/wp-content\/uploads\/2025\/08\/60x12_with_5_offices.pdf\" target=\"_blank\" rel=\"noopener\">60&#215;12 &#8211; roulotte avec 5 bureaux<\/a><\/li>\r\n<\/ul>\r\n","protected":false},"featured_media":924,"template":"","meta":{"_acf_changed":false},"product-category":[41],"class_list":["post-1540","product","type-product","status-publish","has-post-thumbnail","hentry","product-category-roulotte-de-chantier-fr"],"acf":[],"yoast_head":"<!-- This site is optimized with the Yoast SEO plugin v27.2 - https:\/\/yoast.com\/product\/yoast-seo-wordpress\/ -->\n<title>Roulotte pour bureaux et salles \u00e0 manger<\/title>\n<meta name=\"description\" content=\"Louez ou personnalisez des roulettes de bureau et de salle \u00e0 manger avec Alantra Leasing. Nous fournissons des espaces mobiles flexibles, confortables et de haute qualit\u00e9.\" \/>\n<meta name=\"robots\" content=\"index, follow, max-snippet:-1, max-image-preview:large, max-video-preview:-1\" \/>\n<link rel=\"canonical\" href=\"https:\/\/www.alantraleasing.com\/fr\/product\/roulotte-de-bureau-et-de-salle-a-manger\/\" \/>\n<meta property=\"og:locale\" content=\"fr_FR\" \/>\n<meta property=\"og:type\" content=\"article\" \/>\n<meta property=\"og:title\" content=\"Roulotte pour bureaux et salles \u00e0 manger\" \/>\n<meta property=\"og:description\" content=\"Louez ou personnalisez des roulettes de bureau et de salle \u00e0 manger avec Alantra Leasing. Nous fournissons des espaces mobiles flexibles, confortables et de haute qualit\u00e9.\" \/>\n<meta property=\"og:url\" content=\"https:\/\/www.alantraleasing.com\/fr\/product\/roulotte-de-bureau-et-de-salle-a-manger\/\" \/>\n<meta property=\"og:site_name\" content=\"Alantra\" \/>\n<meta property=\"article:publisher\" content=\"https:\/\/www.facebook.com\/alantratrailers\/\" \/>\n<meta property=\"article:modified_time\" content=\"2026-03-25T18:54:39+00:00\" \/>\n<meta property=\"og:image\" content=\"https:\/\/www.alantraleasing.com\/wp-content\/uploads\/2025\/08\/Lunchroom-Trailers-1-scaled.jpg\" \/>\n\t<meta property=\"og:image:width\" content=\"2560\" \/>\n\t<meta property=\"og:image:height\" content=\"1707\" \/>\n\t<meta property=\"og:image:type\" content=\"image\/jpeg\" \/>\n<meta name=\"twitter:card\" content=\"summary_large_image\" \/>\n<meta name=\"twitter:label1\" content=\"Dur\u00e9e de lecture estim\u00e9e\" \/>\n\t<meta name=\"twitter:data1\" content=\"6 minutes\" \/>\n<script type=\"application\/ld+json\" class=\"yoast-schema-graph\">{\"@context\":\"https:\/\/schema.org\",\"@graph\":[{\"@type\":\"WebPage\",\"@id\":\"https:\/\/www.alantraleasing.com\/fr\/product\/roulotte-de-bureau-et-de-salle-a-manger\/\",\"url\":\"https:\/\/www.alantraleasing.com\/fr\/product\/roulotte-de-bureau-et-de-salle-a-manger\/\",\"name\":\"Roulotte pour bureaux et salles \u00e0 manger\",\"isPartOf\":{\"@id\":\"https:\/\/www.alantraleasing.com\/#website\"},\"primaryImageOfPage\":{\"@id\":\"https:\/\/www.alantraleasing.com\/fr\/product\/roulotte-de-bureau-et-de-salle-a-manger\/#primaryimage\"},\"image\":{\"@id\":\"https:\/\/www.alantraleasing.com\/fr\/product\/roulotte-de-bureau-et-de-salle-a-manger\/#primaryimage\"},\"thumbnailUrl\":\"https:\/\/www.alantraleasing.com\/wp-content\/uploads\/2025\/08\/Lunchroom-Trailers-1-scaled.jpg\",\"datePublished\":\"2025-08-22T18:34:24+00:00\",\"dateModified\":\"2026-03-25T18:54:39+00:00\",\"description\":\"Louez ou personnalisez des roulettes de bureau et de salle \u00e0 manger avec Alantra Leasing. Nous fournissons des espaces mobiles flexibles, confortables et de haute qualit\u00e9.\",\"breadcrumb\":{\"@id\":\"https:\/\/www.alantraleasing.com\/fr\/product\/roulotte-de-bureau-et-de-salle-a-manger\/#breadcrumb\"},\"inLanguage\":\"fr-FR\",\"potentialAction\":[{\"@type\":\"ReadAction\",\"target\":[\"https:\/\/www.alantraleasing.com\/fr\/product\/roulotte-de-bureau-et-de-salle-a-manger\/\"]}]},{\"@type\":\"ImageObject\",\"inLanguage\":\"fr-FR\",\"@id\":\"https:\/\/www.alantraleasing.com\/fr\/product\/roulotte-de-bureau-et-de-salle-a-manger\/#primaryimage\",\"url\":\"https:\/\/www.alantraleasing.com\/wp-content\/uploads\/2025\/08\/Lunchroom-Trailers-1-scaled.jpg\",\"contentUrl\":\"https:\/\/www.alantraleasing.com\/wp-content\/uploads\/2025\/08\/Lunchroom-Trailers-1-scaled.jpg\",\"width\":2560,\"height\":1707,\"caption\":\"Lunchroom-Trailers\"},{\"@type\":\"BreadcrumbList\",\"@id\":\"https:\/\/www.alantraleasing.com\/fr\/product\/roulotte-de-bureau-et-de-salle-a-manger\/#breadcrumb\",\"itemListElement\":[{\"@type\":\"ListItem\",\"position\":1,\"name\":\"Home\",\"item\":\"https:\/\/www.alantraleasing.com\/fr\/\"},{\"@type\":\"ListItem\",\"position\":2,\"name\":\"ROULOTTE DE BUREAU ET DE SALLE \u00c0 MANGER\"}]},{\"@type\":\"WebSite\",\"@id\":\"https:\/\/www.alantraleasing.com\/#website\",\"url\":\"https:\/\/www.alantraleasing.com\/\",\"name\":\"Alantra Leasing Inc.\",\"description\":\"Mobile Office Trailer &amp; Modular Building Specialists\",\"publisher\":{\"@id\":\"https:\/\/www.alantraleasing.com\/#organization\"},\"alternateName\":\"Alantra Leasing\",\"potentialAction\":[{\"@type\":\"SearchAction\",\"target\":{\"@type\":\"EntryPoint\",\"urlTemplate\":\"https:\/\/www.alantraleasing.com\/?s={search_term_string}\"},\"query-input\":{\"@type\":\"PropertyValueSpecification\",\"valueRequired\":true,\"valueName\":\"search_term_string\"}}],\"inLanguage\":\"fr-FR\"},{\"@type\":\"Organization\",\"@id\":\"https:\/\/www.alantraleasing.com\/#organization\",\"name\":\"Alantra Leasing Inc.\",\"alternateName\":\"Alantra Leasing\",\"url\":\"https:\/\/www.alantraleasing.com\/\",\"logo\":{\"@type\":\"ImageObject\",\"inLanguage\":\"fr-FR\",\"@id\":\"https:\/\/www.alantraleasing.com\/#\/schema\/logo\/image\/\",\"url\":\"https:\/\/www.alantraleasing.com\/wp-content\/uploads\/2026\/02\/Alantra.png\",\"contentUrl\":\"https:\/\/www.alantraleasing.com\/wp-content\/uploads\/2026\/02\/Alantra.png\",\"width\":1200,\"height\":1200,\"caption\":\"Alantra Leasing Inc.\"},\"image\":{\"@id\":\"https:\/\/www.alantraleasing.com\/#\/schema\/logo\/image\/\"},\"sameAs\":[\"https:\/\/www.facebook.com\/alantratrailers\/\",\"https:\/\/www.instagram.com\/alantraleasing\/?hl=en\",\"https:\/\/www.linkedin.com\/company\/alantra-leasing-inc-\/\",\"https:\/\/www.youtube.com\/channel\/UC147gZKyzDss4_0nrOOAj6w\"]}]}<\/script>\n<!-- \/ Yoast SEO plugin. -->","yoast_head_json":{"title":"Roulotte pour bureaux et salles \u00e0 manger","description":"Louez ou personnalisez des roulettes de bureau et de salle \u00e0 manger avec Alantra Leasing. Nous fournissons des espaces mobiles flexibles, confortables et de haute qualit\u00e9.","robots":{"index":"index","follow":"follow","max-snippet":"max-snippet:-1","max-image-preview":"max-image-preview:large","max-video-preview":"max-video-preview:-1"},"canonical":"https:\/\/www.alantraleasing.com\/fr\/product\/roulotte-de-bureau-et-de-salle-a-manger\/","og_locale":"fr_FR","og_type":"article","og_title":"Roulotte pour bureaux et salles \u00e0 manger","og_description":"Louez ou personnalisez des roulettes de bureau et de salle \u00e0 manger avec Alantra Leasing. Nous fournissons des espaces mobiles flexibles, confortables et de haute qualit\u00e9.","og_url":"https:\/\/www.alantraleasing.com\/fr\/product\/roulotte-de-bureau-et-de-salle-a-manger\/","og_site_name":"Alantra","article_publisher":"https:\/\/www.facebook.com\/alantratrailers\/","article_modified_time":"2026-03-25T18:54:39+00:00","og_image":[{"width":2560,"height":1707,"url":"https:\/\/www.alantraleasing.com\/wp-content\/uploads\/2025\/08\/Lunchroom-Trailers-1-scaled.jpg","type":"image\/jpeg"}],"twitter_card":"summary_large_image","twitter_misc":{"Dur\u00e9e de lecture estim\u00e9e":"6 minutes"},"schema":{"@context":"https:\/\/schema.org","@graph":[{"@type":"WebPage","@id":"https:\/\/www.alantraleasing.com\/fr\/product\/roulotte-de-bureau-et-de-salle-a-manger\/","url":"https:\/\/www.alantraleasing.com\/fr\/product\/roulotte-de-bureau-et-de-salle-a-manger\/","name":"Roulotte pour bureaux et salles \u00e0 manger","isPartOf":{"@id":"https:\/\/www.alantraleasing.com\/#website"},"primaryImageOfPage":{"@id":"https:\/\/www.alantraleasing.com\/fr\/product\/roulotte-de-bureau-et-de-salle-a-manger\/#primaryimage"},"image":{"@id":"https:\/\/www.alantraleasing.com\/fr\/product\/roulotte-de-bureau-et-de-salle-a-manger\/#primaryimage"},"thumbnailUrl":"https:\/\/www.alantraleasing.com\/wp-content\/uploads\/2025\/08\/Lunchroom-Trailers-1-scaled.jpg","datePublished":"2025-08-22T18:34:24+00:00","dateModified":"2026-03-25T18:54:39+00:00","description":"Louez ou personnalisez des roulettes de bureau et de salle \u00e0 manger avec Alantra Leasing. Nous fournissons des espaces mobiles flexibles, confortables et de haute qualit\u00e9.","breadcrumb":{"@id":"https:\/\/www.alantraleasing.com\/fr\/product\/roulotte-de-bureau-et-de-salle-a-manger\/#breadcrumb"},"inLanguage":"fr-FR","potentialAction":[{"@type":"ReadAction","target":["https:\/\/www.alantraleasing.com\/fr\/product\/roulotte-de-bureau-et-de-salle-a-manger\/"]}]},{"@type":"ImageObject","inLanguage":"fr-FR","@id":"https:\/\/www.alantraleasing.com\/fr\/product\/roulotte-de-bureau-et-de-salle-a-manger\/#primaryimage","url":"https:\/\/www.alantraleasing.com\/wp-content\/uploads\/2025\/08\/Lunchroom-Trailers-1-scaled.jpg","contentUrl":"https:\/\/www.alantraleasing.com\/wp-content\/uploads\/2025\/08\/Lunchroom-Trailers-1-scaled.jpg","width":2560,"height":1707,"caption":"Lunchroom-Trailers"},{"@type":"BreadcrumbList","@id":"https:\/\/www.alantraleasing.com\/fr\/product\/roulotte-de-bureau-et-de-salle-a-manger\/#breadcrumb","itemListElement":[{"@type":"ListItem","position":1,"name":"Home","item":"https:\/\/www.alantraleasing.com\/fr\/"},{"@type":"ListItem","position":2,"name":"ROULOTTE DE BUREAU ET DE SALLE \u00c0 MANGER"}]},{"@type":"WebSite","@id":"https:\/\/www.alantraleasing.com\/#website","url":"https:\/\/www.alantraleasing.com\/","name":"Alantra Leasing Inc.","description":"Mobile Office Trailer &amp; Modular Building Specialists","publisher":{"@id":"https:\/\/www.alantraleasing.com\/#organization"},"alternateName":"Alantra Leasing","potentialAction":[{"@type":"SearchAction","target":{"@type":"EntryPoint","urlTemplate":"https:\/\/www.alantraleasing.com\/?s={search_term_string}"},"query-input":{"@type":"PropertyValueSpecification","valueRequired":true,"valueName":"search_term_string"}}],"inLanguage":"fr-FR"},{"@type":"Organization","@id":"https:\/\/www.alantraleasing.com\/#organization","name":"Alantra Leasing Inc.","alternateName":"Alantra Leasing","url":"https:\/\/www.alantraleasing.com\/","logo":{"@type":"ImageObject","inLanguage":"fr-FR","@id":"https:\/\/www.alantraleasing.com\/#\/schema\/logo\/image\/","url":"https:\/\/www.alantraleasing.com\/wp-content\/uploads\/2026\/02\/Alantra.png","contentUrl":"https:\/\/www.alantraleasing.com\/wp-content\/uploads\/2026\/02\/Alantra.png","width":1200,"height":1200,"caption":"Alantra Leasing Inc."},"image":{"@id":"https:\/\/www.alantraleasing.com\/#\/schema\/logo\/image\/"},"sameAs":["https:\/\/www.facebook.com\/alantratrailers\/","https:\/\/www.instagram.com\/alantraleasing\/?hl=en","https:\/\/www.linkedin.com\/company\/alantra-leasing-inc-\/","https:\/\/www.youtube.com\/channel\/UC147gZKyzDss4_0nrOOAj6w"]}]}},"_links":{"self":[{"href":"https:\/\/www.alantraleasing.com\/fr\/wp-json\/wp\/v2\/product\/1540","targetHints":{"allow":["GET"]}}],"collection":[{"href":"https:\/\/www.alantraleasing.com\/fr\/wp-json\/wp\/v2\/product"}],"about":[{"href":"https:\/\/www.alantraleasing.com\/fr\/wp-json\/wp\/v2\/types\/product"}],"wp:featuredmedia":[{"embeddable":true,"href":"https:\/\/www.alantraleasing.com\/fr\/wp-json\/wp\/v2\/media\/924"}],"wp:attachment":[{"href":"https:\/\/www.alantraleasing.com\/fr\/wp-json\/wp\/v2\/media?parent=1540"}],"wp:term":[{"taxonomy":"product-category","embeddable":true,"href":"https:\/\/www.alantraleasing.com\/fr\/wp-json\/wp\/v2\/product-category?post=1540"}],"curies":[{"name":"wp","href":"https:\/\/api.w.org\/{rel}","templated":true}]}}