{"id":1537,"date":"2025-08-25T15:49:40","date_gmt":"2025-08-25T18:49:40","guid":{"rendered":"https:\/\/www.alantraleasing.com\/product\/locker-room-trailers\/"},"modified":"2026-03-13T10:44:22","modified_gmt":"2026-03-13T13:44:22","slug":"roulette-pour-vestiaires","status":"publish","type":"product","link":"https:\/\/www.alantraleasing.com\/fr\/product\/roulette-pour-vestiaires\/","title":{"rendered":"ROULETTE POUR VESTIAIRES"},"content":{"rendered":"\r\n<h2><\/h2>\r\n<h2>ROULETTE POUR VESTIAIRES<\/h2>\r\n<p>Con\u00e7u pour la qualit\u00e9, nos roulottes avec casiers offrent un espace g\u00e9n\u00e9reux \u00e0 vos employ\u00e9s. Elles sont id\u00e9ales pour tous les chantiers de construction ou projets temporaires. Offrez \u00e0 votre personnel des roulottes de chantier con\u00e7ues en interne et fabriqu\u00e9es dans notre usine soumise \u00e0 un contr\u00f4le qualit\u00e9 rigoureux.<\/p>\r\n<p>Nous comprenons que chaque chantier est unique, c&rsquo;est pourquoi nous proposons des solutions personnalis\u00e9es qui r\u00e9pondent \u00e0 vos besoins. Choisissez parmi notre gamme de tailles ou personnalisez votre roulottes afin d&rsquo;y inclure des casiers adapt\u00e9s \u00e0 vos besoins sp\u00e9cifiques.<\/p>\r\n<p>Profitez de la commodit\u00e9 de nos services de livraison et de ramassage. Contactez-nous au 1-800-456-1800 ou demandez un devis en ligne pour obtenir des solutions personnalis\u00e9es.<\/p>\r\n<!-- Top Main Slider -->\r\n<p><img decoding=\"async\" src=\"https:\/\/www.alantraleasing.com\/wp-content\/uploads\/2025\/08\/1-5.jpg\" alt=\"Product Image\" \/> <img decoding=\"async\" src=\"https:\/\/www.alantraleasing.com\/wp-content\/uploads\/2025\/08\/2-5-scaled-e1770853549421.jpg\" alt=\"Product Image\" \/> <img decoding=\"async\" src=\"https:\/\/www.alantraleasing.com\/wp-content\/uploads\/2025\/08\/3-3.jpg\" alt=\"Product Image\" \/> <img decoding=\"async\" src=\"https:\/\/www.alantraleasing.com\/wp-content\/uploads\/2025\/08\/4-3-scaled.jpg\" alt=\"Product Image\" \/> <img decoding=\"async\" src=\"https:\/\/www.alantraleasing.com\/wp-content\/uploads\/2025\/08\/5-5.jpg\" alt=\"Product Image\" \/> <img decoding=\"async\" src=\"https:\/\/www.alantraleasing.com\/wp-content\/uploads\/2025\/08\/6-5-rotated.jpg\" alt=\"Product Image\" \/> <img decoding=\"async\" src=\"https:\/\/www.alantraleasing.com\/wp-content\/uploads\/2025\/08\/7-5.jpg\" alt=\"Product Image\" \/> <img decoding=\"async\" src=\"https:\/\/www.alantraleasing.com\/wp-content\/uploads\/2025\/08\/1-5.jpg\" alt=\"Product Image\" \/> <img decoding=\"async\" src=\"https:\/\/www.alantraleasing.com\/wp-content\/uploads\/2025\/08\/2-5-scaled-e1770853549421.jpg\" alt=\"Product Image\" \/> <img decoding=\"async\" src=\"https:\/\/www.alantraleasing.com\/wp-content\/uploads\/2025\/08\/3-3.jpg\" alt=\"Product Image\" \/> <img decoding=\"async\" src=\"https:\/\/www.alantraleasing.com\/wp-content\/uploads\/2025\/08\/4-3-scaled.jpg\" alt=\"Product Image\" \/> <img decoding=\"async\" src=\"https:\/\/www.alantraleasing.com\/wp-content\/uploads\/2025\/08\/5-5.jpg\" alt=\"Product Image\" \/> <img decoding=\"async\" src=\"https:\/\/www.alantraleasing.com\/wp-content\/uploads\/2025\/08\/6-5-rotated.jpg\" alt=\"Product Image\" \/> <img decoding=\"async\" src=\"https:\/\/www.alantraleasing.com\/wp-content\/uploads\/2025\/08\/7-5.jpg\" alt=\"Product Image\" \/> <style>\r\n  .product-slider {\r\n    border: 6px solid #2A3071;\r\n    border-radius: 15px;\r\n    position: relative;\r\n    overflow: hidden;\r\n}\r\n.product-slider img {\r\n    height: 450px;\r\n    object-fit: cover;\r\n    width: 100%;\r\n    display: block;\r\n}\r\n.slick-arrow {\r\n    position: absolute !important;\r\n    z-index: 9;\r\n    top: 35%;\r\n    background-color: transparent !important;\r\n    border: none !important;\r\n    font-size: 0;\r\n    background-image: url(https:\/\/www.alantraleasing.com\/wp-content\/uploads\/2025\/07\/Path-12.svg);\r\n    width: 77px;\r\n    height: 151px;\r\n    background-repeat: no-repeat;\r\n    padding: 0;\r\n    background-position: center;\r\n}\r\nbutton.slick-next.slick-arrow {\r\n    right: 0;\r\n     background-image: url(https:\/\/www.alantraleasing.com\/wp-content\/uploads\/2025\/07\/Path-13.svg);\r\n}\r\n.product-slider-nav {\r\n    margin-top: 34px;\r\n}\r\n.product-slide-nav img {\r\n    border: 6px solid;\r\n    height: 126px;\r\n    border-radius: 3px;\r\n    width: 100%;\r\n}\r\n.product-slide-nav {\r\n    padding: 0 9px;\r\n}\r\n.product-slider-wrap-nav {\r\n    margin: 0 -8px;\r\n}\r\n.product-slider-wrap {\r\n    position: relative;\r\n}\r\n.sale_info {\r\n    position: absolute;\r\n    bottom: 25px;\r\n    max-width: 388px;\r\n    background: #0B939C;\r\n    width: 100%;\r\n    color: #fff;\r\n    border-radius: 17px;\r\n    text-align: center;\r\n    left: -31px;\r\n    padding: 8px 40px;\r\n}\r\n.sale_info h3 {\r\n    margin: 0 0 2px;\r\n    font: normal normal 800 35px \/ 27px futura-pt-condensed;\r\n    letter-spacing: 0px;\r\n    color: #FFFFFF;\r\n    text-transform: uppercase;\r\n}\r\n.sale_info p {\r\n    margin: 0;\r\n    font-size: 14px;\r\n    line-height: 17px;\r\n}\r\n.product-slide, .product-slide-nav{\r\n  display: none;\r\n}\r\n.slick-initialized .slick-slide {\r\n    display: block;\r\n}\r\n@media(max-width:800px){\r\n  .slick-arrow {\r\n    background-size: contain;\r\n    height: 58px;\r\n    font-size: 0 !important;\r\n    width: 34px;\r\n}\r\n.sale_info h3 {\r\n    font: normal normal 800 22px \/ 23px futura-pt-condensed;\r\n}\r\n.sale_info {\r\n    bottom: -26px;\r\n    max-width: 388px;\r\n    left: -12px;\r\n    padding: 8px 11px;\r\n}\r\n.product-slider-wrap-nav {\r\n    display: none;\r\n}\r\n.product-slider img {\r\n    height: 320px;\r\n}\r\n.fl-col-group.fl-node-yjrbnw9kxcz3.fl-col-group-equal-height.fl-col-group-align-center.fl-col-group-custom-width {\r\n    display: block !important;\r\n}\r\n}\r\n<\/style><\/p>\r\n<h2>Caract\u00e9ristiques<\/h2>\r\n<p>Renseignez-vous sur les roulottes combinant bureau et vestiaires ou ajoutez une salle de bain ind\u00e9pendante.<\/p>\r\n<ul>\r\n<li>Chauffages \u00e0 air puls\u00e9<\/li>\r\n<li>Bancs en bois<\/li>\r\n<li>Syst\u00e8me de ventilation<\/li>\r\n<li>Deux portes ext\u00e9rieures<\/li>\r\n<li>Climatisation<\/li>\r\n<\/ul>\r\n<p><img loading=\"lazy\" decoding=\"async\" title=\"2\" src=\"https:\/\/www.alantraleasing.com\/wp-content\/uploads\/2025\/08\/2-5-scaled-e1770853549421.jpg\" alt=\"2\" width=\"2560\" height=\"1434\" \/> <img loading=\"lazy\" decoding=\"async\" title=\"3\" src=\"https:\/\/www.alantraleasing.com\/wp-content\/uploads\/2025\/08\/3-3.jpg\" alt=\"3\" width=\"1920\" height=\"1080\" \/><\/p>\r\n<h2>Options de et de taille<\/h2>\r\n<p>Les options de mod\u00e8le conception disponibles peuvent \u00eatre personnalis\u00e9es pour r\u00e9pondre \u00e0 vos besoins.<\/p>\r\n<ul>\r\n<li><a href=\"https:\/\/www.alantraleasing.com\/wp-content\/uploads\/2025\/08\/AL15-854N.pdf\" target=\"_blank\" rel=\"noopener\">60 x 12 avec 100 casiers<\/a><\/li>\r\n<li><a href=\"https:\/\/www.alantraleasing.com\/wp-content\/uploads\/2025\/08\/40x12_locker_trailer.pdf\" target=\"_blank\" rel=\"noopener\">40&#215;12 avec 63 casiers<\/a><\/li>\r\n<li><a href=\"https:\/\/www.alantraleasing.com\/wp-content\/uploads\/2025\/08\/AL16-1022.pdf\" target=\"_blank\" rel=\"noopener\">20&#215;12 avec 30 casiers<\/a><\/li>\r\n<\/ul>\r\n","protected":false},"featured_media":482,"template":"","meta":{"_acf_changed":false},"product-category":[41],"class_list":["post-1537","product","type-product","status-publish","has-post-thumbnail","hentry","product-category-roulotte-de-chantier-fr"],"acf":[],"yoast_head":"<!-- This site is optimized with the Yoast SEO plugin v27.2 - https:\/\/yoast.com\/product\/yoast-seo-wordpress\/ -->\n<title>Roulottes vestiaires \u00e0 louer<\/title>\n<meta name=\"description\" content=\"Roulottes vestiaires durables pour chantiers, camps et \u00e9quipes sportives. S\u00e9curis\u00e9es, confortables et pr\u00eates \u00e0 \u00eatre lou\u00e9es. Contactez Alantra d\u00e8s aujourd&#039;hui.\" \/>\n<meta name=\"robots\" content=\"index, follow, max-snippet:-1, max-image-preview:large, max-video-preview:-1\" \/>\n<link rel=\"canonical\" href=\"https:\/\/www.alantraleasing.com\/fr\/product\/roulette-pour-vestiaires\/\" \/>\n<meta property=\"og:locale\" content=\"fr_FR\" \/>\n<meta property=\"og:type\" content=\"article\" \/>\n<meta property=\"og:title\" content=\"Roulottes vestiaires \u00e0 louer\" \/>\n<meta property=\"og:description\" content=\"Roulottes vestiaires durables pour chantiers, camps et \u00e9quipes sportives. S\u00e9curis\u00e9es, confortables et pr\u00eates \u00e0 \u00eatre lou\u00e9es. Contactez Alantra d\u00e8s aujourd&#039;hui.\" \/>\n<meta property=\"og:url\" content=\"https:\/\/www.alantraleasing.com\/fr\/product\/roulette-pour-vestiaires\/\" \/>\n<meta property=\"og:site_name\" content=\"Alantra\" \/>\n<meta property=\"article:publisher\" content=\"https:\/\/www.facebook.com\/alantratrailers\/\" \/>\n<meta property=\"article:modified_time\" content=\"2026-03-13T13:44:22+00:00\" \/>\n<meta property=\"og:image\" content=\"https:\/\/www.alantraleasing.com\/wp-content\/uploads\/2025\/07\/8c0880880b1b8ab4ae0f0818fe66a374.png\" \/>\n\t<meta property=\"og:image:width\" content=\"389\" \/>\n\t<meta property=\"og:image:height\" content=\"292\" \/>\n\t<meta property=\"og:image:type\" content=\"image\/png\" \/>\n<meta name=\"twitter:card\" content=\"summary_large_image\" \/>\n<meta name=\"twitter:label1\" content=\"Dur\u00e9e de lecture estim\u00e9e\" \/>\n\t<meta name=\"twitter:data1\" content=\"4 minutes\" \/>\n<script type=\"application\/ld+json\" class=\"yoast-schema-graph\">{\"@context\":\"https:\/\/schema.org\",\"@graph\":[{\"@type\":\"WebPage\",\"@id\":\"https:\/\/www.alantraleasing.com\/fr\/product\/roulette-pour-vestiaires\/\",\"url\":\"https:\/\/www.alantraleasing.com\/fr\/product\/roulette-pour-vestiaires\/\",\"name\":\"Roulottes vestiaires \u00e0 louer\",\"isPartOf\":{\"@id\":\"https:\/\/www.alantraleasing.com\/#website\"},\"primaryImageOfPage\":{\"@id\":\"https:\/\/www.alantraleasing.com\/fr\/product\/roulette-pour-vestiaires\/#primaryimage\"},\"image\":{\"@id\":\"https:\/\/www.alantraleasing.com\/fr\/product\/roulette-pour-vestiaires\/#primaryimage\"},\"thumbnailUrl\":\"https:\/\/www.alantraleasing.com\/wp-content\/uploads\/2025\/07\/8c0880880b1b8ab4ae0f0818fe66a374.png\",\"datePublished\":\"2025-08-25T18:49:40+00:00\",\"dateModified\":\"2026-03-13T13:44:22+00:00\",\"description\":\"Roulottes vestiaires durables pour chantiers, camps et \u00e9quipes sportives. S\u00e9curis\u00e9es, confortables et pr\u00eates \u00e0 \u00eatre lou\u00e9es. Contactez Alantra d\u00e8s aujourd'hui.\",\"breadcrumb\":{\"@id\":\"https:\/\/www.alantraleasing.com\/fr\/product\/roulette-pour-vestiaires\/#breadcrumb\"},\"inLanguage\":\"fr-FR\",\"potentialAction\":[{\"@type\":\"ReadAction\",\"target\":[\"https:\/\/www.alantraleasing.com\/fr\/product\/roulette-pour-vestiaires\/\"]}]},{\"@type\":\"ImageObject\",\"inLanguage\":\"fr-FR\",\"@id\":\"https:\/\/www.alantraleasing.com\/fr\/product\/roulette-pour-vestiaires\/#primaryimage\",\"url\":\"https:\/\/www.alantraleasing.com\/wp-content\/uploads\/2025\/07\/8c0880880b1b8ab4ae0f0818fe66a374.png\",\"contentUrl\":\"https:\/\/www.alantraleasing.com\/wp-content\/uploads\/2025\/07\/8c0880880b1b8ab4ae0f0818fe66a374.png\",\"width\":389,\"height\":292,\"caption\":\"Alantra Products\"},{\"@type\":\"BreadcrumbList\",\"@id\":\"https:\/\/www.alantraleasing.com\/fr\/product\/roulette-pour-vestiaires\/#breadcrumb\",\"itemListElement\":[{\"@type\":\"ListItem\",\"position\":1,\"name\":\"Home\",\"item\":\"https:\/\/www.alantraleasing.com\/fr\/\"},{\"@type\":\"ListItem\",\"position\":2,\"name\":\"ROULETTE POUR VESTIAIRES\"}]},{\"@type\":\"WebSite\",\"@id\":\"https:\/\/www.alantraleasing.com\/#website\",\"url\":\"https:\/\/www.alantraleasing.com\/\",\"name\":\"Alantra Leasing Inc.\",\"description\":\"Mobile Office Trailer &amp; Modular Building Specialists\",\"publisher\":{\"@id\":\"https:\/\/www.alantraleasing.com\/#organization\"},\"alternateName\":\"Alantra Leasing\",\"potentialAction\":[{\"@type\":\"SearchAction\",\"target\":{\"@type\":\"EntryPoint\",\"urlTemplate\":\"https:\/\/www.alantraleasing.com\/?s={search_term_string}\"},\"query-input\":{\"@type\":\"PropertyValueSpecification\",\"valueRequired\":true,\"valueName\":\"search_term_string\"}}],\"inLanguage\":\"fr-FR\"},{\"@type\":\"Organization\",\"@id\":\"https:\/\/www.alantraleasing.com\/#organization\",\"name\":\"Alantra Leasing Inc.\",\"alternateName\":\"Alantra Leasing\",\"url\":\"https:\/\/www.alantraleasing.com\/\",\"logo\":{\"@type\":\"ImageObject\",\"inLanguage\":\"fr-FR\",\"@id\":\"https:\/\/www.alantraleasing.com\/#\/schema\/logo\/image\/\",\"url\":\"https:\/\/www.alantraleasing.com\/wp-content\/uploads\/2026\/02\/Alantra.png\",\"contentUrl\":\"https:\/\/www.alantraleasing.com\/wp-content\/uploads\/2026\/02\/Alantra.png\",\"width\":1200,\"height\":1200,\"caption\":\"Alantra Leasing Inc.\"},\"image\":{\"@id\":\"https:\/\/www.alantraleasing.com\/#\/schema\/logo\/image\/\"},\"sameAs\":[\"https:\/\/www.facebook.com\/alantratrailers\/\",\"https:\/\/www.instagram.com\/alantraleasing\/?hl=en\",\"https:\/\/www.linkedin.com\/company\/alantra-leasing-inc-\/\",\"https:\/\/www.youtube.com\/channel\/UC147gZKyzDss4_0nrOOAj6w\"]}]}<\/script>\n<!-- \/ Yoast SEO plugin. -->","yoast_head_json":{"title":"Roulottes vestiaires \u00e0 louer","description":"Roulottes vestiaires durables pour chantiers, camps et \u00e9quipes sportives. S\u00e9curis\u00e9es, confortables et pr\u00eates \u00e0 \u00eatre lou\u00e9es. Contactez Alantra d\u00e8s aujourd'hui.","robots":{"index":"index","follow":"follow","max-snippet":"max-snippet:-1","max-image-preview":"max-image-preview:large","max-video-preview":"max-video-preview:-1"},"canonical":"https:\/\/www.alantraleasing.com\/fr\/product\/roulette-pour-vestiaires\/","og_locale":"fr_FR","og_type":"article","og_title":"Roulottes vestiaires \u00e0 louer","og_description":"Roulottes vestiaires durables pour chantiers, camps et \u00e9quipes sportives. S\u00e9curis\u00e9es, confortables et pr\u00eates \u00e0 \u00eatre lou\u00e9es. Contactez Alantra d\u00e8s aujourd'hui.","og_url":"https:\/\/www.alantraleasing.com\/fr\/product\/roulette-pour-vestiaires\/","og_site_name":"Alantra","article_publisher":"https:\/\/www.facebook.com\/alantratrailers\/","article_modified_time":"2026-03-13T13:44:22+00:00","og_image":[{"width":389,"height":292,"url":"https:\/\/www.alantraleasing.com\/wp-content\/uploads\/2025\/07\/8c0880880b1b8ab4ae0f0818fe66a374.png","type":"image\/png"}],"twitter_card":"summary_large_image","twitter_misc":{"Dur\u00e9e de lecture estim\u00e9e":"4 minutes"},"schema":{"@context":"https:\/\/schema.org","@graph":[{"@type":"WebPage","@id":"https:\/\/www.alantraleasing.com\/fr\/product\/roulette-pour-vestiaires\/","url":"https:\/\/www.alantraleasing.com\/fr\/product\/roulette-pour-vestiaires\/","name":"Roulottes vestiaires \u00e0 louer","isPartOf":{"@id":"https:\/\/www.alantraleasing.com\/#website"},"primaryImageOfPage":{"@id":"https:\/\/www.alantraleasing.com\/fr\/product\/roulette-pour-vestiaires\/#primaryimage"},"image":{"@id":"https:\/\/www.alantraleasing.com\/fr\/product\/roulette-pour-vestiaires\/#primaryimage"},"thumbnailUrl":"https:\/\/www.alantraleasing.com\/wp-content\/uploads\/2025\/07\/8c0880880b1b8ab4ae0f0818fe66a374.png","datePublished":"2025-08-25T18:49:40+00:00","dateModified":"2026-03-13T13:44:22+00:00","description":"Roulottes vestiaires durables pour chantiers, camps et \u00e9quipes sportives. S\u00e9curis\u00e9es, confortables et pr\u00eates \u00e0 \u00eatre lou\u00e9es. Contactez Alantra d\u00e8s aujourd'hui.","breadcrumb":{"@id":"https:\/\/www.alantraleasing.com\/fr\/product\/roulette-pour-vestiaires\/#breadcrumb"},"inLanguage":"fr-FR","potentialAction":[{"@type":"ReadAction","target":["https:\/\/www.alantraleasing.com\/fr\/product\/roulette-pour-vestiaires\/"]}]},{"@type":"ImageObject","inLanguage":"fr-FR","@id":"https:\/\/www.alantraleasing.com\/fr\/product\/roulette-pour-vestiaires\/#primaryimage","url":"https:\/\/www.alantraleasing.com\/wp-content\/uploads\/2025\/07\/8c0880880b1b8ab4ae0f0818fe66a374.png","contentUrl":"https:\/\/www.alantraleasing.com\/wp-content\/uploads\/2025\/07\/8c0880880b1b8ab4ae0f0818fe66a374.png","width":389,"height":292,"caption":"Alantra Products"},{"@type":"BreadcrumbList","@id":"https:\/\/www.alantraleasing.com\/fr\/product\/roulette-pour-vestiaires\/#breadcrumb","itemListElement":[{"@type":"ListItem","position":1,"name":"Home","item":"https:\/\/www.alantraleasing.com\/fr\/"},{"@type":"ListItem","position":2,"name":"ROULETTE POUR VESTIAIRES"}]},{"@type":"WebSite","@id":"https:\/\/www.alantraleasing.com\/#website","url":"https:\/\/www.alantraleasing.com\/","name":"Alantra Leasing Inc.","description":"Mobile Office Trailer &amp; Modular Building Specialists","publisher":{"@id":"https:\/\/www.alantraleasing.com\/#organization"},"alternateName":"Alantra Leasing","potentialAction":[{"@type":"SearchAction","target":{"@type":"EntryPoint","urlTemplate":"https:\/\/www.alantraleasing.com\/?s={search_term_string}"},"query-input":{"@type":"PropertyValueSpecification","valueRequired":true,"valueName":"search_term_string"}}],"inLanguage":"fr-FR"},{"@type":"Organization","@id":"https:\/\/www.alantraleasing.com\/#organization","name":"Alantra Leasing Inc.","alternateName":"Alantra Leasing","url":"https:\/\/www.alantraleasing.com\/","logo":{"@type":"ImageObject","inLanguage":"fr-FR","@id":"https:\/\/www.alantraleasing.com\/#\/schema\/logo\/image\/","url":"https:\/\/www.alantraleasing.com\/wp-content\/uploads\/2026\/02\/Alantra.png","contentUrl":"https:\/\/www.alantraleasing.com\/wp-content\/uploads\/2026\/02\/Alantra.png","width":1200,"height":1200,"caption":"Alantra Leasing Inc."},"image":{"@id":"https:\/\/www.alantraleasing.com\/#\/schema\/logo\/image\/"},"sameAs":["https:\/\/www.facebook.com\/alantratrailers\/","https:\/\/www.instagram.com\/alantraleasing\/?hl=en","https:\/\/www.linkedin.com\/company\/alantra-leasing-inc-\/","https:\/\/www.youtube.com\/channel\/UC147gZKyzDss4_0nrOOAj6w"]}]}},"_links":{"self":[{"href":"https:\/\/www.alantraleasing.com\/fr\/wp-json\/wp\/v2\/product\/1537","targetHints":{"allow":["GET"]}}],"collection":[{"href":"https:\/\/www.alantraleasing.com\/fr\/wp-json\/wp\/v2\/product"}],"about":[{"href":"https:\/\/www.alantraleasing.com\/fr\/wp-json\/wp\/v2\/types\/product"}],"wp:featuredmedia":[{"embeddable":true,"href":"https:\/\/www.alantraleasing.com\/fr\/wp-json\/wp\/v2\/media\/482"}],"wp:attachment":[{"href":"https:\/\/www.alantraleasing.com\/fr\/wp-json\/wp\/v2\/media?parent=1537"}],"wp:term":[{"taxonomy":"product-category","embeddable":true,"href":"https:\/\/www.alantraleasing.com\/fr\/wp-json\/wp\/v2\/product-category?post=1537"}],"curies":[{"name":"wp","href":"https:\/\/api.w.org\/{rel}","templated":true}]}}