{"id":1536,"date":"2025-08-25T15:54:16","date_gmt":"2025-08-25T18:54:16","guid":{"rendered":"https:\/\/www.alantraleasing.com\/product\/freezer-trailers\/"},"modified":"2026-03-13T11:12:22","modified_gmt":"2026-03-13T14:12:22","slug":"roulottes-frigorifiques","status":"publish","type":"product","link":"https:\/\/www.alantraleasing.com\/fr\/product\/roulottes-frigorifiques\/","title":{"rendered":"ROULOTTE FRIGORIFIQUES"},"content":{"rendered":"\r\n<h2><\/h2>\r\n<h2>ROULOTTE FRIGORIFIQUES<\/h2>\r\n<p>D\u00e9couvrez la derni\u00e8re innovation d&rsquo;Alantra : les roulottes frigorifiques mobile. Con\u00e7ues pour ceux qui ont besoin d&rsquo;une capacit\u00e9 de cong\u00e9lation fiable lors de leurs d\u00e9placements, nos unit\u00e9s de cong\u00e9lation sp\u00e9cialis\u00e9es offrent un environnement s\u00fbr pour stocker les produit p\u00e9rissables \u00e0 des temp\u00e9ratures optimales. Que vous travailliez dans le secteur de l&rsquo;aquaculture et ayez besoin de conserver des fruits de mer ou dans le secteur agricole et deviez prot\u00e9ger les produits de viande, nos roulottes frigorifiques vous offrent une solution flexible.<\/p>\r\n<p>Imaginez la commodit\u00e9 d&rsquo;avoir un cong\u00e9lateur mobile partout o\u00f9 vous en avez besoin. Avec les roulottes frigorifiques d&rsquo;Alantra, vous avez la libert\u00e9 de stocker vos produits n&rsquo;importe o\u00f9, que ce soit sur place dans une ferme ou pendant le transport. Nos unit\u00e9s sont construites pour r\u00e9pondre aux normes les plus \u00e9lev\u00e9es de fiabilit\u00e9 et d&rsquo;efficacit\u00e9, garantissant que vos produits restent congel\u00e9s et frais.<\/p>\r\n<!-- Top Main Slider -->\r\n<p><img decoding=\"async\" src=\"https:\/\/www.alantraleasing.com\/wp-content\/uploads\/2025\/08\/1-3.webp\" alt=\"Product Image\" \/> <img decoding=\"async\" src=\"https:\/\/www.alantraleasing.com\/wp-content\/uploads\/2025\/08\/2-1.webp\" alt=\"Product Image\" \/> <img decoding=\"async\" src=\"https:\/\/www.alantraleasing.com\/wp-content\/uploads\/2025\/08\/3-1.webp\" alt=\"Product Image\" \/> <img decoding=\"async\" src=\"https:\/\/www.alantraleasing.com\/wp-content\/uploads\/2025\/08\/4-1.webp\" alt=\"Product Image\" \/> <img decoding=\"async\" src=\"https:\/\/www.alantraleasing.com\/wp-content\/uploads\/2025\/08\/5.webp\" alt=\"Product Image\" \/> <img decoding=\"async\" src=\"https:\/\/www.alantraleasing.com\/wp-content\/uploads\/2025\/08\/1-3.webp\" alt=\"Product Image\" \/> <img decoding=\"async\" src=\"https:\/\/www.alantraleasing.com\/wp-content\/uploads\/2025\/08\/2-1.webp\" alt=\"Product Image\" \/> <img decoding=\"async\" src=\"https:\/\/www.alantraleasing.com\/wp-content\/uploads\/2025\/08\/3-1.webp\" alt=\"Product Image\" \/> <img decoding=\"async\" src=\"https:\/\/www.alantraleasing.com\/wp-content\/uploads\/2025\/08\/4-1.webp\" alt=\"Product Image\" \/> <img decoding=\"async\" src=\"https:\/\/www.alantraleasing.com\/wp-content\/uploads\/2025\/08\/5.webp\" alt=\"Product Image\" \/> <style>\r\n  .product-slider {\r\n    border: 6px solid #2A3071;\r\n    border-radius: 15px;\r\n    position: relative;\r\n    overflow: hidden;\r\n}\r\n.product-slider img {\r\n    height: 450px;\r\n    object-fit: cover;\r\n    width: 100%;\r\n    display: block;\r\n}\r\n.slick-arrow {\r\n    position: absolute !important;\r\n    z-index: 9;\r\n    top: 35%;\r\n    background-color: transparent !important;\r\n    border: none !important;\r\n    font-size: 0;\r\n    background-image: url(https:\/\/www.alantraleasing.com\/wp-content\/uploads\/2025\/07\/Path-12.svg);\r\n    width: 77px;\r\n    height: 151px;\r\n    background-repeat: no-repeat;\r\n    padding: 0;\r\n    background-position: center;\r\n}\r\nbutton.slick-next.slick-arrow {\r\n    right: 0;\r\n     background-image: url(https:\/\/www.alantraleasing.com\/wp-content\/uploads\/2025\/07\/Path-13.svg);\r\n}\r\n.product-slider-nav {\r\n    margin-top: 34px;\r\n}\r\n.product-slide-nav img {\r\n    border: 6px solid;\r\n    height: 126px;\r\n    border-radius: 3px;\r\n    width: 100%;\r\n}\r\n.product-slide-nav {\r\n    padding: 0 9px;\r\n}\r\n.product-slider-wrap-nav {\r\n    margin: 0 -8px;\r\n}\r\n.product-slider-wrap {\r\n    position: relative;\r\n}\r\n.sale_info {\r\n    position: absolute;\r\n    bottom: 25px;\r\n    max-width: 388px;\r\n    background: #0B939C;\r\n    width: 100%;\r\n    color: #fff;\r\n    border-radius: 17px;\r\n    text-align: center;\r\n    left: -31px;\r\n    padding: 8px 40px;\r\n}\r\n.sale_info h3 {\r\n    margin: 0 0 2px;\r\n    font: normal normal 800 35px \/ 27px futura-pt-condensed;\r\n    letter-spacing: 0px;\r\n    color: #FFFFFF;\r\n    text-transform: uppercase;\r\n}\r\n.sale_info p {\r\n    margin: 0;\r\n    font-size: 14px;\r\n    line-height: 17px;\r\n}\r\n.product-slide, .product-slide-nav{\r\n  display: none;\r\n}\r\n.slick-initialized .slick-slide {\r\n    display: block;\r\n}\r\n@media(max-width:800px){\r\n  .slick-arrow {\r\n    background-size: contain;\r\n    height: 58px;\r\n    font-size: 0 !important;\r\n    width: 34px;\r\n}\r\n.sale_info h3 {\r\n    font: normal normal 800 22px \/ 23px futura-pt-condensed;\r\n}\r\n.sale_info {\r\n    bottom: -26px;\r\n    max-width: 388px;\r\n    left: -12px;\r\n    padding: 8px 11px;\r\n}\r\n.product-slider-wrap-nav {\r\n    display: none;\r\n}\r\n.product-slider img {\r\n    height: 320px;\r\n}\r\n.fl-col-group.fl-node-yjrbnw9kxcz3.fl-col-group-equal-height.fl-col-group-align-center.fl-col-group-custom-width {\r\n    display: block !important;\r\n}\r\n}\r\n<\/style><\/p>\r\n<h2>Caract\u00e9ristiques<\/h2>\r\n<p>Profitez des roulottes frigorifiques mobile d&rsquo;Alantra et d\u00e9couvrez la libert\u00e9 et la flexibilit\u00e9 des solutions de cong\u00e9lation mobiles.<\/p>\r\n<ul>\r\n<li>Porte de type cong\u00e9lateur de 42 po x 84 po avec cadre en aluminium robuste<\/li>\r\n<li>Tableau \u00e9lectrique principal 120\/240 V, 200 A (\u00e9tanche)<\/li>\r\n<li>\u00c9clairage ext\u00e9rieur marin \u00e0 DEL<\/li>\r\n<li>Luminaires \u00e0 DEL \u00e9tanches \u00e0 la vapeur<\/li>\r\n<li>Unit\u00e9 de condensation \u00e0 spirale Keeprite &#8211; ez-line<\/li>\r\n<li>\u00c9vaporateur \u00e0 profil bas Keeprite<\/li>\r\n<\/ul>\r\n<p><img loading=\"lazy\" decoding=\"async\" title=\"1\" src=\"https:\/\/www.alantraleasing.com\/wp-content\/uploads\/2025\/08\/1-3.webp\" alt=\"1\" width=\"850\" height=\"638\" \/> <img loading=\"lazy\" decoding=\"async\" title=\"5\" src=\"https:\/\/www.alantraleasing.com\/wp-content\/uploads\/2025\/08\/5.webp\" alt=\"5\" width=\"1066\" height=\"800\" \/><\/p>\r\n<h2>Options de conception et de taille<\/h2>\r\n<p>Les options de mod\u00e8le conception disponibles peuvent \u00eatre personnalis\u00e9es pour r\u00e9pondre \u00e0 vos besoins.<\/p>\r\n<ul>\r\n<li><a href=\"https:\/\/www.alantraleasing.com\/wp-content\/uploads\/2026\/01\/40x12-Freezer-Unit-on-a-skid-2022-1.pdf\" target=\"_blank\" rel=\"noopener\">40&#215;12 roulottes Frigorifiques<\/a><\/li>\r\n<\/ul>\r\n","protected":false},"featured_media":480,"template":"","meta":{"_acf_changed":false},"product-category":[53],"class_list":["post-1536","product","type-product","status-publish","has-post-thumbnail","hentry","product-category-liquidation"],"acf":[],"yoast_head":"<!-- This site is optimized with the Yoast SEO plugin v27.2 - https:\/\/yoast.com\/product\/yoast-seo-wordpress\/ -->\n<title>Location et location-vente de roulottes frigorifiques | Alantra<\/title>\n<meta name=\"description\" content=\"Louez des roulottes frigorifiques robustes pour vos besoins industriels, \u00e9v\u00e9nementiels ou commerciaux. Pr\u00e9servez la fra\u00eecheur et la s\u00e9curit\u00e9 de vos marchandises gr\u00e2ce aux remorques pr\u00eates \u00e0 la location d&#039;Alantra.\" \/>\n<meta name=\"robots\" content=\"index, follow, max-snippet:-1, max-image-preview:large, max-video-preview:-1\" \/>\n<link rel=\"canonical\" href=\"https:\/\/www.alantraleasing.com\/fr\/product\/roulottes-frigorifiques\/\" \/>\n<meta property=\"og:locale\" content=\"fr_FR\" \/>\n<meta property=\"og:type\" content=\"article\" \/>\n<meta property=\"og:title\" content=\"Location et location-vente de roulottes frigorifiques | Alantra\" \/>\n<meta property=\"og:description\" content=\"Louez des roulottes frigorifiques robustes pour vos besoins industriels, \u00e9v\u00e9nementiels ou commerciaux. Pr\u00e9servez la fra\u00eecheur et la s\u00e9curit\u00e9 de vos marchandises gr\u00e2ce aux remorques pr\u00eates \u00e0 la location d&#039;Alantra.\" \/>\n<meta property=\"og:url\" content=\"https:\/\/www.alantraleasing.com\/fr\/product\/roulottes-frigorifiques\/\" \/>\n<meta property=\"og:site_name\" content=\"Alantra\" \/>\n<meta property=\"article:publisher\" content=\"https:\/\/www.facebook.com\/alantratrailers\/\" \/>\n<meta property=\"article:modified_time\" content=\"2026-03-13T14:12:22+00:00\" \/>\n<meta property=\"og:image\" content=\"https:\/\/www.alantraleasing.com\/wp-content\/uploads\/2025\/07\/4e9cb8f847c55f7c36fa150ab6130b65.png\" \/>\n\t<meta property=\"og:image:width\" content=\"390\" \/>\n\t<meta property=\"og:image:height\" content=\"292\" \/>\n\t<meta property=\"og:image:type\" content=\"image\/png\" \/>\n<meta name=\"twitter:card\" content=\"summary_large_image\" \/>\n<meta name=\"twitter:label1\" content=\"Dur\u00e9e de lecture estim\u00e9e\" \/>\n\t<meta name=\"twitter:data1\" content=\"4 minutes\" \/>\n<script type=\"application\/ld+json\" class=\"yoast-schema-graph\">{\"@context\":\"https:\/\/schema.org\",\"@graph\":[{\"@type\":\"WebPage\",\"@id\":\"https:\/\/www.alantraleasing.com\/fr\/product\/roulottes-frigorifiques\/\",\"url\":\"https:\/\/www.alantraleasing.com\/fr\/product\/roulottes-frigorifiques\/\",\"name\":\"Location et location-vente de roulottes frigorifiques | Alantra\",\"isPartOf\":{\"@id\":\"https:\/\/www.alantraleasing.com\/#website\"},\"primaryImageOfPage\":{\"@id\":\"https:\/\/www.alantraleasing.com\/fr\/product\/roulottes-frigorifiques\/#primaryimage\"},\"image\":{\"@id\":\"https:\/\/www.alantraleasing.com\/fr\/product\/roulottes-frigorifiques\/#primaryimage\"},\"thumbnailUrl\":\"https:\/\/www.alantraleasing.com\/wp-content\/uploads\/2025\/07\/4e9cb8f847c55f7c36fa150ab6130b65.png\",\"datePublished\":\"2025-08-25T18:54:16+00:00\",\"dateModified\":\"2026-03-13T14:12:22+00:00\",\"description\":\"Louez des roulottes frigorifiques robustes pour vos besoins industriels, \u00e9v\u00e9nementiels ou commerciaux. Pr\u00e9servez la fra\u00eecheur et la s\u00e9curit\u00e9 de vos marchandises gr\u00e2ce aux remorques pr\u00eates \u00e0 la location d'Alantra.\",\"breadcrumb\":{\"@id\":\"https:\/\/www.alantraleasing.com\/fr\/product\/roulottes-frigorifiques\/#breadcrumb\"},\"inLanguage\":\"fr-FR\",\"potentialAction\":[{\"@type\":\"ReadAction\",\"target\":[\"https:\/\/www.alantraleasing.com\/fr\/product\/roulottes-frigorifiques\/\"]}]},{\"@type\":\"ImageObject\",\"inLanguage\":\"fr-FR\",\"@id\":\"https:\/\/www.alantraleasing.com\/fr\/product\/roulottes-frigorifiques\/#primaryimage\",\"url\":\"https:\/\/www.alantraleasing.com\/wp-content\/uploads\/2025\/07\/4e9cb8f847c55f7c36fa150ab6130b65.png\",\"contentUrl\":\"https:\/\/www.alantraleasing.com\/wp-content\/uploads\/2025\/07\/4e9cb8f847c55f7c36fa150ab6130b65.png\",\"width\":390,\"height\":292,\"caption\":\"Alantra Products\"},{\"@type\":\"BreadcrumbList\",\"@id\":\"https:\/\/www.alantraleasing.com\/fr\/product\/roulottes-frigorifiques\/#breadcrumb\",\"itemListElement\":[{\"@type\":\"ListItem\",\"position\":1,\"name\":\"Home\",\"item\":\"https:\/\/www.alantraleasing.com\/fr\/\"},{\"@type\":\"ListItem\",\"position\":2,\"name\":\"ROULOTTE FRIGORIFIQUES\"}]},{\"@type\":\"WebSite\",\"@id\":\"https:\/\/www.alantraleasing.com\/#website\",\"url\":\"https:\/\/www.alantraleasing.com\/\",\"name\":\"Alantra Leasing Inc.\",\"description\":\"Mobile Office Trailer &amp; Modular Building Specialists\",\"publisher\":{\"@id\":\"https:\/\/www.alantraleasing.com\/#organization\"},\"alternateName\":\"Alantra Leasing\",\"potentialAction\":[{\"@type\":\"SearchAction\",\"target\":{\"@type\":\"EntryPoint\",\"urlTemplate\":\"https:\/\/www.alantraleasing.com\/?s={search_term_string}\"},\"query-input\":{\"@type\":\"PropertyValueSpecification\",\"valueRequired\":true,\"valueName\":\"search_term_string\"}}],\"inLanguage\":\"fr-FR\"},{\"@type\":\"Organization\",\"@id\":\"https:\/\/www.alantraleasing.com\/#organization\",\"name\":\"Alantra Leasing Inc.\",\"alternateName\":\"Alantra Leasing\",\"url\":\"https:\/\/www.alantraleasing.com\/\",\"logo\":{\"@type\":\"ImageObject\",\"inLanguage\":\"fr-FR\",\"@id\":\"https:\/\/www.alantraleasing.com\/#\/schema\/logo\/image\/\",\"url\":\"https:\/\/www.alantraleasing.com\/wp-content\/uploads\/2026\/02\/Alantra.png\",\"contentUrl\":\"https:\/\/www.alantraleasing.com\/wp-content\/uploads\/2026\/02\/Alantra.png\",\"width\":1200,\"height\":1200,\"caption\":\"Alantra Leasing Inc.\"},\"image\":{\"@id\":\"https:\/\/www.alantraleasing.com\/#\/schema\/logo\/image\/\"},\"sameAs\":[\"https:\/\/www.facebook.com\/alantratrailers\/\",\"https:\/\/www.instagram.com\/alantraleasing\/?hl=en\",\"https:\/\/www.linkedin.com\/company\/alantra-leasing-inc-\/\",\"https:\/\/www.youtube.com\/channel\/UC147gZKyzDss4_0nrOOAj6w\"]}]}<\/script>\n<!-- \/ Yoast SEO plugin. -->","yoast_head_json":{"title":"Location et location-vente de roulottes frigorifiques | Alantra","description":"Louez des roulottes frigorifiques robustes pour vos besoins industriels, \u00e9v\u00e9nementiels ou commerciaux. Pr\u00e9servez la fra\u00eecheur et la s\u00e9curit\u00e9 de vos marchandises gr\u00e2ce aux remorques pr\u00eates \u00e0 la location d'Alantra.","robots":{"index":"index","follow":"follow","max-snippet":"max-snippet:-1","max-image-preview":"max-image-preview:large","max-video-preview":"max-video-preview:-1"},"canonical":"https:\/\/www.alantraleasing.com\/fr\/product\/roulottes-frigorifiques\/","og_locale":"fr_FR","og_type":"article","og_title":"Location et location-vente de roulottes frigorifiques | Alantra","og_description":"Louez des roulottes frigorifiques robustes pour vos besoins industriels, \u00e9v\u00e9nementiels ou commerciaux. Pr\u00e9servez la fra\u00eecheur et la s\u00e9curit\u00e9 de vos marchandises gr\u00e2ce aux remorques pr\u00eates \u00e0 la location d'Alantra.","og_url":"https:\/\/www.alantraleasing.com\/fr\/product\/roulottes-frigorifiques\/","og_site_name":"Alantra","article_publisher":"https:\/\/www.facebook.com\/alantratrailers\/","article_modified_time":"2026-03-13T14:12:22+00:00","og_image":[{"width":390,"height":292,"url":"https:\/\/www.alantraleasing.com\/wp-content\/uploads\/2025\/07\/4e9cb8f847c55f7c36fa150ab6130b65.png","type":"image\/png"}],"twitter_card":"summary_large_image","twitter_misc":{"Dur\u00e9e de lecture estim\u00e9e":"4 minutes"},"schema":{"@context":"https:\/\/schema.org","@graph":[{"@type":"WebPage","@id":"https:\/\/www.alantraleasing.com\/fr\/product\/roulottes-frigorifiques\/","url":"https:\/\/www.alantraleasing.com\/fr\/product\/roulottes-frigorifiques\/","name":"Location et location-vente de roulottes frigorifiques | Alantra","isPartOf":{"@id":"https:\/\/www.alantraleasing.com\/#website"},"primaryImageOfPage":{"@id":"https:\/\/www.alantraleasing.com\/fr\/product\/roulottes-frigorifiques\/#primaryimage"},"image":{"@id":"https:\/\/www.alantraleasing.com\/fr\/product\/roulottes-frigorifiques\/#primaryimage"},"thumbnailUrl":"https:\/\/www.alantraleasing.com\/wp-content\/uploads\/2025\/07\/4e9cb8f847c55f7c36fa150ab6130b65.png","datePublished":"2025-08-25T18:54:16+00:00","dateModified":"2026-03-13T14:12:22+00:00","description":"Louez des roulottes frigorifiques robustes pour vos besoins industriels, \u00e9v\u00e9nementiels ou commerciaux. Pr\u00e9servez la fra\u00eecheur et la s\u00e9curit\u00e9 de vos marchandises gr\u00e2ce aux remorques pr\u00eates \u00e0 la location d'Alantra.","breadcrumb":{"@id":"https:\/\/www.alantraleasing.com\/fr\/product\/roulottes-frigorifiques\/#breadcrumb"},"inLanguage":"fr-FR","potentialAction":[{"@type":"ReadAction","target":["https:\/\/www.alantraleasing.com\/fr\/product\/roulottes-frigorifiques\/"]}]},{"@type":"ImageObject","inLanguage":"fr-FR","@id":"https:\/\/www.alantraleasing.com\/fr\/product\/roulottes-frigorifiques\/#primaryimage","url":"https:\/\/www.alantraleasing.com\/wp-content\/uploads\/2025\/07\/4e9cb8f847c55f7c36fa150ab6130b65.png","contentUrl":"https:\/\/www.alantraleasing.com\/wp-content\/uploads\/2025\/07\/4e9cb8f847c55f7c36fa150ab6130b65.png","width":390,"height":292,"caption":"Alantra Products"},{"@type":"BreadcrumbList","@id":"https:\/\/www.alantraleasing.com\/fr\/product\/roulottes-frigorifiques\/#breadcrumb","itemListElement":[{"@type":"ListItem","position":1,"name":"Home","item":"https:\/\/www.alantraleasing.com\/fr\/"},{"@type":"ListItem","position":2,"name":"ROULOTTE FRIGORIFIQUES"}]},{"@type":"WebSite","@id":"https:\/\/www.alantraleasing.com\/#website","url":"https:\/\/www.alantraleasing.com\/","name":"Alantra Leasing Inc.","description":"Mobile Office Trailer &amp; Modular Building Specialists","publisher":{"@id":"https:\/\/www.alantraleasing.com\/#organization"},"alternateName":"Alantra Leasing","potentialAction":[{"@type":"SearchAction","target":{"@type":"EntryPoint","urlTemplate":"https:\/\/www.alantraleasing.com\/?s={search_term_string}"},"query-input":{"@type":"PropertyValueSpecification","valueRequired":true,"valueName":"search_term_string"}}],"inLanguage":"fr-FR"},{"@type":"Organization","@id":"https:\/\/www.alantraleasing.com\/#organization","name":"Alantra Leasing Inc.","alternateName":"Alantra Leasing","url":"https:\/\/www.alantraleasing.com\/","logo":{"@type":"ImageObject","inLanguage":"fr-FR","@id":"https:\/\/www.alantraleasing.com\/#\/schema\/logo\/image\/","url":"https:\/\/www.alantraleasing.com\/wp-content\/uploads\/2026\/02\/Alantra.png","contentUrl":"https:\/\/www.alantraleasing.com\/wp-content\/uploads\/2026\/02\/Alantra.png","width":1200,"height":1200,"caption":"Alantra Leasing Inc."},"image":{"@id":"https:\/\/www.alantraleasing.com\/#\/schema\/logo\/image\/"},"sameAs":["https:\/\/www.facebook.com\/alantratrailers\/","https:\/\/www.instagram.com\/alantraleasing\/?hl=en","https:\/\/www.linkedin.com\/company\/alantra-leasing-inc-\/","https:\/\/www.youtube.com\/channel\/UC147gZKyzDss4_0nrOOAj6w"]}]}},"_links":{"self":[{"href":"https:\/\/www.alantraleasing.com\/fr\/wp-json\/wp\/v2\/product\/1536","targetHints":{"allow":["GET"]}}],"collection":[{"href":"https:\/\/www.alantraleasing.com\/fr\/wp-json\/wp\/v2\/product"}],"about":[{"href":"https:\/\/www.alantraleasing.com\/fr\/wp-json\/wp\/v2\/types\/product"}],"wp:featuredmedia":[{"embeddable":true,"href":"https:\/\/www.alantraleasing.com\/fr\/wp-json\/wp\/v2\/media\/480"}],"wp:attachment":[{"href":"https:\/\/www.alantraleasing.com\/fr\/wp-json\/wp\/v2\/media?parent=1536"}],"wp:term":[{"taxonomy":"product-category","embeddable":true,"href":"https:\/\/www.alantraleasing.com\/fr\/wp-json\/wp\/v2\/product-category?post=1536"}],"curies":[{"name":"wp","href":"https:\/\/api.w.org\/{rel}","templated":true}]}}