{"id":1533,"date":"2025-08-25T16:06:28","date_gmt":"2025-08-25T19:06:28","guid":{"rendered":"https:\/\/www.alantraleasing.com\/product\/custom-trailers\/"},"modified":"2026-03-13T10:45:04","modified_gmt":"2026-03-13T13:45:04","slug":"roulottes-sur-mesure","status":"publish","type":"product","link":"https:\/\/www.alantraleasing.com\/fr\/product\/roulottes-sur-mesure\/","title":{"rendered":"ROULOTTES SUR MESURE"},"content":{"rendered":"\r\n<h2>\r\n\t\t\t\t<\/h2>\r\n<h2>\r\n\t\t\tROULOTTES SUR MESURE\t<\/h2>\r\n<h6>\r\n\t\t\tVotre solution personnalis\u00e9e. \t<\/h6>\r\n\t\u00c9quiper d&rsquo;installations de production chauff\u00e9es moderne, l&rsquo;\u00e9quipe d&rsquo;ing\u00e9nieurs et de concepteurs d&rsquo;Alantra ainsi que son personnel qualifi\u00e9 sont pr\u00eats \u00e0 travailler avec vous pour vous fournir des b\u00e2timents modulaires et\/ou des complexes de bureaux de la plus haute qualit\u00e9 et \u00e9quiper de toutes les fonctionnalit\u00e9s n\u00e9cessaires pour r\u00e9pondre \u00e0 vos besoins sp\u00e9cifiques.<br \/>\r\nL&rsquo;\u00e9quipe professionnelle et qualifi\u00e9 d&rsquo;Alantra garantissent l&rsquo;efficacit\u00e9 en termes de temps et des couts qu&rsquo;offre la construction modulaire.<br \/>\r\nD\u00e9j\u00e0 reconnue pour son service \u00e0 la client\u00e8le personnalis\u00e9, Alantra continue de renforcer sa r\u00e9putation de qualit\u00e9, d&rsquo;innovation et de diversit\u00e9 gr\u00e2ce \u00e0 des projets modulaires sur mesure ambitieux.\r\n<p>Nos r\u00e9centes solutions sur mesure vont des camps educative aux logements pour les travailleurs dans des r\u00e9gions \u00e9loign\u00e9es, de l&rsquo;agrandissement des bureaux dans les b\u00e2timents existants, la construction de nouveaux immeubles de bureaux modulables et extensibles, et un complexe h\u00f4telier temporaire \u00e0 plusieurs unit\u00e9s dans \u00e0 une montagne de ski.<\/p>\r\n<h3>\r\n\t\t\tNOUS TROUVONS DES SOLUTIONS !\t<\/h3>\r\n<!-- Top Main Slider -->\r\n           <img decoding=\"async\" src=\"https:\/\/www.alantraleasing.com\/wp-content\/uploads\/2025\/08\/491923658_1244737560991886_7030816710258297233_n.jpg\" alt=\"Product Image\" \/>\r\n           <img decoding=\"async\" src=\"https:\/\/www.alantraleasing.com\/wp-content\/uploads\/2025\/08\/2-9.jpg\" alt=\"Product Image\" \/>\r\n           <img decoding=\"async\" src=\"https:\/\/www.alantraleasing.com\/wp-content\/uploads\/2025\/08\/3-6-scaled.jpg\" alt=\"Product Image\" \/>\r\n           <img decoding=\"async\" src=\"https:\/\/www.alantraleasing.com\/wp-content\/uploads\/2025\/08\/4-7.jpg\" alt=\"Product Image\" \/>\r\n           <img decoding=\"async\" src=\"https:\/\/www.alantraleasing.com\/wp-content\/uploads\/2025\/08\/5-9.jpg\" alt=\"Product Image\" \/>\r\n           <img decoding=\"async\" src=\"https:\/\/www.alantraleasing.com\/wp-content\/uploads\/2025\/08\/6-9.jpg\" alt=\"Product Image\" \/>\r\n           <img decoding=\"async\" src=\"https:\/\/www.alantraleasing.com\/wp-content\/uploads\/2025\/08\/7-7-scaled.jpg\" alt=\"Product Image\" \/>\r\n           <img decoding=\"async\" src=\"https:\/\/www.alantraleasing.com\/wp-content\/uploads\/2025\/08\/8-5-scaled.jpg\" alt=\"Product Image\" \/>\r\n           <img decoding=\"async\" src=\"https:\/\/www.alantraleasing.com\/wp-content\/uploads\/2025\/08\/9-2-scaled.jpg\" alt=\"Product Image\" \/>\r\n           <img decoding=\"async\" src=\"https:\/\/www.alantraleasing.com\/wp-content\/uploads\/2025\/08\/11-scaled.jpg\" alt=\"Product Image\" \/>\r\n           <img decoding=\"async\" src=\"https:\/\/www.alantraleasing.com\/wp-content\/uploads\/2025\/08\/12-scaled.jpg\" alt=\"Product Image\" \/>\r\n           <img decoding=\"async\" src=\"https:\/\/www.alantraleasing.com\/wp-content\/uploads\/2025\/08\/13-scaled.jpg\" alt=\"Product Image\" \/>\r\n           <img decoding=\"async\" src=\"https:\/\/www.alantraleasing.com\/wp-content\/uploads\/2025\/08\/14-1-scaled.jpg\" alt=\"Product Image\" \/>\r\n           <img decoding=\"async\" src=\"https:\/\/www.alantraleasing.com\/wp-content\/uploads\/2025\/08\/15-1.jpg\" alt=\"Product Image\" \/>\r\n           <img decoding=\"async\" src=\"https:\/\/www.alantraleasing.com\/wp-content\/uploads\/2025\/08\/16-1.png\" alt=\"Product Image\" \/>\r\n           <img decoding=\"async\" src=\"https:\/\/www.alantraleasing.com\/wp-content\/uploads\/2025\/08\/17-1-scaled.jpg\" alt=\"Product Image\" \/>\r\n          <img decoding=\"async\" src=\"https:\/\/www.alantraleasing.com\/wp-content\/uploads\/2025\/08\/491923658_1244737560991886_7030816710258297233_n.jpg\" alt=\"Product Image\" \/>\r\n          <img decoding=\"async\" src=\"https:\/\/www.alantraleasing.com\/wp-content\/uploads\/2025\/08\/2-9.jpg\" alt=\"Product Image\" \/>\r\n          <img decoding=\"async\" src=\"https:\/\/www.alantraleasing.com\/wp-content\/uploads\/2025\/08\/3-6-scaled.jpg\" alt=\"Product Image\" \/>\r\n          <img decoding=\"async\" src=\"https:\/\/www.alantraleasing.com\/wp-content\/uploads\/2025\/08\/4-7.jpg\" alt=\"Product Image\" \/>\r\n          <img decoding=\"async\" src=\"https:\/\/www.alantraleasing.com\/wp-content\/uploads\/2025\/08\/5-9.jpg\" alt=\"Product Image\" \/>\r\n          <img decoding=\"async\" src=\"https:\/\/www.alantraleasing.com\/wp-content\/uploads\/2025\/08\/6-9.jpg\" alt=\"Product Image\" \/>\r\n          <img decoding=\"async\" src=\"https:\/\/www.alantraleasing.com\/wp-content\/uploads\/2025\/08\/7-7-scaled.jpg\" alt=\"Product Image\" \/>\r\n          <img decoding=\"async\" src=\"https:\/\/www.alantraleasing.com\/wp-content\/uploads\/2025\/08\/8-5-scaled.jpg\" alt=\"Product Image\" \/>\r\n          <img decoding=\"async\" src=\"https:\/\/www.alantraleasing.com\/wp-content\/uploads\/2025\/08\/9-2-scaled.jpg\" alt=\"Product Image\" \/>\r\n          <img decoding=\"async\" src=\"https:\/\/www.alantraleasing.com\/wp-content\/uploads\/2025\/08\/11-scaled.jpg\" alt=\"Product Image\" \/>\r\n          <img decoding=\"async\" src=\"https:\/\/www.alantraleasing.com\/wp-content\/uploads\/2025\/08\/12-scaled.jpg\" alt=\"Product Image\" \/>\r\n          <img decoding=\"async\" src=\"https:\/\/www.alantraleasing.com\/wp-content\/uploads\/2025\/08\/13-scaled.jpg\" alt=\"Product Image\" \/>\r\n          <img decoding=\"async\" src=\"https:\/\/www.alantraleasing.com\/wp-content\/uploads\/2025\/08\/14-1-scaled.jpg\" alt=\"Product Image\" \/>\r\n          <img decoding=\"async\" src=\"https:\/\/www.alantraleasing.com\/wp-content\/uploads\/2025\/08\/15-1.jpg\" alt=\"Product Image\" \/>\r\n          <img decoding=\"async\" src=\"https:\/\/www.alantraleasing.com\/wp-content\/uploads\/2025\/08\/16-1.png\" alt=\"Product Image\" \/>\r\n          <img decoding=\"async\" src=\"https:\/\/www.alantraleasing.com\/wp-content\/uploads\/2025\/08\/17-1-scaled.jpg\" alt=\"Product Image\" \/>\r\n<style>\r\n  .product-slider {\r\n    border: 6px solid #2A3071;\r\n    border-radius: 15px;\r\n    position: relative;\r\n    overflow: hidden;\r\n}\r\n.product-slider img {\r\n    height: 450px;\r\n    object-fit: cover;\r\n    width: 100%;\r\n    display: block;\r\n}\r\n.slick-arrow {\r\n    position: absolute !important;\r\n    z-index: 9;\r\n    top: 35%;\r\n    background-color: transparent !important;\r\n    border: none !important;\r\n    font-size: 0;\r\n    background-image: url(https:\/\/www.alantraleasing.com\/wp-content\/uploads\/2025\/07\/Path-12.svg);\r\n    width: 77px;\r\n    height: 151px;\r\n    background-repeat: no-repeat;\r\n    padding: 0;\r\n    background-position: center;\r\n}\r\nbutton.slick-next.slick-arrow {\r\n    right: 0;\r\n     background-image: url(https:\/\/www.alantraleasing.com\/wp-content\/uploads\/2025\/07\/Path-13.svg);\r\n}\r\n.product-slider-nav {\r\n    margin-top: 34px;\r\n}\r\n.product-slide-nav img {\r\n    border: 6px solid;\r\n    height: 126px;\r\n    border-radius: 3px;\r\n    width: 100%;\r\n}\r\n.product-slide-nav {\r\n    padding: 0 9px;\r\n}\r\n.product-slider-wrap-nav {\r\n    margin: 0 -8px;\r\n}\r\n.product-slider-wrap {\r\n    position: relative;\r\n}\r\n.sale_info {\r\n    position: absolute;\r\n    bottom: 25px;\r\n    max-width: 388px;\r\n    background: #0B939C;\r\n    width: 100%;\r\n    color: #fff;\r\n    border-radius: 17px;\r\n    text-align: center;\r\n    left: -31px;\r\n    padding: 8px 40px;\r\n}\r\n.sale_info h3 {\r\n    margin: 0 0 2px;\r\n    font: normal normal 800 35px \/ 27px futura-pt-condensed;\r\n    letter-spacing: 0px;\r\n    color: #FFFFFF;\r\n    text-transform: uppercase;\r\n}\r\n.sale_info p {\r\n    margin: 0;\r\n    font-size: 14px;\r\n    line-height: 17px;\r\n}\r\n.product-slide, .product-slide-nav{\r\n  display: none;\r\n}\r\n.slick-initialized .slick-slide {\r\n    display: block;\r\n}\r\n@media(max-width:800px){\r\n  .slick-arrow {\r\n    background-size: contain;\r\n    height: 58px;\r\n    font-size: 0 !important;\r\n    width: 34px;\r\n}\r\n.sale_info h3 {\r\n    font: normal normal 800 22px \/ 23px futura-pt-condensed;\r\n}\r\n.sale_info {\r\n    bottom: -26px;\r\n    max-width: 388px;\r\n    left: -12px;\r\n    padding: 8px 11px;\r\n}\r\n.product-slider-wrap-nav {\r\n    display: none;\r\n}\r\n.product-slider img {\r\n    height: 320px;\r\n}\r\n.fl-col-group.fl-node-yjrbnw9kxcz3.fl-col-group-equal-height.fl-col-group-align-center.fl-col-group-custom-width {\r\n    display: block !important;\r\n}\r\n}\r\n<\/style><h2>\r\n\t\t\tMobilier, accessoires et plus\t<\/h2>\r\n\t<p>L&rsquo;\u00e9quipe Alantra fabriquera et installera des armoires, des salles de bains, des appareils \u00e9lectrom\u00e9nagers et bien plus, conform\u00e9ment \u00e0 vos sp\u00e9cifications. Notre service cl\u00e9 en main est con\u00e7u pour vous offrir la commodit\u00e9, le confort et l&rsquo;efficacit\u00e9 dont vous avez besoin d\u00e8s jour un.<\/p>\r\n<h2>\r\n\t\t\tTransport\t<\/h2>\r\n\t<p>Votre solution personnalis\u00e9e est livr\u00e9e avec expertise et soin \u00e0 votre destination par les chauffeurs exp\u00e9riment\u00e9s d&rsquo;Alantra, avec les camions de l&rsquo;entreprise.<\/p>\r\n<figure itemscope itemtype=\"https:\/\/schema.org\/ImageObject\">\r\n\t\t\t\t<img decoding=\"async\" src=\"https:\/\/www.alantraleasing.com\/wp-content\/uploads\/2025\/08\/Custom-Trailer-Display-Photo-1-1024x768.jpg\" alt=\"Custom Trailer Display Photo 1\" height=\"768\" width=\"1024\" title=\"Custom Trailer Display Photo 1\" onerror=\"this.style.display='none'\" loading=\"lazy\" \/>\r\n\t<\/figure>\r\n<figure itemscope itemtype=\"https:\/\/schema.org\/ImageObject\">\r\n\t\t\t\t<img decoding=\"async\" src=\"https:\/\/www.alantraleasing.com\/wp-content\/uploads\/2025\/08\/Custom-Trailer-Display-Photo-2-scaled.jpg\" alt=\"Custom Trailer Display Photo 2\" height=\"1920\" width=\"2560\" title=\"Custom Trailer Display Photo 2\" onerror=\"this.style.display='none'\" loading=\"lazy\" \/>\r\n\t<\/figure>\r\n\r\n","protected":false},"featured_media":918,"template":"","meta":{"_acf_changed":false},"product-category":[41],"class_list":["post-1533","product","type-product","status-publish","has-post-thumbnail","hentry","product-category-roulotte-de-chantier-fr"],"acf":[],"yoast_head":"<!-- This site is optimized with the Yoast SEO plugin v27.2 - https:\/\/yoast.com\/product\/yoast-seo-wordpress\/ -->\n<title>Solutions de roulottes personnalis\u00e9es pour les entreprises<\/title>\n<meta name=\"description\" content=\"D\u00e9couvrez des solutions de roulottes sur mesure con\u00e7ues pour r\u00e9pondre aux besoins de votre entreprise. Durables, fonctionnelles et personnalis\u00e9es par Alantra Leasing. Demandez un devis d\u00e8s aujourd&#039;hui.\" \/>\n<meta name=\"robots\" content=\"index, follow, max-snippet:-1, max-image-preview:large, max-video-preview:-1\" \/>\n<link rel=\"canonical\" href=\"https:\/\/www.alantraleasing.com\/fr\/product\/roulottes-sur-mesure\/\" \/>\n<meta property=\"og:locale\" content=\"fr_FR\" \/>\n<meta property=\"og:type\" content=\"article\" \/>\n<meta property=\"og:title\" content=\"Solutions de roulottes personnalis\u00e9es pour les entreprises\" \/>\n<meta property=\"og:description\" content=\"D\u00e9couvrez des solutions de roulottes sur mesure con\u00e7ues pour r\u00e9pondre aux besoins de votre entreprise. Durables, fonctionnelles et personnalis\u00e9es par Alantra Leasing. Demandez un devis d\u00e8s aujourd&#039;hui.\" \/>\n<meta property=\"og:url\" content=\"https:\/\/www.alantraleasing.com\/fr\/product\/roulottes-sur-mesure\/\" \/>\n<meta property=\"og:site_name\" content=\"Alantra\" \/>\n<meta property=\"article:publisher\" content=\"https:\/\/www.facebook.com\/alantratrailers\/\" \/>\n<meta property=\"article:modified_time\" content=\"2026-03-13T13:45:04+00:00\" \/>\n<meta property=\"og:image\" content=\"https:\/\/www.alantraleasing.com\/wp-content\/uploads\/2025\/08\/474863596_9203744929674460_2494112345859151479_n.jpg\" \/>\n\t<meta property=\"og:image:width\" content=\"2016\" \/>\n\t<meta property=\"og:image:height\" content=\"1512\" \/>\n\t<meta property=\"og:image:type\" content=\"image\/jpeg\" \/>\n<meta name=\"twitter:card\" content=\"summary_large_image\" \/>\n<meta name=\"twitter:label1\" content=\"Dur\u00e9e de lecture estim\u00e9e\" \/>\n\t<meta name=\"twitter:data1\" content=\"8 minutes\" \/>\n<script type=\"application\/ld+json\" class=\"yoast-schema-graph\">{\"@context\":\"https:\/\/schema.org\",\"@graph\":[{\"@type\":\"WebPage\",\"@id\":\"https:\/\/www.alantraleasing.com\/fr\/product\/roulottes-sur-mesure\/\",\"url\":\"https:\/\/www.alantraleasing.com\/fr\/product\/roulottes-sur-mesure\/\",\"name\":\"Solutions de roulottes personnalis\u00e9es pour les entreprises\",\"isPartOf\":{\"@id\":\"https:\/\/www.alantraleasing.com\/#website\"},\"primaryImageOfPage\":{\"@id\":\"https:\/\/www.alantraleasing.com\/fr\/product\/roulottes-sur-mesure\/#primaryimage\"},\"image\":{\"@id\":\"https:\/\/www.alantraleasing.com\/fr\/product\/roulottes-sur-mesure\/#primaryimage\"},\"thumbnailUrl\":\"https:\/\/www.alantraleasing.com\/wp-content\/uploads\/2025\/08\/474863596_9203744929674460_2494112345859151479_n.jpg\",\"datePublished\":\"2025-08-25T19:06:28+00:00\",\"dateModified\":\"2026-03-13T13:45:04+00:00\",\"description\":\"D\u00e9couvrez des solutions de roulottes sur mesure con\u00e7ues pour r\u00e9pondre aux besoins de votre entreprise. Durables, fonctionnelles et personnalis\u00e9es par Alantra Leasing. Demandez un devis d\u00e8s aujourd'hui.\",\"breadcrumb\":{\"@id\":\"https:\/\/www.alantraleasing.com\/fr\/product\/roulottes-sur-mesure\/#breadcrumb\"},\"inLanguage\":\"fr-FR\",\"potentialAction\":[{\"@type\":\"ReadAction\",\"target\":[\"https:\/\/www.alantraleasing.com\/fr\/product\/roulottes-sur-mesure\/\"]}]},{\"@type\":\"ImageObject\",\"inLanguage\":\"fr-FR\",\"@id\":\"https:\/\/www.alantraleasing.com\/fr\/product\/roulottes-sur-mesure\/#primaryimage\",\"url\":\"https:\/\/www.alantraleasing.com\/wp-content\/uploads\/2025\/08\/474863596_9203744929674460_2494112345859151479_n.jpg\",\"contentUrl\":\"https:\/\/www.alantraleasing.com\/wp-content\/uploads\/2025\/08\/474863596_9203744929674460_2494112345859151479_n.jpg\",\"width\":2016,\"height\":1512,\"caption\":\"CUSTOM TRAILERS\"},{\"@type\":\"BreadcrumbList\",\"@id\":\"https:\/\/www.alantraleasing.com\/fr\/product\/roulottes-sur-mesure\/#breadcrumb\",\"itemListElement\":[{\"@type\":\"ListItem\",\"position\":1,\"name\":\"Home\",\"item\":\"https:\/\/www.alantraleasing.com\/fr\/\"},{\"@type\":\"ListItem\",\"position\":2,\"name\":\"ROULOTTES SUR MESURE\"}]},{\"@type\":\"WebSite\",\"@id\":\"https:\/\/www.alantraleasing.com\/#website\",\"url\":\"https:\/\/www.alantraleasing.com\/\",\"name\":\"Alantra Leasing Inc.\",\"description\":\"Mobile Office Trailer &amp; Modular Building Specialists\",\"publisher\":{\"@id\":\"https:\/\/www.alantraleasing.com\/#organization\"},\"alternateName\":\"Alantra Leasing\",\"potentialAction\":[{\"@type\":\"SearchAction\",\"target\":{\"@type\":\"EntryPoint\",\"urlTemplate\":\"https:\/\/www.alantraleasing.com\/?s={search_term_string}\"},\"query-input\":{\"@type\":\"PropertyValueSpecification\",\"valueRequired\":true,\"valueName\":\"search_term_string\"}}],\"inLanguage\":\"fr-FR\"},{\"@type\":\"Organization\",\"@id\":\"https:\/\/www.alantraleasing.com\/#organization\",\"name\":\"Alantra Leasing Inc.\",\"alternateName\":\"Alantra Leasing\",\"url\":\"https:\/\/www.alantraleasing.com\/\",\"logo\":{\"@type\":\"ImageObject\",\"inLanguage\":\"fr-FR\",\"@id\":\"https:\/\/www.alantraleasing.com\/#\/schema\/logo\/image\/\",\"url\":\"https:\/\/www.alantraleasing.com\/wp-content\/uploads\/2026\/02\/Alantra.png\",\"contentUrl\":\"https:\/\/www.alantraleasing.com\/wp-content\/uploads\/2026\/02\/Alantra.png\",\"width\":1200,\"height\":1200,\"caption\":\"Alantra Leasing Inc.\"},\"image\":{\"@id\":\"https:\/\/www.alantraleasing.com\/#\/schema\/logo\/image\/\"},\"sameAs\":[\"https:\/\/www.facebook.com\/alantratrailers\/\",\"https:\/\/www.instagram.com\/alantraleasing\/?hl=en\",\"https:\/\/www.linkedin.com\/company\/alantra-leasing-inc-\/\",\"https:\/\/www.youtube.com\/channel\/UC147gZKyzDss4_0nrOOAj6w\"]}]}<\/script>\n<!-- \/ Yoast SEO plugin. -->","yoast_head_json":{"title":"Solutions de roulottes personnalis\u00e9es pour les entreprises","description":"D\u00e9couvrez des solutions de roulottes sur mesure con\u00e7ues pour r\u00e9pondre aux besoins de votre entreprise. Durables, fonctionnelles et personnalis\u00e9es par Alantra Leasing. Demandez un devis d\u00e8s aujourd'hui.","robots":{"index":"index","follow":"follow","max-snippet":"max-snippet:-1","max-image-preview":"max-image-preview:large","max-video-preview":"max-video-preview:-1"},"canonical":"https:\/\/www.alantraleasing.com\/fr\/product\/roulottes-sur-mesure\/","og_locale":"fr_FR","og_type":"article","og_title":"Solutions de roulottes personnalis\u00e9es pour les entreprises","og_description":"D\u00e9couvrez des solutions de roulottes sur mesure con\u00e7ues pour r\u00e9pondre aux besoins de votre entreprise. Durables, fonctionnelles et personnalis\u00e9es par Alantra Leasing. Demandez un devis d\u00e8s aujourd'hui.","og_url":"https:\/\/www.alantraleasing.com\/fr\/product\/roulottes-sur-mesure\/","og_site_name":"Alantra","article_publisher":"https:\/\/www.facebook.com\/alantratrailers\/","article_modified_time":"2026-03-13T13:45:04+00:00","og_image":[{"width":2016,"height":1512,"url":"https:\/\/www.alantraleasing.com\/wp-content\/uploads\/2025\/08\/474863596_9203744929674460_2494112345859151479_n.jpg","type":"image\/jpeg"}],"twitter_card":"summary_large_image","twitter_misc":{"Dur\u00e9e de lecture estim\u00e9e":"8 minutes"},"schema":{"@context":"https:\/\/schema.org","@graph":[{"@type":"WebPage","@id":"https:\/\/www.alantraleasing.com\/fr\/product\/roulottes-sur-mesure\/","url":"https:\/\/www.alantraleasing.com\/fr\/product\/roulottes-sur-mesure\/","name":"Solutions de roulottes personnalis\u00e9es pour les entreprises","isPartOf":{"@id":"https:\/\/www.alantraleasing.com\/#website"},"primaryImageOfPage":{"@id":"https:\/\/www.alantraleasing.com\/fr\/product\/roulottes-sur-mesure\/#primaryimage"},"image":{"@id":"https:\/\/www.alantraleasing.com\/fr\/product\/roulottes-sur-mesure\/#primaryimage"},"thumbnailUrl":"https:\/\/www.alantraleasing.com\/wp-content\/uploads\/2025\/08\/474863596_9203744929674460_2494112345859151479_n.jpg","datePublished":"2025-08-25T19:06:28+00:00","dateModified":"2026-03-13T13:45:04+00:00","description":"D\u00e9couvrez des solutions de roulottes sur mesure con\u00e7ues pour r\u00e9pondre aux besoins de votre entreprise. Durables, fonctionnelles et personnalis\u00e9es par Alantra Leasing. Demandez un devis d\u00e8s aujourd'hui.","breadcrumb":{"@id":"https:\/\/www.alantraleasing.com\/fr\/product\/roulottes-sur-mesure\/#breadcrumb"},"inLanguage":"fr-FR","potentialAction":[{"@type":"ReadAction","target":["https:\/\/www.alantraleasing.com\/fr\/product\/roulottes-sur-mesure\/"]}]},{"@type":"ImageObject","inLanguage":"fr-FR","@id":"https:\/\/www.alantraleasing.com\/fr\/product\/roulottes-sur-mesure\/#primaryimage","url":"https:\/\/www.alantraleasing.com\/wp-content\/uploads\/2025\/08\/474863596_9203744929674460_2494112345859151479_n.jpg","contentUrl":"https:\/\/www.alantraleasing.com\/wp-content\/uploads\/2025\/08\/474863596_9203744929674460_2494112345859151479_n.jpg","width":2016,"height":1512,"caption":"CUSTOM TRAILERS"},{"@type":"BreadcrumbList","@id":"https:\/\/www.alantraleasing.com\/fr\/product\/roulottes-sur-mesure\/#breadcrumb","itemListElement":[{"@type":"ListItem","position":1,"name":"Home","item":"https:\/\/www.alantraleasing.com\/fr\/"},{"@type":"ListItem","position":2,"name":"ROULOTTES SUR MESURE"}]},{"@type":"WebSite","@id":"https:\/\/www.alantraleasing.com\/#website","url":"https:\/\/www.alantraleasing.com\/","name":"Alantra Leasing Inc.","description":"Mobile Office Trailer &amp; Modular Building Specialists","publisher":{"@id":"https:\/\/www.alantraleasing.com\/#organization"},"alternateName":"Alantra Leasing","potentialAction":[{"@type":"SearchAction","target":{"@type":"EntryPoint","urlTemplate":"https:\/\/www.alantraleasing.com\/?s={search_term_string}"},"query-input":{"@type":"PropertyValueSpecification","valueRequired":true,"valueName":"search_term_string"}}],"inLanguage":"fr-FR"},{"@type":"Organization","@id":"https:\/\/www.alantraleasing.com\/#organization","name":"Alantra Leasing Inc.","alternateName":"Alantra Leasing","url":"https:\/\/www.alantraleasing.com\/","logo":{"@type":"ImageObject","inLanguage":"fr-FR","@id":"https:\/\/www.alantraleasing.com\/#\/schema\/logo\/image\/","url":"https:\/\/www.alantraleasing.com\/wp-content\/uploads\/2026\/02\/Alantra.png","contentUrl":"https:\/\/www.alantraleasing.com\/wp-content\/uploads\/2026\/02\/Alantra.png","width":1200,"height":1200,"caption":"Alantra Leasing Inc."},"image":{"@id":"https:\/\/www.alantraleasing.com\/#\/schema\/logo\/image\/"},"sameAs":["https:\/\/www.facebook.com\/alantratrailers\/","https:\/\/www.instagram.com\/alantraleasing\/?hl=en","https:\/\/www.linkedin.com\/company\/alantra-leasing-inc-\/","https:\/\/www.youtube.com\/channel\/UC147gZKyzDss4_0nrOOAj6w"]}]}},"_links":{"self":[{"href":"https:\/\/www.alantraleasing.com\/fr\/wp-json\/wp\/v2\/product\/1533","targetHints":{"allow":["GET"]}}],"collection":[{"href":"https:\/\/www.alantraleasing.com\/fr\/wp-json\/wp\/v2\/product"}],"about":[{"href":"https:\/\/www.alantraleasing.com\/fr\/wp-json\/wp\/v2\/types\/product"}],"wp:featuredmedia":[{"embeddable":true,"href":"https:\/\/www.alantraleasing.com\/fr\/wp-json\/wp\/v2\/media\/918"}],"wp:attachment":[{"href":"https:\/\/www.alantraleasing.com\/fr\/wp-json\/wp\/v2\/media?parent=1533"}],"wp:term":[{"taxonomy":"product-category","embeddable":true,"href":"https:\/\/www.alantraleasing.com\/fr\/wp-json\/wp\/v2\/product-category?post=1533"}],"curies":[{"name":"wp","href":"https:\/\/api.w.org\/{rel}","templated":true}]}}