{"id":1532,"date":"2025-08-25T20:05:30","date_gmt":"2025-08-25T23:05:30","guid":{"rendered":"https:\/\/www.alantraleasing.com\/product\/custom-modular-buildings\/"},"modified":"2026-02-26T15:46:06","modified_gmt":"2026-02-26T19:46:06","slug":"batiments-modulaires-sur-mesure","status":"publish","type":"product","link":"https:\/\/www.alantraleasing.com\/fr\/product\/batiments-modulaires-sur-mesure\/","title":{"rendered":"B\u00c2TIMENTS MODULAIRES SUR MESURE"},"content":{"rendered":"\r\n<h2>\r\n\t\t\t\t<\/h2>\r\n<h2>\r\n\t\t\tB\u00c2TIMENTS MODULAIRES SUR MESURE\t<\/h2>\r\n\t<p>Alantra Leasing fournit des b\u00e2timents modulaires qui allient solidit\u00e9, efficacit\u00e9 et flexibilit\u00e9. Notre processus de construction garantit une durabilit\u00e9 et une performance \u00e9nerg\u00e9tique accrues tout en minimisant le gaspillage de mat\u00e9riaux et en r\u00e9duisant les perturbations sur le chantier. Avec des d\u00e9lais de construction plus courts et des conditions de travail plus s\u00e9curitaires, les solutions modulaires constituent une alternative plus intelligente \u00e0 la construction traditionnelle.<\/p>\r\n<p>Con\u00e7us pour adapter \u00e0 vos besoins, nos b\u00e2timents modulaires s&rsquo;int\u00e8grent parfaitement aux structures existantes et peuvent \u00eatre reconfigur\u00e9s \u00e0 mesure que vos besoins \u00e9voluent. De l&rsquo;optimisation d&rsquo;espace \u00e0 l&rsquo;augmentation de la productivit\u00e9 au bureau, ces solutions polyvalentes offrent une valeur \u00e0 long terme tout en respectant les d\u00e9lais et le budget de votre projet.<\/p>\r\n<p>Avec des d\u00e9lais de construction plus courts et des conditions de travail plus s\u00e9curitaire, les solutions modulaires constituent une alternative plus intelligente \u00e0 la construction traditionnelle, parfaite pour r\u00e9duire les co\u00fbts de vos projets d&rsquo;expansion. Si votre \u00e9quipe s&rsquo;agrandit, ces solutions polyvalentes vous aident \u00e0 optimiser l&rsquo;espace, \u00e0 augmenter la productivit\u00e9 et \u00e0 offrir une valeur \u00e0 long terme, tout en respectant les d\u00e9lais et le budget de votre projet.<\/p>\r\n<h3>\r\n\t\t\tNOUS TROUVONS DES SOLUTIONS !\t<\/h3>\r\n<!-- Top Main Slider -->\r\n           <img decoding=\"async\" src=\"https:\/\/www.alantraleasing.com\/wp-content\/uploads\/2025\/08\/3Hb5zjpP1phh5t51dhbzBl9f.jpg-1.webp\" alt=\"Product Image\" \/>\r\n           <img decoding=\"async\" src=\"https:\/\/www.alantraleasing.com\/wp-content\/uploads\/2025\/08\/71hv9pXjjHvJ1hNpLNz3hvVZ.jpg.webp\" alt=\"Product Image\" \/>\r\n           <img decoding=\"async\" src=\"https:\/\/www.alantraleasing.com\/wp-content\/uploads\/2025\/08\/frNv5DvrvTFNrP717bTxXlTRR.jpg.webp\" alt=\"Product Image\" \/>\r\n           <img decoding=\"async\" src=\"https:\/\/www.alantraleasing.com\/wp-content\/uploads\/2025\/08\/HFRlT1NF3PdDrxjLb7jrttx.jpg.webp\" alt=\"Product Image\" \/>\r\n           <img decoding=\"async\" src=\"https:\/\/www.alantraleasing.com\/wp-content\/uploads\/2025\/08\/jFrDTdDXBhPJP9rDHjhpT9jhx.jpg.webp\" alt=\"Product Image\" \/>\r\n           <img decoding=\"async\" src=\"https:\/\/www.alantraleasing.com\/wp-content\/uploads\/2025\/08\/ljlP7BPbF1R3vFjFrXB1PFB.jpg.webp\" alt=\"Product Image\" \/>\r\n           <img decoding=\"async\" src=\"https:\/\/www.alantraleasing.com\/wp-content\/uploads\/2025\/08\/n1p9bbZxD73bhlFfhBPJJbX.jpg.webp\" alt=\"Product Image\" \/>\r\n           <img decoding=\"async\" src=\"https:\/\/www.alantraleasing.com\/wp-content\/uploads\/2025\/08\/v5PXrv5nRzlVFlJpN3X9R5J.jpg.webp\" alt=\"Product Image\" \/>\r\n           <img decoding=\"async\" src=\"https:\/\/www.alantraleasing.com\/wp-content\/uploads\/2025\/08\/VVVBbHVfr13XPvFdF93p57bJx.jpg.webp\" alt=\"Product Image\" \/>\r\n           <img decoding=\"async\" src=\"https:\/\/www.alantraleasing.com\/wp-content\/uploads\/2025\/08\/xnrz5rtDZb5f3Tdpv57lh1HVR.jpg.webp\" alt=\"Product Image\" \/>\r\n           <img decoding=\"async\" src=\"https:\/\/www.alantraleasing.com\/wp-content\/uploads\/2025\/08\/zLTVxhD9dpXljJ7ZbvFzB3f.jpg.webp\" alt=\"Product Image\" \/>\r\n           <img decoding=\"async\" src=\"https:\/\/www.alantraleasing.com\/wp-content\/uploads\/2025\/08\/ZDlv5xTHrh1PNL31VRdbnLj.jpg.webp\" alt=\"Product Image\" \/>\r\n          <img decoding=\"async\" src=\"https:\/\/www.alantraleasing.com\/wp-content\/uploads\/2025\/08\/3Hb5zjpP1phh5t51dhbzBl9f.jpg-1.webp\" alt=\"Product Image\" \/>\r\n          <img decoding=\"async\" src=\"https:\/\/www.alantraleasing.com\/wp-content\/uploads\/2025\/08\/71hv9pXjjHvJ1hNpLNz3hvVZ.jpg.webp\" alt=\"Product Image\" \/>\r\n          <img decoding=\"async\" src=\"https:\/\/www.alantraleasing.com\/wp-content\/uploads\/2025\/08\/frNv5DvrvTFNrP717bTxXlTRR.jpg.webp\" alt=\"Product Image\" \/>\r\n          <img decoding=\"async\" src=\"https:\/\/www.alantraleasing.com\/wp-content\/uploads\/2025\/08\/HFRlT1NF3PdDrxjLb7jrttx.jpg.webp\" alt=\"Product Image\" \/>\r\n          <img decoding=\"async\" src=\"https:\/\/www.alantraleasing.com\/wp-content\/uploads\/2025\/08\/jFrDTdDXBhPJP9rDHjhpT9jhx.jpg.webp\" alt=\"Product Image\" \/>\r\n          <img decoding=\"async\" src=\"https:\/\/www.alantraleasing.com\/wp-content\/uploads\/2025\/08\/ljlP7BPbF1R3vFjFrXB1PFB.jpg.webp\" alt=\"Product Image\" \/>\r\n          <img decoding=\"async\" src=\"https:\/\/www.alantraleasing.com\/wp-content\/uploads\/2025\/08\/n1p9bbZxD73bhlFfhBPJJbX.jpg.webp\" alt=\"Product Image\" \/>\r\n          <img decoding=\"async\" src=\"https:\/\/www.alantraleasing.com\/wp-content\/uploads\/2025\/08\/v5PXrv5nRzlVFlJpN3X9R5J.jpg.webp\" alt=\"Product Image\" \/>\r\n          <img decoding=\"async\" src=\"https:\/\/www.alantraleasing.com\/wp-content\/uploads\/2025\/08\/VVVBbHVfr13XPvFdF93p57bJx.jpg.webp\" alt=\"Product Image\" \/>\r\n          <img decoding=\"async\" src=\"https:\/\/www.alantraleasing.com\/wp-content\/uploads\/2025\/08\/xnrz5rtDZb5f3Tdpv57lh1HVR.jpg.webp\" alt=\"Product Image\" \/>\r\n          <img decoding=\"async\" src=\"https:\/\/www.alantraleasing.com\/wp-content\/uploads\/2025\/08\/zLTVxhD9dpXljJ7ZbvFzB3f.jpg.webp\" alt=\"Product Image\" \/>\r\n          <img decoding=\"async\" src=\"https:\/\/www.alantraleasing.com\/wp-content\/uploads\/2025\/08\/ZDlv5xTHrh1PNL31VRdbnLj.jpg.webp\" alt=\"Product Image\" \/>\r\n<style>\r\n  .product-slider {\r\n    border: 6px solid #2A3071;\r\n    border-radius: 15px;\r\n    position: relative;\r\n    overflow: hidden;\r\n}\r\n.product-slider img {\r\n    height: 450px;\r\n    object-fit: cover;\r\n    width: 100%;\r\n    display: block;\r\n}\r\n.slick-arrow {\r\n    position: absolute !important;\r\n    z-index: 9;\r\n    top: 35%;\r\n    background-color: transparent !important;\r\n    border: none !important;\r\n    font-size: 0;\r\n    background-image: url(https:\/\/www.alantraleasing.com\/wp-content\/uploads\/2025\/07\/Path-12.svg);\r\n    width: 77px;\r\n    height: 151px;\r\n    background-repeat: no-repeat;\r\n    padding: 0;\r\n    background-position: center;\r\n}\r\nbutton.slick-next.slick-arrow {\r\n    right: 0;\r\n     background-image: url(https:\/\/www.alantraleasing.com\/wp-content\/uploads\/2025\/07\/Path-13.svg);\r\n}\r\n.product-slider-nav {\r\n    margin-top: 34px;\r\n}\r\n.product-slide-nav img {\r\n    border: 6px solid;\r\n    height: 126px;\r\n    border-radius: 3px;\r\n    width: 100%;\r\n}\r\n.product-slide-nav {\r\n    padding: 0 9px;\r\n}\r\n.product-slider-wrap-nav {\r\n    margin: 0 -8px;\r\n}\r\n.product-slider-wrap {\r\n    position: relative;\r\n}\r\n.sale_info {\r\n    position: absolute;\r\n    bottom: 25px;\r\n    max-width: 388px;\r\n    background: #0B939C;\r\n    width: 100%;\r\n    color: #fff;\r\n    border-radius: 17px;\r\n    text-align: center;\r\n    left: -31px;\r\n    padding: 8px 40px;\r\n}\r\n.sale_info h3 {\r\n    margin: 0 0 2px;\r\n    font: normal normal 800 35px \/ 27px futura-pt-condensed;\r\n    letter-spacing: 0px;\r\n    color: #FFFFFF;\r\n    text-transform: uppercase;\r\n}\r\n.sale_info p {\r\n    margin: 0;\r\n    font-size: 14px;\r\n    line-height: 17px;\r\n}\r\n.product-slide, .product-slide-nav{\r\n  display: none;\r\n}\r\n.slick-initialized .slick-slide {\r\n    display: block;\r\n}\r\n@media(max-width:800px){\r\n  .slick-arrow {\r\n    background-size: contain;\r\n    height: 58px;\r\n    font-size: 0 !important;\r\n    width: 34px;\r\n}\r\n.sale_info h3 {\r\n    font: normal normal 800 22px \/ 23px futura-pt-condensed;\r\n}\r\n.sale_info {\r\n    bottom: -26px;\r\n    max-width: 388px;\r\n    left: -12px;\r\n    padding: 8px 11px;\r\n}\r\n.product-slider-wrap-nav {\r\n    display: none;\r\n}\r\n.product-slider img {\r\n    height: 320px;\r\n}\r\n.fl-col-group.fl-node-yjrbnw9kxcz3.fl-col-group-equal-height.fl-col-group-align-center.fl-col-group-custom-width {\r\n    display: block !important;\r\n}\r\n}\r\n<\/style><h2>\r\n\t\t\t Pourquoi choisir nos b\u00e2timents modulaires sur mesure :\t<\/h2>\r\n\t<ul>\r\n<li>Optimisation des d\u00e9lais, et du budget<\/li>\r\n<li>Environnement contr\u00f4l\u00e9<\/li>\r\n<li>Efficacit\u00e9 de temps<\/li>\r\n<li>Conception de qualit\u00e9<\/li>\r\n<li>R\u00e9sultats exceptionnels<\/li>\r\n<\/ul>\r\n\r\n","protected":false},"featured_media":2100,"template":"","meta":{"_acf_changed":false},"product-category":[42],"class_list":["post-1532","product","type-product","status-publish","has-post-thumbnail","hentry","product-category-batiments-modulaires-fr"],"acf":[],"yoast_head":"<!-- This site is optimized with the Yoast SEO plugin v27.2 - https:\/\/yoast.com\/product\/yoast-seo-wordpress\/ -->\n<title>B\u00e2timents modulaires personnalis\u00e9s \u00e0 louer<\/title>\n<meta name=\"description\" content=\"Obtenez des b\u00e2timents modulaires personnalis\u00e9s con\u00e7us pour votre entreprise, votre \u00e9cole ou votre chantier. Flexibles, durables et pr\u00eats \u00e0 \u00eatre lou\u00e9s chez Alantra.\" \/>\n<meta name=\"robots\" content=\"index, follow, max-snippet:-1, max-image-preview:large, max-video-preview:-1\" \/>\n<link rel=\"canonical\" href=\"https:\/\/www.alantraleasing.com\/fr\/product\/batiments-modulaires-sur-mesure\/\" \/>\n<meta property=\"og:locale\" content=\"fr_FR\" \/>\n<meta property=\"og:type\" content=\"article\" \/>\n<meta property=\"og:title\" content=\"B\u00e2timents modulaires personnalis\u00e9s \u00e0 louer\" \/>\n<meta property=\"og:description\" content=\"Obtenez des b\u00e2timents modulaires personnalis\u00e9s con\u00e7us pour votre entreprise, votre \u00e9cole ou votre chantier. Flexibles, durables et pr\u00eats \u00e0 \u00eatre lou\u00e9s chez Alantra.\" \/>\n<meta property=\"og:url\" content=\"https:\/\/www.alantraleasing.com\/fr\/product\/batiments-modulaires-sur-mesure\/\" \/>\n<meta property=\"og:site_name\" content=\"Alantra\" \/>\n<meta property=\"article:publisher\" content=\"https:\/\/www.facebook.com\/alantratrailers\/\" \/>\n<meta property=\"article:modified_time\" content=\"2026-02-26T19:46:06+00:00\" \/>\n<meta property=\"og:image\" content=\"https:\/\/www.alantraleasing.com\/wp-content\/uploads\/2025\/08\/Custom-Modular-Building-photo-scaled.jpg\" \/>\n\t<meta property=\"og:image:width\" content=\"2560\" \/>\n\t<meta property=\"og:image:height\" content=\"1920\" \/>\n\t<meta property=\"og:image:type\" content=\"image\/jpeg\" \/>\n<meta name=\"twitter:card\" content=\"summary_large_image\" \/>\n<meta name=\"twitter:label1\" content=\"Dur\u00e9e de lecture estim\u00e9e\" \/>\n\t<meta name=\"twitter:data1\" content=\"6 minutes\" \/>\n<script type=\"application\/ld+json\" class=\"yoast-schema-graph\">{\"@context\":\"https:\/\/schema.org\",\"@graph\":[{\"@type\":\"WebPage\",\"@id\":\"https:\/\/www.alantraleasing.com\/fr\/product\/batiments-modulaires-sur-mesure\/\",\"url\":\"https:\/\/www.alantraleasing.com\/fr\/product\/batiments-modulaires-sur-mesure\/\",\"name\":\"B\u00e2timents modulaires personnalis\u00e9s \u00e0 louer\",\"isPartOf\":{\"@id\":\"https:\/\/www.alantraleasing.com\/#website\"},\"primaryImageOfPage\":{\"@id\":\"https:\/\/www.alantraleasing.com\/fr\/product\/batiments-modulaires-sur-mesure\/#primaryimage\"},\"image\":{\"@id\":\"https:\/\/www.alantraleasing.com\/fr\/product\/batiments-modulaires-sur-mesure\/#primaryimage\"},\"thumbnailUrl\":\"https:\/\/www.alantraleasing.com\/wp-content\/uploads\/2025\/08\/Custom-Modular-Building-photo-scaled.jpg\",\"datePublished\":\"2025-08-25T23:05:30+00:00\",\"dateModified\":\"2026-02-26T19:46:06+00:00\",\"description\":\"Obtenez des b\u00e2timents modulaires personnalis\u00e9s con\u00e7us pour votre entreprise, votre \u00e9cole ou votre chantier. Flexibles, durables et pr\u00eats \u00e0 \u00eatre lou\u00e9s chez Alantra.\",\"breadcrumb\":{\"@id\":\"https:\/\/www.alantraleasing.com\/fr\/product\/batiments-modulaires-sur-mesure\/#breadcrumb\"},\"inLanguage\":\"fr-FR\",\"potentialAction\":[{\"@type\":\"ReadAction\",\"target\":[\"https:\/\/www.alantraleasing.com\/fr\/product\/batiments-modulaires-sur-mesure\/\"]}]},{\"@type\":\"ImageObject\",\"inLanguage\":\"fr-FR\",\"@id\":\"https:\/\/www.alantraleasing.com\/fr\/product\/batiments-modulaires-sur-mesure\/#primaryimage\",\"url\":\"https:\/\/www.alantraleasing.com\/wp-content\/uploads\/2025\/08\/Custom-Modular-Building-photo-scaled.jpg\",\"contentUrl\":\"https:\/\/www.alantraleasing.com\/wp-content\/uploads\/2025\/08\/Custom-Modular-Building-photo-scaled.jpg\",\"width\":2560,\"height\":1920},{\"@type\":\"BreadcrumbList\",\"@id\":\"https:\/\/www.alantraleasing.com\/fr\/product\/batiments-modulaires-sur-mesure\/#breadcrumb\",\"itemListElement\":[{\"@type\":\"ListItem\",\"position\":1,\"name\":\"Home\",\"item\":\"https:\/\/www.alantraleasing.com\/fr\/\"},{\"@type\":\"ListItem\",\"position\":2,\"name\":\"B\u00c2TIMENTS MODULAIRES SUR MESURE\"}]},{\"@type\":\"WebSite\",\"@id\":\"https:\/\/www.alantraleasing.com\/#website\",\"url\":\"https:\/\/www.alantraleasing.com\/\",\"name\":\"Alantra Leasing Inc.\",\"description\":\"Mobile Office Trailer &amp; Modular Building Specialists\",\"publisher\":{\"@id\":\"https:\/\/www.alantraleasing.com\/#organization\"},\"alternateName\":\"Alantra Leasing\",\"potentialAction\":[{\"@type\":\"SearchAction\",\"target\":{\"@type\":\"EntryPoint\",\"urlTemplate\":\"https:\/\/www.alantraleasing.com\/?s={search_term_string}\"},\"query-input\":{\"@type\":\"PropertyValueSpecification\",\"valueRequired\":true,\"valueName\":\"search_term_string\"}}],\"inLanguage\":\"fr-FR\"},{\"@type\":\"Organization\",\"@id\":\"https:\/\/www.alantraleasing.com\/#organization\",\"name\":\"Alantra Leasing Inc.\",\"alternateName\":\"Alantra Leasing\",\"url\":\"https:\/\/www.alantraleasing.com\/\",\"logo\":{\"@type\":\"ImageObject\",\"inLanguage\":\"fr-FR\",\"@id\":\"https:\/\/www.alantraleasing.com\/#\/schema\/logo\/image\/\",\"url\":\"https:\/\/www.alantraleasing.com\/wp-content\/uploads\/2026\/02\/Alantra.png\",\"contentUrl\":\"https:\/\/www.alantraleasing.com\/wp-content\/uploads\/2026\/02\/Alantra.png\",\"width\":1200,\"height\":1200,\"caption\":\"Alantra Leasing Inc.\"},\"image\":{\"@id\":\"https:\/\/www.alantraleasing.com\/#\/schema\/logo\/image\/\"},\"sameAs\":[\"https:\/\/www.facebook.com\/alantratrailers\/\",\"https:\/\/www.instagram.com\/alantraleasing\/?hl=en\",\"https:\/\/www.linkedin.com\/company\/alantra-leasing-inc-\/\",\"https:\/\/www.youtube.com\/channel\/UC147gZKyzDss4_0nrOOAj6w\"]}]}<\/script>\n<!-- \/ Yoast SEO plugin. -->","yoast_head_json":{"title":"B\u00e2timents modulaires personnalis\u00e9s \u00e0 louer","description":"Obtenez des b\u00e2timents modulaires personnalis\u00e9s con\u00e7us pour votre entreprise, votre \u00e9cole ou votre chantier. Flexibles, durables et pr\u00eats \u00e0 \u00eatre lou\u00e9s chez Alantra.","robots":{"index":"index","follow":"follow","max-snippet":"max-snippet:-1","max-image-preview":"max-image-preview:large","max-video-preview":"max-video-preview:-1"},"canonical":"https:\/\/www.alantraleasing.com\/fr\/product\/batiments-modulaires-sur-mesure\/","og_locale":"fr_FR","og_type":"article","og_title":"B\u00e2timents modulaires personnalis\u00e9s \u00e0 louer","og_description":"Obtenez des b\u00e2timents modulaires personnalis\u00e9s con\u00e7us pour votre entreprise, votre \u00e9cole ou votre chantier. Flexibles, durables et pr\u00eats \u00e0 \u00eatre lou\u00e9s chez Alantra.","og_url":"https:\/\/www.alantraleasing.com\/fr\/product\/batiments-modulaires-sur-mesure\/","og_site_name":"Alantra","article_publisher":"https:\/\/www.facebook.com\/alantratrailers\/","article_modified_time":"2026-02-26T19:46:06+00:00","og_image":[{"width":2560,"height":1920,"url":"https:\/\/www.alantraleasing.com\/wp-content\/uploads\/2025\/08\/Custom-Modular-Building-photo-scaled.jpg","type":"image\/jpeg"}],"twitter_card":"summary_large_image","twitter_misc":{"Dur\u00e9e de lecture estim\u00e9e":"6 minutes"},"schema":{"@context":"https:\/\/schema.org","@graph":[{"@type":"WebPage","@id":"https:\/\/www.alantraleasing.com\/fr\/product\/batiments-modulaires-sur-mesure\/","url":"https:\/\/www.alantraleasing.com\/fr\/product\/batiments-modulaires-sur-mesure\/","name":"B\u00e2timents modulaires personnalis\u00e9s \u00e0 louer","isPartOf":{"@id":"https:\/\/www.alantraleasing.com\/#website"},"primaryImageOfPage":{"@id":"https:\/\/www.alantraleasing.com\/fr\/product\/batiments-modulaires-sur-mesure\/#primaryimage"},"image":{"@id":"https:\/\/www.alantraleasing.com\/fr\/product\/batiments-modulaires-sur-mesure\/#primaryimage"},"thumbnailUrl":"https:\/\/www.alantraleasing.com\/wp-content\/uploads\/2025\/08\/Custom-Modular-Building-photo-scaled.jpg","datePublished":"2025-08-25T23:05:30+00:00","dateModified":"2026-02-26T19:46:06+00:00","description":"Obtenez des b\u00e2timents modulaires personnalis\u00e9s con\u00e7us pour votre entreprise, votre \u00e9cole ou votre chantier. Flexibles, durables et pr\u00eats \u00e0 \u00eatre lou\u00e9s chez Alantra.","breadcrumb":{"@id":"https:\/\/www.alantraleasing.com\/fr\/product\/batiments-modulaires-sur-mesure\/#breadcrumb"},"inLanguage":"fr-FR","potentialAction":[{"@type":"ReadAction","target":["https:\/\/www.alantraleasing.com\/fr\/product\/batiments-modulaires-sur-mesure\/"]}]},{"@type":"ImageObject","inLanguage":"fr-FR","@id":"https:\/\/www.alantraleasing.com\/fr\/product\/batiments-modulaires-sur-mesure\/#primaryimage","url":"https:\/\/www.alantraleasing.com\/wp-content\/uploads\/2025\/08\/Custom-Modular-Building-photo-scaled.jpg","contentUrl":"https:\/\/www.alantraleasing.com\/wp-content\/uploads\/2025\/08\/Custom-Modular-Building-photo-scaled.jpg","width":2560,"height":1920},{"@type":"BreadcrumbList","@id":"https:\/\/www.alantraleasing.com\/fr\/product\/batiments-modulaires-sur-mesure\/#breadcrumb","itemListElement":[{"@type":"ListItem","position":1,"name":"Home","item":"https:\/\/www.alantraleasing.com\/fr\/"},{"@type":"ListItem","position":2,"name":"B\u00c2TIMENTS MODULAIRES SUR MESURE"}]},{"@type":"WebSite","@id":"https:\/\/www.alantraleasing.com\/#website","url":"https:\/\/www.alantraleasing.com\/","name":"Alantra Leasing Inc.","description":"Mobile Office Trailer &amp; Modular Building Specialists","publisher":{"@id":"https:\/\/www.alantraleasing.com\/#organization"},"alternateName":"Alantra Leasing","potentialAction":[{"@type":"SearchAction","target":{"@type":"EntryPoint","urlTemplate":"https:\/\/www.alantraleasing.com\/?s={search_term_string}"},"query-input":{"@type":"PropertyValueSpecification","valueRequired":true,"valueName":"search_term_string"}}],"inLanguage":"fr-FR"},{"@type":"Organization","@id":"https:\/\/www.alantraleasing.com\/#organization","name":"Alantra Leasing Inc.","alternateName":"Alantra Leasing","url":"https:\/\/www.alantraleasing.com\/","logo":{"@type":"ImageObject","inLanguage":"fr-FR","@id":"https:\/\/www.alantraleasing.com\/#\/schema\/logo\/image\/","url":"https:\/\/www.alantraleasing.com\/wp-content\/uploads\/2026\/02\/Alantra.png","contentUrl":"https:\/\/www.alantraleasing.com\/wp-content\/uploads\/2026\/02\/Alantra.png","width":1200,"height":1200,"caption":"Alantra Leasing Inc."},"image":{"@id":"https:\/\/www.alantraleasing.com\/#\/schema\/logo\/image\/"},"sameAs":["https:\/\/www.facebook.com\/alantratrailers\/","https:\/\/www.instagram.com\/alantraleasing\/?hl=en","https:\/\/www.linkedin.com\/company\/alantra-leasing-inc-\/","https:\/\/www.youtube.com\/channel\/UC147gZKyzDss4_0nrOOAj6w"]}]}},"_links":{"self":[{"href":"https:\/\/www.alantraleasing.com\/fr\/wp-json\/wp\/v2\/product\/1532","targetHints":{"allow":["GET"]}}],"collection":[{"href":"https:\/\/www.alantraleasing.com\/fr\/wp-json\/wp\/v2\/product"}],"about":[{"href":"https:\/\/www.alantraleasing.com\/fr\/wp-json\/wp\/v2\/types\/product"}],"wp:featuredmedia":[{"embeddable":true,"href":"https:\/\/www.alantraleasing.com\/fr\/wp-json\/wp\/v2\/media\/2100"}],"wp:attachment":[{"href":"https:\/\/www.alantraleasing.com\/fr\/wp-json\/wp\/v2\/media?parent=1532"}],"wp:term":[{"taxonomy":"product-category","embeddable":true,"href":"https:\/\/www.alantraleasing.com\/fr\/wp-json\/wp\/v2\/product-category?post=1532"}],"curies":[{"name":"wp","href":"https:\/\/api.w.org\/{rel}","templated":true}]}}