{"id":1531,"date":"2025-08-25T16:33:33","date_gmt":"2025-08-25T19:33:33","guid":{"rendered":"https:\/\/www.alantraleasing.com\/product\/clearance\/"},"modified":"2026-04-07T13:19:35","modified_gmt":"2026-04-07T16:19:35","slug":"liquidation","status":"publish","type":"product","link":"https:\/\/www.alantraleasing.com\/fr\/product\/liquidation\/","title":{"rendered":"LIQUIDATION"},"content":{"rendered":"\r\n<h2>\r\n\t\t\t\t<\/h2>\r\n<h2>\r\n\t\t\tLIQUIDATION\t<\/h2>\r\n\t<p>Consultez notre liste de soldes ci-dessous pour profiter d&rsquo;offres exceptionnelles sur notre parc de v\u00e9hicules ou nos produits d&rsquo;occasion.<\/p>\r\n<p>Revenez r\u00e9guli\u00e8rement pour d\u00e9couvrir les nouveaux articles ajout\u00e9s \u00e0 notre page de soldes.<\/p>\r\n<h2>\r\n\t\t\t\t<\/h2>\r\n<h2>\r\n\t\t\tGazebo | 10&#215;12 \t<\/h2>\r\n\t<h3>7 100 $ + TVH | <strong data-start=\"251\" data-end=\"274\">FAB <\/strong>Goose Bay, Terre-Neuve-et-Labrador<\/h3>\r\n\tVeuillez contacter :<br \/>\r\n<strong>George Rodgers &#8211; 709-896-1560<\/strong><br \/>\r\n<strong>Todd Broomfield &#8211; 709-899-1143<\/strong><br \/>\r\nE-mail : <strong>todd@alantraleasing.com<\/strong>\r\n<p><a href=\"https:\/\/www.alantraleasing.com\/wp-content\/uploads\/2025\/08\/gazebo_brochure_-_nl.pdf\" target=\"_blank\" rel=\"noopener\"><strong>Cliquez ici pour plus d&rsquo;informations<\/strong><\/a><\/p>\r\n\t<p><strong>Caract\u00e9ristiques :<\/strong><\/p>\r\n<ul>\r\n<li data-section-id=\"1so31dz\" data-start=\"65\" data-end=\"89\">B\u00e2timent de 8 pi<\/li>\r\n<li data-section-id=\"9lg4y3\" data-start=\"90\" data-end=\"124\">Dimensions : 10 pi x 12 pi<\/li>\r\n<li data-section-id=\"1jfs2dj\" data-start=\"125\" data-end=\"167\">Charpente en bois trait\u00e9 (bois PT)<\/li>\r\n<li data-section-id=\"1qgvn0l\" data-start=\"168\" data-end=\"215\">Construit sur patins en 6&#215;6 bois trait\u00e9<\/li>\r\n<li data-section-id=\"1ykvhi7\" data-start=\"216\" data-end=\"241\">Bardeaux d&rsquo;asphalte<\/li>\r\n<\/ul>\r\n<p>&nbsp;<\/p>\r\n<!-- Top Main Slider -->\r\n           <img decoding=\"async\" src=\"https:\/\/www.alantraleasing.com\/wp-content\/uploads\/2025\/08\/photo_6172320698656208886_y.jpg\" alt=\"Product Image\" \/>\r\n           <img decoding=\"async\" src=\"https:\/\/www.alantraleasing.com\/wp-content\/uploads\/2025\/08\/IMG_6209.jpg\" alt=\"Product Image\" \/>\r\n          <img decoding=\"async\" src=\"https:\/\/www.alantraleasing.com\/wp-content\/uploads\/2025\/08\/photo_6172320698656208886_y.jpg\" alt=\"Product Image\" \/>\r\n          <img decoding=\"async\" src=\"https:\/\/www.alantraleasing.com\/wp-content\/uploads\/2025\/08\/IMG_6209.jpg\" alt=\"Product Image\" \/>\r\n<style>\r\n  .product-slider {\r\n    border: 6px solid #2A3071;\r\n    border-radius: 15px;\r\n    position: relative;\r\n    overflow: hidden;\r\n}\r\n.product-slider img {\r\n    height: 450px;\r\n    object-fit: cover;\r\n    width: 100%;\r\n    display: block;\r\n}\r\n.slick-arrow {\r\n    position: absolute !important;\r\n    z-index: 9;\r\n    top: 35%;\r\n    background-color: transparent !important;\r\n    border: none !important;\r\n    font-size: 0;\r\n    background-image: url(https:\/\/www.alantraleasing.com\/wp-content\/uploads\/2025\/07\/Path-12.svg);\r\n    width: 77px;\r\n    height: 151px;\r\n    background-repeat: no-repeat;\r\n    padding: 0;\r\n    background-position: center;\r\n}\r\nbutton.slick-next.slick-arrow {\r\n    right: 0;\r\n     background-image: url(https:\/\/www.alantraleasing.com\/wp-content\/uploads\/2025\/07\/Path-13.svg);\r\n}\r\n.product-slider-nav {\r\n    margin-top: 34px;\r\n}\r\n.product-slide-nav img {\r\n    border: 6px solid;\r\n    height: 126px;\r\n    border-radius: 3px;\r\n    width: 100%;\r\n}\r\n.product-slide-nav {\r\n    padding: 0 9px;\r\n}\r\n.product-slider-wrap-nav {\r\n    margin: 0 -8px;\r\n}\r\n.product-slider-wrap {\r\n    position: relative;\r\n}\r\n.sale_info {\r\n    position: absolute;\r\n    bottom: 25px;\r\n    max-width: 388px;\r\n    background: #0B939C;\r\n    width: 100%;\r\n    color: #fff;\r\n    border-radius: 17px;\r\n    text-align: center;\r\n    left: -31px;\r\n    padding: 8px 40px;\r\n}\r\n.sale_info h3 {\r\n    margin: 0 0 2px;\r\n    font: normal normal 800 35px \/ 27px futura-pt-condensed;\r\n    letter-spacing: 0px;\r\n    color: #FFFFFF;\r\n    text-transform: uppercase;\r\n}\r\n.sale_info p {\r\n    margin: 0;\r\n    font-size: 14px;\r\n    line-height: 17px;\r\n}\r\n.product-slide, .product-slide-nav{\r\n  display: none;\r\n}\r\n.slick-initialized .slick-slide {\r\n    display: block;\r\n}\r\n@media(max-width:800px){\r\n  .slick-arrow {\r\n    background-size: contain;\r\n    height: 58px;\r\n    font-size: 0 !important;\r\n    width: 34px;\r\n}\r\n.sale_info h3 {\r\n    font: normal normal 800 22px \/ 23px futura-pt-condensed;\r\n}\r\n.sale_info {\r\n    bottom: -26px;\r\n    max-width: 388px;\r\n    left: -12px;\r\n    padding: 8px 11px;\r\n}\r\n.product-slider-wrap-nav {\r\n    display: none;\r\n}\r\n.product-slider img {\r\n    height: 320px;\r\n}\r\n.fl-col-group.fl-node-yjrbnw9kxcz3.fl-col-group-equal-height.fl-col-group-align-center.fl-col-group-custom-width {\r\n    display: block !important;\r\n}\r\n}\r\n<\/style><h2>\r\n\t\t\t\t<\/h2>\r\n<h2>\r\n\t\t\tCottage 1 chambre | 50 x 12 \t<\/h2>\r\n\t<h3>110 000 $ | FAB Dorchester, ON<\/h3>\r\n\tVeuillez contacter :<br \/>\r\n<strong>Scott Houston<\/strong><br \/>\r\nT\u00e9l\u00e9phone : <strong>519-200-1717<\/strong><br \/>\r\nE-mail : <strong>houston@execulink.com<\/strong>\r\n<p><a href=\"https:\/\/tbhcf.com\/50x12cottage\/\" target=\"_blank\" rel=\"noopener\"><strong> Cliquez ici pour plus d&rsquo;informations<\/strong><\/a><\/p>\r\n\t<p><strong>Caract\u00e9ristiques :<\/strong><\/p>\r\n<ul>\r\n<li>Repeint, nettoy\u00e9 et poli \u00e0 l&rsquo;int\u00e9rieur comme \u00e0 l&rsquo;ext\u00e9rieur &#8211; pr\u00eat \u00e0 emm\u00e9nager !<\/li>\r\n<li>Enti\u00e8rement \u00e9quip\u00e9, 50 pi x 12 pi (non meubl\u00e9)<\/li>\r\n<li>2 climatiseurs de 6000 BTU<\/li>\r\n<li>Chauffage \u00e0 plinthes \u00e9lectriques<\/li>\r\n<li>Laveuse et s\u00e9cheuse superpos\u00e9es<\/li>\r\n<li>R\u00e9frig\u00e9rateur pleine grandeur<\/li>\r\n<li>Cuisini\u00e8re<\/li>\r\n<li>Lave-vaisselle<\/li>\r\n<li>Hotte de cuisine avec sortie ext\u00e9rieure<\/li>\r\n<li>R\u00e9servoir d&rsquo;eau chaude de 40 gallons<\/li>\r\n<li>Panneau \u00e9lectrique 100 A et panneau de donn\u00e9es Internet<\/li>\r\n<li>Hivernis\u00e9 et isol\u00e9<\/li>\r\n<li>Approuv\u00e9 CSA<\/li>\r\n<\/ul>\r\n<p>Plans de conception, toutes les dimensions et informations disponibles sur demande. La livraison n&rsquo;est pas comprise, mais peut \u00eatre n\u00e9goci\u00e9e moyennant un suppl\u00e9ment.<\/p>\r\n<p><strong><a href=\"https:\/\/www.alantraleasing.com\/wp-content\/uploads\/2025\/08\/50-x-12-Cottage-Brochure.pdf\" target=\"_blank\" rel=\"noopener\">T\u00e9l\u00e9chargez notre affiche !<\/a><\/strong><\/p>\r\n<!-- Top Main Slider -->\r\n           <img decoding=\"async\" src=\"https:\/\/www.alantraleasing.com\/wp-content\/uploads\/2025\/08\/trailerFront.jpg\" alt=\"Product Image\" \/>\r\n           <img decoding=\"async\" src=\"https:\/\/www.alantraleasing.com\/wp-content\/uploads\/2025\/08\/f7c46e04-385e-433a-a382-accfcc555f75.jpg\" alt=\"Product Image\" \/>\r\n           <img decoding=\"async\" src=\"https:\/\/www.alantraleasing.com\/wp-content\/uploads\/2025\/08\/608df96d-622a-4c0f-8d66-2d9364e3012d.jpg\" alt=\"Product Image\" \/>\r\n           <img decoding=\"async\" src=\"https:\/\/www.alantraleasing.com\/wp-content\/uploads\/2025\/08\/Dining-into-Living-Area-50-x-12-Cottage-3-1.jpeg\" alt=\"Product Image\" \/>\r\n           <img decoding=\"async\" src=\"https:\/\/www.alantraleasing.com\/wp-content\/uploads\/2025\/08\/Living-Area-50-x-12-Cottage-1-1.jpeg\" alt=\"Product Image\" \/>\r\n           <img decoding=\"async\" src=\"https:\/\/www.alantraleasing.com\/wp-content\/uploads\/2025\/08\/Bedroom-50-x-12-Cottage-11.jpeg\" alt=\"Product Image\" \/>\r\n           <img decoding=\"async\" src=\"https:\/\/www.alantraleasing.com\/wp-content\/uploads\/2025\/08\/Bedroom-50-x-12-Cottage-12.jpeg\" alt=\"Product Image\" \/>\r\n           <img decoding=\"async\" src=\"https:\/\/www.alantraleasing.com\/wp-content\/uploads\/2025\/08\/Entrance-Hallway-50-x-12-Cottage-10.jpeg\" alt=\"Product Image\" \/>\r\n           <img decoding=\"async\" src=\"https:\/\/www.alantraleasing.com\/wp-content\/uploads\/2025\/08\/Stacking-Washer-Dryer-Hot-Water-Tank-Walk-in-Shower-50-x-12-Cottage-9.jpeg\" alt=\"Product Image\" \/>\r\n           <img decoding=\"async\" src=\"https:\/\/www.alantraleasing.com\/wp-content\/uploads\/2025\/08\/Washroom-50-x-12-Cottage-8.jpeg\" alt=\"Product Image\" \/>\r\n           <img decoding=\"async\" src=\"https:\/\/www.alantraleasing.com\/wp-content\/uploads\/2025\/08\/Washroom-Stacking-Washer-Dryer-50-x-12-Cottage-7.jpeg\" alt=\"Product Image\" \/>\r\n           <img decoding=\"async\" src=\"https:\/\/www.alantraleasing.com\/wp-content\/uploads\/2025\/08\/Dining-Area-50-x-12-Cottage-6.jpeg\" alt=\"Product Image\" \/>\r\n           <img decoding=\"async\" src=\"https:\/\/www.alantraleasing.com\/wp-content\/uploads\/2025\/08\/Washroom-Stacking-Washer-Dryer-50-x-12-Cottage-5.jpeg\" alt=\"Product Image\" \/>\r\n           <img decoding=\"async\" src=\"https:\/\/www.alantraleasing.com\/wp-content\/uploads\/2025\/08\/Fully-Equipped-Kitchen-50-x-12-Cottage-4.jpeg\" alt=\"Product Image\" \/>\r\n           <img decoding=\"async\" src=\"https:\/\/www.alantraleasing.com\/wp-content\/uploads\/2025\/08\/Living-Area-50-x-12-Cottage-2.jpeg\" alt=\"Product Image\" \/>\r\n          <img decoding=\"async\" src=\"https:\/\/www.alantraleasing.com\/wp-content\/uploads\/2025\/08\/trailerFront.jpg\" alt=\"Product Image\" \/>\r\n          <img decoding=\"async\" src=\"https:\/\/www.alantraleasing.com\/wp-content\/uploads\/2025\/08\/f7c46e04-385e-433a-a382-accfcc555f75.jpg\" alt=\"Product Image\" \/>\r\n          <img decoding=\"async\" src=\"https:\/\/www.alantraleasing.com\/wp-content\/uploads\/2025\/08\/608df96d-622a-4c0f-8d66-2d9364e3012d.jpg\" alt=\"Product Image\" \/>\r\n          <img decoding=\"async\" src=\"https:\/\/www.alantraleasing.com\/wp-content\/uploads\/2025\/08\/Dining-into-Living-Area-50-x-12-Cottage-3-1.jpeg\" alt=\"Product Image\" \/>\r\n          <img decoding=\"async\" src=\"https:\/\/www.alantraleasing.com\/wp-content\/uploads\/2025\/08\/Living-Area-50-x-12-Cottage-1-1.jpeg\" alt=\"Product Image\" \/>\r\n          <img decoding=\"async\" src=\"https:\/\/www.alantraleasing.com\/wp-content\/uploads\/2025\/08\/Bedroom-50-x-12-Cottage-11.jpeg\" alt=\"Product Image\" \/>\r\n          <img decoding=\"async\" src=\"https:\/\/www.alantraleasing.com\/wp-content\/uploads\/2025\/08\/Bedroom-50-x-12-Cottage-12.jpeg\" alt=\"Product Image\" \/>\r\n          <img decoding=\"async\" src=\"https:\/\/www.alantraleasing.com\/wp-content\/uploads\/2025\/08\/Entrance-Hallway-50-x-12-Cottage-10.jpeg\" alt=\"Product Image\" \/>\r\n          <img decoding=\"async\" src=\"https:\/\/www.alantraleasing.com\/wp-content\/uploads\/2025\/08\/Stacking-Washer-Dryer-Hot-Water-Tank-Walk-in-Shower-50-x-12-Cottage-9.jpeg\" alt=\"Product Image\" \/>\r\n          <img decoding=\"async\" src=\"https:\/\/www.alantraleasing.com\/wp-content\/uploads\/2025\/08\/Washroom-50-x-12-Cottage-8.jpeg\" alt=\"Product Image\" \/>\r\n          <img decoding=\"async\" src=\"https:\/\/www.alantraleasing.com\/wp-content\/uploads\/2025\/08\/Washroom-Stacking-Washer-Dryer-50-x-12-Cottage-7.jpeg\" alt=\"Product Image\" \/>\r\n          <img decoding=\"async\" src=\"https:\/\/www.alantraleasing.com\/wp-content\/uploads\/2025\/08\/Dining-Area-50-x-12-Cottage-6.jpeg\" alt=\"Product Image\" \/>\r\n          <img decoding=\"async\" src=\"https:\/\/www.alantraleasing.com\/wp-content\/uploads\/2025\/08\/Washroom-Stacking-Washer-Dryer-50-x-12-Cottage-5.jpeg\" alt=\"Product Image\" \/>\r\n          <img decoding=\"async\" src=\"https:\/\/www.alantraleasing.com\/wp-content\/uploads\/2025\/08\/Fully-Equipped-Kitchen-50-x-12-Cottage-4.jpeg\" alt=\"Product Image\" \/>\r\n          <img decoding=\"async\" src=\"https:\/\/www.alantraleasing.com\/wp-content\/uploads\/2025\/08\/Living-Area-50-x-12-Cottage-2.jpeg\" alt=\"Product Image\" \/>\r\n<style>\r\n  .product-slider {\r\n    border: 6px solid #2A3071;\r\n    border-radius: 15px;\r\n    position: relative;\r\n    overflow: hidden;\r\n}\r\n.product-slider img {\r\n    height: 450px;\r\n    object-fit: cover;\r\n    width: 100%;\r\n    display: block;\r\n}\r\n.slick-arrow {\r\n    position: absolute !important;\r\n    z-index: 9;\r\n    top: 35%;\r\n    background-color: transparent !important;\r\n    border: none !important;\r\n    font-size: 0;\r\n    background-image: url(https:\/\/www.alantraleasing.com\/wp-content\/uploads\/2025\/07\/Path-12.svg);\r\n    width: 77px;\r\n    height: 151px;\r\n    background-repeat: no-repeat;\r\n    padding: 0;\r\n    background-position: center;\r\n}\r\nbutton.slick-next.slick-arrow {\r\n    right: 0;\r\n     background-image: url(https:\/\/www.alantraleasing.com\/wp-content\/uploads\/2025\/07\/Path-13.svg);\r\n}\r\n.product-slider-nav {\r\n    margin-top: 34px;\r\n}\r\n.product-slide-nav img {\r\n    border: 6px solid;\r\n    height: 126px;\r\n    border-radius: 3px;\r\n    width: 100%;\r\n}\r\n.product-slide-nav {\r\n    padding: 0 9px;\r\n}\r\n.product-slider-wrap-nav {\r\n    margin: 0 -8px;\r\n}\r\n.product-slider-wrap {\r\n    position: relative;\r\n}\r\n.sale_info {\r\n    position: absolute;\r\n    bottom: 25px;\r\n    max-width: 388px;\r\n    background: #0B939C;\r\n    width: 100%;\r\n    color: #fff;\r\n    border-radius: 17px;\r\n    text-align: center;\r\n    left: -31px;\r\n    padding: 8px 40px;\r\n}\r\n.sale_info h3 {\r\n    margin: 0 0 2px;\r\n    font: normal normal 800 35px \/ 27px futura-pt-condensed;\r\n    letter-spacing: 0px;\r\n    color: #FFFFFF;\r\n    text-transform: uppercase;\r\n}\r\n.sale_info p {\r\n    margin: 0;\r\n    font-size: 14px;\r\n    line-height: 17px;\r\n}\r\n.product-slide, .product-slide-nav{\r\n  display: none;\r\n}\r\n.slick-initialized .slick-slide {\r\n    display: block;\r\n}\r\n@media(max-width:800px){\r\n  .slick-arrow {\r\n    background-size: contain;\r\n    height: 58px;\r\n    font-size: 0 !important;\r\n    width: 34px;\r\n}\r\n.sale_info h3 {\r\n    font: normal normal 800 22px \/ 23px futura-pt-condensed;\r\n}\r\n.sale_info {\r\n    bottom: -26px;\r\n    max-width: 388px;\r\n    left: -12px;\r\n    padding: 8px 11px;\r\n}\r\n.product-slider-wrap-nav {\r\n    display: none;\r\n}\r\n.product-slider img {\r\n    height: 320px;\r\n}\r\n.fl-col-group.fl-node-yjrbnw9kxcz3.fl-col-group-equal-height.fl-col-group-align-center.fl-col-group-custom-width {\r\n    display: block !important;\r\n}\r\n}\r\n<\/style>\r\n","protected":false},"featured_media":388,"template":"","meta":{"_acf_changed":false},"product-category":[],"class_list":["post-1531","product","type-product","status-publish","has-post-thumbnail","hentry"],"acf":[],"yoast_head":"<!-- This site is optimized with the Yoast SEO plugin v27.2 - https:\/\/yoast.com\/product\/yoast-seo-wordpress\/ -->\n<title>Trailer Clearance &amp; Discounted Units Sale | Alantra<\/title>\n<meta name=\"description\" content=\"Shop discounted trailers and equipment in our clearance section. Limited inventory, great prices, and ready-to-lease options. View current deals today.\" \/>\n<meta name=\"robots\" content=\"index, follow, max-snippet:-1, max-image-preview:large, max-video-preview:-1\" \/>\n<link rel=\"canonical\" href=\"https:\/\/www.alantraleasing.com\/fr\/product\/liquidation\/\" \/>\n<meta property=\"og:locale\" content=\"fr_FR\" \/>\n<meta property=\"og:type\" content=\"article\" \/>\n<meta property=\"og:title\" content=\"Trailer Clearance &amp; Discounted Units Sale | Alantra\" \/>\n<meta property=\"og:description\" content=\"Shop discounted trailers and equipment in our clearance section. Limited inventory, great prices, and ready-to-lease options. View current deals today.\" \/>\n<meta property=\"og:url\" content=\"https:\/\/www.alantraleasing.com\/fr\/product\/liquidation\/\" \/>\n<meta property=\"og:site_name\" content=\"Alantra\" \/>\n<meta property=\"article:publisher\" content=\"https:\/\/www.facebook.com\/alantratrailers\/\" \/>\n<meta property=\"article:modified_time\" content=\"2026-04-07T16:19:35+00:00\" \/>\n<meta property=\"og:image\" content=\"https:\/\/www.alantraleasing.com\/wp-content\/uploads\/2025\/07\/fb656862293b42a8a1b5663702a7d3a6.png\" \/>\n\t<meta property=\"og:image:width\" content=\"596\" \/>\n\t<meta property=\"og:image:height\" content=\"415\" \/>\n\t<meta property=\"og:image:type\" content=\"image\/png\" \/>\n<meta name=\"twitter:card\" content=\"summary_large_image\" \/>\n<meta name=\"twitter:label1\" content=\"Dur\u00e9e de lecture estim\u00e9e\" \/>\n\t<meta name=\"twitter:data1\" content=\"8 minutes\" \/>\n<script type=\"application\/ld+json\" class=\"yoast-schema-graph\">{\"@context\":\"https:\/\/schema.org\",\"@graph\":[{\"@type\":\"WebPage\",\"@id\":\"https:\/\/www.alantraleasing.com\/fr\/product\/liquidation\/\",\"url\":\"https:\/\/www.alantraleasing.com\/fr\/product\/liquidation\/\",\"name\":\"Trailer Clearance & Discounted Units Sale | Alantra\",\"isPartOf\":{\"@id\":\"https:\/\/www.alantraleasing.com\/#website\"},\"primaryImageOfPage\":{\"@id\":\"https:\/\/www.alantraleasing.com\/fr\/product\/liquidation\/#primaryimage\"},\"image\":{\"@id\":\"https:\/\/www.alantraleasing.com\/fr\/product\/liquidation\/#primaryimage\"},\"thumbnailUrl\":\"https:\/\/www.alantraleasing.com\/wp-content\/uploads\/2025\/07\/fb656862293b42a8a1b5663702a7d3a6.png\",\"datePublished\":\"2025-08-25T19:33:33+00:00\",\"dateModified\":\"2026-04-07T16:19:35+00:00\",\"description\":\"Shop discounted trailers and equipment in our clearance section. Limited inventory, great prices, and ready-to-lease options. View current deals today.\",\"breadcrumb\":{\"@id\":\"https:\/\/www.alantraleasing.com\/fr\/product\/liquidation\/#breadcrumb\"},\"inLanguage\":\"fr-FR\",\"potentialAction\":[{\"@type\":\"ReadAction\",\"target\":[\"https:\/\/www.alantraleasing.com\/fr\/product\/liquidation\/\"]}]},{\"@type\":\"ImageObject\",\"inLanguage\":\"fr-FR\",\"@id\":\"https:\/\/www.alantraleasing.com\/fr\/product\/liquidation\/#primaryimage\",\"url\":\"https:\/\/www.alantraleasing.com\/wp-content\/uploads\/2025\/07\/fb656862293b42a8a1b5663702a7d3a6.png\",\"contentUrl\":\"https:\/\/www.alantraleasing.com\/wp-content\/uploads\/2025\/07\/fb656862293b42a8a1b5663702a7d3a6.png\",\"width\":596,\"height\":415,\"caption\":\"products\"},{\"@type\":\"BreadcrumbList\",\"@id\":\"https:\/\/www.alantraleasing.com\/fr\/product\/liquidation\/#breadcrumb\",\"itemListElement\":[{\"@type\":\"ListItem\",\"position\":1,\"name\":\"Home\",\"item\":\"https:\/\/www.alantraleasing.com\/fr\/\"},{\"@type\":\"ListItem\",\"position\":2,\"name\":\"LIQUIDATION\"}]},{\"@type\":\"WebSite\",\"@id\":\"https:\/\/www.alantraleasing.com\/#website\",\"url\":\"https:\/\/www.alantraleasing.com\/\",\"name\":\"Alantra Leasing Inc.\",\"description\":\"Mobile Office Trailer &amp; Modular Building Specialists\",\"publisher\":{\"@id\":\"https:\/\/www.alantraleasing.com\/#organization\"},\"alternateName\":\"Alantra Leasing\",\"potentialAction\":[{\"@type\":\"SearchAction\",\"target\":{\"@type\":\"EntryPoint\",\"urlTemplate\":\"https:\/\/www.alantraleasing.com\/?s={search_term_string}\"},\"query-input\":{\"@type\":\"PropertyValueSpecification\",\"valueRequired\":true,\"valueName\":\"search_term_string\"}}],\"inLanguage\":\"fr-FR\"},{\"@type\":\"Organization\",\"@id\":\"https:\/\/www.alantraleasing.com\/#organization\",\"name\":\"Alantra Leasing Inc.\",\"alternateName\":\"Alantra Leasing\",\"url\":\"https:\/\/www.alantraleasing.com\/\",\"logo\":{\"@type\":\"ImageObject\",\"inLanguage\":\"fr-FR\",\"@id\":\"https:\/\/www.alantraleasing.com\/#\/schema\/logo\/image\/\",\"url\":\"https:\/\/www.alantraleasing.com\/wp-content\/uploads\/2026\/02\/Alantra.png\",\"contentUrl\":\"https:\/\/www.alantraleasing.com\/wp-content\/uploads\/2026\/02\/Alantra.png\",\"width\":1200,\"height\":1200,\"caption\":\"Alantra Leasing Inc.\"},\"image\":{\"@id\":\"https:\/\/www.alantraleasing.com\/#\/schema\/logo\/image\/\"},\"sameAs\":[\"https:\/\/www.facebook.com\/alantratrailers\/\",\"https:\/\/www.instagram.com\/alantraleasing\/?hl=en\",\"https:\/\/www.linkedin.com\/company\/alantra-leasing-inc-\/\",\"https:\/\/www.youtube.com\/channel\/UC147gZKyzDss4_0nrOOAj6w\"]}]}<\/script>\n<!-- \/ Yoast SEO plugin. -->","yoast_head_json":{"title":"Trailer Clearance & Discounted Units Sale | Alantra","description":"Shop discounted trailers and equipment in our clearance section. Limited inventory, great prices, and ready-to-lease options. View current deals today.","robots":{"index":"index","follow":"follow","max-snippet":"max-snippet:-1","max-image-preview":"max-image-preview:large","max-video-preview":"max-video-preview:-1"},"canonical":"https:\/\/www.alantraleasing.com\/fr\/product\/liquidation\/","og_locale":"fr_FR","og_type":"article","og_title":"Trailer Clearance & Discounted Units Sale | Alantra","og_description":"Shop discounted trailers and equipment in our clearance section. Limited inventory, great prices, and ready-to-lease options. View current deals today.","og_url":"https:\/\/www.alantraleasing.com\/fr\/product\/liquidation\/","og_site_name":"Alantra","article_publisher":"https:\/\/www.facebook.com\/alantratrailers\/","article_modified_time":"2026-04-07T16:19:35+00:00","og_image":[{"width":596,"height":415,"url":"https:\/\/www.alantraleasing.com\/wp-content\/uploads\/2025\/07\/fb656862293b42a8a1b5663702a7d3a6.png","type":"image\/png"}],"twitter_card":"summary_large_image","twitter_misc":{"Dur\u00e9e de lecture estim\u00e9e":"8 minutes"},"schema":{"@context":"https:\/\/schema.org","@graph":[{"@type":"WebPage","@id":"https:\/\/www.alantraleasing.com\/fr\/product\/liquidation\/","url":"https:\/\/www.alantraleasing.com\/fr\/product\/liquidation\/","name":"Trailer Clearance & Discounted Units Sale | Alantra","isPartOf":{"@id":"https:\/\/www.alantraleasing.com\/#website"},"primaryImageOfPage":{"@id":"https:\/\/www.alantraleasing.com\/fr\/product\/liquidation\/#primaryimage"},"image":{"@id":"https:\/\/www.alantraleasing.com\/fr\/product\/liquidation\/#primaryimage"},"thumbnailUrl":"https:\/\/www.alantraleasing.com\/wp-content\/uploads\/2025\/07\/fb656862293b42a8a1b5663702a7d3a6.png","datePublished":"2025-08-25T19:33:33+00:00","dateModified":"2026-04-07T16:19:35+00:00","description":"Shop discounted trailers and equipment in our clearance section. Limited inventory, great prices, and ready-to-lease options. View current deals today.","breadcrumb":{"@id":"https:\/\/www.alantraleasing.com\/fr\/product\/liquidation\/#breadcrumb"},"inLanguage":"fr-FR","potentialAction":[{"@type":"ReadAction","target":["https:\/\/www.alantraleasing.com\/fr\/product\/liquidation\/"]}]},{"@type":"ImageObject","inLanguage":"fr-FR","@id":"https:\/\/www.alantraleasing.com\/fr\/product\/liquidation\/#primaryimage","url":"https:\/\/www.alantraleasing.com\/wp-content\/uploads\/2025\/07\/fb656862293b42a8a1b5663702a7d3a6.png","contentUrl":"https:\/\/www.alantraleasing.com\/wp-content\/uploads\/2025\/07\/fb656862293b42a8a1b5663702a7d3a6.png","width":596,"height":415,"caption":"products"},{"@type":"BreadcrumbList","@id":"https:\/\/www.alantraleasing.com\/fr\/product\/liquidation\/#breadcrumb","itemListElement":[{"@type":"ListItem","position":1,"name":"Home","item":"https:\/\/www.alantraleasing.com\/fr\/"},{"@type":"ListItem","position":2,"name":"LIQUIDATION"}]},{"@type":"WebSite","@id":"https:\/\/www.alantraleasing.com\/#website","url":"https:\/\/www.alantraleasing.com\/","name":"Alantra Leasing Inc.","description":"Mobile Office Trailer &amp; Modular Building Specialists","publisher":{"@id":"https:\/\/www.alantraleasing.com\/#organization"},"alternateName":"Alantra Leasing","potentialAction":[{"@type":"SearchAction","target":{"@type":"EntryPoint","urlTemplate":"https:\/\/www.alantraleasing.com\/?s={search_term_string}"},"query-input":{"@type":"PropertyValueSpecification","valueRequired":true,"valueName":"search_term_string"}}],"inLanguage":"fr-FR"},{"@type":"Organization","@id":"https:\/\/www.alantraleasing.com\/#organization","name":"Alantra Leasing Inc.","alternateName":"Alantra Leasing","url":"https:\/\/www.alantraleasing.com\/","logo":{"@type":"ImageObject","inLanguage":"fr-FR","@id":"https:\/\/www.alantraleasing.com\/#\/schema\/logo\/image\/","url":"https:\/\/www.alantraleasing.com\/wp-content\/uploads\/2026\/02\/Alantra.png","contentUrl":"https:\/\/www.alantraleasing.com\/wp-content\/uploads\/2026\/02\/Alantra.png","width":1200,"height":1200,"caption":"Alantra Leasing Inc."},"image":{"@id":"https:\/\/www.alantraleasing.com\/#\/schema\/logo\/image\/"},"sameAs":["https:\/\/www.facebook.com\/alantratrailers\/","https:\/\/www.instagram.com\/alantraleasing\/?hl=en","https:\/\/www.linkedin.com\/company\/alantra-leasing-inc-\/","https:\/\/www.youtube.com\/channel\/UC147gZKyzDss4_0nrOOAj6w"]}]}},"_links":{"self":[{"href":"https:\/\/www.alantraleasing.com\/fr\/wp-json\/wp\/v2\/product\/1531","targetHints":{"allow":["GET"]}}],"collection":[{"href":"https:\/\/www.alantraleasing.com\/fr\/wp-json\/wp\/v2\/product"}],"about":[{"href":"https:\/\/www.alantraleasing.com\/fr\/wp-json\/wp\/v2\/types\/product"}],"wp:featuredmedia":[{"embeddable":true,"href":"https:\/\/www.alantraleasing.com\/fr\/wp-json\/wp\/v2\/media\/388"}],"wp:attachment":[{"href":"https:\/\/www.alantraleasing.com\/fr\/wp-json\/wp\/v2\/media?parent=1531"}],"wp:term":[{"taxonomy":"product-category","embeddable":true,"href":"https:\/\/www.alantraleasing.com\/fr\/wp-json\/wp\/v2\/product-category?post=1531"}],"curies":[{"name":"wp","href":"https:\/\/api.w.org\/{rel}","templated":true}]}}