{"id":1530,"date":"2025-08-25T18:16:35","date_gmt":"2025-08-25T21:16:35","guid":{"rendered":"https:\/\/www.alantraleasing.com\/product\/6-unit-shared-washroom\/"},"modified":"2026-02-27T10:03:30","modified_gmt":"2026-02-27T14:03:30","slug":"6-unites-salle-de-bain-commune","status":"publish","type":"product","link":"https:\/\/www.alantraleasing.com\/fr\/product\/6-unites-salle-de-bain-commune\/","title":{"rendered":"6 unit\u00e9s salle de bain commune"},"content":{"rendered":"\r\n<h2>\r\n\t\t\t\t<\/h2>\r\n<h2>\r\n\t\t\t6 unit\u00e9s salle de bain commune\t<\/h2>\r\n\t<p>Chaque unit\u00e9 est \u00e9quip\u00e9e de sa propre chambre, salle de bain et cuisinette.<\/p>\r\n\t\t\t\t<a href=\"https:\/\/www.alantraleasing.com\/wp-content\/uploads\/2025\/08\/6-unit-jack-and-jill-1.pdf\"  target=\"_blank\" rel=\"noopener\"  itemprop=\"url\">\r\n\t\t\t\t<img decoding=\"async\" src=\"https:\/\/www.alantraleasing.com\/wp-content\/uploads\/2025\/08\/Screenshot-2025-08-25-at-3.15.51-PM.png\" alt=\"Screenshot 2025-08-25 at 3.15.51\u202fPM\" itemprop=\"image\" height=\"1214\" width=\"1986\" title=\"Screenshot 2025-08-25 at 3.15.51\u202fPM\" onerror=\"this.style.display='none'\" loading=\"lazy\" \/>\r\n\t\t\t\t<\/a>\r\n\r\n","protected":false},"featured_media":1063,"template":"","meta":{"_acf_changed":false},"product-category":[40],"class_list":["post-1530","product","type-product","status-publish","has-post-thumbnail","hentry","product-category-roulottes-dortoirs-fr"],"acf":[],"yoast_head":"<!-- This site is optimized with the Yoast SEO plugin v27.2 - https:\/\/yoast.com\/product\/yoast-seo-wordpress\/ -->\n<title>Remorques \u00e0 6 unit\u00e9s avec salle de bain commune | Alantra<\/title>\n<meta name=\"description\" content=\"Louez des remorques \u00e0 6 unit\u00e9s \u00e9quip\u00e9es de salles de bain communes. Id\u00e9ales pour les \u00e9quipes travaillant dans des endroits isol\u00e9s ou sur des sites industriels. Alantra facilite la location.\" \/>\n<meta name=\"robots\" content=\"index, follow, max-snippet:-1, max-image-preview:large, max-video-preview:-1\" \/>\n<link rel=\"canonical\" href=\"https:\/\/www.alantraleasing.com\/fr\/product\/6-unites-salle-de-bain-commune\/\" \/>\n<meta property=\"og:locale\" content=\"fr_FR\" \/>\n<meta property=\"og:type\" content=\"article\" \/>\n<meta property=\"og:title\" content=\"Remorques \u00e0 6 unit\u00e9s avec salle de bain commune | Alantra\" \/>\n<meta property=\"og:description\" content=\"Louez des remorques \u00e0 6 unit\u00e9s \u00e9quip\u00e9es de salles de bain communes. Id\u00e9ales pour les \u00e9quipes travaillant dans des endroits isol\u00e9s ou sur des sites industriels. Alantra facilite la location.\" \/>\n<meta property=\"og:url\" content=\"https:\/\/www.alantraleasing.com\/fr\/product\/6-unites-salle-de-bain-commune\/\" \/>\n<meta property=\"og:site_name\" content=\"Alantra\" \/>\n<meta property=\"article:publisher\" content=\"https:\/\/www.facebook.com\/alantratrailers\/\" \/>\n<meta property=\"article:modified_time\" content=\"2026-02-27T14:03:30+00:00\" \/>\n<meta property=\"og:image\" content=\"https:\/\/www.alantraleasing.com\/wp-content\/uploads\/2025\/08\/DSC06844-1.jpg\" \/>\n\t<meta property=\"og:image:width\" content=\"1920\" \/>\n\t<meta property=\"og:image:height\" content=\"1080\" \/>\n\t<meta property=\"og:image:type\" content=\"image\/jpeg\" \/>\n<meta name=\"twitter:card\" content=\"summary_large_image\" \/>\n<meta name=\"twitter:label1\" content=\"Dur\u00e9e de lecture estim\u00e9e\" \/>\n\t<meta name=\"twitter:data1\" content=\"1 minute\" \/>\n<script type=\"application\/ld+json\" class=\"yoast-schema-graph\">{\"@context\":\"https:\/\/schema.org\",\"@graph\":[{\"@type\":\"WebPage\",\"@id\":\"https:\/\/www.alantraleasing.com\/fr\/product\/6-unites-salle-de-bain-commune\/\",\"url\":\"https:\/\/www.alantraleasing.com\/fr\/product\/6-unites-salle-de-bain-commune\/\",\"name\":\"Remorques \u00e0 6 unit\u00e9s avec salle de bain commune | Alantra\",\"isPartOf\":{\"@id\":\"https:\/\/www.alantraleasing.com\/#website\"},\"primaryImageOfPage\":{\"@id\":\"https:\/\/www.alantraleasing.com\/fr\/product\/6-unites-salle-de-bain-commune\/#primaryimage\"},\"image\":{\"@id\":\"https:\/\/www.alantraleasing.com\/fr\/product\/6-unites-salle-de-bain-commune\/#primaryimage\"},\"thumbnailUrl\":\"https:\/\/www.alantraleasing.com\/wp-content\/uploads\/2025\/08\/DSC06844-1.jpg\",\"datePublished\":\"2025-08-25T21:16:35+00:00\",\"dateModified\":\"2026-02-27T14:03:30+00:00\",\"description\":\"Louez des remorques \u00e0 6 unit\u00e9s \u00e9quip\u00e9es de salles de bain communes. Id\u00e9ales pour les \u00e9quipes travaillant dans des endroits isol\u00e9s ou sur des sites industriels. Alantra facilite la location.\",\"breadcrumb\":{\"@id\":\"https:\/\/www.alantraleasing.com\/fr\/product\/6-unites-salle-de-bain-commune\/#breadcrumb\"},\"inLanguage\":\"fr-FR\",\"potentialAction\":[{\"@type\":\"ReadAction\",\"target\":[\"https:\/\/www.alantraleasing.com\/fr\/product\/6-unites-salle-de-bain-commune\/\"]}]},{\"@type\":\"ImageObject\",\"inLanguage\":\"fr-FR\",\"@id\":\"https:\/\/www.alantraleasing.com\/fr\/product\/6-unites-salle-de-bain-commune\/#primaryimage\",\"url\":\"https:\/\/www.alantraleasing.com\/wp-content\/uploads\/2025\/08\/DSC06844-1.jpg\",\"contentUrl\":\"https:\/\/www.alantraleasing.com\/wp-content\/uploads\/2025\/08\/DSC06844-1.jpg\",\"width\":1920,\"height\":1080},{\"@type\":\"BreadcrumbList\",\"@id\":\"https:\/\/www.alantraleasing.com\/fr\/product\/6-unites-salle-de-bain-commune\/#breadcrumb\",\"itemListElement\":[{\"@type\":\"ListItem\",\"position\":1,\"name\":\"Home\",\"item\":\"https:\/\/www.alantraleasing.com\/fr\/\"},{\"@type\":\"ListItem\",\"position\":2,\"name\":\"6 unit\u00e9s salle de bain commune\"}]},{\"@type\":\"WebSite\",\"@id\":\"https:\/\/www.alantraleasing.com\/#website\",\"url\":\"https:\/\/www.alantraleasing.com\/\",\"name\":\"Alantra Leasing Inc.\",\"description\":\"Mobile Office Trailer &amp; Modular Building Specialists\",\"publisher\":{\"@id\":\"https:\/\/www.alantraleasing.com\/#organization\"},\"alternateName\":\"Alantra Leasing\",\"potentialAction\":[{\"@type\":\"SearchAction\",\"target\":{\"@type\":\"EntryPoint\",\"urlTemplate\":\"https:\/\/www.alantraleasing.com\/?s={search_term_string}\"},\"query-input\":{\"@type\":\"PropertyValueSpecification\",\"valueRequired\":true,\"valueName\":\"search_term_string\"}}],\"inLanguage\":\"fr-FR\"},{\"@type\":\"Organization\",\"@id\":\"https:\/\/www.alantraleasing.com\/#organization\",\"name\":\"Alantra Leasing Inc.\",\"alternateName\":\"Alantra Leasing\",\"url\":\"https:\/\/www.alantraleasing.com\/\",\"logo\":{\"@type\":\"ImageObject\",\"inLanguage\":\"fr-FR\",\"@id\":\"https:\/\/www.alantraleasing.com\/#\/schema\/logo\/image\/\",\"url\":\"https:\/\/www.alantraleasing.com\/wp-content\/uploads\/2026\/02\/Alantra.png\",\"contentUrl\":\"https:\/\/www.alantraleasing.com\/wp-content\/uploads\/2026\/02\/Alantra.png\",\"width\":1200,\"height\":1200,\"caption\":\"Alantra Leasing Inc.\"},\"image\":{\"@id\":\"https:\/\/www.alantraleasing.com\/#\/schema\/logo\/image\/\"},\"sameAs\":[\"https:\/\/www.facebook.com\/alantratrailers\/\",\"https:\/\/www.instagram.com\/alantraleasing\/?hl=en\",\"https:\/\/www.linkedin.com\/company\/alantra-leasing-inc-\/\",\"https:\/\/www.youtube.com\/channel\/UC147gZKyzDss4_0nrOOAj6w\"]}]}<\/script>\n<!-- \/ Yoast SEO plugin. -->","yoast_head_json":{"title":"Remorques \u00e0 6 unit\u00e9s avec salle de bain commune | Alantra","description":"Louez des remorques \u00e0 6 unit\u00e9s \u00e9quip\u00e9es de salles de bain communes. Id\u00e9ales pour les \u00e9quipes travaillant dans des endroits isol\u00e9s ou sur des sites industriels. Alantra facilite la location.","robots":{"index":"index","follow":"follow","max-snippet":"max-snippet:-1","max-image-preview":"max-image-preview:large","max-video-preview":"max-video-preview:-1"},"canonical":"https:\/\/www.alantraleasing.com\/fr\/product\/6-unites-salle-de-bain-commune\/","og_locale":"fr_FR","og_type":"article","og_title":"Remorques \u00e0 6 unit\u00e9s avec salle de bain commune | Alantra","og_description":"Louez des remorques \u00e0 6 unit\u00e9s \u00e9quip\u00e9es de salles de bain communes. Id\u00e9ales pour les \u00e9quipes travaillant dans des endroits isol\u00e9s ou sur des sites industriels. Alantra facilite la location.","og_url":"https:\/\/www.alantraleasing.com\/fr\/product\/6-unites-salle-de-bain-commune\/","og_site_name":"Alantra","article_publisher":"https:\/\/www.facebook.com\/alantratrailers\/","article_modified_time":"2026-02-27T14:03:30+00:00","og_image":[{"width":1920,"height":1080,"url":"https:\/\/www.alantraleasing.com\/wp-content\/uploads\/2025\/08\/DSC06844-1.jpg","type":"image\/jpeg"}],"twitter_card":"summary_large_image","twitter_misc":{"Dur\u00e9e de lecture estim\u00e9e":"1 minute"},"schema":{"@context":"https:\/\/schema.org","@graph":[{"@type":"WebPage","@id":"https:\/\/www.alantraleasing.com\/fr\/product\/6-unites-salle-de-bain-commune\/","url":"https:\/\/www.alantraleasing.com\/fr\/product\/6-unites-salle-de-bain-commune\/","name":"Remorques \u00e0 6 unit\u00e9s avec salle de bain commune | Alantra","isPartOf":{"@id":"https:\/\/www.alantraleasing.com\/#website"},"primaryImageOfPage":{"@id":"https:\/\/www.alantraleasing.com\/fr\/product\/6-unites-salle-de-bain-commune\/#primaryimage"},"image":{"@id":"https:\/\/www.alantraleasing.com\/fr\/product\/6-unites-salle-de-bain-commune\/#primaryimage"},"thumbnailUrl":"https:\/\/www.alantraleasing.com\/wp-content\/uploads\/2025\/08\/DSC06844-1.jpg","datePublished":"2025-08-25T21:16:35+00:00","dateModified":"2026-02-27T14:03:30+00:00","description":"Louez des remorques \u00e0 6 unit\u00e9s \u00e9quip\u00e9es de salles de bain communes. Id\u00e9ales pour les \u00e9quipes travaillant dans des endroits isol\u00e9s ou sur des sites industriels. Alantra facilite la location.","breadcrumb":{"@id":"https:\/\/www.alantraleasing.com\/fr\/product\/6-unites-salle-de-bain-commune\/#breadcrumb"},"inLanguage":"fr-FR","potentialAction":[{"@type":"ReadAction","target":["https:\/\/www.alantraleasing.com\/fr\/product\/6-unites-salle-de-bain-commune\/"]}]},{"@type":"ImageObject","inLanguage":"fr-FR","@id":"https:\/\/www.alantraleasing.com\/fr\/product\/6-unites-salle-de-bain-commune\/#primaryimage","url":"https:\/\/www.alantraleasing.com\/wp-content\/uploads\/2025\/08\/DSC06844-1.jpg","contentUrl":"https:\/\/www.alantraleasing.com\/wp-content\/uploads\/2025\/08\/DSC06844-1.jpg","width":1920,"height":1080},{"@type":"BreadcrumbList","@id":"https:\/\/www.alantraleasing.com\/fr\/product\/6-unites-salle-de-bain-commune\/#breadcrumb","itemListElement":[{"@type":"ListItem","position":1,"name":"Home","item":"https:\/\/www.alantraleasing.com\/fr\/"},{"@type":"ListItem","position":2,"name":"6 unit\u00e9s salle de bain commune"}]},{"@type":"WebSite","@id":"https:\/\/www.alantraleasing.com\/#website","url":"https:\/\/www.alantraleasing.com\/","name":"Alantra Leasing Inc.","description":"Mobile Office Trailer &amp; Modular Building Specialists","publisher":{"@id":"https:\/\/www.alantraleasing.com\/#organization"},"alternateName":"Alantra Leasing","potentialAction":[{"@type":"SearchAction","target":{"@type":"EntryPoint","urlTemplate":"https:\/\/www.alantraleasing.com\/?s={search_term_string}"},"query-input":{"@type":"PropertyValueSpecification","valueRequired":true,"valueName":"search_term_string"}}],"inLanguage":"fr-FR"},{"@type":"Organization","@id":"https:\/\/www.alantraleasing.com\/#organization","name":"Alantra Leasing Inc.","alternateName":"Alantra Leasing","url":"https:\/\/www.alantraleasing.com\/","logo":{"@type":"ImageObject","inLanguage":"fr-FR","@id":"https:\/\/www.alantraleasing.com\/#\/schema\/logo\/image\/","url":"https:\/\/www.alantraleasing.com\/wp-content\/uploads\/2026\/02\/Alantra.png","contentUrl":"https:\/\/www.alantraleasing.com\/wp-content\/uploads\/2026\/02\/Alantra.png","width":1200,"height":1200,"caption":"Alantra Leasing Inc."},"image":{"@id":"https:\/\/www.alantraleasing.com\/#\/schema\/logo\/image\/"},"sameAs":["https:\/\/www.facebook.com\/alantratrailers\/","https:\/\/www.instagram.com\/alantraleasing\/?hl=en","https:\/\/www.linkedin.com\/company\/alantra-leasing-inc-\/","https:\/\/www.youtube.com\/channel\/UC147gZKyzDss4_0nrOOAj6w"]}]}},"_links":{"self":[{"href":"https:\/\/www.alantraleasing.com\/fr\/wp-json\/wp\/v2\/product\/1530","targetHints":{"allow":["GET"]}}],"collection":[{"href":"https:\/\/www.alantraleasing.com\/fr\/wp-json\/wp\/v2\/product"}],"about":[{"href":"https:\/\/www.alantraleasing.com\/fr\/wp-json\/wp\/v2\/types\/product"}],"wp:featuredmedia":[{"embeddable":true,"href":"https:\/\/www.alantraleasing.com\/fr\/wp-json\/wp\/v2\/media\/1063"}],"wp:attachment":[{"href":"https:\/\/www.alantraleasing.com\/fr\/wp-json\/wp\/v2\/media?parent=1530"}],"wp:term":[{"taxonomy":"product-category","embeddable":true,"href":"https:\/\/www.alantraleasing.com\/fr\/wp-json\/wp\/v2\/product-category?post=1530"}],"curies":[{"name":"wp","href":"https:\/\/api.w.org\/{rel}","templated":true}]}}