{"id":1527,"date":"2025-08-25T18:11:45","date_gmt":"2025-08-25T21:11:45","guid":{"rendered":"https:\/\/www.alantraleasing.com\/product\/3-unit-bachelor-style\/"},"modified":"2026-02-27T10:23:14","modified_gmt":"2026-02-27T14:23:14","slug":"studio-3-pieces","status":"publish","type":"product","link":"https:\/\/www.alantraleasing.com\/fr\/product\/studio-3-pieces\/","title":{"rendered":"Studio 3 pi\u00e8ces"},"content":{"rendered":"\r\n<h2>\r\n\t\t\t\t<\/h2>\r\n<h2>\r\n\t\t\tStudio 3 pi\u00e8ces\t<\/h2>\r\n\t<p>Chaque appartement est \u00e9quip\u00e9 une chambre, une salle de bain et une cuisinette.<\/p>\r\n\t\t\t\t<a href=\"https:\/\/www.alantraleasing.com\/wp-content\/uploads\/2025\/08\/3-man-bunkhouse-alantra-leasing-1.pdf\"  target=\"_blank\" rel=\"noopener\"  itemprop=\"url\">\r\n\t\t\t\t<img decoding=\"async\" src=\"https:\/\/www.alantraleasing.com\/wp-content\/uploads\/2025\/08\/Screenshot-2025-08-25-at-3.10.58-PM.png\" alt=\"Screenshot 2025-08-25 at 3.10.58\u202fPM\" itemprop=\"image\" height=\"1214\" width=\"1986\" title=\"Screenshot 2025-08-25 at 3.10.58\u202fPM\" onerror=\"this.style.display='none'\" loading=\"lazy\" \/>\r\n\t\t\t\t<\/a>\r\n\r\n","protected":false},"featured_media":1057,"template":"","meta":{"_acf_changed":false},"product-category":[40],"class_list":["post-1527","product","type-product","status-publish","has-post-thumbnail","hentry","product-category-roulottes-dortoirs-fr"],"acf":[],"yoast_head":"<!-- This site is optimized with the Yoast SEO plugin v27.2 - https:\/\/yoast.com\/product\/yoast-seo-wordpress\/ -->\n<title>Remorques de type studio \u00e0 3 unit\u00e9s | Alantra<\/title>\n<meta name=\"description\" content=\"3 unit\u00e9s BachelRent Remorques de type studio \u00e0 3 unit\u00e9s pour les chantiers ou les lieux de vie isol\u00e9s. Compactes, confortables et enti\u00e8rement \u00e9quip\u00e9es. Demandez d\u00e8s aujourd&#039;hui un devis \u00e0 Alantra.ou Style Trailers | Alantra\" \/>\n<meta name=\"robots\" content=\"index, follow, max-snippet:-1, max-image-preview:large, max-video-preview:-1\" \/>\n<link rel=\"canonical\" href=\"https:\/\/www.alantraleasing.com\/fr\/product\/studio-3-pieces\/\" \/>\n<meta property=\"og:locale\" content=\"fr_FR\" \/>\n<meta property=\"og:type\" content=\"article\" \/>\n<meta property=\"og:title\" content=\"Remorques de type studio \u00e0 3 unit\u00e9s | Alantra\" \/>\n<meta property=\"og:description\" content=\"3 unit\u00e9s BachelRent Remorques de type studio \u00e0 3 unit\u00e9s pour les chantiers ou les lieux de vie isol\u00e9s. Compactes, confortables et enti\u00e8rement \u00e9quip\u00e9es. Demandez d\u00e8s aujourd&#039;hui un devis \u00e0 Alantra.ou Style Trailers | Alantra\" \/>\n<meta property=\"og:url\" content=\"https:\/\/www.alantraleasing.com\/fr\/product\/studio-3-pieces\/\" \/>\n<meta property=\"og:site_name\" content=\"Alantra\" \/>\n<meta property=\"article:publisher\" content=\"https:\/\/www.facebook.com\/alantratrailers\/\" \/>\n<meta property=\"article:modified_time\" content=\"2026-02-27T14:23:14+00:00\" \/>\n<meta property=\"og:image\" content=\"https:\/\/www.alantraleasing.com\/wp-content\/uploads\/2025\/08\/492809359_1253336903465285_3312090400704088661_n.jpg\" \/>\n\t<meta property=\"og:image:width\" content=\"2048\" \/>\n\t<meta property=\"og:image:height\" content=\"1073\" \/>\n\t<meta property=\"og:image:type\" content=\"image\/jpeg\" \/>\n<meta name=\"twitter:card\" content=\"summary_large_image\" \/>\n<meta name=\"twitter:label1\" content=\"Dur\u00e9e de lecture estim\u00e9e\" \/>\n\t<meta name=\"twitter:data1\" content=\"1 minute\" \/>\n<script type=\"application\/ld+json\" class=\"yoast-schema-graph\">{\"@context\":\"https:\/\/schema.org\",\"@graph\":[{\"@type\":\"WebPage\",\"@id\":\"https:\/\/www.alantraleasing.com\/fr\/product\/studio-3-pieces\/\",\"url\":\"https:\/\/www.alantraleasing.com\/fr\/product\/studio-3-pieces\/\",\"name\":\"Remorques de type studio \u00e0 3 unit\u00e9s | Alantra\",\"isPartOf\":{\"@id\":\"https:\/\/www.alantraleasing.com\/#website\"},\"primaryImageOfPage\":{\"@id\":\"https:\/\/www.alantraleasing.com\/fr\/product\/studio-3-pieces\/#primaryimage\"},\"image\":{\"@id\":\"https:\/\/www.alantraleasing.com\/fr\/product\/studio-3-pieces\/#primaryimage\"},\"thumbnailUrl\":\"https:\/\/www.alantraleasing.com\/wp-content\/uploads\/2025\/08\/492809359_1253336903465285_3312090400704088661_n.jpg\",\"datePublished\":\"2025-08-25T21:11:45+00:00\",\"dateModified\":\"2026-02-27T14:23:14+00:00\",\"description\":\"3 unit\u00e9s BachelRent Remorques de type studio \u00e0 3 unit\u00e9s pour les chantiers ou les lieux de vie isol\u00e9s. Compactes, confortables et enti\u00e8rement \u00e9quip\u00e9es. Demandez d\u00e8s aujourd'hui un devis \u00e0 Alantra.ou Style Trailers | Alantra\",\"breadcrumb\":{\"@id\":\"https:\/\/www.alantraleasing.com\/fr\/product\/studio-3-pieces\/#breadcrumb\"},\"inLanguage\":\"fr-FR\",\"potentialAction\":[{\"@type\":\"ReadAction\",\"target\":[\"https:\/\/www.alantraleasing.com\/fr\/product\/studio-3-pieces\/\"]}]},{\"@type\":\"ImageObject\",\"inLanguage\":\"fr-FR\",\"@id\":\"https:\/\/www.alantraleasing.com\/fr\/product\/studio-3-pieces\/#primaryimage\",\"url\":\"https:\/\/www.alantraleasing.com\/wp-content\/uploads\/2025\/08\/492809359_1253336903465285_3312090400704088661_n.jpg\",\"contentUrl\":\"https:\/\/www.alantraleasing.com\/wp-content\/uploads\/2025\/08\/492809359_1253336903465285_3312090400704088661_n.jpg\",\"width\":2048,\"height\":1073,\"caption\":\"Bunkhouse Trailers\"},{\"@type\":\"BreadcrumbList\",\"@id\":\"https:\/\/www.alantraleasing.com\/fr\/product\/studio-3-pieces\/#breadcrumb\",\"itemListElement\":[{\"@type\":\"ListItem\",\"position\":1,\"name\":\"Home\",\"item\":\"https:\/\/www.alantraleasing.com\/fr\/\"},{\"@type\":\"ListItem\",\"position\":2,\"name\":\"Studio 3 pi\u00e8ces\"}]},{\"@type\":\"WebSite\",\"@id\":\"https:\/\/www.alantraleasing.com\/#website\",\"url\":\"https:\/\/www.alantraleasing.com\/\",\"name\":\"Alantra Leasing Inc.\",\"description\":\"Mobile Office Trailer &amp; Modular Building Specialists\",\"publisher\":{\"@id\":\"https:\/\/www.alantraleasing.com\/#organization\"},\"alternateName\":\"Alantra Leasing\",\"potentialAction\":[{\"@type\":\"SearchAction\",\"target\":{\"@type\":\"EntryPoint\",\"urlTemplate\":\"https:\/\/www.alantraleasing.com\/?s={search_term_string}\"},\"query-input\":{\"@type\":\"PropertyValueSpecification\",\"valueRequired\":true,\"valueName\":\"search_term_string\"}}],\"inLanguage\":\"fr-FR\"},{\"@type\":\"Organization\",\"@id\":\"https:\/\/www.alantraleasing.com\/#organization\",\"name\":\"Alantra Leasing Inc.\",\"alternateName\":\"Alantra Leasing\",\"url\":\"https:\/\/www.alantraleasing.com\/\",\"logo\":{\"@type\":\"ImageObject\",\"inLanguage\":\"fr-FR\",\"@id\":\"https:\/\/www.alantraleasing.com\/#\/schema\/logo\/image\/\",\"url\":\"https:\/\/www.alantraleasing.com\/wp-content\/uploads\/2026\/02\/Alantra.png\",\"contentUrl\":\"https:\/\/www.alantraleasing.com\/wp-content\/uploads\/2026\/02\/Alantra.png\",\"width\":1200,\"height\":1200,\"caption\":\"Alantra Leasing Inc.\"},\"image\":{\"@id\":\"https:\/\/www.alantraleasing.com\/#\/schema\/logo\/image\/\"},\"sameAs\":[\"https:\/\/www.facebook.com\/alantratrailers\/\",\"https:\/\/www.instagram.com\/alantraleasing\/?hl=en\",\"https:\/\/www.linkedin.com\/company\/alantra-leasing-inc-\/\",\"https:\/\/www.youtube.com\/channel\/UC147gZKyzDss4_0nrOOAj6w\"]}]}<\/script>\n<!-- \/ Yoast SEO plugin. -->","yoast_head_json":{"title":"Remorques de type studio \u00e0 3 unit\u00e9s | Alantra","description":"3 unit\u00e9s BachelRent Remorques de type studio \u00e0 3 unit\u00e9s pour les chantiers ou les lieux de vie isol\u00e9s. Compactes, confortables et enti\u00e8rement \u00e9quip\u00e9es. Demandez d\u00e8s aujourd'hui un devis \u00e0 Alantra.ou Style Trailers | Alantra","robots":{"index":"index","follow":"follow","max-snippet":"max-snippet:-1","max-image-preview":"max-image-preview:large","max-video-preview":"max-video-preview:-1"},"canonical":"https:\/\/www.alantraleasing.com\/fr\/product\/studio-3-pieces\/","og_locale":"fr_FR","og_type":"article","og_title":"Remorques de type studio \u00e0 3 unit\u00e9s | Alantra","og_description":"3 unit\u00e9s BachelRent Remorques de type studio \u00e0 3 unit\u00e9s pour les chantiers ou les lieux de vie isol\u00e9s. Compactes, confortables et enti\u00e8rement \u00e9quip\u00e9es. Demandez d\u00e8s aujourd'hui un devis \u00e0 Alantra.ou Style Trailers | Alantra","og_url":"https:\/\/www.alantraleasing.com\/fr\/product\/studio-3-pieces\/","og_site_name":"Alantra","article_publisher":"https:\/\/www.facebook.com\/alantratrailers\/","article_modified_time":"2026-02-27T14:23:14+00:00","og_image":[{"width":2048,"height":1073,"url":"https:\/\/www.alantraleasing.com\/wp-content\/uploads\/2025\/08\/492809359_1253336903465285_3312090400704088661_n.jpg","type":"image\/jpeg"}],"twitter_card":"summary_large_image","twitter_misc":{"Dur\u00e9e de lecture estim\u00e9e":"1 minute"},"schema":{"@context":"https:\/\/schema.org","@graph":[{"@type":"WebPage","@id":"https:\/\/www.alantraleasing.com\/fr\/product\/studio-3-pieces\/","url":"https:\/\/www.alantraleasing.com\/fr\/product\/studio-3-pieces\/","name":"Remorques de type studio \u00e0 3 unit\u00e9s | Alantra","isPartOf":{"@id":"https:\/\/www.alantraleasing.com\/#website"},"primaryImageOfPage":{"@id":"https:\/\/www.alantraleasing.com\/fr\/product\/studio-3-pieces\/#primaryimage"},"image":{"@id":"https:\/\/www.alantraleasing.com\/fr\/product\/studio-3-pieces\/#primaryimage"},"thumbnailUrl":"https:\/\/www.alantraleasing.com\/wp-content\/uploads\/2025\/08\/492809359_1253336903465285_3312090400704088661_n.jpg","datePublished":"2025-08-25T21:11:45+00:00","dateModified":"2026-02-27T14:23:14+00:00","description":"3 unit\u00e9s BachelRent Remorques de type studio \u00e0 3 unit\u00e9s pour les chantiers ou les lieux de vie isol\u00e9s. Compactes, confortables et enti\u00e8rement \u00e9quip\u00e9es. Demandez d\u00e8s aujourd'hui un devis \u00e0 Alantra.ou Style Trailers | Alantra","breadcrumb":{"@id":"https:\/\/www.alantraleasing.com\/fr\/product\/studio-3-pieces\/#breadcrumb"},"inLanguage":"fr-FR","potentialAction":[{"@type":"ReadAction","target":["https:\/\/www.alantraleasing.com\/fr\/product\/studio-3-pieces\/"]}]},{"@type":"ImageObject","inLanguage":"fr-FR","@id":"https:\/\/www.alantraleasing.com\/fr\/product\/studio-3-pieces\/#primaryimage","url":"https:\/\/www.alantraleasing.com\/wp-content\/uploads\/2025\/08\/492809359_1253336903465285_3312090400704088661_n.jpg","contentUrl":"https:\/\/www.alantraleasing.com\/wp-content\/uploads\/2025\/08\/492809359_1253336903465285_3312090400704088661_n.jpg","width":2048,"height":1073,"caption":"Bunkhouse Trailers"},{"@type":"BreadcrumbList","@id":"https:\/\/www.alantraleasing.com\/fr\/product\/studio-3-pieces\/#breadcrumb","itemListElement":[{"@type":"ListItem","position":1,"name":"Home","item":"https:\/\/www.alantraleasing.com\/fr\/"},{"@type":"ListItem","position":2,"name":"Studio 3 pi\u00e8ces"}]},{"@type":"WebSite","@id":"https:\/\/www.alantraleasing.com\/#website","url":"https:\/\/www.alantraleasing.com\/","name":"Alantra Leasing Inc.","description":"Mobile Office Trailer &amp; Modular Building Specialists","publisher":{"@id":"https:\/\/www.alantraleasing.com\/#organization"},"alternateName":"Alantra Leasing","potentialAction":[{"@type":"SearchAction","target":{"@type":"EntryPoint","urlTemplate":"https:\/\/www.alantraleasing.com\/?s={search_term_string}"},"query-input":{"@type":"PropertyValueSpecification","valueRequired":true,"valueName":"search_term_string"}}],"inLanguage":"fr-FR"},{"@type":"Organization","@id":"https:\/\/www.alantraleasing.com\/#organization","name":"Alantra Leasing Inc.","alternateName":"Alantra Leasing","url":"https:\/\/www.alantraleasing.com\/","logo":{"@type":"ImageObject","inLanguage":"fr-FR","@id":"https:\/\/www.alantraleasing.com\/#\/schema\/logo\/image\/","url":"https:\/\/www.alantraleasing.com\/wp-content\/uploads\/2026\/02\/Alantra.png","contentUrl":"https:\/\/www.alantraleasing.com\/wp-content\/uploads\/2026\/02\/Alantra.png","width":1200,"height":1200,"caption":"Alantra Leasing Inc."},"image":{"@id":"https:\/\/www.alantraleasing.com\/#\/schema\/logo\/image\/"},"sameAs":["https:\/\/www.facebook.com\/alantratrailers\/","https:\/\/www.instagram.com\/alantraleasing\/?hl=en","https:\/\/www.linkedin.com\/company\/alantra-leasing-inc-\/","https:\/\/www.youtube.com\/channel\/UC147gZKyzDss4_0nrOOAj6w"]}]}},"_links":{"self":[{"href":"https:\/\/www.alantraleasing.com\/fr\/wp-json\/wp\/v2\/product\/1527","targetHints":{"allow":["GET"]}}],"collection":[{"href":"https:\/\/www.alantraleasing.com\/fr\/wp-json\/wp\/v2\/product"}],"about":[{"href":"https:\/\/www.alantraleasing.com\/fr\/wp-json\/wp\/v2\/types\/product"}],"wp:featuredmedia":[{"embeddable":true,"href":"https:\/\/www.alantraleasing.com\/fr\/wp-json\/wp\/v2\/media\/1057"}],"wp:attachment":[{"href":"https:\/\/www.alantraleasing.com\/fr\/wp-json\/wp\/v2\/media?parent=1527"}],"wp:term":[{"taxonomy":"product-category","embeddable":true,"href":"https:\/\/www.alantraleasing.com\/fr\/wp-json\/wp\/v2\/product-category?post=1527"}],"curies":[{"name":"wp","href":"https:\/\/api.w.org\/{rel}","templated":true}]}}