{"id":2487,"date":"2026-03-19T09:42:53","date_gmt":"2026-03-19T12:42:53","guid":{"rendered":"https:\/\/www.alantraleasing.com\/?page_id=2487"},"modified":"2026-03-19T10:36:25","modified_gmt":"2026-03-19T13:36:25","slug":"merci-pour-votre-demande","status":"publish","type":"page","link":"https:\/\/www.alantraleasing.com\/fr\/merci-pour-votre-demande\/","title":{"rendered":"Merci pour votre demande"},"content":{"rendered":"\r\n<h2>\r\n\t\t\tMerci pour votre demande !\t<\/h2>\r\n\t<p>Nous avons bien re\u00e7u votre demande et nous vous r\u00e9pondrons d\u00e8s que possible.<\/p>\r\n<p>Pour toute assistance, vous pouvez nous joindre:\u00a0<\/p>\r\n<strong>Du lundi au vendredi<br \/>\r\n8 h 00 \u00e0 16 h 30 heure de l&rsquo;Atlantique\u00a0<\/strong>\r\n<strong>Sans Frais: <\/strong><a href=\"tel:18004561800\">1-800-456-1800<\/a><strong><br \/>\r\nT\u00e9l\u00e9phone: <\/strong><a href=\"tel:15064333757\">1-506-433-3757<\/a><strong><br \/>\r\nT\u00e9l\u00e9copieur: <\/strong><a href=\"tel:15064329076\">1-506-432-9076<\/a>\r\n<p>Vous pouvez \u00e9galement nous envoyer un courriel \u00e0 <a href=\"mailto:info@alantraleasing.com\">info@alantraleasing.com<\/a>.<\/p>\r\n<p>Nous appr\u00e9cions votre patience et vous aiderons sous peu !<\/p>\r\n<figure itemscope itemtype=\"https:\/\/schema.org\/ImageObject\">\r\n\t\t\t\t<img decoding=\"async\" src=\"https:\/\/www.alantraleasing.com\/wp-content\/uploads\/2025\/08\/Mobile-Office-Trailers-Modular-Buildings-2-scaled.jpg\" alt=\"alantra-leasing-mobile-office-trailers-superior-quality\" height=\"1920\" width=\"2560\" title=\"Mobile Office Trailers - Modular Buildings (2)\" onerror=\"this.style.display='none'\" loading=\"lazy\" \/>\r\n\t<\/figure>\r\n\r\n","protected":false},"excerpt":{"rendered":"<p>Merci pour votre demande ! Nous avons bien re\u00e7u votre demande et nous vous r\u00e9pondrons d\u00e8s que possible. Pour toute assistance, vous pouvez nous joindre:\u00a0 Du lundi au vendredi 8&hellip;<\/p>\n","protected":false},"author":4,"featured_media":0,"parent":0,"menu_order":0,"comment_status":"closed","ping_status":"closed","template":"","meta":{"_acf_changed":false,"footnotes":""},"class_list":["post-2487","page","type-page","status-publish","hentry"],"acf":[],"yoast_head":"<!-- This site is optimized with the Yoast SEO plugin v27.2 - https:\/\/yoast.com\/product\/yoast-seo-wordpress\/ -->\n<title>Merci pour votre demande | Alantra<\/title>\n<meta name=\"description\" content=\"Explore Merci pour votre demande on Alantra. Learn about modular buildings, mobile office trailers, bunkhouses, portable storage, and custom solutions for your industry.\" \/>\n<meta name=\"robots\" content=\"index, follow, max-snippet:-1, max-image-preview:large, max-video-preview:-1\" \/>\n<link rel=\"canonical\" href=\"https:\/\/www.alantraleasing.com\/fr\/merci-pour-votre-demande\/\" \/>\n<meta property=\"og:locale\" content=\"fr_FR\" \/>\n<meta property=\"og:type\" content=\"article\" \/>\n<meta property=\"og:title\" content=\"Merci pour votre demande | Alantra\" \/>\n<meta property=\"og:description\" content=\"Explore Merci pour votre demande on Alantra. Learn about modular buildings, mobile office trailers, bunkhouses, portable storage, and custom solutions for your industry.\" \/>\n<meta property=\"og:url\" content=\"https:\/\/www.alantraleasing.com\/fr\/merci-pour-votre-demande\/\" \/>\n<meta property=\"og:site_name\" content=\"Alantra\" \/>\n<meta property=\"article:publisher\" content=\"https:\/\/www.facebook.com\/alantratrailers\/\" \/>\n<meta property=\"article:modified_time\" content=\"2026-03-19T13:36:25+00:00\" \/>\n<meta property=\"og:image\" content=\"https:\/\/www.alantraleasing.com\/wp-content\/uploads\/2025\/08\/Mobile-Office-Trailers-Modular-Buildings-2-scaled.jpg\" \/>\n<meta name=\"twitter:card\" content=\"summary_large_image\" \/>\n<meta name=\"twitter:label1\" content=\"Dur\u00e9e de lecture estim\u00e9e\" \/>\n\t<meta name=\"twitter:data1\" content=\"1 minute\" \/>\n<script type=\"application\/ld+json\" class=\"yoast-schema-graph\">{\"@context\":\"https:\/\/schema.org\",\"@graph\":[{\"@type\":\"WebPage\",\"@id\":\"https:\/\/www.alantraleasing.com\/fr\/merci-pour-votre-demande\/\",\"url\":\"https:\/\/www.alantraleasing.com\/fr\/merci-pour-votre-demande\/\",\"name\":\"Merci pour votre demande | Alantra\",\"isPartOf\":{\"@id\":\"https:\/\/www.alantraleasing.com\/#website\"},\"primaryImageOfPage\":{\"@id\":\"https:\/\/www.alantraleasing.com\/fr\/merci-pour-votre-demande\/#primaryimage\"},\"image\":{\"@id\":\"https:\/\/www.alantraleasing.com\/fr\/merci-pour-votre-demande\/#primaryimage\"},\"thumbnailUrl\":\"https:\/\/www.alantraleasing.com\/wp-content\/uploads\/2025\/08\/Mobile-Office-Trailers-Modular-Buildings-2-scaled.jpg\",\"datePublished\":\"2026-03-19T12:42:53+00:00\",\"dateModified\":\"2026-03-19T13:36:25+00:00\",\"description\":\"Explore Merci pour votre demande on Alantra. Learn about modular buildings, mobile office trailers, bunkhouses, portable storage, and custom solutions for your industry.\",\"breadcrumb\":{\"@id\":\"https:\/\/www.alantraleasing.com\/fr\/merci-pour-votre-demande\/#breadcrumb\"},\"inLanguage\":\"fr-FR\",\"potentialAction\":[{\"@type\":\"ReadAction\",\"target\":[\"https:\/\/www.alantraleasing.com\/fr\/merci-pour-votre-demande\/\"]}]},{\"@type\":\"ImageObject\",\"inLanguage\":\"fr-FR\",\"@id\":\"https:\/\/www.alantraleasing.com\/fr\/merci-pour-votre-demande\/#primaryimage\",\"url\":\"https:\/\/www.alantraleasing.com\/wp-content\/uploads\/2025\/08\/Mobile-Office-Trailers-Modular-Buildings-2-scaled.jpg\",\"contentUrl\":\"https:\/\/www.alantraleasing.com\/wp-content\/uploads\/2025\/08\/Mobile-Office-Trailers-Modular-Buildings-2-scaled.jpg\"},{\"@type\":\"BreadcrumbList\",\"@id\":\"https:\/\/www.alantraleasing.com\/fr\/merci-pour-votre-demande\/#breadcrumb\",\"itemListElement\":[{\"@type\":\"ListItem\",\"position\":1,\"name\":\"Home\",\"item\":\"https:\/\/www.alantraleasing.com\/fr\/\"},{\"@type\":\"ListItem\",\"position\":2,\"name\":\"Merci pour votre demande\"}]},{\"@type\":\"WebSite\",\"@id\":\"https:\/\/www.alantraleasing.com\/#website\",\"url\":\"https:\/\/www.alantraleasing.com\/\",\"name\":\"Alantra Leasing Inc.\",\"description\":\"Mobile Office Trailer &amp; Modular Building Specialists\",\"publisher\":{\"@id\":\"https:\/\/www.alantraleasing.com\/#organization\"},\"alternateName\":\"Alantra Leasing\",\"potentialAction\":[{\"@type\":\"SearchAction\",\"target\":{\"@type\":\"EntryPoint\",\"urlTemplate\":\"https:\/\/www.alantraleasing.com\/?s={search_term_string}\"},\"query-input\":{\"@type\":\"PropertyValueSpecification\",\"valueRequired\":true,\"valueName\":\"search_term_string\"}}],\"inLanguage\":\"fr-FR\"},{\"@type\":\"Organization\",\"@id\":\"https:\/\/www.alantraleasing.com\/#organization\",\"name\":\"Alantra Leasing Inc.\",\"alternateName\":\"Alantra Leasing\",\"url\":\"https:\/\/www.alantraleasing.com\/\",\"logo\":{\"@type\":\"ImageObject\",\"inLanguage\":\"fr-FR\",\"@id\":\"https:\/\/www.alantraleasing.com\/#\/schema\/logo\/image\/\",\"url\":\"https:\/\/www.alantraleasing.com\/wp-content\/uploads\/2026\/02\/Alantra.png\",\"contentUrl\":\"https:\/\/www.alantraleasing.com\/wp-content\/uploads\/2026\/02\/Alantra.png\",\"width\":1200,\"height\":1200,\"caption\":\"Alantra Leasing Inc.\"},\"image\":{\"@id\":\"https:\/\/www.alantraleasing.com\/#\/schema\/logo\/image\/\"},\"sameAs\":[\"https:\/\/www.facebook.com\/alantratrailers\/\",\"https:\/\/www.instagram.com\/alantraleasing\/?hl=en\",\"https:\/\/www.linkedin.com\/company\/alantra-leasing-inc-\/\",\"https:\/\/www.youtube.com\/channel\/UC147gZKyzDss4_0nrOOAj6w\"]}]}<\/script>\n<!-- \/ Yoast SEO plugin. -->","yoast_head_json":{"title":"Merci pour votre demande | Alantra","description":"Explore Merci pour votre demande on Alantra. Learn about modular buildings, mobile office trailers, bunkhouses, portable storage, and custom solutions for your industry.","robots":{"index":"index","follow":"follow","max-snippet":"max-snippet:-1","max-image-preview":"max-image-preview:large","max-video-preview":"max-video-preview:-1"},"canonical":"https:\/\/www.alantraleasing.com\/fr\/merci-pour-votre-demande\/","og_locale":"fr_FR","og_type":"article","og_title":"Merci pour votre demande | Alantra","og_description":"Explore Merci pour votre demande on Alantra. Learn about modular buildings, mobile office trailers, bunkhouses, portable storage, and custom solutions for your industry.","og_url":"https:\/\/www.alantraleasing.com\/fr\/merci-pour-votre-demande\/","og_site_name":"Alantra","article_publisher":"https:\/\/www.facebook.com\/alantratrailers\/","article_modified_time":"2026-03-19T13:36:25+00:00","og_image":[{"url":"https:\/\/www.alantraleasing.com\/wp-content\/uploads\/2025\/08\/Mobile-Office-Trailers-Modular-Buildings-2-scaled.jpg","type":"","width":"","height":""}],"twitter_card":"summary_large_image","twitter_misc":{"Dur\u00e9e de lecture estim\u00e9e":"1 minute"},"schema":{"@context":"https:\/\/schema.org","@graph":[{"@type":"WebPage","@id":"https:\/\/www.alantraleasing.com\/fr\/merci-pour-votre-demande\/","url":"https:\/\/www.alantraleasing.com\/fr\/merci-pour-votre-demande\/","name":"Merci pour votre demande | Alantra","isPartOf":{"@id":"https:\/\/www.alantraleasing.com\/#website"},"primaryImageOfPage":{"@id":"https:\/\/www.alantraleasing.com\/fr\/merci-pour-votre-demande\/#primaryimage"},"image":{"@id":"https:\/\/www.alantraleasing.com\/fr\/merci-pour-votre-demande\/#primaryimage"},"thumbnailUrl":"https:\/\/www.alantraleasing.com\/wp-content\/uploads\/2025\/08\/Mobile-Office-Trailers-Modular-Buildings-2-scaled.jpg","datePublished":"2026-03-19T12:42:53+00:00","dateModified":"2026-03-19T13:36:25+00:00","description":"Explore Merci pour votre demande on Alantra. Learn about modular buildings, mobile office trailers, bunkhouses, portable storage, and custom solutions for your industry.","breadcrumb":{"@id":"https:\/\/www.alantraleasing.com\/fr\/merci-pour-votre-demande\/#breadcrumb"},"inLanguage":"fr-FR","potentialAction":[{"@type":"ReadAction","target":["https:\/\/www.alantraleasing.com\/fr\/merci-pour-votre-demande\/"]}]},{"@type":"ImageObject","inLanguage":"fr-FR","@id":"https:\/\/www.alantraleasing.com\/fr\/merci-pour-votre-demande\/#primaryimage","url":"https:\/\/www.alantraleasing.com\/wp-content\/uploads\/2025\/08\/Mobile-Office-Trailers-Modular-Buildings-2-scaled.jpg","contentUrl":"https:\/\/www.alantraleasing.com\/wp-content\/uploads\/2025\/08\/Mobile-Office-Trailers-Modular-Buildings-2-scaled.jpg"},{"@type":"BreadcrumbList","@id":"https:\/\/www.alantraleasing.com\/fr\/merci-pour-votre-demande\/#breadcrumb","itemListElement":[{"@type":"ListItem","position":1,"name":"Home","item":"https:\/\/www.alantraleasing.com\/fr\/"},{"@type":"ListItem","position":2,"name":"Merci pour votre demande"}]},{"@type":"WebSite","@id":"https:\/\/www.alantraleasing.com\/#website","url":"https:\/\/www.alantraleasing.com\/","name":"Alantra Leasing Inc.","description":"Mobile Office Trailer &amp; Modular Building Specialists","publisher":{"@id":"https:\/\/www.alantraleasing.com\/#organization"},"alternateName":"Alantra Leasing","potentialAction":[{"@type":"SearchAction","target":{"@type":"EntryPoint","urlTemplate":"https:\/\/www.alantraleasing.com\/?s={search_term_string}"},"query-input":{"@type":"PropertyValueSpecification","valueRequired":true,"valueName":"search_term_string"}}],"inLanguage":"fr-FR"},{"@type":"Organization","@id":"https:\/\/www.alantraleasing.com\/#organization","name":"Alantra Leasing Inc.","alternateName":"Alantra Leasing","url":"https:\/\/www.alantraleasing.com\/","logo":{"@type":"ImageObject","inLanguage":"fr-FR","@id":"https:\/\/www.alantraleasing.com\/#\/schema\/logo\/image\/","url":"https:\/\/www.alantraleasing.com\/wp-content\/uploads\/2026\/02\/Alantra.png","contentUrl":"https:\/\/www.alantraleasing.com\/wp-content\/uploads\/2026\/02\/Alantra.png","width":1200,"height":1200,"caption":"Alantra Leasing Inc."},"image":{"@id":"https:\/\/www.alantraleasing.com\/#\/schema\/logo\/image\/"},"sameAs":["https:\/\/www.facebook.com\/alantratrailers\/","https:\/\/www.instagram.com\/alantraleasing\/?hl=en","https:\/\/www.linkedin.com\/company\/alantra-leasing-inc-\/","https:\/\/www.youtube.com\/channel\/UC147gZKyzDss4_0nrOOAj6w"]}]}},"_links":{"self":[{"href":"https:\/\/www.alantraleasing.com\/fr\/wp-json\/wp\/v2\/pages\/2487","targetHints":{"allow":["GET"]}}],"collection":[{"href":"https:\/\/www.alantraleasing.com\/fr\/wp-json\/wp\/v2\/pages"}],"about":[{"href":"https:\/\/www.alantraleasing.com\/fr\/wp-json\/wp\/v2\/types\/page"}],"author":[{"embeddable":true,"href":"https:\/\/www.alantraleasing.com\/fr\/wp-json\/wp\/v2\/users\/4"}],"replies":[{"embeddable":true,"href":"https:\/\/www.alantraleasing.com\/fr\/wp-json\/wp\/v2\/comments?post=2487"}],"version-history":[{"count":5,"href":"https:\/\/www.alantraleasing.com\/fr\/wp-json\/wp\/v2\/pages\/2487\/revisions"}],"predecessor-version":[{"id":2493,"href":"https:\/\/www.alantraleasing.com\/fr\/wp-json\/wp\/v2\/pages\/2487\/revisions\/2493"}],"wp:attachment":[{"href":"https:\/\/www.alantraleasing.com\/fr\/wp-json\/wp\/v2\/media?parent=2487"}],"curies":[{"name":"wp","href":"https:\/\/api.w.org\/{rel}","templated":true}]}}