{"id":1505,"date":"2025-08-20T05:32:38","date_gmt":"2025-08-20T08:32:38","guid":{"rendered":"https:\/\/www.alantraleasing.com\/request-a-quote\/"},"modified":"2026-02-26T15:47:48","modified_gmt":"2026-02-26T19:47:48","slug":"demander-un-devis","status":"publish","type":"page","link":"https:\/\/www.alantraleasing.com\/fr\/demander-un-devis\/","title":{"rendered":"Demander un devis"},"content":{"rendered":"\r\n<h2>\r\n\t\t\tDemander un devis\t<\/h2>\r\n\t<p>Si vous connaissez vos sp\u00e9cifications, il vous suffit de remplir le formulaire ci-dessous et nous vous contacterons rapidement pour toute question et\/ou pour vous fournir un devis.<\/p>\r\n\t<p>Pour obtenir de l&rsquo;aide afin de d\u00e9terminer la solution la mieux adapt\u00e9e \u00e0 vos besoins, vous pouvez nous contacter \u00e0 l&rsquo;adresse suivante :<\/p>\r\n<h4>\r\n\t\t\tNum\u00e9ro sans frais : 800-456-1800\t<\/h4>\r\n<h4>\r\n\t\t<a href=\"\" title=\"T\u00e9l\u00e9phone : 506-433-3757\"  target=\"_self\">\r\n\t\t\tT\u00e9l\u00e9phone : 506-433-3757\t\t<\/a>\r\n\t<\/h4>\r\n<h4>\r\n\t\t<a href=\"\" title=\"T\u00e9l\u00e9copieur : 506-432-9076\"  target=\"_self\">\r\n\t\t\tT\u00e9l\u00e9copieur : 506-432-9076\t\t<\/a>\r\n\t<\/h4>\r\n\t<p>Vous pouvez \u00e9galement nous envoyer un e-mail \u00e0 l&rsquo;adresse suivante : <a href=\"mailto:quotes@alantraleasing.com\">quotes@alantraleasing.com<\/a>.<\/p>\r\n<h2>\r\n\t\t\tENVOYEZ-NOUS UN MESSAGE\t<\/h2>\r\n\t<iframe id=\"JotFormIFrame-260134762212447\" title=\"French- Alantra Request a Quote\" src=\"https:\/\/form.jotform.com\/260134762212447\" frameborder=\"0\" scrolling=\"no\"><br \/>\r\n<\/iframe><br \/>\r\n<br \/>\r\n\r\n\r\n","protected":false},"excerpt":{"rendered":"<p>Demander un devis Si vous connaissez vos sp\u00e9cifications, il vous suffit de remplir le formulaire ci-dessous et nous vous contacterons rapidement pour toute question et\/ou pour vous fournir un devis.&hellip;<\/p>\n","protected":false},"author":1,"featured_media":0,"parent":0,"menu_order":0,"comment_status":"closed","ping_status":"closed","template":"","meta":{"_acf_changed":false,"footnotes":""},"class_list":["post-1505","page","type-page","status-publish","hentry"],"acf":[],"yoast_head":"<!-- This site is optimized with the Yoast SEO plugin v27.2 - https:\/\/yoast.com\/product\/yoast-seo-wordpress\/ -->\n<title>Demander un devis<\/title>\n<meta name=\"description\" content=\"Obtenez rapidement un devis pour des remorques, des b\u00e2timents modulaires ou des solutions de stockage mobiles. Remplissez notre formulaire simple et Alantra Leasing vous r\u00e9pondra dans les plus brefs d\u00e9lais.\" \/>\n<meta name=\"robots\" content=\"index, follow, max-snippet:-1, max-image-preview:large, max-video-preview:-1\" \/>\n<link rel=\"canonical\" href=\"https:\/\/www.alantraleasing.com\/fr\/demander-un-devis\/\" \/>\n<meta property=\"og:locale\" content=\"fr_FR\" \/>\n<meta property=\"og:type\" content=\"article\" \/>\n<meta property=\"og:title\" content=\"Demander un devis\" \/>\n<meta property=\"og:description\" content=\"Obtenez rapidement un devis pour des remorques, des b\u00e2timents modulaires ou des solutions de stockage mobiles. Remplissez notre formulaire simple et Alantra Leasing vous r\u00e9pondra dans les plus brefs d\u00e9lais.\" \/>\n<meta property=\"og:url\" content=\"https:\/\/www.alantraleasing.com\/fr\/demander-un-devis\/\" \/>\n<meta property=\"og:site_name\" content=\"Alantra\" \/>\n<meta property=\"article:publisher\" content=\"https:\/\/www.facebook.com\/alantratrailers\/\" \/>\n<meta property=\"article:modified_time\" content=\"2026-02-26T19:47:48+00:00\" \/>\n<meta property=\"og:image\" content=\"https:\/\/www.alantraleasing.com\/wp-content\/uploads\/2026\/02\/Logo-Alantra.png\" \/>\n\t<meta property=\"og:image:width\" content=\"1200\" \/>\n\t<meta property=\"og:image:height\" content=\"675\" \/>\n\t<meta property=\"og:image:type\" content=\"image\/png\" \/>\n<meta name=\"twitter:card\" content=\"summary_large_image\" \/>\n<meta name=\"twitter:label1\" content=\"Dur\u00e9e de lecture estim\u00e9e\" \/>\n\t<meta name=\"twitter:data1\" content=\"1 minute\" \/>\n<script type=\"application\/ld+json\" class=\"yoast-schema-graph\">{\"@context\":\"https:\/\/schema.org\",\"@graph\":[{\"@type\":\"WebPage\",\"@id\":\"https:\/\/www.alantraleasing.com\/fr\/demander-un-devis\/\",\"url\":\"https:\/\/www.alantraleasing.com\/fr\/demander-un-devis\/\",\"name\":\"Demander un devis\",\"isPartOf\":{\"@id\":\"https:\/\/www.alantraleasing.com\/#website\"},\"datePublished\":\"2025-08-20T08:32:38+00:00\",\"dateModified\":\"2026-02-26T19:47:48+00:00\",\"description\":\"Obtenez rapidement un devis pour des remorques, des b\u00e2timents modulaires ou des solutions de stockage mobiles. Remplissez notre formulaire simple et Alantra Leasing vous r\u00e9pondra dans les plus brefs d\u00e9lais.\",\"breadcrumb\":{\"@id\":\"https:\/\/www.alantraleasing.com\/fr\/demander-un-devis\/#breadcrumb\"},\"inLanguage\":\"fr-FR\",\"potentialAction\":[{\"@type\":\"ReadAction\",\"target\":[\"https:\/\/www.alantraleasing.com\/fr\/demander-un-devis\/\"]}]},{\"@type\":\"BreadcrumbList\",\"@id\":\"https:\/\/www.alantraleasing.com\/fr\/demander-un-devis\/#breadcrumb\",\"itemListElement\":[{\"@type\":\"ListItem\",\"position\":1,\"name\":\"Home\",\"item\":\"https:\/\/www.alantraleasing.com\/fr\/\"},{\"@type\":\"ListItem\",\"position\":2,\"name\":\"Demander un devis\"}]},{\"@type\":\"WebSite\",\"@id\":\"https:\/\/www.alantraleasing.com\/#website\",\"url\":\"https:\/\/www.alantraleasing.com\/\",\"name\":\"Alantra Leasing Inc.\",\"description\":\"Mobile Office Trailer &amp; Modular Building Specialists\",\"publisher\":{\"@id\":\"https:\/\/www.alantraleasing.com\/#organization\"},\"alternateName\":\"Alantra Leasing\",\"potentialAction\":[{\"@type\":\"SearchAction\",\"target\":{\"@type\":\"EntryPoint\",\"urlTemplate\":\"https:\/\/www.alantraleasing.com\/?s={search_term_string}\"},\"query-input\":{\"@type\":\"PropertyValueSpecification\",\"valueRequired\":true,\"valueName\":\"search_term_string\"}}],\"inLanguage\":\"fr-FR\"},{\"@type\":\"Organization\",\"@id\":\"https:\/\/www.alantraleasing.com\/#organization\",\"name\":\"Alantra Leasing Inc.\",\"alternateName\":\"Alantra Leasing\",\"url\":\"https:\/\/www.alantraleasing.com\/\",\"logo\":{\"@type\":\"ImageObject\",\"inLanguage\":\"fr-FR\",\"@id\":\"https:\/\/www.alantraleasing.com\/#\/schema\/logo\/image\/\",\"url\":\"https:\/\/www.alantraleasing.com\/wp-content\/uploads\/2026\/02\/Alantra.png\",\"contentUrl\":\"https:\/\/www.alantraleasing.com\/wp-content\/uploads\/2026\/02\/Alantra.png\",\"width\":1200,\"height\":1200,\"caption\":\"Alantra Leasing Inc.\"},\"image\":{\"@id\":\"https:\/\/www.alantraleasing.com\/#\/schema\/logo\/image\/\"},\"sameAs\":[\"https:\/\/www.facebook.com\/alantratrailers\/\",\"https:\/\/www.instagram.com\/alantraleasing\/?hl=en\",\"https:\/\/www.linkedin.com\/company\/alantra-leasing-inc-\/\",\"https:\/\/www.youtube.com\/channel\/UC147gZKyzDss4_0nrOOAj6w\"]}]}<\/script>\n<!-- \/ Yoast SEO plugin. -->","yoast_head_json":{"title":"Demander un devis","description":"Obtenez rapidement un devis pour des remorques, des b\u00e2timents modulaires ou des solutions de stockage mobiles. Remplissez notre formulaire simple et Alantra Leasing vous r\u00e9pondra dans les plus brefs d\u00e9lais.","robots":{"index":"index","follow":"follow","max-snippet":"max-snippet:-1","max-image-preview":"max-image-preview:large","max-video-preview":"max-video-preview:-1"},"canonical":"https:\/\/www.alantraleasing.com\/fr\/demander-un-devis\/","og_locale":"fr_FR","og_type":"article","og_title":"Demander un devis","og_description":"Obtenez rapidement un devis pour des remorques, des b\u00e2timents modulaires ou des solutions de stockage mobiles. Remplissez notre formulaire simple et Alantra Leasing vous r\u00e9pondra dans les plus brefs d\u00e9lais.","og_url":"https:\/\/www.alantraleasing.com\/fr\/demander-un-devis\/","og_site_name":"Alantra","article_publisher":"https:\/\/www.facebook.com\/alantratrailers\/","article_modified_time":"2026-02-26T19:47:48+00:00","og_image":[{"width":1200,"height":675,"url":"https:\/\/www.alantraleasing.com\/wp-content\/uploads\/2026\/02\/Logo-Alantra.png","type":"image\/png"}],"twitter_card":"summary_large_image","twitter_misc":{"Dur\u00e9e de lecture estim\u00e9e":"1 minute"},"schema":{"@context":"https:\/\/schema.org","@graph":[{"@type":"WebPage","@id":"https:\/\/www.alantraleasing.com\/fr\/demander-un-devis\/","url":"https:\/\/www.alantraleasing.com\/fr\/demander-un-devis\/","name":"Demander un devis","isPartOf":{"@id":"https:\/\/www.alantraleasing.com\/#website"},"datePublished":"2025-08-20T08:32:38+00:00","dateModified":"2026-02-26T19:47:48+00:00","description":"Obtenez rapidement un devis pour des remorques, des b\u00e2timents modulaires ou des solutions de stockage mobiles. Remplissez notre formulaire simple et Alantra Leasing vous r\u00e9pondra dans les plus brefs d\u00e9lais.","breadcrumb":{"@id":"https:\/\/www.alantraleasing.com\/fr\/demander-un-devis\/#breadcrumb"},"inLanguage":"fr-FR","potentialAction":[{"@type":"ReadAction","target":["https:\/\/www.alantraleasing.com\/fr\/demander-un-devis\/"]}]},{"@type":"BreadcrumbList","@id":"https:\/\/www.alantraleasing.com\/fr\/demander-un-devis\/#breadcrumb","itemListElement":[{"@type":"ListItem","position":1,"name":"Home","item":"https:\/\/www.alantraleasing.com\/fr\/"},{"@type":"ListItem","position":2,"name":"Demander un devis"}]},{"@type":"WebSite","@id":"https:\/\/www.alantraleasing.com\/#website","url":"https:\/\/www.alantraleasing.com\/","name":"Alantra Leasing Inc.","description":"Mobile Office Trailer &amp; Modular Building Specialists","publisher":{"@id":"https:\/\/www.alantraleasing.com\/#organization"},"alternateName":"Alantra Leasing","potentialAction":[{"@type":"SearchAction","target":{"@type":"EntryPoint","urlTemplate":"https:\/\/www.alantraleasing.com\/?s={search_term_string}"},"query-input":{"@type":"PropertyValueSpecification","valueRequired":true,"valueName":"search_term_string"}}],"inLanguage":"fr-FR"},{"@type":"Organization","@id":"https:\/\/www.alantraleasing.com\/#organization","name":"Alantra Leasing Inc.","alternateName":"Alantra Leasing","url":"https:\/\/www.alantraleasing.com\/","logo":{"@type":"ImageObject","inLanguage":"fr-FR","@id":"https:\/\/www.alantraleasing.com\/#\/schema\/logo\/image\/","url":"https:\/\/www.alantraleasing.com\/wp-content\/uploads\/2026\/02\/Alantra.png","contentUrl":"https:\/\/www.alantraleasing.com\/wp-content\/uploads\/2026\/02\/Alantra.png","width":1200,"height":1200,"caption":"Alantra Leasing Inc."},"image":{"@id":"https:\/\/www.alantraleasing.com\/#\/schema\/logo\/image\/"},"sameAs":["https:\/\/www.facebook.com\/alantratrailers\/","https:\/\/www.instagram.com\/alantraleasing\/?hl=en","https:\/\/www.linkedin.com\/company\/alantra-leasing-inc-\/","https:\/\/www.youtube.com\/channel\/UC147gZKyzDss4_0nrOOAj6w"]}]}},"_links":{"self":[{"href":"https:\/\/www.alantraleasing.com\/fr\/wp-json\/wp\/v2\/pages\/1505","targetHints":{"allow":["GET"]}}],"collection":[{"href":"https:\/\/www.alantraleasing.com\/fr\/wp-json\/wp\/v2\/pages"}],"about":[{"href":"https:\/\/www.alantraleasing.com\/fr\/wp-json\/wp\/v2\/types\/page"}],"author":[{"embeddable":true,"href":"https:\/\/www.alantraleasing.com\/fr\/wp-json\/wp\/v2\/users\/1"}],"replies":[{"embeddable":true,"href":"https:\/\/www.alantraleasing.com\/fr\/wp-json\/wp\/v2\/comments?post=1505"}],"version-history":[{"count":5,"href":"https:\/\/www.alantraleasing.com\/fr\/wp-json\/wp\/v2\/pages\/1505\/revisions"}],"predecessor-version":[{"id":2303,"href":"https:\/\/www.alantraleasing.com\/fr\/wp-json\/wp\/v2\/pages\/1505\/revisions\/2303"}],"wp:attachment":[{"href":"https:\/\/www.alantraleasing.com\/fr\/wp-json\/wp\/v2\/media?parent=1505"}],"curies":[{"name":"wp","href":"https:\/\/api.w.org\/{rel}","templated":true}]}}