{"id":1504,"date":"2025-08-20T06:53:32","date_gmt":"2025-08-20T09:53:32","guid":{"rendered":"https:\/\/www.alantraleasing.com\/book-service\/"},"modified":"2026-02-26T15:49:31","modified_gmt":"2026-02-26T19:49:31","slug":"demande-de-service","status":"publish","type":"page","link":"https:\/\/www.alantraleasing.com\/fr\/demande-de-service\/","title":{"rendered":"Demande de service"},"content":{"rendered":"\r\n<h2>\r\n\t\t\tDemande de service\t<\/h2>\r\n\t<p>Heures d&rsquo;ouverture : 7 h 30 \u00e0 15 h 30. En cas d&rsquo;urgence, veuillez appeler :<\/p>\r\n<h4>\r\n\t\t\t\ud83d\udcde Du lundi au vendredi : 1-506-433-9330\t<\/h4>\r\n<h4>\r\n\t\t<a href=\"\" title=\"\ud83d\udcde  Samedi et dimanche : 1-800-456-1800, et veuillez \u00e9couter les options propos\u00e9es.\"  target=\"_self\">\r\n\t\t\t\ud83d\udcde  Samedi et dimanche : 1-800-456-1800, <br \/>et veuillez \u00e9couter les options propos\u00e9es.\t\t<\/a>\r\n\t<\/h4>\r\n\t<p>Vous pouvez \u00e9galement nous envoyer un e-mail \u00e0 l&rsquo;adresse <a title=\"\" href=\"mailto:service@alantraleasing.com\">service@alantraleasing.com<\/a>.<\/p>\r\n<h2>\r\n\t\t\tENVOYEZ-NOUS UN MESSAGE\t<\/h2>\r\n\t<p>Si vous avez besoin d&rsquo;une assistance technique pour un produit, veuillez remplir le formulaire ci-dessous.<\/p>\r\n\t<iframe id=\"JotFormIFrame-260134612377453\" title=\"French- Alantra Request Service\" src=\"https:\/\/form.jotform.com\/260134612377453\" frameborder=\"0\" scrolling=\"no\"><br \/>\r\n<\/iframe><br \/>\r\n<br \/>\r\n\r\n\r\n","protected":false},"excerpt":{"rendered":"<p>Demande de service Heures d&rsquo;ouverture : 7 h 30 \u00e0 15 h 30. En cas d&rsquo;urgence, veuillez appeler : \ud83d\udcde Du lundi au vendredi : 1-506-433-9330 \ud83d\udcde Samedi et dimanche&hellip;<\/p>\n","protected":false},"author":1,"featured_media":0,"parent":0,"menu_order":0,"comment_status":"closed","ping_status":"closed","template":"","meta":{"_acf_changed":false,"footnotes":""},"class_list":["post-1504","page","type-page","status-publish","hentry"],"acf":[],"yoast_head":"<!-- This site is optimized with the Yoast SEO plugin v27.2 - https:\/\/yoast.com\/product\/yoast-seo-wordpress\/ -->\n<title>Bande-annonce du livre et service de construction modulaire<\/title>\n<meta name=\"description\" content=\"Planifiez l&#039;entretien ou la r\u00e9paration de vos remorques, b\u00e2timents modulaires et unit\u00e9s mobiles. Service rapide et fiable fourni par Alantra.\" \/>\n<meta name=\"robots\" content=\"index, follow, max-snippet:-1, max-image-preview:large, max-video-preview:-1\" \/>\n<link rel=\"canonical\" href=\"https:\/\/www.alantraleasing.com\/fr\/demande-de-service\/\" \/>\n<meta property=\"og:locale\" content=\"fr_FR\" \/>\n<meta property=\"og:type\" content=\"article\" \/>\n<meta property=\"og:title\" content=\"Bande-annonce du livre et service de construction modulaire\" \/>\n<meta property=\"og:description\" content=\"Planifiez l&#039;entretien ou la r\u00e9paration de vos remorques, b\u00e2timents modulaires et unit\u00e9s mobiles. Service rapide et fiable fourni par Alantra.\" \/>\n<meta property=\"og:url\" content=\"https:\/\/www.alantraleasing.com\/fr\/demande-de-service\/\" \/>\n<meta property=\"og:site_name\" content=\"Alantra\" \/>\n<meta property=\"article:publisher\" content=\"https:\/\/www.facebook.com\/alantratrailers\/\" \/>\n<meta property=\"article:modified_time\" content=\"2026-02-26T19:49:31+00:00\" \/>\n<meta property=\"og:image\" content=\"https:\/\/www.alantraleasing.com\/wp-content\/uploads\/2026\/02\/Logo-Alantra.png\" \/>\n\t<meta property=\"og:image:width\" content=\"1200\" \/>\n\t<meta property=\"og:image:height\" content=\"675\" \/>\n\t<meta property=\"og:image:type\" content=\"image\/png\" \/>\n<meta name=\"twitter:card\" content=\"summary_large_image\" \/>\n<meta name=\"twitter:label1\" content=\"Dur\u00e9e de lecture estim\u00e9e\" \/>\n\t<meta name=\"twitter:data1\" content=\"1 minute\" \/>\n<script type=\"application\/ld+json\" class=\"yoast-schema-graph\">{\"@context\":\"https:\/\/schema.org\",\"@graph\":[{\"@type\":\"WebPage\",\"@id\":\"https:\/\/www.alantraleasing.com\/fr\/demande-de-service\/\",\"url\":\"https:\/\/www.alantraleasing.com\/fr\/demande-de-service\/\",\"name\":\"Bande-annonce du livre et service de construction modulaire\",\"isPartOf\":{\"@id\":\"https:\/\/www.alantraleasing.com\/#website\"},\"datePublished\":\"2025-08-20T09:53:32+00:00\",\"dateModified\":\"2026-02-26T19:49:31+00:00\",\"description\":\"Planifiez l'entretien ou la r\u00e9paration de vos remorques, b\u00e2timents modulaires et unit\u00e9s mobiles. Service rapide et fiable fourni par Alantra.\",\"breadcrumb\":{\"@id\":\"https:\/\/www.alantraleasing.com\/fr\/demande-de-service\/#breadcrumb\"},\"inLanguage\":\"fr-FR\",\"potentialAction\":[{\"@type\":\"ReadAction\",\"target\":[\"https:\/\/www.alantraleasing.com\/fr\/demande-de-service\/\"]}]},{\"@type\":\"BreadcrumbList\",\"@id\":\"https:\/\/www.alantraleasing.com\/fr\/demande-de-service\/#breadcrumb\",\"itemListElement\":[{\"@type\":\"ListItem\",\"position\":1,\"name\":\"Home\",\"item\":\"https:\/\/www.alantraleasing.com\/fr\/\"},{\"@type\":\"ListItem\",\"position\":2,\"name\":\"Demande de service\"}]},{\"@type\":\"WebSite\",\"@id\":\"https:\/\/www.alantraleasing.com\/#website\",\"url\":\"https:\/\/www.alantraleasing.com\/\",\"name\":\"Alantra Leasing Inc.\",\"description\":\"Mobile Office Trailer &amp; Modular Building Specialists\",\"publisher\":{\"@id\":\"https:\/\/www.alantraleasing.com\/#organization\"},\"alternateName\":\"Alantra Leasing\",\"potentialAction\":[{\"@type\":\"SearchAction\",\"target\":{\"@type\":\"EntryPoint\",\"urlTemplate\":\"https:\/\/www.alantraleasing.com\/?s={search_term_string}\"},\"query-input\":{\"@type\":\"PropertyValueSpecification\",\"valueRequired\":true,\"valueName\":\"search_term_string\"}}],\"inLanguage\":\"fr-FR\"},{\"@type\":\"Organization\",\"@id\":\"https:\/\/www.alantraleasing.com\/#organization\",\"name\":\"Alantra Leasing Inc.\",\"alternateName\":\"Alantra Leasing\",\"url\":\"https:\/\/www.alantraleasing.com\/\",\"logo\":{\"@type\":\"ImageObject\",\"inLanguage\":\"fr-FR\",\"@id\":\"https:\/\/www.alantraleasing.com\/#\/schema\/logo\/image\/\",\"url\":\"https:\/\/www.alantraleasing.com\/wp-content\/uploads\/2026\/02\/Alantra.png\",\"contentUrl\":\"https:\/\/www.alantraleasing.com\/wp-content\/uploads\/2026\/02\/Alantra.png\",\"width\":1200,\"height\":1200,\"caption\":\"Alantra Leasing Inc.\"},\"image\":{\"@id\":\"https:\/\/www.alantraleasing.com\/#\/schema\/logo\/image\/\"},\"sameAs\":[\"https:\/\/www.facebook.com\/alantratrailers\/\",\"https:\/\/www.instagram.com\/alantraleasing\/?hl=en\",\"https:\/\/www.linkedin.com\/company\/alantra-leasing-inc-\/\",\"https:\/\/www.youtube.com\/channel\/UC147gZKyzDss4_0nrOOAj6w\"]}]}<\/script>\n<!-- \/ Yoast SEO plugin. -->","yoast_head_json":{"title":"Bande-annonce du livre et service de construction modulaire","description":"Planifiez l'entretien ou la r\u00e9paration de vos remorques, b\u00e2timents modulaires et unit\u00e9s mobiles. Service rapide et fiable fourni par Alantra.","robots":{"index":"index","follow":"follow","max-snippet":"max-snippet:-1","max-image-preview":"max-image-preview:large","max-video-preview":"max-video-preview:-1"},"canonical":"https:\/\/www.alantraleasing.com\/fr\/demande-de-service\/","og_locale":"fr_FR","og_type":"article","og_title":"Bande-annonce du livre et service de construction modulaire","og_description":"Planifiez l'entretien ou la r\u00e9paration de vos remorques, b\u00e2timents modulaires et unit\u00e9s mobiles. Service rapide et fiable fourni par Alantra.","og_url":"https:\/\/www.alantraleasing.com\/fr\/demande-de-service\/","og_site_name":"Alantra","article_publisher":"https:\/\/www.facebook.com\/alantratrailers\/","article_modified_time":"2026-02-26T19:49:31+00:00","og_image":[{"width":1200,"height":675,"url":"https:\/\/www.alantraleasing.com\/wp-content\/uploads\/2026\/02\/Logo-Alantra.png","type":"image\/png"}],"twitter_card":"summary_large_image","twitter_misc":{"Dur\u00e9e de lecture estim\u00e9e":"1 minute"},"schema":{"@context":"https:\/\/schema.org","@graph":[{"@type":"WebPage","@id":"https:\/\/www.alantraleasing.com\/fr\/demande-de-service\/","url":"https:\/\/www.alantraleasing.com\/fr\/demande-de-service\/","name":"Bande-annonce du livre et service de construction modulaire","isPartOf":{"@id":"https:\/\/www.alantraleasing.com\/#website"},"datePublished":"2025-08-20T09:53:32+00:00","dateModified":"2026-02-26T19:49:31+00:00","description":"Planifiez l'entretien ou la r\u00e9paration de vos remorques, b\u00e2timents modulaires et unit\u00e9s mobiles. Service rapide et fiable fourni par Alantra.","breadcrumb":{"@id":"https:\/\/www.alantraleasing.com\/fr\/demande-de-service\/#breadcrumb"},"inLanguage":"fr-FR","potentialAction":[{"@type":"ReadAction","target":["https:\/\/www.alantraleasing.com\/fr\/demande-de-service\/"]}]},{"@type":"BreadcrumbList","@id":"https:\/\/www.alantraleasing.com\/fr\/demande-de-service\/#breadcrumb","itemListElement":[{"@type":"ListItem","position":1,"name":"Home","item":"https:\/\/www.alantraleasing.com\/fr\/"},{"@type":"ListItem","position":2,"name":"Demande de service"}]},{"@type":"WebSite","@id":"https:\/\/www.alantraleasing.com\/#website","url":"https:\/\/www.alantraleasing.com\/","name":"Alantra Leasing Inc.","description":"Mobile Office Trailer &amp; Modular Building Specialists","publisher":{"@id":"https:\/\/www.alantraleasing.com\/#organization"},"alternateName":"Alantra Leasing","potentialAction":[{"@type":"SearchAction","target":{"@type":"EntryPoint","urlTemplate":"https:\/\/www.alantraleasing.com\/?s={search_term_string}"},"query-input":{"@type":"PropertyValueSpecification","valueRequired":true,"valueName":"search_term_string"}}],"inLanguage":"fr-FR"},{"@type":"Organization","@id":"https:\/\/www.alantraleasing.com\/#organization","name":"Alantra Leasing Inc.","alternateName":"Alantra Leasing","url":"https:\/\/www.alantraleasing.com\/","logo":{"@type":"ImageObject","inLanguage":"fr-FR","@id":"https:\/\/www.alantraleasing.com\/#\/schema\/logo\/image\/","url":"https:\/\/www.alantraleasing.com\/wp-content\/uploads\/2026\/02\/Alantra.png","contentUrl":"https:\/\/www.alantraleasing.com\/wp-content\/uploads\/2026\/02\/Alantra.png","width":1200,"height":1200,"caption":"Alantra Leasing Inc."},"image":{"@id":"https:\/\/www.alantraleasing.com\/#\/schema\/logo\/image\/"},"sameAs":["https:\/\/www.facebook.com\/alantratrailers\/","https:\/\/www.instagram.com\/alantraleasing\/?hl=en","https:\/\/www.linkedin.com\/company\/alantra-leasing-inc-\/","https:\/\/www.youtube.com\/channel\/UC147gZKyzDss4_0nrOOAj6w"]}]}},"_links":{"self":[{"href":"https:\/\/www.alantraleasing.com\/fr\/wp-json\/wp\/v2\/pages\/1504","targetHints":{"allow":["GET"]}}],"collection":[{"href":"https:\/\/www.alantraleasing.com\/fr\/wp-json\/wp\/v2\/pages"}],"about":[{"href":"https:\/\/www.alantraleasing.com\/fr\/wp-json\/wp\/v2\/types\/page"}],"author":[{"embeddable":true,"href":"https:\/\/www.alantraleasing.com\/fr\/wp-json\/wp\/v2\/users\/1"}],"replies":[{"embeddable":true,"href":"https:\/\/www.alantraleasing.com\/fr\/wp-json\/wp\/v2\/comments?post=1504"}],"version-history":[{"count":4,"href":"https:\/\/www.alantraleasing.com\/fr\/wp-json\/wp\/v2\/pages\/1504\/revisions"}],"predecessor-version":[{"id":1877,"href":"https:\/\/www.alantraleasing.com\/fr\/wp-json\/wp\/v2\/pages\/1504\/revisions\/1877"}],"wp:attachment":[{"href":"https:\/\/www.alantraleasing.com\/fr\/wp-json\/wp\/v2\/media?parent=1504"}],"curies":[{"name":"wp","href":"https:\/\/api.w.org\/{rel}","templated":true}]}}