{"id":1503,"date":"2025-07-26T16:51:37","date_gmt":"2025-07-26T19:51:37","guid":{"rendered":"https:\/\/www.alantraleasing.com\/products\/"},"modified":"2026-02-26T15:58:11","modified_gmt":"2026-02-26T19:58:11","slug":"produits","status":"publish","type":"page","link":"https:\/\/www.alantraleasing.com\/fr\/produits\/","title":{"rendered":"Produits"},"content":{"rendered":"\r\n<h2>\r\n\t\t\tPRODUITS\t<\/h2>\r\n<h2>\r\n\t\t\tQUALIT\u00c9 SUP\u00c9RIEURE. \u00c9QUIPEMENT COMPLET. DIVERSIT\u00c9.\t<\/h2>\r\n\tD\u00e9couvrez la flotte diversifi\u00e9e d&rsquo;Alantra Leasing<br \/>\r\nroulottes de bureau mobiles et solutions de construction modulaires\r\n                    <a href=\"https:\/\/www.alantraleasing.com\/fr\/product-category\/roulotte-de-chantier-fr\/\" title=\"ROULOTTES DE CHANTIER\">\r\n                        <img src=\"https:\/\/www.alantraleasing.com\/wp-content\/uploads\/2025\/10\/admin-ajax-Background-Removed.png\" alt=\"ROULOTTES DE CHANTIER\" width=\"245\" height=\"209\" decoding=\"async\" fetchpriority=\"high\" itemprop=\"image\"\/>\r\n                    <\/a>\r\n                    <h2>\r\n                        <a href=\"https:\/\/www.alantraleasing.com\/fr\/product-category\/roulotte-de-chantier-fr\/\" title=\"ROULOTTES DE CHANTIER\">\r\n                            ROULOTTES DE CHANTIER                        <\/a>\r\n                    <\/h2>\r\n                        <p>Nos roulottes de chantier sont de qualit\u00e9 sup\u00e9rieure, durable, et sont parfaites pour tous les besoins. Faites votre choix parmi notre vaste flotte de solutions mobiles, ou cr\u00e9er une conception unique avec notre \u00e9quipe des aujourd&rsquo;hui. <\/p>\r\n                        <a href=\"https:\/\/www.alantraleasing.com\/fr\/product-category\/roulotte-de-chantier-fr\/\">\r\n                            En savoir plus &gt;&gt;\r\n                        <\/a>\r\n                    <a href=\"https:\/\/www.alantraleasing.com\/fr\/product-category\/roulottes-dortoirs-fr\/\" title=\"ROULOTTES DORTOIRS\">\r\n                        <img src=\"https:\/\/www.alantraleasing.com\/wp-content\/uploads\/2025\/07\/c1e218ffd4e5e4284639edc8c0248c33-1.png\" alt=\"ROULOTTES DORTOIRS\" width=\"245\" height=\"209\" decoding=\"async\" fetchpriority=\"high\" itemprop=\"image\"\/>\r\n                    <\/a>\r\n                    <h2>\r\n                        <a href=\"https:\/\/www.alantraleasing.com\/fr\/product-category\/roulottes-dortoirs-fr\/\" title=\"ROULOTTES DORTOIRS\">\r\n                            ROULOTTES DORTOIRS                        <\/a>\r\n                    <\/h2>\r\n                        <p>Nos dortoirs confortables, propres et durables offriront \u00e0 vos travailleurs le repos dont ils ont besoin.<\/p>\r\n                        <a href=\"https:\/\/www.alantraleasing.com\/fr\/product-category\/roulottes-dortoirs-fr\/\">\r\n                            En savoir plus &gt;&gt;\r\n                        <\/a>\r\n                    <a href=\"https:\/\/www.alantraleasing.com\/fr\/product-category\/batiments-modulaires-fr\/\" title=\"B\u00c2TIMENTS MODULAIRES\">\r\n                        <img src=\"https:\/\/www.alantraleasing.com\/wp-content\/uploads\/2025\/05\/51d2202ff514e43ee654b9fce389de90-e1747806017159.png\" alt=\"B\u00c2TIMENTS MODULAIRES\" width=\"245\" height=\"209\" decoding=\"async\" fetchpriority=\"high\" itemprop=\"image\"\/>\r\n                    <\/a>\r\n                    <h2>\r\n                        <a href=\"https:\/\/www.alantraleasing.com\/fr\/product-category\/batiments-modulaires-fr\/\" title=\"B\u00c2TIMENTS MODULAIRES\">\r\n                            B\u00c2TIMENTS MODULAIRES                        <\/a>\r\n                    <\/h2>\r\n                        <p>Choisissez parmi des complexes modulaires de qualit\u00e9 sup\u00e9rieure disponibles en diff\u00e9rentes configurations, ou personnalisez-les selon vos besoins.<\/p>\r\n                        <a href=\"https:\/\/www.alantraleasing.com\/fr\/product-category\/batiments-modulaires-fr\/\">\r\n                            En savoir plus &gt;&gt;\r\n                        <\/a>\r\n                    <a href=\"https:\/\/www.alantraleasing.com\/fr\/entreposage-portable\/\" title=\"ENTREPOSAGE PORTABLE\">\r\n                        <img src=\"https:\/\/www.alantraleasing.com\/wp-content\/uploads\/2025\/05\/b237dac958f5e4a9c75777b6ec1d037e-e1747806077591.png\" alt=\"ENTREPOSAGE PORTABLE\" width=\"245\" height=\"209\" decoding=\"async\" fetchpriority=\"high\" itemprop=\"image\"\/>\r\n                    <\/a>\r\n                    <h2>\r\n                        <a href=\"https:\/\/www.alantraleasing.com\/fr\/entreposage-portable\/\" title=\"ENTREPOSAGE PORTABLE\">\r\n                            ENTREPOSAGE PORTABLE                        <\/a>\r\n                    <\/h2>\r\n                        <p>L&rsquo;entreposage temporaire est \u00e0 la port\u00e9e de main. Les conteneurs durables d&#039;Alantra r\u00e9pondent \u00e0 tous vos besoins sur le chantier.<\/p>\r\n                        <a href=\"https:\/\/www.alantraleasing.com\/fr\/entreposage-portable\/\">\r\n                            En savoir plus &gt;&gt;\r\n                        <\/a>\r\n                    <a href=\"https:\/\/tmpanels.com\/\" title=\"SYST\u00c8MES DE PANNEAUX\"  target=\"_blank\">\r\n                        <img src=\"https:\/\/www.alantraleasing.com\/wp-content\/uploads\/2025\/07\/5c20c874ece0b6c5950105c864bffb26-1.png\" alt=\"SYST\u00c8MES DE PANNEAUX\" width=\"245\" height=\"209\" decoding=\"async\" fetchpriority=\"high\" itemprop=\"image\"\/>\r\n                    <\/a>\r\n                    <h2>\r\n                        <a href=\"https:\/\/tmpanels.com\/\" title=\"SYST\u00c8MES DE PANNEAUX\"  target=\"_blank\">\r\n                            SYST\u00c8MES DE PANNEAUX                        <\/a>\r\n                    <\/h2>\r\n                        <p>Assembl\u00e9s dans les installations modernes et climatis\u00e9es de T&amp;M Panels, nous offrons un contr\u00f4le de qualit\u00e9 sup\u00e9rieur, livr\u00e9e a temps.<\/p>\r\n                        <a href=\"https:\/\/tmpanels.com\/\"  target=\"_blank\">\r\n                            En savoir plus &gt;&gt;\r\n                        <\/a>\r\n<style>\r\n    fl-module-content.fl-node-content {\r\n    display: flex\r\n;\r\n    flex-wrap: wrap;\r\n}\r\n.product-item {\r\n    margin: 0.5%;\r\n}\r\n<\/style><h2>\r\n\t\t\tNOUS AVONS CE DONT VOTRE <br \/>PROJET A BESOIN :\t<\/h2>\r\n\t<p>Que vous ayez besoin des roulottes de bureau, de roulottes pour salle \u00e0 manger, de salles de r\u00e9union, de dortoirs, des roulottes sanitaire, des roulottes douches, de vestiaires, de b\u00e2timents modulaires, des roulottes pour sites de forage, d&rsquo;unit\u00e9s d&rsquo;entreposage ou de salles de formation, Alantra vous livrera ce dont vous avez besoin, quand vous en avez besoin.<\/p>\r\n<h2>\r\n\t\t\tSI NOUS NE L&rsquo;AVONS PAS, <br \/>NOUS LE CONSTRUIRONS :\t<\/h2>\r\n\t<p>Disponible dans une vari\u00e9t\u00e9 de tailles et de configurations. Les dispositions peuvent \u00e9galement \u00eatre flexibles. Vous pouvez faire confiance \u00e0 notre \u00e9quipe d&rsquo;ing\u00e9nieurs et de concepteurs pour cr\u00e9er un produit sur mesure parfaitement adapt\u00e9 aux exigences uniques de votre projet.<\/p>\r\n\t\t\t\t<img decoding=\"async\" src=\"https:\/\/www.alantraleasing.com\/wp-content\/uploads\/2025\/08\/471133432_9015230071859281_2793408283259676608_n.jpg\" alt=\"471133432_9015230071859281_2793408283259676608_n\" itemprop=\"image\" height=\"1224\" width=\"1632\" title=\"471133432_9015230071859281_2793408283259676608_n\" onerror=\"this.style.display='none'\" loading=\"lazy\" \/>\r\n\t\t\t\t<img decoding=\"async\" src=\"https:\/\/www.alantraleasing.com\/wp-content\/uploads\/2025\/08\/1-2-scaled.webp\" alt=\"1\" itemprop=\"image\" height=\"1920\" width=\"2560\" title=\"1\" onerror=\"this.style.display='none'\" loading=\"lazy\" \/>\r\n<h2>\r\n\t\t\tCON\u00c7US POUR RESPECTER RIGOUREUSEMENT LES CODES DE CONSTRUCTION\t<\/h2>\r\n\t<p>La gamme de produits Alantra, qui comprend des roulottes de chantier mobiles, des complexes de bureaux, des b\u00e2timents modulaires et des constructions sur mesure, r\u00e9pond \u00e0 tous les besoins. Avec une durabilit\u00e9 \u00e9prouv\u00e9e m\u00eame dans les endroits les plus recul\u00e9s, les produits Alantra sont con\u00e7us pour offrir un maximum de lumi\u00e8re, de confort, d&rsquo;efficacit\u00e9 et de mobilit\u00e9.<\/p>\r\n<h2>\r\n\t\t\tPOINTS FORTS DE LA VALEUR AJOUT\u00c9E\t<\/h2>\r\n\t<p>Barres de s\u00e9curit\u00e9 pour fen\u00eatres, mini-stores, \u00e9clairage de secours, tables \u00e0 dessin, panneaux de communication, paliers et escaliers, etc. : tout cela est standard dans les roulottes de chantier et les b\u00e2timents modulaires d&rsquo;Alantra, entretenus de mani\u00e8re irr\u00e9prochable.<\/p>\r\n<h2>\r\n\t\t\tOFFRES DE LEASING ALANTRA\t<\/h2>\r\n\t<p>Solutions de bureau, roulottes pour salle \u00e0 manger, conteneurs de maritimes portable, roulottes sanitaire, roulottes pour sites miniers et puits, vestiaires, dortoirs, roulottes-douches, b\u00e2timents modulaires et syst\u00e8mes de panneaux.<\/p>\r\n<h2>\r\n\t\t\tN&rsquo;OUBLIEZ PAS DE JETER UN \u0152IL \u00c0 NOS ARTICLES EN SOLDE !\t<\/h2>\r\n\tParcourez nos articles en liquidation pour profiter d&rsquo;offres exceptionnelles sur nos produits de flotte et de revente.<br \/>\r\nN&rsquo;oubliez pas de consulter r\u00e9guli\u00e8rement notre site pour d\u00e9couvrir les nouveaux articles ajout\u00e9s.\r\n\t\t\t<a href=\"https:\/\/www.alantraleasing.com\/fr\/product\/liquidation\/\" target=\"_self\">\r\n\t\t\t\t\t\t\tEN SAVOIR PLUS\r\n\t\t\t\t\t<\/a>\r\n<h2>\r\n\t\t\tT\u00c9L\u00c9CHARGEZ NOTRE LISTE DE PRODUITS\t<\/h2>\r\n\tAlantra Leasing propose une gamme compl\u00e8te de produits,<br \/>\r\noffrant une qualit\u00e9 sup\u00e9rieure, des fonctionnalit\u00e9s \u00e9tendues et un large \u00e9ventail de solutions.\r\n\t\t\t<a href=\"https:\/\/www.alantraleasing.com\/wp-content\/uploads\/2025\/10\/alantra-leasing-product-list-mobile-trailers-drawings-liste-de-produits-plans-des-roulottes-mobiles.pdf\" target=\"_blank\" rel=\"noopener\">\r\n\t\t\t\t\t\t\tT\u00c9L\u00c9CHARGER ICI\r\n\t\t\t\t\t<\/a>\r\n\r\n","protected":false},"excerpt":{"rendered":"<p>PRODUITS QUALIT\u00c9 SUP\u00c9RIEURE. \u00c9QUIPEMENT COMPLET. DIVERSIT\u00c9. D\u00e9couvrez la flotte diversifi\u00e9e d&rsquo;Alantra Leasing roulottes de bureau mobiles et solutions de construction modulaires ROULOTTES DE CHANTIER Nos roulottes de chantier sont de&hellip;<\/p>\n","protected":false},"author":1,"featured_media":0,"parent":0,"menu_order":0,"comment_status":"closed","ping_status":"closed","template":"","meta":{"_acf_changed":false,"footnotes":""},"class_list":["post-1503","page","type-page","status-publish","hentry"],"acf":[],"yoast_head":"<!-- This site is optimized with the Yoast SEO plugin v27.2 - https:\/\/yoast.com\/product\/yoast-seo-wordpress\/ -->\n<title>Produits | Alantra<\/title>\n<meta name=\"description\" content=\"D\u00e9couvrez les bureaux mobiles, les dortoirs, les salles de bain et les b\u00e2timents modulaires personnalis\u00e9s d&#039;Alantra Leasing, avec leurs agencements flexibles, disponibles dans tout l&#039;est du Canada.\" \/>\n<meta name=\"robots\" content=\"index, follow, max-snippet:-1, max-image-preview:large, max-video-preview:-1\" \/>\n<link rel=\"canonical\" href=\"https:\/\/www.alantraleasing.com\/fr\/produits\/\" \/>\n<meta property=\"og:locale\" content=\"fr_FR\" \/>\n<meta property=\"og:type\" content=\"article\" \/>\n<meta property=\"og:title\" content=\"Produits | Alantra\" \/>\n<meta property=\"og:description\" content=\"D\u00e9couvrez les bureaux mobiles, les dortoirs, les salles de bain et les b\u00e2timents modulaires personnalis\u00e9s d&#039;Alantra Leasing, avec leurs agencements flexibles, disponibles dans tout l&#039;est du Canada.\" \/>\n<meta property=\"og:url\" content=\"https:\/\/www.alantraleasing.com\/fr\/produits\/\" \/>\n<meta property=\"og:site_name\" content=\"Alantra\" \/>\n<meta property=\"article:publisher\" content=\"https:\/\/www.facebook.com\/alantratrailers\/\" \/>\n<meta property=\"article:modified_time\" content=\"2026-02-26T19:58:11+00:00\" \/>\n<meta property=\"og:image\" content=\"https:\/\/www.alantraleasing.com\/wp-content\/uploads\/2025\/10\/admin-ajax-Background-Removed.png\" \/>\n<meta name=\"twitter:card\" content=\"summary_large_image\" \/>\n<meta name=\"twitter:label1\" content=\"Dur\u00e9e de lecture estim\u00e9e\" \/>\n\t<meta name=\"twitter:data1\" content=\"4 minutes\" \/>\n<script type=\"application\/ld+json\" class=\"yoast-schema-graph\">{\"@context\":\"https:\/\/schema.org\",\"@graph\":[{\"@type\":\"WebPage\",\"@id\":\"https:\/\/www.alantraleasing.com\/fr\/produits\/\",\"url\":\"https:\/\/www.alantraleasing.com\/fr\/produits\/\",\"name\":\"Produits | Alantra\",\"isPartOf\":{\"@id\":\"https:\/\/www.alantraleasing.com\/#website\"},\"primaryImageOfPage\":{\"@id\":\"https:\/\/www.alantraleasing.com\/fr\/produits\/#primaryimage\"},\"image\":{\"@id\":\"https:\/\/www.alantraleasing.com\/fr\/produits\/#primaryimage\"},\"thumbnailUrl\":\"https:\/\/www.alantraleasing.com\/wp-content\/uploads\/2025\/10\/admin-ajax-Background-Removed.png\",\"datePublished\":\"2025-07-26T19:51:37+00:00\",\"dateModified\":\"2026-02-26T19:58:11+00:00\",\"description\":\"D\u00e9couvrez les bureaux mobiles, les dortoirs, les salles de bain et les b\u00e2timents modulaires personnalis\u00e9s d'Alantra Leasing, avec leurs agencements flexibles, disponibles dans tout l'est du Canada.\",\"breadcrumb\":{\"@id\":\"https:\/\/www.alantraleasing.com\/fr\/produits\/#breadcrumb\"},\"inLanguage\":\"fr-FR\",\"potentialAction\":[{\"@type\":\"ReadAction\",\"target\":[\"https:\/\/www.alantraleasing.com\/fr\/produits\/\"]}]},{\"@type\":\"ImageObject\",\"inLanguage\":\"fr-FR\",\"@id\":\"https:\/\/www.alantraleasing.com\/fr\/produits\/#primaryimage\",\"url\":\"https:\/\/www.alantraleasing.com\/wp-content\/uploads\/2025\/10\/admin-ajax-Background-Removed.png\",\"contentUrl\":\"https:\/\/www.alantraleasing.com\/wp-content\/uploads\/2025\/10\/admin-ajax-Background-Removed.png\"},{\"@type\":\"BreadcrumbList\",\"@id\":\"https:\/\/www.alantraleasing.com\/fr\/produits\/#breadcrumb\",\"itemListElement\":[{\"@type\":\"ListItem\",\"position\":1,\"name\":\"Home\",\"item\":\"https:\/\/www.alantraleasing.com\/fr\/\"},{\"@type\":\"ListItem\",\"position\":2,\"name\":\"Produits\"}]},{\"@type\":\"WebSite\",\"@id\":\"https:\/\/www.alantraleasing.com\/#website\",\"url\":\"https:\/\/www.alantraleasing.com\/\",\"name\":\"Alantra Leasing Inc.\",\"description\":\"Mobile Office Trailer &amp; Modular Building Specialists\",\"publisher\":{\"@id\":\"https:\/\/www.alantraleasing.com\/#organization\"},\"alternateName\":\"Alantra Leasing\",\"potentialAction\":[{\"@type\":\"SearchAction\",\"target\":{\"@type\":\"EntryPoint\",\"urlTemplate\":\"https:\/\/www.alantraleasing.com\/?s={search_term_string}\"},\"query-input\":{\"@type\":\"PropertyValueSpecification\",\"valueRequired\":true,\"valueName\":\"search_term_string\"}}],\"inLanguage\":\"fr-FR\"},{\"@type\":\"Organization\",\"@id\":\"https:\/\/www.alantraleasing.com\/#organization\",\"name\":\"Alantra Leasing Inc.\",\"alternateName\":\"Alantra Leasing\",\"url\":\"https:\/\/www.alantraleasing.com\/\",\"logo\":{\"@type\":\"ImageObject\",\"inLanguage\":\"fr-FR\",\"@id\":\"https:\/\/www.alantraleasing.com\/#\/schema\/logo\/image\/\",\"url\":\"https:\/\/www.alantraleasing.com\/wp-content\/uploads\/2026\/02\/Alantra.png\",\"contentUrl\":\"https:\/\/www.alantraleasing.com\/wp-content\/uploads\/2026\/02\/Alantra.png\",\"width\":1200,\"height\":1200,\"caption\":\"Alantra Leasing Inc.\"},\"image\":{\"@id\":\"https:\/\/www.alantraleasing.com\/#\/schema\/logo\/image\/\"},\"sameAs\":[\"https:\/\/www.facebook.com\/alantratrailers\/\",\"https:\/\/www.instagram.com\/alantraleasing\/?hl=en\",\"https:\/\/www.linkedin.com\/company\/alantra-leasing-inc-\/\",\"https:\/\/www.youtube.com\/channel\/UC147gZKyzDss4_0nrOOAj6w\"]}]}<\/script>\n<!-- \/ Yoast SEO plugin. -->","yoast_head_json":{"title":"Produits | Alantra","description":"D\u00e9couvrez les bureaux mobiles, les dortoirs, les salles de bain et les b\u00e2timents modulaires personnalis\u00e9s d'Alantra Leasing, avec leurs agencements flexibles, disponibles dans tout l'est du Canada.","robots":{"index":"index","follow":"follow","max-snippet":"max-snippet:-1","max-image-preview":"max-image-preview:large","max-video-preview":"max-video-preview:-1"},"canonical":"https:\/\/www.alantraleasing.com\/fr\/produits\/","og_locale":"fr_FR","og_type":"article","og_title":"Produits | Alantra","og_description":"D\u00e9couvrez les bureaux mobiles, les dortoirs, les salles de bain et les b\u00e2timents modulaires personnalis\u00e9s d'Alantra Leasing, avec leurs agencements flexibles, disponibles dans tout l'est du Canada.","og_url":"https:\/\/www.alantraleasing.com\/fr\/produits\/","og_site_name":"Alantra","article_publisher":"https:\/\/www.facebook.com\/alantratrailers\/","article_modified_time":"2026-02-26T19:58:11+00:00","og_image":[{"url":"https:\/\/www.alantraleasing.com\/wp-content\/uploads\/2025\/10\/admin-ajax-Background-Removed.png","type":"","width":"","height":""}],"twitter_card":"summary_large_image","twitter_misc":{"Dur\u00e9e de lecture estim\u00e9e":"4 minutes"},"schema":{"@context":"https:\/\/schema.org","@graph":[{"@type":"WebPage","@id":"https:\/\/www.alantraleasing.com\/fr\/produits\/","url":"https:\/\/www.alantraleasing.com\/fr\/produits\/","name":"Produits | Alantra","isPartOf":{"@id":"https:\/\/www.alantraleasing.com\/#website"},"primaryImageOfPage":{"@id":"https:\/\/www.alantraleasing.com\/fr\/produits\/#primaryimage"},"image":{"@id":"https:\/\/www.alantraleasing.com\/fr\/produits\/#primaryimage"},"thumbnailUrl":"https:\/\/www.alantraleasing.com\/wp-content\/uploads\/2025\/10\/admin-ajax-Background-Removed.png","datePublished":"2025-07-26T19:51:37+00:00","dateModified":"2026-02-26T19:58:11+00:00","description":"D\u00e9couvrez les bureaux mobiles, les dortoirs, les salles de bain et les b\u00e2timents modulaires personnalis\u00e9s d'Alantra Leasing, avec leurs agencements flexibles, disponibles dans tout l'est du Canada.","breadcrumb":{"@id":"https:\/\/www.alantraleasing.com\/fr\/produits\/#breadcrumb"},"inLanguage":"fr-FR","potentialAction":[{"@type":"ReadAction","target":["https:\/\/www.alantraleasing.com\/fr\/produits\/"]}]},{"@type":"ImageObject","inLanguage":"fr-FR","@id":"https:\/\/www.alantraleasing.com\/fr\/produits\/#primaryimage","url":"https:\/\/www.alantraleasing.com\/wp-content\/uploads\/2025\/10\/admin-ajax-Background-Removed.png","contentUrl":"https:\/\/www.alantraleasing.com\/wp-content\/uploads\/2025\/10\/admin-ajax-Background-Removed.png"},{"@type":"BreadcrumbList","@id":"https:\/\/www.alantraleasing.com\/fr\/produits\/#breadcrumb","itemListElement":[{"@type":"ListItem","position":1,"name":"Home","item":"https:\/\/www.alantraleasing.com\/fr\/"},{"@type":"ListItem","position":2,"name":"Produits"}]},{"@type":"WebSite","@id":"https:\/\/www.alantraleasing.com\/#website","url":"https:\/\/www.alantraleasing.com\/","name":"Alantra Leasing Inc.","description":"Mobile Office Trailer &amp; Modular Building Specialists","publisher":{"@id":"https:\/\/www.alantraleasing.com\/#organization"},"alternateName":"Alantra Leasing","potentialAction":[{"@type":"SearchAction","target":{"@type":"EntryPoint","urlTemplate":"https:\/\/www.alantraleasing.com\/?s={search_term_string}"},"query-input":{"@type":"PropertyValueSpecification","valueRequired":true,"valueName":"search_term_string"}}],"inLanguage":"fr-FR"},{"@type":"Organization","@id":"https:\/\/www.alantraleasing.com\/#organization","name":"Alantra Leasing Inc.","alternateName":"Alantra Leasing","url":"https:\/\/www.alantraleasing.com\/","logo":{"@type":"ImageObject","inLanguage":"fr-FR","@id":"https:\/\/www.alantraleasing.com\/#\/schema\/logo\/image\/","url":"https:\/\/www.alantraleasing.com\/wp-content\/uploads\/2026\/02\/Alantra.png","contentUrl":"https:\/\/www.alantraleasing.com\/wp-content\/uploads\/2026\/02\/Alantra.png","width":1200,"height":1200,"caption":"Alantra Leasing Inc."},"image":{"@id":"https:\/\/www.alantraleasing.com\/#\/schema\/logo\/image\/"},"sameAs":["https:\/\/www.facebook.com\/alantratrailers\/","https:\/\/www.instagram.com\/alantraleasing\/?hl=en","https:\/\/www.linkedin.com\/company\/alantra-leasing-inc-\/","https:\/\/www.youtube.com\/channel\/UC147gZKyzDss4_0nrOOAj6w"]}]}},"_links":{"self":[{"href":"https:\/\/www.alantraleasing.com\/fr\/wp-json\/wp\/v2\/pages\/1503","targetHints":{"allow":["GET"]}}],"collection":[{"href":"https:\/\/www.alantraleasing.com\/fr\/wp-json\/wp\/v2\/pages"}],"about":[{"href":"https:\/\/www.alantraleasing.com\/fr\/wp-json\/wp\/v2\/types\/page"}],"author":[{"embeddable":true,"href":"https:\/\/www.alantraleasing.com\/fr\/wp-json\/wp\/v2\/users\/1"}],"replies":[{"embeddable":true,"href":"https:\/\/www.alantraleasing.com\/fr\/wp-json\/wp\/v2\/comments?post=1503"}],"version-history":[{"count":6,"href":"https:\/\/www.alantraleasing.com\/fr\/wp-json\/wp\/v2\/pages\/1503\/revisions"}],"predecessor-version":[{"id":2331,"href":"https:\/\/www.alantraleasing.com\/fr\/wp-json\/wp\/v2\/pages\/1503\/revisions\/2331"}],"wp:attachment":[{"href":"https:\/\/www.alantraleasing.com\/fr\/wp-json\/wp\/v2\/media?parent=1503"}],"curies":[{"name":"wp","href":"https:\/\/api.w.org\/{rel}","templated":true}]}}