{"id":1502,"date":"2025-08-07T05:44:19","date_gmt":"2025-08-07T08:44:19","guid":{"rendered":"https:\/\/www.alantraleasing.com\/portable-storage\/"},"modified":"2026-02-26T15:46:46","modified_gmt":"2026-02-26T19:46:46","slug":"entreposage-portable","status":"publish","type":"page","link":"https:\/\/www.alantraleasing.com\/fr\/entreposage-portable\/","title":{"rendered":"Entreposage Portable"},"content":{"rendered":"\r\n<h2>\r\n\t\t\tEntreposage Portable\t<\/h2>\r\n<h2>\r\n\t\t\tConteneurs maritimes | Conteneurs d&rsquo;exp\u00e9dition\t<\/h2>\r\n\t<p>Avec Alantra Leasing, il suffit d&rsquo;une simple appelle pour obtenir des solutions d&rsquo;entreposage temporaire. Les conteneurs maritimes d&rsquo;Alantra offrent les solutions durables et de haute qualit\u00e9 pour tous les besoins de sur les chantiers. Que vous ayez besoin de ranger vos outils et \u00e9quipement, vos meubles ou vos provisions de projet, nous avons ce qu&rsquo;il vous faut. Profitez de nos services de transport routier internes et faites-vous livrer vos conteneurs maritimes quand et o\u00f9 vous en avez besoin.<\/p>\r\n<h2>\r\n\t\t\tAvertissement :\t<\/h2>\r\n\t<p>Alantra ne d\u00e9placera aucun conteneur maritime contenant des articles. Elle n&rsquo;aidera pas non plus au chargement ou d\u00e9chargement de mat\u00e9riaux d&rsquo;un conteneur ou d&rsquo;une unit\u00e9 d&rsquo;entreposage. Il incombe au locataire de s&rsquo;assurer que toutes les unit\u00e9s sont vides avant leur d\u00e9placement.<\/p>\r\n<!-- Top Main Slider -->\r\n           <img decoding=\"async\" src=\"https:\/\/www.alantraleasing.com\/wp-content\/uploads\/2026\/02\/1-scaled.jpg\" alt=\"Product Image\" \/>\r\n           <img decoding=\"async\" src=\"https:\/\/www.alantraleasing.com\/wp-content\/uploads\/2026\/02\/2-scaled.jpg\" alt=\"Product Image\" \/>\r\n           <img decoding=\"async\" src=\"https:\/\/www.alantraleasing.com\/wp-content\/uploads\/2026\/02\/3-scaled.jpg\" alt=\"Product Image\" \/>\r\n           <img decoding=\"async\" src=\"https:\/\/www.alantraleasing.com\/wp-content\/uploads\/2026\/02\/4-scaled.jpg\" alt=\"Product Image\" \/>\r\n           <img decoding=\"async\" src=\"https:\/\/www.alantraleasing.com\/wp-content\/uploads\/2026\/02\/5-scaled.jpg\" alt=\"Product Image\" \/>\r\n           <img decoding=\"async\" src=\"https:\/\/www.alantraleasing.com\/wp-content\/uploads\/2026\/02\/6-scaled.jpg\" alt=\"Product Image\" \/>\r\n           <img decoding=\"async\" src=\"https:\/\/www.alantraleasing.com\/wp-content\/uploads\/2026\/02\/7-scaled.jpg\" alt=\"Product Image\" \/>\r\n           <img decoding=\"async\" src=\"https:\/\/www.alantraleasing.com\/wp-content\/uploads\/2026\/02\/8-scaled.jpg\" alt=\"Product Image\" \/>\r\n      <h3>LOCATION UNIQUEMENT<\/h3>\r\n      <p>Remarque : Nous ne louons pas de conteneurs maritimes en dehors du Canada atlantique et de la p\u00e9ninsule de Gasp\u00e9.<\/p>\r\n          <img decoding=\"async\" src=\"https:\/\/www.alantraleasing.com\/wp-content\/uploads\/2026\/02\/1-scaled.jpg\" alt=\"Product Image\" \/>\r\n          <img decoding=\"async\" src=\"https:\/\/www.alantraleasing.com\/wp-content\/uploads\/2026\/02\/2-scaled.jpg\" alt=\"Product Image\" \/>\r\n          <img decoding=\"async\" src=\"https:\/\/www.alantraleasing.com\/wp-content\/uploads\/2026\/02\/3-scaled.jpg\" alt=\"Product Image\" \/>\r\n          <img decoding=\"async\" src=\"https:\/\/www.alantraleasing.com\/wp-content\/uploads\/2026\/02\/4-scaled.jpg\" alt=\"Product Image\" \/>\r\n          <img decoding=\"async\" src=\"https:\/\/www.alantraleasing.com\/wp-content\/uploads\/2026\/02\/5-scaled.jpg\" alt=\"Product Image\" \/>\r\n          <img decoding=\"async\" src=\"https:\/\/www.alantraleasing.com\/wp-content\/uploads\/2026\/02\/6-scaled.jpg\" alt=\"Product Image\" \/>\r\n          <img decoding=\"async\" src=\"https:\/\/www.alantraleasing.com\/wp-content\/uploads\/2026\/02\/7-scaled.jpg\" alt=\"Product Image\" \/>\r\n          <img decoding=\"async\" src=\"https:\/\/www.alantraleasing.com\/wp-content\/uploads\/2026\/02\/8-scaled.jpg\" alt=\"Product Image\" \/>\r\n<style>\r\n  .product-slider {\r\n    border: 6px solid #2A3071;\r\n    border-radius: 15px;\r\n    position: relative;\r\n    overflow: hidden;\r\n}\r\n.product-slider img {\r\n    height: 450px;\r\n    object-fit: cover;\r\n    width: 100%;\r\n    display: block;\r\n}\r\n.slick-arrow {\r\n    position: absolute !important;\r\n    z-index: 9;\r\n    top: 35%;\r\n    background-color: transparent !important;\r\n    border: none !important;\r\n    font-size: 0;\r\n    background-image: url(https:\/\/www.alantraleasing.com\/wp-content\/uploads\/2025\/07\/Path-12.svg);\r\n    width: 77px;\r\n    height: 151px;\r\n    background-repeat: no-repeat;\r\n    padding: 0;\r\n    background-position: center;\r\n}\r\nbutton.slick-next.slick-arrow {\r\n    right: 0;\r\n     background-image: url(https:\/\/www.alantraleasing.com\/wp-content\/uploads\/2025\/07\/Path-13.svg);\r\n}\r\n.product-slider-nav {\r\n    margin-top: 34px;\r\n}\r\n.product-slide-nav img {\r\n    border: 6px solid;\r\n    height: 126px;\r\n    border-radius: 3px;\r\n    width: 100%;\r\n}\r\n.product-slide-nav {\r\n    padding: 0 9px;\r\n}\r\n.product-slider-wrap-nav {\r\n    margin: 0 -8px;\r\n}\r\n.product-slider-wrap {\r\n    position: relative;\r\n}\r\n.sale_info {\r\n    position: absolute;\r\n    bottom: 25px;\r\n    max-width: 388px;\r\n    background: #0B939C;\r\n    width: 100%;\r\n    color: #fff;\r\n    border-radius: 17px;\r\n    text-align: center;\r\n    left: -31px;\r\n    padding: 8px 40px;\r\n}\r\n.sale_info h3 {\r\n    margin: 0 0 2px;\r\n    font: normal normal 800 35px \/ 27px futura-pt-condensed;\r\n    letter-spacing: 0px;\r\n    color: #FFFFFF;\r\n    text-transform: uppercase;\r\n}\r\n.sale_info p {\r\n    margin: 0;\r\n    font-size: 14px;\r\n    line-height: 17px;\r\n}\r\n.product-slide, .product-slide-nav{\r\n  display: none;\r\n}\r\n.slick-initialized .slick-slide {\r\n    display: block;\r\n}\r\n@media(max-width:800px){\r\n  .slick-arrow {\r\n    background-size: contain;\r\n    height: 58px;\r\n    font-size: 0 !important;\r\n    width: 34px;\r\n}\r\n.sale_info h3 {\r\n    font: normal normal 800 22px \/ 23px futura-pt-condensed;\r\n}\r\n.sale_info {\r\n    bottom: -26px;\r\n    max-width: 388px;\r\n    left: -12px;\r\n    padding: 8px 11px;\r\n}\r\n.product-slider-wrap-nav {\r\n    display: none;\r\n}\r\n.product-slider img {\r\n    height: 320px;\r\n}\r\n.fl-col-group.fl-node-yjrbnw9kxcz3.fl-col-group-equal-height.fl-col-group-align-center.fl-col-group-custom-width {\r\n    display: block !important;\r\n}\r\n}\r\n<\/style><h2>\r\n\t\t\tPERSONNALISEZ VOS CONTENEURS MARITIMES\t<\/h2>\r\n\t<p>Alantra Leasing Inc. propose des options de personnalisation pour les conteneurs maritimes. Id\u00e9al pour r\u00e9pondre aux besoins sp\u00e9cifiques des chantiers, notamment pour l&rsquo;entreposage, les stations-service, les centres de travail, les bureaux mobiles, les centres de donn\u00e9es, etc.<\/p>\r\n<h2>\r\n\t\t\tCaract\u00e9ristiques\t<\/h2>\r\n\t<ul>\r\n<li>Anneau d&rsquo;ancrage<\/li>\r\n<li>Trappe pour c\u00e2bles<\/li>\r\n<li>Bo\u00eete \u00e0 cl\u00e9s<\/li>\r\n<li>Poign\u00e9es faciles \u00e0 ouvrir<\/li>\r\n<li>A\u00e9rations<\/li>\r\n<li>Plancher en planches vernies<\/li>\r\n<\/ul>\r\n\r\n","protected":false},"excerpt":{"rendered":"<p>Entreposage Portable Conteneurs maritimes | Conteneurs d&rsquo;exp\u00e9dition Avec Alantra Leasing, il suffit d&rsquo;une simple appelle pour obtenir des solutions d&rsquo;entreposage temporaire. Les conteneurs maritimes d&rsquo;Alantra offrent les solutions durables et&hellip;<\/p>\n","protected":false},"author":1,"featured_media":0,"parent":0,"menu_order":0,"comment_status":"closed","ping_status":"closed","template":"","meta":{"_acf_changed":false,"footnotes":""},"class_list":["post-1502","page","type-page","status-publish","hentry"],"acf":[],"yoast_head":"<!-- This site is optimized with the Yoast SEO plugin v27.2 - https:\/\/yoast.com\/product\/yoast-seo-wordpress\/ -->\n<title>Unit\u00e9s de stockage portables \u00e0 louer<\/title>\n<meta name=\"description\" content=\"Louez des unit\u00e9s de stockage portables et durables pour vos chantiers, \u00e9v\u00e9nements et besoins commerciaux. S\u00e9curis\u00e9es, flexibles et pr\u00eates \u00e0 \u00eatre lou\u00e9es chez Alantra.\" \/>\n<meta name=\"robots\" content=\"index, follow, max-snippet:-1, max-image-preview:large, max-video-preview:-1\" \/>\n<link rel=\"canonical\" href=\"https:\/\/www.alantraleasing.com\/fr\/entreposage-portable\/\" \/>\n<meta property=\"og:locale\" content=\"fr_FR\" \/>\n<meta property=\"og:type\" content=\"article\" \/>\n<meta property=\"og:title\" content=\"Unit\u00e9s de stockage portables \u00e0 louer\" \/>\n<meta property=\"og:description\" content=\"Louez des unit\u00e9s de stockage portables et durables pour vos chantiers, \u00e9v\u00e9nements et besoins commerciaux. S\u00e9curis\u00e9es, flexibles et pr\u00eates \u00e0 \u00eatre lou\u00e9es chez Alantra.\" \/>\n<meta property=\"og:url\" content=\"https:\/\/www.alantraleasing.com\/fr\/entreposage-portable\/\" \/>\n<meta property=\"og:site_name\" content=\"Alantra\" \/>\n<meta property=\"article:publisher\" content=\"https:\/\/www.facebook.com\/alantratrailers\/\" \/>\n<meta property=\"article:modified_time\" content=\"2026-02-26T19:46:46+00:00\" \/>\n<meta property=\"og:image\" content=\"https:\/\/www.alantraleasing.com\/wp-content\/uploads\/2026\/02\/1-scaled.jpg\" \/>\n<meta name=\"twitter:card\" content=\"summary_large_image\" \/>\n<meta name=\"twitter:label1\" content=\"Dur\u00e9e de lecture estim\u00e9e\" \/>\n\t<meta name=\"twitter:data1\" content=\"5 minutes\" \/>\n<script type=\"application\/ld+json\" class=\"yoast-schema-graph\">{\"@context\":\"https:\/\/schema.org\",\"@graph\":[{\"@type\":\"WebPage\",\"@id\":\"https:\/\/www.alantraleasing.com\/fr\/entreposage-portable\/\",\"url\":\"https:\/\/www.alantraleasing.com\/fr\/entreposage-portable\/\",\"name\":\"Unit\u00e9s de stockage portables \u00e0 louer\",\"isPartOf\":{\"@id\":\"https:\/\/www.alantraleasing.com\/#website\"},\"primaryImageOfPage\":{\"@id\":\"https:\/\/www.alantraleasing.com\/fr\/entreposage-portable\/#primaryimage\"},\"image\":{\"@id\":\"https:\/\/www.alantraleasing.com\/fr\/entreposage-portable\/#primaryimage\"},\"thumbnailUrl\":\"https:\/\/www.alantraleasing.com\/wp-content\/uploads\/2026\/02\/1-scaled.jpg\",\"datePublished\":\"2025-08-07T08:44:19+00:00\",\"dateModified\":\"2026-02-26T19:46:46+00:00\",\"description\":\"Louez des unit\u00e9s de stockage portables et durables pour vos chantiers, \u00e9v\u00e9nements et besoins commerciaux. S\u00e9curis\u00e9es, flexibles et pr\u00eates \u00e0 \u00eatre lou\u00e9es chez Alantra.\",\"breadcrumb\":{\"@id\":\"https:\/\/www.alantraleasing.com\/fr\/entreposage-portable\/#breadcrumb\"},\"inLanguage\":\"fr-FR\",\"potentialAction\":[{\"@type\":\"ReadAction\",\"target\":[\"https:\/\/www.alantraleasing.com\/fr\/entreposage-portable\/\"]}]},{\"@type\":\"ImageObject\",\"inLanguage\":\"fr-FR\",\"@id\":\"https:\/\/www.alantraleasing.com\/fr\/entreposage-portable\/#primaryimage\",\"url\":\"https:\/\/www.alantraleasing.com\/wp-content\/uploads\/2026\/02\/1-scaled.jpg\",\"contentUrl\":\"https:\/\/www.alantraleasing.com\/wp-content\/uploads\/2026\/02\/1-scaled.jpg\"},{\"@type\":\"BreadcrumbList\",\"@id\":\"https:\/\/www.alantraleasing.com\/fr\/entreposage-portable\/#breadcrumb\",\"itemListElement\":[{\"@type\":\"ListItem\",\"position\":1,\"name\":\"Home\",\"item\":\"https:\/\/www.alantraleasing.com\/fr\/\"},{\"@type\":\"ListItem\",\"position\":2,\"name\":\"Entreposage Portable\"}]},{\"@type\":\"WebSite\",\"@id\":\"https:\/\/www.alantraleasing.com\/#website\",\"url\":\"https:\/\/www.alantraleasing.com\/\",\"name\":\"Alantra Leasing Inc.\",\"description\":\"Mobile Office Trailer &amp; Modular Building Specialists\",\"publisher\":{\"@id\":\"https:\/\/www.alantraleasing.com\/#organization\"},\"alternateName\":\"Alantra Leasing\",\"potentialAction\":[{\"@type\":\"SearchAction\",\"target\":{\"@type\":\"EntryPoint\",\"urlTemplate\":\"https:\/\/www.alantraleasing.com\/?s={search_term_string}\"},\"query-input\":{\"@type\":\"PropertyValueSpecification\",\"valueRequired\":true,\"valueName\":\"search_term_string\"}}],\"inLanguage\":\"fr-FR\"},{\"@type\":\"Organization\",\"@id\":\"https:\/\/www.alantraleasing.com\/#organization\",\"name\":\"Alantra Leasing Inc.\",\"alternateName\":\"Alantra Leasing\",\"url\":\"https:\/\/www.alantraleasing.com\/\",\"logo\":{\"@type\":\"ImageObject\",\"inLanguage\":\"fr-FR\",\"@id\":\"https:\/\/www.alantraleasing.com\/#\/schema\/logo\/image\/\",\"url\":\"https:\/\/www.alantraleasing.com\/wp-content\/uploads\/2026\/02\/Alantra.png\",\"contentUrl\":\"https:\/\/www.alantraleasing.com\/wp-content\/uploads\/2026\/02\/Alantra.png\",\"width\":1200,\"height\":1200,\"caption\":\"Alantra Leasing Inc.\"},\"image\":{\"@id\":\"https:\/\/www.alantraleasing.com\/#\/schema\/logo\/image\/\"},\"sameAs\":[\"https:\/\/www.facebook.com\/alantratrailers\/\",\"https:\/\/www.instagram.com\/alantraleasing\/?hl=en\",\"https:\/\/www.linkedin.com\/company\/alantra-leasing-inc-\/\",\"https:\/\/www.youtube.com\/channel\/UC147gZKyzDss4_0nrOOAj6w\"]}]}<\/script>\n<!-- \/ Yoast SEO plugin. -->","yoast_head_json":{"title":"Unit\u00e9s de stockage portables \u00e0 louer","description":"Louez des unit\u00e9s de stockage portables et durables pour vos chantiers, \u00e9v\u00e9nements et besoins commerciaux. S\u00e9curis\u00e9es, flexibles et pr\u00eates \u00e0 \u00eatre lou\u00e9es chez Alantra.","robots":{"index":"index","follow":"follow","max-snippet":"max-snippet:-1","max-image-preview":"max-image-preview:large","max-video-preview":"max-video-preview:-1"},"canonical":"https:\/\/www.alantraleasing.com\/fr\/entreposage-portable\/","og_locale":"fr_FR","og_type":"article","og_title":"Unit\u00e9s de stockage portables \u00e0 louer","og_description":"Louez des unit\u00e9s de stockage portables et durables pour vos chantiers, \u00e9v\u00e9nements et besoins commerciaux. S\u00e9curis\u00e9es, flexibles et pr\u00eates \u00e0 \u00eatre lou\u00e9es chez Alantra.","og_url":"https:\/\/www.alantraleasing.com\/fr\/entreposage-portable\/","og_site_name":"Alantra","article_publisher":"https:\/\/www.facebook.com\/alantratrailers\/","article_modified_time":"2026-02-26T19:46:46+00:00","og_image":[{"url":"https:\/\/www.alantraleasing.com\/wp-content\/uploads\/2026\/02\/1-scaled.jpg","type":"","width":"","height":""}],"twitter_card":"summary_large_image","twitter_misc":{"Dur\u00e9e de lecture estim\u00e9e":"5 minutes"},"schema":{"@context":"https:\/\/schema.org","@graph":[{"@type":"WebPage","@id":"https:\/\/www.alantraleasing.com\/fr\/entreposage-portable\/","url":"https:\/\/www.alantraleasing.com\/fr\/entreposage-portable\/","name":"Unit\u00e9s de stockage portables \u00e0 louer","isPartOf":{"@id":"https:\/\/www.alantraleasing.com\/#website"},"primaryImageOfPage":{"@id":"https:\/\/www.alantraleasing.com\/fr\/entreposage-portable\/#primaryimage"},"image":{"@id":"https:\/\/www.alantraleasing.com\/fr\/entreposage-portable\/#primaryimage"},"thumbnailUrl":"https:\/\/www.alantraleasing.com\/wp-content\/uploads\/2026\/02\/1-scaled.jpg","datePublished":"2025-08-07T08:44:19+00:00","dateModified":"2026-02-26T19:46:46+00:00","description":"Louez des unit\u00e9s de stockage portables et durables pour vos chantiers, \u00e9v\u00e9nements et besoins commerciaux. S\u00e9curis\u00e9es, flexibles et pr\u00eates \u00e0 \u00eatre lou\u00e9es chez Alantra.","breadcrumb":{"@id":"https:\/\/www.alantraleasing.com\/fr\/entreposage-portable\/#breadcrumb"},"inLanguage":"fr-FR","potentialAction":[{"@type":"ReadAction","target":["https:\/\/www.alantraleasing.com\/fr\/entreposage-portable\/"]}]},{"@type":"ImageObject","inLanguage":"fr-FR","@id":"https:\/\/www.alantraleasing.com\/fr\/entreposage-portable\/#primaryimage","url":"https:\/\/www.alantraleasing.com\/wp-content\/uploads\/2026\/02\/1-scaled.jpg","contentUrl":"https:\/\/www.alantraleasing.com\/wp-content\/uploads\/2026\/02\/1-scaled.jpg"},{"@type":"BreadcrumbList","@id":"https:\/\/www.alantraleasing.com\/fr\/entreposage-portable\/#breadcrumb","itemListElement":[{"@type":"ListItem","position":1,"name":"Home","item":"https:\/\/www.alantraleasing.com\/fr\/"},{"@type":"ListItem","position":2,"name":"Entreposage Portable"}]},{"@type":"WebSite","@id":"https:\/\/www.alantraleasing.com\/#website","url":"https:\/\/www.alantraleasing.com\/","name":"Alantra Leasing Inc.","description":"Mobile Office Trailer &amp; Modular Building Specialists","publisher":{"@id":"https:\/\/www.alantraleasing.com\/#organization"},"alternateName":"Alantra Leasing","potentialAction":[{"@type":"SearchAction","target":{"@type":"EntryPoint","urlTemplate":"https:\/\/www.alantraleasing.com\/?s={search_term_string}"},"query-input":{"@type":"PropertyValueSpecification","valueRequired":true,"valueName":"search_term_string"}}],"inLanguage":"fr-FR"},{"@type":"Organization","@id":"https:\/\/www.alantraleasing.com\/#organization","name":"Alantra Leasing Inc.","alternateName":"Alantra Leasing","url":"https:\/\/www.alantraleasing.com\/","logo":{"@type":"ImageObject","inLanguage":"fr-FR","@id":"https:\/\/www.alantraleasing.com\/#\/schema\/logo\/image\/","url":"https:\/\/www.alantraleasing.com\/wp-content\/uploads\/2026\/02\/Alantra.png","contentUrl":"https:\/\/www.alantraleasing.com\/wp-content\/uploads\/2026\/02\/Alantra.png","width":1200,"height":1200,"caption":"Alantra Leasing Inc."},"image":{"@id":"https:\/\/www.alantraleasing.com\/#\/schema\/logo\/image\/"},"sameAs":["https:\/\/www.facebook.com\/alantratrailers\/","https:\/\/www.instagram.com\/alantraleasing\/?hl=en","https:\/\/www.linkedin.com\/company\/alantra-leasing-inc-\/","https:\/\/www.youtube.com\/channel\/UC147gZKyzDss4_0nrOOAj6w"]}]}},"_links":{"self":[{"href":"https:\/\/www.alantraleasing.com\/fr\/wp-json\/wp\/v2\/pages\/1502","targetHints":{"allow":["GET"]}}],"collection":[{"href":"https:\/\/www.alantraleasing.com\/fr\/wp-json\/wp\/v2\/pages"}],"about":[{"href":"https:\/\/www.alantraleasing.com\/fr\/wp-json\/wp\/v2\/types\/page"}],"author":[{"embeddable":true,"href":"https:\/\/www.alantraleasing.com\/fr\/wp-json\/wp\/v2\/users\/1"}],"replies":[{"embeddable":true,"href":"https:\/\/www.alantraleasing.com\/fr\/wp-json\/wp\/v2\/comments?post=1502"}],"version-history":[{"count":5,"href":"https:\/\/www.alantraleasing.com\/fr\/wp-json\/wp\/v2\/pages\/1502\/revisions"}],"predecessor-version":[{"id":2164,"href":"https:\/\/www.alantraleasing.com\/fr\/wp-json\/wp\/v2\/pages\/1502\/revisions\/2164"}],"wp:attachment":[{"href":"https:\/\/www.alantraleasing.com\/fr\/wp-json\/wp\/v2\/media?parent=1502"}],"curies":[{"name":"wp","href":"https:\/\/api.w.org\/{rel}","templated":true}]}}