{"id":1501,"date":"2025-07-27T04:46:39","date_gmt":"2025-07-27T07:46:39","guid":{"rendered":"https:\/\/www.alantraleasing.com\/blog-news\/"},"modified":"2026-03-17T04:37:48","modified_gmt":"2026-03-17T07:37:48","slug":"blogs-et-actualites","status":"publish","type":"page","link":"https:\/\/www.alantraleasing.com\/fr\/blogs-et-actualites\/","title":{"rendered":"Blogs et actualit\u00e9s"},"content":{"rendered":"\n<h2>\n\t\t\tBLOGS ET ACTUALIT\u00c9S\t<\/h2>\n<h2>\n\t\t\tAUTRES ACTUALIT\u00c9S\t<\/h2>\n<h2>\n\t\t\tPUBLICATIONS R\u00c9CENTES\t<\/h2>\n\t<div class='recent-posts'><h4>mars 2026<\/h4><ul><li><a href=\"https:\/\/www.alantraleasing.com\/fr\/2026\/03\/10\/construction-modulaire-de-14-unites-realisee-a-halifax\/\">Construction modulaire de 14 unit\u00e9s r\u00e9alis\u00e9e \u00e0 Halifax<\/a><\/li><\/ul><h4>avril 2025<\/h4><ul><li><a href=\"https:\/\/www.alantraleasing.com\/fr\/2025\/04\/22\/mise-en-avant-de-nos-roulottes-vestiaire\/\">Mise en avant de nos roulottes vestiaire<\/a><\/li><\/ul><h4>janvier 2025<\/h4><ul><li><a href=\"https:\/\/www.alantraleasing.com\/fr\/2025\/01\/24\/les-roulottes-dortoirs-dalantra-leasing-soutiennent-le-logement-de-transition\/\">Les Roulottes Dortoirs d&rsquo;Alantra Leasing soutiennent le logement de transition<\/a><\/li><\/ul><h4>octobre 2024<\/h4><ul><li><a href=\"https:\/\/www.alantraleasing.com\/fr\/2024\/10\/18\/nouvelle-roulotte-cantine-a-fredericton-dippy-dog\/\">Nouvelle roulotte cantine \u00e0 Fredericton: Dippy Dog<\/a><\/li><\/ul><h4>mars 2019<\/h4><ul><li><a href=\"https:\/\/www.alantraleasing.com\/fr\/2019\/03\/21\/les-nombreux-avantages-dentreposage-portable\/\">Les nombreux avantages d\u2019entreposage portable<\/a><\/li><\/ul><h4>ao\u00fbt 2018<\/h4><ul><li><a href=\"https:\/\/www.alantraleasing.com\/fr\/2018\/08\/24\/nos-roulottes-en-vedette-pourquoi-tout-le-monde-est-il-si-enthousiaste-a-propos-de-ces-unites\/\">Nos roulottes en vedette : pourquoi tout le monde est-il si enthousiaste \u00e0 propos de ces unit\u00e9s?<\/a><\/li><\/ul><h4>juin 2018<\/h4><ul><li><a href=\"https:\/\/www.alantraleasing.com\/fr\/2018\/06\/01\/complexe-de-bureaux-modulaire-etude-de-cas\/\">Complexe de bureaux modulaire : \u00e9tude de cas<\/a><\/li><li><a href=\"https:\/\/www.alantraleasing.com\/fr\/2018\/06\/01\/bienvenue-chez-alantra\/\">Bienvenue chez Alantra!<\/a><\/li><\/ul><\/div>\n<h2>\n\t\t\tCAT\u00c9GORIES\t<\/h2>\n\t<ul class=\"custom-category-list\"><li><a href=\"https:\/\/www.alantraleasing.com\/fr\/category\/modular-building-fr\/\">B\u00e2timents modulaires<\/a><\/li><li><a href=\"https:\/\/www.alantraleasing.com\/fr\/category\/portable-storage-fr\/\">Entreposage Portable<\/a><\/li><li><a href=\"https:\/\/www.alantraleasing.com\/fr\/category\/non-categorise\/\">Non cat\u00e9goris\u00e9<\/a><\/li><li><a href=\"https:\/\/www.alantraleasing.com\/fr\/category\/mobile-office-lunch-room-trailers-fr\/\">Roulotte pour salle \u00e0 manger<\/a><\/li><li><a href=\"https:\/\/www.alantraleasing.com\/fr\/category\/locker-room-trailers-fr\/\">Roulotte pour vestiaires<\/a><\/li><li><a href=\"https:\/\/www.alantraleasing.com\/fr\/category\/bunkhouse-trailers-fr\/\">Roulottes Dortoirs<\/a><\/li><\/ul>\n\n","protected":false},"excerpt":{"rendered":"<p>Nous vous souhaitons la bienvenue chez Alantra Leasing. Nous sommes ravis que vous visitiez notre blog. Alantra Leasing est heureux de commencer \u00e0 publier des articles et de vous tenir&hellip;<\/p>\n","protected":false},"author":1,"featured_media":0,"parent":0,"menu_order":0,"comment_status":"closed","ping_status":"closed","template":"","meta":{"_acf_changed":false,"footnotes":""},"class_list":["post-1501","page","type-page","status-publish","hentry"],"acf":[],"yoast_head":"<!-- This site is optimized with the Yoast SEO plugin v27.2 - https:\/\/yoast.com\/product\/yoast-seo-wordpress\/ -->\n<title>Blogs et actualit\u00e9s | Alantra<\/title>\n<meta name=\"description\" content=\"D\u00e9couvrez les derni\u00e8res actualit\u00e9s, des conseils et des informations sur le secteur des remorques de chantier, des b\u00e2timents modulaires et des solutions de stockage mobiles.\" \/>\n<meta name=\"robots\" content=\"index, follow, max-snippet:-1, max-image-preview:large, max-video-preview:-1\" \/>\n<link rel=\"canonical\" href=\"https:\/\/www.alantraleasing.com\/fr\/blogs-et-actualites\/\" \/>\n<meta property=\"og:locale\" content=\"fr_FR\" \/>\n<meta property=\"og:type\" content=\"article\" \/>\n<meta property=\"og:title\" content=\"Blogs et actualit\u00e9s | Alantra\" \/>\n<meta property=\"og:description\" content=\"D\u00e9couvrez les derni\u00e8res actualit\u00e9s, des conseils et des informations sur le secteur des remorques de chantier, des b\u00e2timents modulaires et des solutions de stockage mobiles.\" \/>\n<meta property=\"og:url\" content=\"https:\/\/www.alantraleasing.com\/fr\/blogs-et-actualites\/\" \/>\n<meta property=\"og:site_name\" content=\"Alantra\" \/>\n<meta property=\"article:publisher\" content=\"https:\/\/www.facebook.com\/alantratrailers\/\" \/>\n<meta property=\"article:modified_time\" content=\"2026-03-17T07:37:48+00:00\" \/>\n<meta property=\"og:image\" content=\"https:\/\/www.alantraleasing.com\/wp-content\/uploads\/2026\/02\/Logo-Alantra.png\" \/>\n\t<meta property=\"og:image:width\" content=\"1200\" \/>\n\t<meta property=\"og:image:height\" content=\"675\" \/>\n\t<meta property=\"og:image:type\" content=\"image\/png\" \/>\n<meta name=\"twitter:card\" content=\"summary_large_image\" \/>\n<meta name=\"twitter:label1\" content=\"Dur\u00e9e de lecture estim\u00e9e\" \/>\n\t<meta name=\"twitter:data1\" content=\"1 minute\" \/>\n<script type=\"application\/ld+json\" class=\"yoast-schema-graph\">{\"@context\":\"https:\/\/schema.org\",\"@graph\":[{\"@type\":\"WebPage\",\"@id\":\"https:\/\/www.alantraleasing.com\/fr\/blogs-et-actualites\/\",\"url\":\"https:\/\/www.alantraleasing.com\/fr\/blogs-et-actualites\/\",\"name\":\"Blogs et actualit\u00e9s | Alantra\",\"isPartOf\":{\"@id\":\"https:\/\/www.alantraleasing.com\/#website\"},\"datePublished\":\"2025-07-27T07:46:39+00:00\",\"dateModified\":\"2026-03-17T07:37:48+00:00\",\"description\":\"D\u00e9couvrez les derni\u00e8res actualit\u00e9s, des conseils et des informations sur le secteur des remorques de chantier, des b\u00e2timents modulaires et des solutions de stockage mobiles.\",\"breadcrumb\":{\"@id\":\"https:\/\/www.alantraleasing.com\/fr\/blogs-et-actualites\/#breadcrumb\"},\"inLanguage\":\"fr-FR\",\"potentialAction\":[{\"@type\":\"ReadAction\",\"target\":[\"https:\/\/www.alantraleasing.com\/fr\/blogs-et-actualites\/\"]}]},{\"@type\":\"BreadcrumbList\",\"@id\":\"https:\/\/www.alantraleasing.com\/fr\/blogs-et-actualites\/#breadcrumb\",\"itemListElement\":[{\"@type\":\"ListItem\",\"position\":1,\"name\":\"Home\",\"item\":\"https:\/\/www.alantraleasing.com\/fr\/\"},{\"@type\":\"ListItem\",\"position\":2,\"name\":\"Blogs et actualit\u00e9s\"}]},{\"@type\":\"WebSite\",\"@id\":\"https:\/\/www.alantraleasing.com\/#website\",\"url\":\"https:\/\/www.alantraleasing.com\/\",\"name\":\"Alantra Leasing Inc.\",\"description\":\"Mobile Office Trailer &amp; Modular Building Specialists\",\"publisher\":{\"@id\":\"https:\/\/www.alantraleasing.com\/#organization\"},\"alternateName\":\"Alantra Leasing\",\"potentialAction\":[{\"@type\":\"SearchAction\",\"target\":{\"@type\":\"EntryPoint\",\"urlTemplate\":\"https:\/\/www.alantraleasing.com\/?s={search_term_string}\"},\"query-input\":{\"@type\":\"PropertyValueSpecification\",\"valueRequired\":true,\"valueName\":\"search_term_string\"}}],\"inLanguage\":\"fr-FR\"},{\"@type\":\"Organization\",\"@id\":\"https:\/\/www.alantraleasing.com\/#organization\",\"name\":\"Alantra Leasing Inc.\",\"alternateName\":\"Alantra Leasing\",\"url\":\"https:\/\/www.alantraleasing.com\/\",\"logo\":{\"@type\":\"ImageObject\",\"inLanguage\":\"fr-FR\",\"@id\":\"https:\/\/www.alantraleasing.com\/#\/schema\/logo\/image\/\",\"url\":\"https:\/\/www.alantraleasing.com\/wp-content\/uploads\/2026\/02\/Alantra.png\",\"contentUrl\":\"https:\/\/www.alantraleasing.com\/wp-content\/uploads\/2026\/02\/Alantra.png\",\"width\":1200,\"height\":1200,\"caption\":\"Alantra Leasing Inc.\"},\"image\":{\"@id\":\"https:\/\/www.alantraleasing.com\/#\/schema\/logo\/image\/\"},\"sameAs\":[\"https:\/\/www.facebook.com\/alantratrailers\/\",\"https:\/\/www.instagram.com\/alantraleasing\/?hl=en\",\"https:\/\/www.linkedin.com\/company\/alantra-leasing-inc-\/\",\"https:\/\/www.youtube.com\/channel\/UC147gZKyzDss4_0nrOOAj6w\"]}]}<\/script>\n<!-- \/ Yoast SEO plugin. -->","yoast_head_json":{"title":"Blogs et actualit\u00e9s | Alantra","description":"D\u00e9couvrez les derni\u00e8res actualit\u00e9s, des conseils et des informations sur le secteur des remorques de chantier, des b\u00e2timents modulaires et des solutions de stockage mobiles.","robots":{"index":"index","follow":"follow","max-snippet":"max-snippet:-1","max-image-preview":"max-image-preview:large","max-video-preview":"max-video-preview:-1"},"canonical":"https:\/\/www.alantraleasing.com\/fr\/blogs-et-actualites\/","og_locale":"fr_FR","og_type":"article","og_title":"Blogs et actualit\u00e9s | Alantra","og_description":"D\u00e9couvrez les derni\u00e8res actualit\u00e9s, des conseils et des informations sur le secteur des remorques de chantier, des b\u00e2timents modulaires et des solutions de stockage mobiles.","og_url":"https:\/\/www.alantraleasing.com\/fr\/blogs-et-actualites\/","og_site_name":"Alantra","article_publisher":"https:\/\/www.facebook.com\/alantratrailers\/","article_modified_time":"2026-03-17T07:37:48+00:00","og_image":[{"width":1200,"height":675,"url":"https:\/\/www.alantraleasing.com\/wp-content\/uploads\/2026\/02\/Logo-Alantra.png","type":"image\/png"}],"twitter_card":"summary_large_image","twitter_misc":{"Dur\u00e9e de lecture estim\u00e9e":"1 minute"},"schema":{"@context":"https:\/\/schema.org","@graph":[{"@type":"WebPage","@id":"https:\/\/www.alantraleasing.com\/fr\/blogs-et-actualites\/","url":"https:\/\/www.alantraleasing.com\/fr\/blogs-et-actualites\/","name":"Blogs et actualit\u00e9s | Alantra","isPartOf":{"@id":"https:\/\/www.alantraleasing.com\/#website"},"datePublished":"2025-07-27T07:46:39+00:00","dateModified":"2026-03-17T07:37:48+00:00","description":"D\u00e9couvrez les derni\u00e8res actualit\u00e9s, des conseils et des informations sur le secteur des remorques de chantier, des b\u00e2timents modulaires et des solutions de stockage mobiles.","breadcrumb":{"@id":"https:\/\/www.alantraleasing.com\/fr\/blogs-et-actualites\/#breadcrumb"},"inLanguage":"fr-FR","potentialAction":[{"@type":"ReadAction","target":["https:\/\/www.alantraleasing.com\/fr\/blogs-et-actualites\/"]}]},{"@type":"BreadcrumbList","@id":"https:\/\/www.alantraleasing.com\/fr\/blogs-et-actualites\/#breadcrumb","itemListElement":[{"@type":"ListItem","position":1,"name":"Home","item":"https:\/\/www.alantraleasing.com\/fr\/"},{"@type":"ListItem","position":2,"name":"Blogs et actualit\u00e9s"}]},{"@type":"WebSite","@id":"https:\/\/www.alantraleasing.com\/#website","url":"https:\/\/www.alantraleasing.com\/","name":"Alantra Leasing Inc.","description":"Mobile Office Trailer &amp; Modular Building Specialists","publisher":{"@id":"https:\/\/www.alantraleasing.com\/#organization"},"alternateName":"Alantra Leasing","potentialAction":[{"@type":"SearchAction","target":{"@type":"EntryPoint","urlTemplate":"https:\/\/www.alantraleasing.com\/?s={search_term_string}"},"query-input":{"@type":"PropertyValueSpecification","valueRequired":true,"valueName":"search_term_string"}}],"inLanguage":"fr-FR"},{"@type":"Organization","@id":"https:\/\/www.alantraleasing.com\/#organization","name":"Alantra Leasing Inc.","alternateName":"Alantra Leasing","url":"https:\/\/www.alantraleasing.com\/","logo":{"@type":"ImageObject","inLanguage":"fr-FR","@id":"https:\/\/www.alantraleasing.com\/#\/schema\/logo\/image\/","url":"https:\/\/www.alantraleasing.com\/wp-content\/uploads\/2026\/02\/Alantra.png","contentUrl":"https:\/\/www.alantraleasing.com\/wp-content\/uploads\/2026\/02\/Alantra.png","width":1200,"height":1200,"caption":"Alantra Leasing Inc."},"image":{"@id":"https:\/\/www.alantraleasing.com\/#\/schema\/logo\/image\/"},"sameAs":["https:\/\/www.facebook.com\/alantratrailers\/","https:\/\/www.instagram.com\/alantraleasing\/?hl=en","https:\/\/www.linkedin.com\/company\/alantra-leasing-inc-\/","https:\/\/www.youtube.com\/channel\/UC147gZKyzDss4_0nrOOAj6w"]}]}},"_links":{"self":[{"href":"https:\/\/www.alantraleasing.com\/fr\/wp-json\/wp\/v2\/pages\/1501","targetHints":{"allow":["GET"]}}],"collection":[{"href":"https:\/\/www.alantraleasing.com\/fr\/wp-json\/wp\/v2\/pages"}],"about":[{"href":"https:\/\/www.alantraleasing.com\/fr\/wp-json\/wp\/v2\/types\/page"}],"author":[{"embeddable":true,"href":"https:\/\/www.alantraleasing.com\/fr\/wp-json\/wp\/v2\/users\/1"}],"replies":[{"embeddable":true,"href":"https:\/\/www.alantraleasing.com\/fr\/wp-json\/wp\/v2\/comments?post=1501"}],"version-history":[{"count":5,"href":"https:\/\/www.alantraleasing.com\/fr\/wp-json\/wp\/v2\/pages\/1501\/revisions"}],"predecessor-version":[{"id":2459,"href":"https:\/\/www.alantraleasing.com\/fr\/wp-json\/wp\/v2\/pages\/1501\/revisions\/2459"}],"wp:attachment":[{"href":"https:\/\/www.alantraleasing.com\/fr\/wp-json\/wp\/v2\/media?parent=1501"}],"curies":[{"name":"wp","href":"https:\/\/api.w.org\/{rel}","templated":true}]}}