{"id":1500,"date":"2025-07-30T05:16:48","date_gmt":"2025-07-30T08:16:48","guid":{"rendered":"https:\/\/www.alantraleasing.com\/about-us\/resources\/"},"modified":"2026-02-26T15:57:39","modified_gmt":"2026-02-26T19:57:39","slug":"ressources","status":"publish","type":"page","link":"https:\/\/www.alantraleasing.com\/fr\/a-propos-de-nous\/ressources\/","title":{"rendered":"RESSOURCES"},"content":{"rendered":"\r\n<h1>\r\n\t\t\tRESSOURCES\t<\/h1>\r\n\t<p>D\u00e9couvrez des ressources claires et faciles \u00e0 comprendre, con\u00e7ues pour vous aider \u00e0 planifier efficacement, \u00e0 prendre des d\u00e9cisions en toute confiance et \u00e0 tirer le meilleur parti de votre projet.<\/p>\r\n<p>&nbsp;<\/p>\r\n<h2>\r\n\t\t\tFiches techniques\t<\/h2>\r\n          <strong>Roulotte de bureau ouvert<\/strong>\r\n          <strong>REMARQUES<\/strong>\r\n          \r\n            20&#215;10          \r\n            <a href=\"https:\/\/www.alantraleasing.com\/wp-content\/uploads\/2025\/10\/alantra-leasing-open-office-trailer-20x10-1.pdf\" download target=\"_blank\">\r\n              T\u00c9L\u00c9CHARGER LE FICHIER            <\/a>\r\n          <strong>Roulotte de bureau ouvert<\/strong>\r\n          <strong>REMARQUES<\/strong>\r\n          \r\n            30&#215;10          \r\n            <a href=\"https:\/\/www.alantraleasing.com\/wp-content\/uploads\/2025\/10\/alantra-leasing-open-office-trailer-30x10-1.pdf\" download target=\"_blank\">\r\n              T\u00c9L\u00c9CHARGER LE FICHIER            <\/a>\r\n          <strong>Roulotte de bureau ouvert<\/strong>\r\n          <strong>REMARQUES<\/strong>\r\n          \r\n            40&#215;10          \r\n            <a href=\"https:\/\/www.alantraleasing.com\/wp-content\/uploads\/2025\/10\/alantra-leasing-open-office-trailer-40x10-1.pdf\" download target=\"_blank\">\r\n              T\u00c9L\u00c9CHARGER LE FICHIER            <\/a>\r\n          <strong>Roulotte de bureau ouvert<\/strong>\r\n          <strong>REMARQUES<\/strong>\r\n          \r\n            40&#215;12          \r\n            <a href=\"https:\/\/www.alantraleasing.com\/wp-content\/uploads\/2025\/12\/40X12-OPEN-FEATURE-SHEET.pdf\" download target=\"_blank\">\r\n              T\u00c9L\u00c9CHARGER LE FICHIER            <\/a>\r\n          <strong>Roulotte de bureau ouvert<\/strong>\r\n          <strong>REMARQUES<\/strong>\r\n          \r\n            50&#215;12          \r\n            <a href=\"https:\/\/www.alantraleasing.com\/wp-content\/uploads\/2025\/10\/alantra-leasing-open-office-trailer-50x12-1.pdf\" download target=\"_blank\">\r\n              T\u00c9L\u00c9CHARGER LE FICHIER            <\/a>\r\n          <strong>Roulotte de bureau ouvert<\/strong>\r\n          <strong>REMARQUES<\/strong>\r\n          \r\n            60&#215;12          \r\n            <a href=\"https:\/\/www.alantraleasing.com\/wp-content\/uploads\/2025\/10\/alantra-leasing-open-office-trailer-60x12-1.pdf\" download target=\"_blank\">\r\n              T\u00c9L\u00c9CHARGER LE FICHIER            <\/a>\r\n          <strong>Roulotte a 2 bureaux<\/strong>\r\n          <strong>REMARQUES<\/strong>\r\n          \r\n            30&#215;10           \r\n            <a href=\"https:\/\/www.alantraleasing.com\/wp-content\/uploads\/2025\/10\/alantra-leasing-open-office-trailer-30x10-1.pdf\" download target=\"_blank\">\r\n              T\u00c9L\u00c9CHARGER LE FICHIER            <\/a>\r\n          <strong>Roulotte de bureau<\/strong>\r\n          <strong>REMARQUES<\/strong>\r\n          \r\n            30&#215;10          \r\n            <a href=\"https:\/\/www.alantraleasing.com\/wp-content\/uploads\/2025\/10\/alantra-leasing-two-office-trailer-30x10-1.pdf\" download target=\"_blank\">\r\n              T\u00c9L\u00c9CHARGER LE FICHIER            <\/a>\r\n          <strong>Roulotte a 2 bureaux<\/strong>\r\n          <strong>REMARQUES<\/strong>\r\n          \r\n            40&#215;10          \r\n            <a href=\"https:\/\/www.alantraleasing.com\/wp-content\/uploads\/2025\/12\/40X10-2-OFFICE-FEATURE-SHEET.pdf\" download target=\"_blank\">\r\n              T\u00c9L\u00c9CHARGER LE FICHIER            <\/a>\r\n          <strong>Roulotte a 2 bureaux<\/strong>\r\n          <strong>REMARQUES<\/strong>\r\n          \r\n            40&#215;12          \r\n            <a href=\"https:\/\/www.alantraleasing.com\/wp-content\/uploads\/2025\/10\/alantra-leasing-two-office-trailer-40x12-1.pdf\" download target=\"_blank\">\r\n              T\u00c9L\u00c9CHARGER LE FICHIER            <\/a>\r\n          <strong>Roulotte a 2 bureaux<\/strong>\r\n          <strong>REMARQUES<\/strong>\r\n          \r\n            50&#215;12          \r\n            <a href=\"https:\/\/www.alantraleasing.com\/wp-content\/uploads\/2025\/10\/alantra-leasing-two-office-trailer-50x12-1.pdf\" download target=\"_blank\">\r\n              T\u00c9L\u00c9CHARGER LE FICHIER            <\/a>\r\n          <strong>Roulotte a 2 bureaux<\/strong>\r\n          <strong>REMARQUES<\/strong>\r\n          \r\n            60&#215;12          \r\n            <a href=\"https:\/\/www.alantraleasing.com\/wp-content\/uploads\/2025\/10\/alantra-leasing-two-office-trailer-60x12-1.pdf\" download target=\"_blank\">\r\n              T\u00c9L\u00c9CHARGER LE FICHIER            <\/a>\r\n          <strong>2 bureaux avec salle d&#039;eau ind\u00e9pendante<\/strong>\r\n          <strong>REMARQUES<\/strong>\r\n          \r\n            40&#215;11          \r\n            <a href=\"https:\/\/www.alantraleasing.com\/wp-content\/uploads\/2025\/12\/40x11-Two-office-with-self-contained-washroom-feature-sheet.pdf\" download target=\"_blank\">\r\n              T\u00c9L\u00c9CHARGER LE FICHIER            <\/a>\r\n          <strong>Roulotte a 3 bureaux<\/strong>\r\n          <strong>REMARQUES<\/strong>\r\n          \r\n            40&#215;10          \r\n            <a href=\"https:\/\/www.alantraleasing.com\/wp-content\/uploads\/2025\/10\/alantra-leasing-three-office-trailer-40x10-1.pdf\" download target=\"_blank\">\r\n              T\u00c9L\u00c9CHARGER LE FICHIER            <\/a>\r\n          <strong>Roulotte a 3 bureaux<\/strong>\r\n          <strong>REMARQUES<\/strong>\r\n          \r\n            40&#215;12          \r\n            <a href=\"https:\/\/www.alantraleasing.com\/wp-content\/uploads\/2025\/10\/alantra-leasing-three-office-trailer-40x12-1.pdf\" download target=\"_blank\">\r\n              T\u00c9L\u00c9CHARGER LE FICHIER            <\/a>\r\n          <strong>Roulotte a 3 bureaux<\/strong>\r\n          <strong>REMARQUES<\/strong>\r\n          \r\n            50&#215;12          \r\n            <a href=\"https:\/\/www.alantraleasing.com\/wp-content\/uploads\/2025\/10\/alantra-leasing-three-office-trailer-50x12-1.pdf\" download target=\"_blank\">\r\n              T\u00c9L\u00c9CHARGER LE FICHIER            <\/a>\r\n          <strong>Roulotte a 3 bureaux<\/strong>\r\n          <strong>REMARQUES<\/strong>\r\n          \r\n            60&#215;12          \r\n            <a href=\"https:\/\/www.alantraleasing.com\/wp-content\/uploads\/2025\/10\/alantra-leasing-three-office-trailer-60x12-1.pdf\" download target=\"_blank\">\r\n              T\u00c9L\u00c9CHARGER LE FICHIER            <\/a>\r\n          <strong>3 bureaux avec salle d&#039;eau ind\u00e9pendante<\/strong>\r\n          <strong>REMARQUES<\/strong>\r\n          \r\n            60&#215;11          \r\n            <a href=\"https:\/\/www.alantraleasing.com\/wp-content\/uploads\/2025\/11\/11-x-60-self-contained-half-bath-no-roof-top-ac-1.pdf\" download target=\"_blank\">\r\n              T\u00c9L\u00c9CHARGER LE FICHIER            <\/a>\r\n          <strong>Roulotte \u00e0 3 bureaux | Demi salle de bain<\/strong>\r\n          <strong>REMARQUES<\/strong>\r\n          \r\n            40 x 10 avec une demi-salle de bain          \r\n            <a href=\"https:\/\/www.alantraleasing.com\/wp-content\/uploads\/2025\/10\/alantra-leasing-three-office-trailer-bathroom-40x10-1.pdf\" download target=\"_blank\">\r\n              T\u00c9L\u00c9CHARGER LE FICHIER            <\/a>\r\n          <strong>Roulotte \u00e0 3 bureaux | Demi salle de bain\/cuisinette<\/strong>\r\n          <strong>REMARQUES<\/strong>\r\n          \r\n            60 x 12 avec demi-salle de bain et kitchenette          \r\n            <a href=\"https:\/\/www.alantraleasing.com\/wp-content\/uploads\/2025\/10\/alantra-leasing-office-trailer-bathroom-kitchenette-60x12-1.pdf\" download target=\"_blank\">\r\n              T\u00c9L\u00c9CHARGER LE FICHIER            <\/a>\r\n          <strong>Roulotte a 5 bureaux<\/strong>\r\n          <strong>REMARQUES<\/strong>\r\n          \r\n            60&#215;12          \r\n            <a href=\"https:\/\/www.alantraleasing.com\/wp-content\/uploads\/2025\/10\/alantra-leasing-five-office-trailer-60x12-1.pdf\" download target=\"_blank\">\r\n              T\u00c9L\u00c9CHARGER LE FICHIER            <\/a>\r\n          <strong>Roulotte de douche \/salle de bain<\/strong>\r\n          <strong>REMARQUES<\/strong>\r\n          \r\n            30&#215;10          \r\n            <a href=\"https:\/\/www.alantraleasing.com\/wp-content\/uploads\/2025\/10\/alantra-leasing-shower-washroom-trailer-30x10-1.pdf\" download target=\"_blank\">\r\n              T\u00c9L\u00c9CHARGER LE FICHIER            <\/a>\r\n          <strong>Roulotte de douche \/salle de bain<\/strong>\r\n          <strong>REMARQUES<\/strong>\r\n          \r\n            40&#215;12          \r\n            <a href=\"https:\/\/www.alantraleasing.com\/wp-content\/uploads\/2025\/12\/40x12-NEW-STANDARD-SHOWER-TRAILER-FEATURE-SHEET.pdf\" download target=\"_blank\">\r\n              T\u00c9L\u00c9CHARGER LE FICHIER            <\/a>\r\n          <strong>Roulotte sanitaire<\/strong>\r\n          <strong>REMARQUES<\/strong>\r\n          \r\n            32&#215;12          \r\n            <a href=\"https:\/\/www.alantraleasing.com\/wp-content\/uploads\/2025\/10\/alantra-leasing-washroom-trailer-32x12-1.pdf\" download target=\"_blank\">\r\n              T\u00c9L\u00c9CHARGER LE FICHIER            <\/a>\r\n          <strong>Salle d&#039;eau ind\u00e9pendante<\/strong>\r\n          <strong>REMARQUES<\/strong>\r\n          \r\n            20&#215;11          \r\n            <a href=\"https:\/\/www.alantraleasing.com\/wp-content\/uploads\/2025\/11\/20x11-self-contained-washroom.pdf\" download target=\"_blank\">\r\n              T\u00c9L\u00c9CHARGER LE FICHIER            <\/a>\r\n          <strong>Salle d&#039;eau ind\u00e9pendante<\/strong>\r\n          <strong>REMARQUES<\/strong>\r\n          \r\n            34&#215;11          \r\n            <a href=\"https:\/\/www.alantraleasing.com\/wp-content\/uploads\/2025\/10\/alantra-leasing-self-contained-washroom-trailer-34x11-1.pdf\" download target=\"_blank\">\r\n              T\u00c9L\u00c9CHARGER LE FICHIER            <\/a>\r\n          <strong>Salle d&#039;eau ind\u00e9pendante<\/strong>\r\n          <strong>REMARQUES<\/strong>\r\n          \r\n            40&#215;11          \r\n            <a href=\"https:\/\/www.alantraleasing.com\/wp-content\/uploads\/2025\/11\/11-x-40-2-office-self-contained-half-bath-no-roof-top-ac-1.pdf\" download target=\"_blank\">\r\n              T\u00c9L\u00c9CHARGER LE FICHIER            <\/a>\r\n          <strong>Salle d&#039;eau ind\u00e9pendante<\/strong>\r\n          <strong>REMARQUES<\/strong>\r\n          \r\n            60&#215;12          \r\n            <a href=\"https:\/\/www.alantraleasing.com\/wp-content\/uploads\/2025\/10\/alantra-leasing-self-contained-washroom-trailer-60x12-1.pdf\" download target=\"_blank\">\r\n              T\u00c9L\u00c9CHARGER LE FICHIER            <\/a>\r\n          <strong>Roulotte avec 2 appartements<\/strong>\r\n          <strong>REMARQUES<\/strong>\r\n          \r\n            60&#215;12          \r\n            <a href=\"https:\/\/www.alantraleasing.com\/wp-content\/uploads\/2025\/12\/60x12-2-Apartment-Feature-sheet.pdf\" download target=\"_blank\">\r\n              T\u00c9L\u00c9CHARGER LE FICHIER            <\/a>\r\n          <strong>Roulotte avec 3 appartements<\/strong>\r\n          <strong>REMARQUES<\/strong>\r\n          \r\n            60&#215;12          \r\n            <a href=\"https:\/\/www.alantraleasing.com\/wp-content\/uploads\/2025\/12\/60x12-3-Apartment-new-Feature-sheet.pdf\" download target=\"_blank\">\r\n              T\u00c9L\u00c9CHARGER LE FICHIER            <\/a>\r\n          <strong>Roulotte Duplex<\/strong>\r\n          <strong>REMARQUES<\/strong>\r\n          \r\n            60&#215;24          \r\n            <a href=\"https:\/\/www.alantraleasing.com\/wp-content\/uploads\/2025\/12\/60x24-Duplex-feature-sheet.pdf\" download target=\"_blank\">\r\n              T\u00c9L\u00c9CHARGER LE FICHIER            <\/a>\r\n          <strong>20 x 12 avec 30 casiers<\/strong>\r\n          <strong>REMARQUES<\/strong>\r\n          \r\n            <a href=\"https:\/\/www.alantraleasing.com\/wp-content\/uploads\/2025\/10\/alantra-leasing-locker-room-trailer-30-lockers-20x12-1.pdf\" download target=\"_blank\">\r\n              T\u00c9L\u00c9CHARGER LE FICHIER            <\/a>\r\n          <strong>40 x 12 avec 63 casiers<\/strong>\r\n          <strong>REMARQUES<\/strong>\r\n          \r\n            <a href=\"https:\/\/www.alantraleasing.com\/wp-content\/uploads\/2025\/10\/alantra-leasing-locker-room-trailer-69-lockers-40x12-1.pdf\" download target=\"_blank\">\r\n              T\u00c9L\u00c9CHARGER LE FICHIER            <\/a>\r\n          <strong>60 x 12 avec 100 casiers<\/strong>\r\n          <strong>REMARQUES<\/strong>\r\n          \r\n            <a href=\"https:\/\/www.alantraleasing.com\/wp-content\/uploads\/2025\/10\/alantra-leasing-locker-room-trailer-100-lockers-60x12-1.pdf\" download target=\"_blank\">\r\n              T\u00c9L\u00c9CHARGER LE FICHIER            <\/a>\r\n<style>\r\n.feature-sheet-item {\r\n    display: flex\r\n;\r\n    align-items: center;\r\n    justify-content: space-between;\r\n    background: #F7F7F7;\r\n    padding: 17px 30px;\r\n    border-radius: 15px;\r\n    margin-bottom: 15px;\r\n}\r\n.sheet-left {\r\n    font: normal normal 800 24px \/ 30px futura-pt-condensed;\r\n    letter-spacing: 0px;\r\n    color: #2A3071;\r\n    width: 30%;\r\n}\r\n.sheet-divider {\r\n  width: 2px;\r\n  height: 93px;\r\n  background-color: #2A3071;\r\n}\r\n.sheet-notes {\r\n    width: 59%;\r\n    padding-left: 95px;\r\n    padding-right: 20px;\r\n}\r\n.notes-text {\r\n  font-size: 16px;\r\n  line-height: 22px;\r\n  color: #000000;\r\n  margin: 0 0 3px;\r\n}\r\n.sheet-download-wrap {\r\n    width: 31%;\r\n     padding-left: 13px;\r\n}\r\n.sheet-download-btn {\r\n    background-color: #0B939C;\r\n    text-decoration: none !important;\r\n    padding: 17px 25px;\r\n    border-radius: 12px;\r\n    transition: background-color 0.3s ease;\r\n    white-space: nowrap;\r\n    width: 100%;\r\n    display: block;\r\n    text-align: center;\r\n    font: normal normal bold 18px \/ 25px futura-pt-bold;\r\n    letter-spacing: -0.36px;\r\n    color: #FFFFFF !important;\r\n    text-transform: uppercase;\r\n}\r\n.sheet-download-btn:hover {\r\n  background-color: #007c8a;\r\n}\r\n.notes-label {\r\n    display: block;\r\n    font: normal normal bold 22px \/ 27px futura-pt-bold;\r\n    letter-spacing: 0px;\r\n    color: #0B939C;\r\n}\r\n@media(max-width:800px){\r\n  .feature-sheet-item {\r\n    display: block !important;\r\n  }\r\n  .sheet-left { ;\r\n    width: 100%;\r\n}\r\n.sheet-notes {\r\n    width: 100%;\r\n    padding-left: 0;\r\n    padding-right: 0;\r\n}\r\n.sheet-download-wrap {\r\n    width: 100%;\r\n    padding-left: 0;\r\n}\r\n.sheet-divider {\r\n    width: 100%;\r\n    height: 1px;\r\n    background-color: #2A3071;\r\n    margin: 8px 0;\r\n}\r\n.feature-sheet-item {\r\n    padding: 15px;\r\n    text-align: center;\r\n}\r\n.sheet-download-wrap {\r\n    margin-top: 10px;\r\n}\r\nstrong.sheet-name {\r\n    font-size: 30px;\r\n}\r\n}\r\n<\/style>\r\n","protected":false},"excerpt":{"rendered":"<p>RESSOURCES D\u00e9couvrez des ressources claires et faciles \u00e0 comprendre, con\u00e7ues pour vous aider \u00e0 planifier efficacement, \u00e0 prendre des d\u00e9cisions en toute confiance et \u00e0 tirer le meilleur parti de&hellip;<\/p>\n","protected":false},"author":1,"featured_media":0,"parent":1491,"menu_order":0,"comment_status":"closed","ping_status":"closed","template":"","meta":{"_acf_changed":false,"footnotes":""},"class_list":["post-1500","page","type-page","status-publish","hentry"],"acf":[],"yoast_head":"<!-- This site is optimized with the Yoast SEO plugin v27.2 - https:\/\/yoast.com\/product\/yoast-seo-wordpress\/ -->\n<title>RESSOURCES | Alantra<\/title>\n<meta name=\"description\" content=\"D\u00e9couvrez des ressources claires et faciles \u00e0 comprendre, con\u00e7ues pour vous aider \u00e0 planifier efficacement, \u00e0 prendre des d\u00e9cisions en toute confiance et \u00e0 tirer le meilleur parti de votre projet.\" \/>\n<meta name=\"robots\" content=\"index, follow, max-snippet:-1, max-image-preview:large, max-video-preview:-1\" \/>\n<link rel=\"canonical\" href=\"https:\/\/www.alantraleasing.com\/fr\/a-propos-de-nous\/ressources\/\" \/>\n<meta property=\"og:locale\" content=\"fr_FR\" \/>\n<meta property=\"og:type\" content=\"article\" \/>\n<meta property=\"og:title\" content=\"RESSOURCES | Alantra\" \/>\n<meta property=\"og:description\" content=\"D\u00e9couvrez des ressources claires et faciles \u00e0 comprendre, con\u00e7ues pour vous aider \u00e0 planifier efficacement, \u00e0 prendre des d\u00e9cisions en toute confiance et \u00e0 tirer le meilleur parti de votre projet.\" \/>\n<meta property=\"og:url\" content=\"https:\/\/www.alantraleasing.com\/fr\/a-propos-de-nous\/ressources\/\" \/>\n<meta property=\"og:site_name\" content=\"Alantra\" \/>\n<meta property=\"article:publisher\" content=\"https:\/\/www.facebook.com\/alantratrailers\/\" \/>\n<meta property=\"article:modified_time\" content=\"2026-02-26T19:57:39+00:00\" \/>\n<meta property=\"og:image\" content=\"https:\/\/www.alantraleasing.com\/wp-content\/uploads\/2026\/02\/Logo-Alantra.png\" \/>\n\t<meta property=\"og:image:width\" content=\"1200\" \/>\n\t<meta property=\"og:image:height\" content=\"675\" \/>\n\t<meta property=\"og:image:type\" content=\"image\/png\" \/>\n<meta name=\"twitter:card\" content=\"summary_large_image\" \/>\n<meta name=\"twitter:label1\" content=\"Dur\u00e9e de lecture estim\u00e9e\" \/>\n\t<meta name=\"twitter:data1\" content=\"2 minutes\" \/>\n<script type=\"application\/ld+json\" class=\"yoast-schema-graph\">{\"@context\":\"https:\/\/schema.org\",\"@graph\":[{\"@type\":\"WebPage\",\"@id\":\"https:\/\/www.alantraleasing.com\/fr\/a-propos-de-nous\/ressources\/\",\"url\":\"https:\/\/www.alantraleasing.com\/fr\/a-propos-de-nous\/ressources\/\",\"name\":\"RESSOURCES | Alantra\",\"isPartOf\":{\"@id\":\"https:\/\/www.alantraleasing.com\/#website\"},\"datePublished\":\"2025-07-30T08:16:48+00:00\",\"dateModified\":\"2026-02-26T19:57:39+00:00\",\"description\":\"D\u00e9couvrez des ressources claires et faciles \u00e0 comprendre, con\u00e7ues pour vous aider \u00e0 planifier efficacement, \u00e0 prendre des d\u00e9cisions en toute confiance et \u00e0 tirer le meilleur parti de votre projet.\",\"breadcrumb\":{\"@id\":\"https:\/\/www.alantraleasing.com\/fr\/a-propos-de-nous\/ressources\/#breadcrumb\"},\"inLanguage\":\"fr-FR\",\"potentialAction\":[{\"@type\":\"ReadAction\",\"target\":[\"https:\/\/www.alantraleasing.com\/fr\/a-propos-de-nous\/ressources\/\"]}]},{\"@type\":\"BreadcrumbList\",\"@id\":\"https:\/\/www.alantraleasing.com\/fr\/a-propos-de-nous\/ressources\/#breadcrumb\",\"itemListElement\":[{\"@type\":\"ListItem\",\"position\":1,\"name\":\"Home\",\"item\":\"https:\/\/www.alantraleasing.com\/fr\/\"},{\"@type\":\"ListItem\",\"position\":2,\"name\":\"\u00c0 propos de nous\",\"item\":\"https:\/\/www.alantraleasing.com\/fr\/a-propos-de-nous\/\"},{\"@type\":\"ListItem\",\"position\":3,\"name\":\"RESSOURCES\"}]},{\"@type\":\"WebSite\",\"@id\":\"https:\/\/www.alantraleasing.com\/#website\",\"url\":\"https:\/\/www.alantraleasing.com\/\",\"name\":\"Alantra Leasing Inc.\",\"description\":\"Mobile Office Trailer &amp; Modular Building Specialists\",\"publisher\":{\"@id\":\"https:\/\/www.alantraleasing.com\/#organization\"},\"alternateName\":\"Alantra Leasing\",\"potentialAction\":[{\"@type\":\"SearchAction\",\"target\":{\"@type\":\"EntryPoint\",\"urlTemplate\":\"https:\/\/www.alantraleasing.com\/?s={search_term_string}\"},\"query-input\":{\"@type\":\"PropertyValueSpecification\",\"valueRequired\":true,\"valueName\":\"search_term_string\"}}],\"inLanguage\":\"fr-FR\"},{\"@type\":\"Organization\",\"@id\":\"https:\/\/www.alantraleasing.com\/#organization\",\"name\":\"Alantra Leasing Inc.\",\"alternateName\":\"Alantra Leasing\",\"url\":\"https:\/\/www.alantraleasing.com\/\",\"logo\":{\"@type\":\"ImageObject\",\"inLanguage\":\"fr-FR\",\"@id\":\"https:\/\/www.alantraleasing.com\/#\/schema\/logo\/image\/\",\"url\":\"https:\/\/www.alantraleasing.com\/wp-content\/uploads\/2026\/02\/Alantra.png\",\"contentUrl\":\"https:\/\/www.alantraleasing.com\/wp-content\/uploads\/2026\/02\/Alantra.png\",\"width\":1200,\"height\":1200,\"caption\":\"Alantra Leasing Inc.\"},\"image\":{\"@id\":\"https:\/\/www.alantraleasing.com\/#\/schema\/logo\/image\/\"},\"sameAs\":[\"https:\/\/www.facebook.com\/alantratrailers\/\",\"https:\/\/www.instagram.com\/alantraleasing\/?hl=en\",\"https:\/\/www.linkedin.com\/company\/alantra-leasing-inc-\/\",\"https:\/\/www.youtube.com\/channel\/UC147gZKyzDss4_0nrOOAj6w\"]}]}<\/script>\n<!-- \/ Yoast SEO plugin. -->","yoast_head_json":{"title":"RESSOURCES | Alantra","description":"D\u00e9couvrez des ressources claires et faciles \u00e0 comprendre, con\u00e7ues pour vous aider \u00e0 planifier efficacement, \u00e0 prendre des d\u00e9cisions en toute confiance et \u00e0 tirer le meilleur parti de votre projet.","robots":{"index":"index","follow":"follow","max-snippet":"max-snippet:-1","max-image-preview":"max-image-preview:large","max-video-preview":"max-video-preview:-1"},"canonical":"https:\/\/www.alantraleasing.com\/fr\/a-propos-de-nous\/ressources\/","og_locale":"fr_FR","og_type":"article","og_title":"RESSOURCES | Alantra","og_description":"D\u00e9couvrez des ressources claires et faciles \u00e0 comprendre, con\u00e7ues pour vous aider \u00e0 planifier efficacement, \u00e0 prendre des d\u00e9cisions en toute confiance et \u00e0 tirer le meilleur parti de votre projet.","og_url":"https:\/\/www.alantraleasing.com\/fr\/a-propos-de-nous\/ressources\/","og_site_name":"Alantra","article_publisher":"https:\/\/www.facebook.com\/alantratrailers\/","article_modified_time":"2026-02-26T19:57:39+00:00","og_image":[{"width":1200,"height":675,"url":"https:\/\/www.alantraleasing.com\/wp-content\/uploads\/2026\/02\/Logo-Alantra.png","type":"image\/png"}],"twitter_card":"summary_large_image","twitter_misc":{"Dur\u00e9e de lecture estim\u00e9e":"2 minutes"},"schema":{"@context":"https:\/\/schema.org","@graph":[{"@type":"WebPage","@id":"https:\/\/www.alantraleasing.com\/fr\/a-propos-de-nous\/ressources\/","url":"https:\/\/www.alantraleasing.com\/fr\/a-propos-de-nous\/ressources\/","name":"RESSOURCES | Alantra","isPartOf":{"@id":"https:\/\/www.alantraleasing.com\/#website"},"datePublished":"2025-07-30T08:16:48+00:00","dateModified":"2026-02-26T19:57:39+00:00","description":"D\u00e9couvrez des ressources claires et faciles \u00e0 comprendre, con\u00e7ues pour vous aider \u00e0 planifier efficacement, \u00e0 prendre des d\u00e9cisions en toute confiance et \u00e0 tirer le meilleur parti de votre projet.","breadcrumb":{"@id":"https:\/\/www.alantraleasing.com\/fr\/a-propos-de-nous\/ressources\/#breadcrumb"},"inLanguage":"fr-FR","potentialAction":[{"@type":"ReadAction","target":["https:\/\/www.alantraleasing.com\/fr\/a-propos-de-nous\/ressources\/"]}]},{"@type":"BreadcrumbList","@id":"https:\/\/www.alantraleasing.com\/fr\/a-propos-de-nous\/ressources\/#breadcrumb","itemListElement":[{"@type":"ListItem","position":1,"name":"Home","item":"https:\/\/www.alantraleasing.com\/fr\/"},{"@type":"ListItem","position":2,"name":"\u00c0 propos de nous","item":"https:\/\/www.alantraleasing.com\/fr\/a-propos-de-nous\/"},{"@type":"ListItem","position":3,"name":"RESSOURCES"}]},{"@type":"WebSite","@id":"https:\/\/www.alantraleasing.com\/#website","url":"https:\/\/www.alantraleasing.com\/","name":"Alantra Leasing Inc.","description":"Mobile Office Trailer &amp; Modular Building Specialists","publisher":{"@id":"https:\/\/www.alantraleasing.com\/#organization"},"alternateName":"Alantra Leasing","potentialAction":[{"@type":"SearchAction","target":{"@type":"EntryPoint","urlTemplate":"https:\/\/www.alantraleasing.com\/?s={search_term_string}"},"query-input":{"@type":"PropertyValueSpecification","valueRequired":true,"valueName":"search_term_string"}}],"inLanguage":"fr-FR"},{"@type":"Organization","@id":"https:\/\/www.alantraleasing.com\/#organization","name":"Alantra Leasing Inc.","alternateName":"Alantra Leasing","url":"https:\/\/www.alantraleasing.com\/","logo":{"@type":"ImageObject","inLanguage":"fr-FR","@id":"https:\/\/www.alantraleasing.com\/#\/schema\/logo\/image\/","url":"https:\/\/www.alantraleasing.com\/wp-content\/uploads\/2026\/02\/Alantra.png","contentUrl":"https:\/\/www.alantraleasing.com\/wp-content\/uploads\/2026\/02\/Alantra.png","width":1200,"height":1200,"caption":"Alantra Leasing Inc."},"image":{"@id":"https:\/\/www.alantraleasing.com\/#\/schema\/logo\/image\/"},"sameAs":["https:\/\/www.facebook.com\/alantratrailers\/","https:\/\/www.instagram.com\/alantraleasing\/?hl=en","https:\/\/www.linkedin.com\/company\/alantra-leasing-inc-\/","https:\/\/www.youtube.com\/channel\/UC147gZKyzDss4_0nrOOAj6w"]}]}},"_links":{"self":[{"href":"https:\/\/www.alantraleasing.com\/fr\/wp-json\/wp\/v2\/pages\/1500","targetHints":{"allow":["GET"]}}],"collection":[{"href":"https:\/\/www.alantraleasing.com\/fr\/wp-json\/wp\/v2\/pages"}],"about":[{"href":"https:\/\/www.alantraleasing.com\/fr\/wp-json\/wp\/v2\/types\/page"}],"author":[{"embeddable":true,"href":"https:\/\/www.alantraleasing.com\/fr\/wp-json\/wp\/v2\/users\/1"}],"replies":[{"embeddable":true,"href":"https:\/\/www.alantraleasing.com\/fr\/wp-json\/wp\/v2\/comments?post=1500"}],"version-history":[{"count":5,"href":"https:\/\/www.alantraleasing.com\/fr\/wp-json\/wp\/v2\/pages\/1500\/revisions"}],"predecessor-version":[{"id":2330,"href":"https:\/\/www.alantraleasing.com\/fr\/wp-json\/wp\/v2\/pages\/1500\/revisions\/2330"}],"up":[{"embeddable":true,"href":"https:\/\/www.alantraleasing.com\/fr\/wp-json\/wp\/v2\/pages\/1491"}],"wp:attachment":[{"href":"https:\/\/www.alantraleasing.com\/fr\/wp-json\/wp\/v2\/media?parent=1500"}],"curies":[{"name":"wp","href":"https:\/\/api.w.org\/{rel}","templated":true}]}}