{"id":1499,"date":"2025-07-26T15:14:13","date_gmt":"2025-07-26T18:14:13","guid":{"rendered":"https:\/\/www.alantraleasing.com\/about-us\/our-story\/"},"modified":"2026-02-26T15:54:45","modified_gmt":"2026-02-26T19:54:45","slug":"notre-histoire","status":"publish","type":"page","link":"https:\/\/www.alantraleasing.com\/fr\/a-propos-de-nous\/notre-histoire\/","title":{"rendered":"Notre histoire"},"content":{"rendered":"\r\n<h2>\r\n\t\t\tNOTRE HISTOIRE\t<\/h2>\r\n<h2>\r\n\t\t\tUn chef de file de l&rsquo;industrie dans l&rsquo;est du Canada\t<\/h2>\r\n\t<p>Entreprise familiale fond\u00e9e en 1981 et sp\u00e9cialis\u00e9e dans les roulottes mobiles et les b\u00e2timents modulaires, Alantra a connu une croissance constante, fid\u00e9lisant sa client\u00e8le et se forgeant une r\u00e9putation de professionnalisme, d&rsquo;innovation et de service \u00e0 la client\u00e8le personnalis\u00e9 unique. Aujourd&rsquo;hui, Alantra est un leader de l&rsquo;industrie dans l&rsquo;est du Canada, reconnu pour son inventaire diversifi\u00e9 de roulottes de chantier et de structures modulaires parfaitement entretenues, de nombreuses fonctionnalit\u00e9s et de la plus haute qualit\u00e9, con\u00e7ues pour r\u00e9pondre \u00e0 tous les besoins des chantiers. Des roulottes de bureau pour salles \u00e0 manger et roulottes sanitaires, en passant par les unit\u00e9s d&rsquo;entreposage, les dortoirs, les roulottes de chantier et une gamme diversifi\u00e9e de b\u00e2timents portables, Alantra peut garantir \u00e0 vos employ\u00e9s un lieu de travail confortable, efficace et pratique.<\/p>\r\n<p>Le bureau principale et l&rsquo;usine de fabrication ultramoderne sont situ\u00e9s \u00e0 Sussex, au Nouveau-Brunswick. Nos centres de distribution et d&rsquo;entretien sont r\u00e9partis dans d&rsquo;autres r\u00e9gions du Nouveau-Brunswick, en Nouvelle-\u00c9cosse, \u00e0 l&rsquo;\u00cele-du-Prince-\u00c9douard, \u00e0 Terre-Neuve, au Labrador, au Qu\u00e9bec et en Ontario.<\/p>\r\n<h2>\r\n\t\t\tServices centraliser\t<\/h2>\r\n\t<p>L&rsquo;approche de services centraliser d&rsquo;Alantra garantit aux clients qu&rsquo;ils disposent de tout ce dont ils ont besoin et plus encore \u00e0 chaque \u00e9tape, avant et apr\u00e8s l&rsquo;installation. Les clients peuvent compter sur une expertise en conception\/ing\u00e9nierie pour les projets sur mesure, une \u00e9quipe de construction qualifi\u00e9e, des repr\u00e9sentants du service client\u00e8le efficace, une \u00e9quipe de transport et d&rsquo;installation exp\u00e9riment\u00e9e et un programme de location qui r\u00e9pond \u00e0 tous leurs besoins et plus.<\/p>\r\n\t<p>Chez Alantra, nous d\u00e9passons les attentes. C&rsquo;est notre objectif.<\/p>\r\n\t\t\t\t<img decoding=\"async\" src=\"https:\/\/www.alantraleasing.com\/wp-content\/uploads\/2026\/01\/Alantra-Mural-September.png\" alt=\"Alantra Mural (September)\" itemprop=\"image\" height=\"1080\" width=\"1920\" title=\"Alantra Mural (September)\" onerror=\"this.style.display='none'\" loading=\"lazy\" \/>\r\n<h2>\r\n\t\t\t\u00c9quipe du bureau principale d&rsquo;Alantra\t<\/h2>\r\n\t<p>Les repr\u00e9sentants du service commercial et du service \u00e0 la client\u00e8le d&rsquo;Alantra sont \u00e0 votre disposition pour r\u00e9pondre \u00e0 toutes vos questions et demandes. Gr\u00e2ce \u00e0 sa grande expertise dans le secteur et \u00e0 son engagement \u00e0 fournir un service d&rsquo;excellence, notre \u00e9quipe vous garantit l&rsquo;un des d\u00e9lais d&rsquo;ex\u00e9cution les plus courts au march\u00e9. Soutenue par une \u00e9quipe interne de conception et d&rsquo;ing\u00e9nierie, des experts exp\u00e9riment\u00e9s en livraison et installation, ainsi qu&rsquo;un personnel qualifi\u00e9 en construction et maintenance, Alantra met l&rsquo;accent sur la qualit\u00e9 et la satisfaction de ses clients.<\/p>\r\n<p>Pour parler \u00e0 un membre de l&rsquo;\u00e9quipe Alantra ou pour en savoir plus, appelez-nous sans frais au 800-456-1800 ou au 506-433-3757. Vous pouvez \u00e9galement nous envoyer un courriel \u00e0 <a href=\"info@alantraleasing.com\" target=\"_blank\" rel=\"noopener\">info@alantraleasing.com<\/a>.<\/p>\r\n\t\t\t\t<img decoding=\"async\" src=\"https:\/\/www.alantraleasing.com\/wp-content\/uploads\/2026\/02\/STAFF-1536x864.png\" alt=\"STAFF\" itemprop=\"image\" height=\"864\" width=\"1536\" title=\"STAFF\" onerror=\"this.style.display='none'\" loading=\"lazy\" \/>\r\n\t<ul>\r\n<li>Marcus deWinter, Pr\u00e9sident<\/li>\r\n<li>Melissa Brown, Directrice des ventes<\/li>\r\n<li>Callie Monaghan, Repr\u00e9sentante des ventes<\/li>\r\n<li>Kim Benson, Repr\u00e9sentante des ventes<\/li>\r\n<li>Stacy Mazerolle, Repr\u00e9sentante des ventes<\/li>\r\n<li>Judy Murphy, Repr\u00e9sentante des ventes<\/li>\r\n<li>Tanya Deveau, Repr\u00e9sentante des ventes<\/li>\r\n<li>Amanda Dunn, Repr\u00e9sentante des ventes<\/li>\r\n<li>Keirsten Graham, Directrice des ressources humaines<\/li>\r\n<li>Katie Clain, Administration<\/li>\r\n<li>Greg Humphrey, Estimateur et responsable de la construction de panneaux<\/li>\r\n<\/ul>\r\n\t<ul>\r\n<li>Ryan Brennan, Estimateur et responsable de la construction de panneaux<\/li>\r\n<li>Carl Seeley, coordinateur de la s\u00e9curit\u00e9<\/li>\r\n<li>Mark Green, Contr\u00f4leur<\/li>\r\n<li>Miranda McShane, Service comptabilit\u00e9<\/li>\r\n<li>Judy Mitton, Service comptabilit\u00e9<\/li>\r\n<li>Tina Smith, Service comptabilit\u00e9<\/li>\r\n<li>Mirissa Jones, Service comptabilit\u00e9<\/li>\r\n<li>Amy Northrup, Service comptabilit\u00e9<\/li>\r\n<li>Erica Fairweather, Service comptabilit\u00e9<\/li>\r\n<li>Rebecca Richardson, Directrice des op\u00e9rations<\/li>\r\n<li>Denise Brown, Conception et assurance qualit\u00e9<\/li>\r\n<\/ul>\r\n\t<ul>\r\n<li>Nate Hay, Conception et assurance qualit\u00e9<\/li>\r\n<li>Trevor Tabor, Responsable de la maintenance<\/li>\r\n<li>Samantha Greenwood, Sp\u00e9cialiste en am\u00e9lioration des processus<\/li>\r\n<li>Kurt Keays, Repr\u00e9sentant du service<\/li>\r\n<li>Bailey Gibson, Repr\u00e9sentant de la maintenance et Estimateur<\/li>\r\n<li>Gerrit Van Driel, Achats<\/li>\r\n<li>Rob Aiton, Responsable des achats<\/li>\r\n<li>Caroline de Winter, Repr\u00e9sentante de marketing<\/li>\r\n<li>Brian Ramos, Repr\u00e9sentant de marketing<\/li>\r\n<\/ul>\r\n\t<p>Pour plus d&rsquo;informations sur nos centres de distribution, veuillez consulter notre page Emplacements.<\/p>\r\n\t\t\t<a href=\"https:\/\/www.alantraleasing.com\/fr\/a-propos-de-nous\/nos-emplacements\/\" target=\"_self\">\r\n\t\t\t\t\t\t\tVOIR TOUS LES EMPLACEMENTS\r\n\t\t\t\t\t<\/a>\r\n\r\n","protected":false},"excerpt":{"rendered":"<p>NOTRE HISTOIRE Un chef de file de l&rsquo;industrie dans l&rsquo;est du Canada Entreprise familiale fond\u00e9e en 1981 et sp\u00e9cialis\u00e9e dans les roulottes mobiles et les b\u00e2timents modulaires, Alantra a connu&hellip;<\/p>\n","protected":false},"author":1,"featured_media":0,"parent":1491,"menu_order":0,"comment_status":"closed","ping_status":"closed","template":"","meta":{"_acf_changed":false,"footnotes":""},"class_list":["post-1499","page","type-page","status-publish","hentry"],"acf":[],"yoast_head":"<!-- This site is optimized with the Yoast SEO plugin v27.2 - https:\/\/yoast.com\/product\/yoast-seo-wordpress\/ -->\n<title>Notre histoire | Alantra<\/title>\n<meta name=\"description\" content=\"D\u00e9couvrez le parcours d&#039;Alantra Leasing depuis 1981, fournisseur de b\u00e2timents modulaires, de bureaux mobiles et de remorques personnalis\u00e9es dans l&#039;est du Canada.\" \/>\n<meta name=\"robots\" content=\"index, follow, max-snippet:-1, max-image-preview:large, max-video-preview:-1\" \/>\n<link rel=\"canonical\" href=\"https:\/\/www.alantraleasing.com\/fr\/a-propos-de-nous\/notre-histoire\/\" \/>\n<meta property=\"og:locale\" content=\"fr_FR\" \/>\n<meta property=\"og:type\" content=\"article\" \/>\n<meta property=\"og:title\" content=\"Notre histoire | Alantra\" \/>\n<meta property=\"og:description\" content=\"D\u00e9couvrez le parcours d&#039;Alantra Leasing depuis 1981, fournisseur de b\u00e2timents modulaires, de bureaux mobiles et de remorques personnalis\u00e9es dans l&#039;est du Canada.\" \/>\n<meta property=\"og:url\" content=\"https:\/\/www.alantraleasing.com\/fr\/a-propos-de-nous\/notre-histoire\/\" \/>\n<meta property=\"og:site_name\" content=\"Alantra\" \/>\n<meta property=\"article:publisher\" content=\"https:\/\/www.facebook.com\/alantratrailers\/\" \/>\n<meta property=\"article:modified_time\" content=\"2026-02-26T19:54:45+00:00\" \/>\n<meta property=\"og:image\" content=\"https:\/\/www.alantraleasing.com\/wp-content\/uploads\/2026\/01\/Alantra-Mural-September.png\" \/>\n<meta name=\"twitter:card\" content=\"summary_large_image\" \/>\n<meta name=\"twitter:label1\" content=\"Dur\u00e9e de lecture estim\u00e9e\" \/>\n\t<meta name=\"twitter:data1\" content=\"3 minutes\" \/>\n<script type=\"application\/ld+json\" class=\"yoast-schema-graph\">{\"@context\":\"https:\/\/schema.org\",\"@graph\":[{\"@type\":\"WebPage\",\"@id\":\"https:\/\/www.alantraleasing.com\/fr\/a-propos-de-nous\/notre-histoire\/\",\"url\":\"https:\/\/www.alantraleasing.com\/fr\/a-propos-de-nous\/notre-histoire\/\",\"name\":\"Notre histoire | Alantra\",\"isPartOf\":{\"@id\":\"https:\/\/www.alantraleasing.com\/#website\"},\"primaryImageOfPage\":{\"@id\":\"https:\/\/www.alantraleasing.com\/fr\/a-propos-de-nous\/notre-histoire\/#primaryimage\"},\"image\":{\"@id\":\"https:\/\/www.alantraleasing.com\/fr\/a-propos-de-nous\/notre-histoire\/#primaryimage\"},\"thumbnailUrl\":\"https:\/\/www.alantraleasing.com\/wp-content\/uploads\/2026\/01\/Alantra-Mural-September.png\",\"datePublished\":\"2025-07-26T18:14:13+00:00\",\"dateModified\":\"2026-02-26T19:54:45+00:00\",\"description\":\"D\u00e9couvrez le parcours d'Alantra Leasing depuis 1981, fournisseur de b\u00e2timents modulaires, de bureaux mobiles et de remorques personnalis\u00e9es dans l'est du Canada.\",\"breadcrumb\":{\"@id\":\"https:\/\/www.alantraleasing.com\/fr\/a-propos-de-nous\/notre-histoire\/#breadcrumb\"},\"inLanguage\":\"fr-FR\",\"potentialAction\":[{\"@type\":\"ReadAction\",\"target\":[\"https:\/\/www.alantraleasing.com\/fr\/a-propos-de-nous\/notre-histoire\/\"]}]},{\"@type\":\"ImageObject\",\"inLanguage\":\"fr-FR\",\"@id\":\"https:\/\/www.alantraleasing.com\/fr\/a-propos-de-nous\/notre-histoire\/#primaryimage\",\"url\":\"https:\/\/www.alantraleasing.com\/wp-content\/uploads\/2026\/01\/Alantra-Mural-September.png\",\"contentUrl\":\"https:\/\/www.alantraleasing.com\/wp-content\/uploads\/2026\/01\/Alantra-Mural-September.png\"},{\"@type\":\"BreadcrumbList\",\"@id\":\"https:\/\/www.alantraleasing.com\/fr\/a-propos-de-nous\/notre-histoire\/#breadcrumb\",\"itemListElement\":[{\"@type\":\"ListItem\",\"position\":1,\"name\":\"Home\",\"item\":\"https:\/\/www.alantraleasing.com\/fr\/\"},{\"@type\":\"ListItem\",\"position\":2,\"name\":\"\u00c0 propos de nous\",\"item\":\"https:\/\/www.alantraleasing.com\/fr\/a-propos-de-nous\/\"},{\"@type\":\"ListItem\",\"position\":3,\"name\":\"Notre histoire\"}]},{\"@type\":\"WebSite\",\"@id\":\"https:\/\/www.alantraleasing.com\/#website\",\"url\":\"https:\/\/www.alantraleasing.com\/\",\"name\":\"Alantra Leasing Inc.\",\"description\":\"Mobile Office Trailer &amp; Modular Building Specialists\",\"publisher\":{\"@id\":\"https:\/\/www.alantraleasing.com\/#organization\"},\"alternateName\":\"Alantra Leasing\",\"potentialAction\":[{\"@type\":\"SearchAction\",\"target\":{\"@type\":\"EntryPoint\",\"urlTemplate\":\"https:\/\/www.alantraleasing.com\/?s={search_term_string}\"},\"query-input\":{\"@type\":\"PropertyValueSpecification\",\"valueRequired\":true,\"valueName\":\"search_term_string\"}}],\"inLanguage\":\"fr-FR\"},{\"@type\":\"Organization\",\"@id\":\"https:\/\/www.alantraleasing.com\/#organization\",\"name\":\"Alantra Leasing Inc.\",\"alternateName\":\"Alantra Leasing\",\"url\":\"https:\/\/www.alantraleasing.com\/\",\"logo\":{\"@type\":\"ImageObject\",\"inLanguage\":\"fr-FR\",\"@id\":\"https:\/\/www.alantraleasing.com\/#\/schema\/logo\/image\/\",\"url\":\"https:\/\/www.alantraleasing.com\/wp-content\/uploads\/2026\/02\/Alantra.png\",\"contentUrl\":\"https:\/\/www.alantraleasing.com\/wp-content\/uploads\/2026\/02\/Alantra.png\",\"width\":1200,\"height\":1200,\"caption\":\"Alantra Leasing Inc.\"},\"image\":{\"@id\":\"https:\/\/www.alantraleasing.com\/#\/schema\/logo\/image\/\"},\"sameAs\":[\"https:\/\/www.facebook.com\/alantratrailers\/\",\"https:\/\/www.instagram.com\/alantraleasing\/?hl=en\",\"https:\/\/www.linkedin.com\/company\/alantra-leasing-inc-\/\",\"https:\/\/www.youtube.com\/channel\/UC147gZKyzDss4_0nrOOAj6w\"]}]}<\/script>\n<!-- \/ Yoast SEO plugin. -->","yoast_head_json":{"title":"Notre histoire | Alantra","description":"D\u00e9couvrez le parcours d'Alantra Leasing depuis 1981, fournisseur de b\u00e2timents modulaires, de bureaux mobiles et de remorques personnalis\u00e9es dans l'est du Canada.","robots":{"index":"index","follow":"follow","max-snippet":"max-snippet:-1","max-image-preview":"max-image-preview:large","max-video-preview":"max-video-preview:-1"},"canonical":"https:\/\/www.alantraleasing.com\/fr\/a-propos-de-nous\/notre-histoire\/","og_locale":"fr_FR","og_type":"article","og_title":"Notre histoire | Alantra","og_description":"D\u00e9couvrez le parcours d'Alantra Leasing depuis 1981, fournisseur de b\u00e2timents modulaires, de bureaux mobiles et de remorques personnalis\u00e9es dans l'est du Canada.","og_url":"https:\/\/www.alantraleasing.com\/fr\/a-propos-de-nous\/notre-histoire\/","og_site_name":"Alantra","article_publisher":"https:\/\/www.facebook.com\/alantratrailers\/","article_modified_time":"2026-02-26T19:54:45+00:00","og_image":[{"url":"https:\/\/www.alantraleasing.com\/wp-content\/uploads\/2026\/01\/Alantra-Mural-September.png","type":"","width":"","height":""}],"twitter_card":"summary_large_image","twitter_misc":{"Dur\u00e9e de lecture estim\u00e9e":"3 minutes"},"schema":{"@context":"https:\/\/schema.org","@graph":[{"@type":"WebPage","@id":"https:\/\/www.alantraleasing.com\/fr\/a-propos-de-nous\/notre-histoire\/","url":"https:\/\/www.alantraleasing.com\/fr\/a-propos-de-nous\/notre-histoire\/","name":"Notre histoire | Alantra","isPartOf":{"@id":"https:\/\/www.alantraleasing.com\/#website"},"primaryImageOfPage":{"@id":"https:\/\/www.alantraleasing.com\/fr\/a-propos-de-nous\/notre-histoire\/#primaryimage"},"image":{"@id":"https:\/\/www.alantraleasing.com\/fr\/a-propos-de-nous\/notre-histoire\/#primaryimage"},"thumbnailUrl":"https:\/\/www.alantraleasing.com\/wp-content\/uploads\/2026\/01\/Alantra-Mural-September.png","datePublished":"2025-07-26T18:14:13+00:00","dateModified":"2026-02-26T19:54:45+00:00","description":"D\u00e9couvrez le parcours d'Alantra Leasing depuis 1981, fournisseur de b\u00e2timents modulaires, de bureaux mobiles et de remorques personnalis\u00e9es dans l'est du Canada.","breadcrumb":{"@id":"https:\/\/www.alantraleasing.com\/fr\/a-propos-de-nous\/notre-histoire\/#breadcrumb"},"inLanguage":"fr-FR","potentialAction":[{"@type":"ReadAction","target":["https:\/\/www.alantraleasing.com\/fr\/a-propos-de-nous\/notre-histoire\/"]}]},{"@type":"ImageObject","inLanguage":"fr-FR","@id":"https:\/\/www.alantraleasing.com\/fr\/a-propos-de-nous\/notre-histoire\/#primaryimage","url":"https:\/\/www.alantraleasing.com\/wp-content\/uploads\/2026\/01\/Alantra-Mural-September.png","contentUrl":"https:\/\/www.alantraleasing.com\/wp-content\/uploads\/2026\/01\/Alantra-Mural-September.png"},{"@type":"BreadcrumbList","@id":"https:\/\/www.alantraleasing.com\/fr\/a-propos-de-nous\/notre-histoire\/#breadcrumb","itemListElement":[{"@type":"ListItem","position":1,"name":"Home","item":"https:\/\/www.alantraleasing.com\/fr\/"},{"@type":"ListItem","position":2,"name":"\u00c0 propos de nous","item":"https:\/\/www.alantraleasing.com\/fr\/a-propos-de-nous\/"},{"@type":"ListItem","position":3,"name":"Notre histoire"}]},{"@type":"WebSite","@id":"https:\/\/www.alantraleasing.com\/#website","url":"https:\/\/www.alantraleasing.com\/","name":"Alantra Leasing Inc.","description":"Mobile Office Trailer &amp; Modular Building Specialists","publisher":{"@id":"https:\/\/www.alantraleasing.com\/#organization"},"alternateName":"Alantra Leasing","potentialAction":[{"@type":"SearchAction","target":{"@type":"EntryPoint","urlTemplate":"https:\/\/www.alantraleasing.com\/?s={search_term_string}"},"query-input":{"@type":"PropertyValueSpecification","valueRequired":true,"valueName":"search_term_string"}}],"inLanguage":"fr-FR"},{"@type":"Organization","@id":"https:\/\/www.alantraleasing.com\/#organization","name":"Alantra Leasing Inc.","alternateName":"Alantra Leasing","url":"https:\/\/www.alantraleasing.com\/","logo":{"@type":"ImageObject","inLanguage":"fr-FR","@id":"https:\/\/www.alantraleasing.com\/#\/schema\/logo\/image\/","url":"https:\/\/www.alantraleasing.com\/wp-content\/uploads\/2026\/02\/Alantra.png","contentUrl":"https:\/\/www.alantraleasing.com\/wp-content\/uploads\/2026\/02\/Alantra.png","width":1200,"height":1200,"caption":"Alantra Leasing Inc."},"image":{"@id":"https:\/\/www.alantraleasing.com\/#\/schema\/logo\/image\/"},"sameAs":["https:\/\/www.facebook.com\/alantratrailers\/","https:\/\/www.instagram.com\/alantraleasing\/?hl=en","https:\/\/www.linkedin.com\/company\/alantra-leasing-inc-\/","https:\/\/www.youtube.com\/channel\/UC147gZKyzDss4_0nrOOAj6w"]}]}},"_links":{"self":[{"href":"https:\/\/www.alantraleasing.com\/fr\/wp-json\/wp\/v2\/pages\/1499","targetHints":{"allow":["GET"]}}],"collection":[{"href":"https:\/\/www.alantraleasing.com\/fr\/wp-json\/wp\/v2\/pages"}],"about":[{"href":"https:\/\/www.alantraleasing.com\/fr\/wp-json\/wp\/v2\/types\/page"}],"author":[{"embeddable":true,"href":"https:\/\/www.alantraleasing.com\/fr\/wp-json\/wp\/v2\/users\/1"}],"replies":[{"embeddable":true,"href":"https:\/\/www.alantraleasing.com\/fr\/wp-json\/wp\/v2\/comments?post=1499"}],"version-history":[{"count":10,"href":"https:\/\/www.alantraleasing.com\/fr\/wp-json\/wp\/v2\/pages\/1499\/revisions"}],"predecessor-version":[{"id":2329,"href":"https:\/\/www.alantraleasing.com\/fr\/wp-json\/wp\/v2\/pages\/1499\/revisions\/2329"}],"up":[{"embeddable":true,"href":"https:\/\/www.alantraleasing.com\/fr\/wp-json\/wp\/v2\/pages\/1491"}],"wp:attachment":[{"href":"https:\/\/www.alantraleasing.com\/fr\/wp-json\/wp\/v2\/media?parent=1499"}],"curies":[{"name":"wp","href":"https:\/\/api.w.org\/{rel}","templated":true}]}}