{"id":1498,"date":"2025-07-29T08:01:45","date_gmt":"2025-07-29T11:01:45","guid":{"rendered":"https:\/\/www.alantraleasing.com\/about-us\/our-locations\/"},"modified":"2026-03-17T13:36:17","modified_gmt":"2026-03-17T16:36:17","slug":"nos-emplacements","status":"publish","type":"page","link":"https:\/\/www.alantraleasing.com\/fr\/a-propos-de-nous\/nos-emplacements\/","title":{"rendered":"Nos emplacements"},"content":{"rendered":"\n<h1>\n\t\t\tEMPLACEMENTS DES CENTRES <br \/>DE DISTRIBUTION ET DE VENTE\t<\/h1>\n      <h2>NOUVEAU-BRUNSWICK<\/h2>\n      <h3>Bureau principale<\/h3>\n         <p>98, chemin Cougle<br \/>Sussex Corner<br \/>Nouveau-Brunswick, E4E 5L5<\/p>         \n              <p><strong>Sans frais:<\/strong> 1-800-456-1800<\/p>\n              <p><strong>T\u00e9l\u00e9copieur<\/strong> 506-432-9076<\/p>\n              <a href=\"mailto: info@alantraleasing.com\">CONTACTEZ-NOUS<\/a>\n      <h2>NOUVELLE-\u00c9COSSE<\/h2>\n      <h3>ELMSDALE<\/h3>\n         <p>41 Venture Crescent <br \/>Elmsdale, NS B2S 0B1<\/p>         \n              <p><strong>Sans frais:<\/strong> 1-800-456-1800<\/p>\n              <a href=\"mailto: info@alantraleasing.com\">CONTACTEZ-NOUS<\/a>\n      <h2>NOUVELLE-\u00c9COSSE<\/h2>\n      <h3>NORTH SYDNEY<\/h3>\n         <p><strong>Contact locale :<\/strong> Kevin Boudreau <br \/>138 Memorial <br \/>Drive North Sydney, NS B2A 3T2<\/p>         \n              <p><strong>Sans frais:<\/strong> 1-800-456-1800<\/p>\n                          <p><strong>T\u00e9l\u00e9phone local:<\/strong> 902-595-0268<\/p>\n                    <p><strong>Courriel:<\/strong> kevin@alantraleasing.com<\/p>\n              <a href=\"mailto: info@alantraleasing.com\">CONTACTEZ-NOUS<\/a>\n      <h2>\u00ceLE-DU-PRINCE-\u00c9DOUARD<\/h2>\n      \n         <p><strong>Contact locale :<\/strong> Earl MacLeod <br \/>6 Gerald McCarville Dr <br \/>Kensington, PE<\/p>         \n              <p><strong>Sans frais:<\/strong> 1-800-456-1800<\/p>\n                          <p><strong>T\u00e9l\u00e9phone local:<\/strong> 902-439-1388<\/p>\n                    <p><strong>Courriel:<\/strong> earl@alantraleasing.com<\/p>\n              <a href=\"mailto: info@alantraleasing.com\">CONTACTEZ-NOUS<\/a>\n      <h2>TERRE-NEUVE <\/h2>\n      <h3>(EST)<\/h3>\n         <p>7 Bog Avenue <br \/>Argentia, A0B 1W0<\/p>         \n              <p><strong>Sans frais:<\/strong> 1-800-456-1800<\/p>\n              <a href=\"mailto: info@alantraleasing.com\">CONTACTEZ-NOUS<\/a>\n      <h2>TERRE-NEUVE<\/h2>\n      <h3>(Ouest)<\/h3>\n         <p><strong>Contact locale :<\/strong> Colin Butt <br \/>3 Yetman Drive <br \/>Deer Lake, NL A8A 0H4<\/p>         \n              <p><strong>Sans frais:<\/strong> 1-800-456-1800<\/p>\n                          <p><strong>T\u00e9l\u00e9phone local:<\/strong> 709-235-1757<\/p>\n                    <p><strong>Courriel:<\/strong> colin@alantraleasing.com<\/p>\n              <a href=\"mailto: info@alantraleasing.com\">CONTACTEZ-NOUS<\/a>\n      <h2>LABRADOR<\/h2>\n      <h3>(Ouest)<\/h3>\n         <p>1832 Commercial Street <br \/>Wabush, NL A0R 1B0<\/p>         \n              <p><strong>Sans frais:<\/strong> 1-800-456-1800<\/p>\n              <a href=\"mailto: info@alantraleasing.com\">CONTACTEZ-NOUS<\/a>\n      <h2>LABRADOR<\/h2>\n      <h3> (EST)<\/h3>\n         <p>Contact locale :  George Rodgers <br \/>200, chemin Corte Real<br \/>Happy Valley-Goose Bay, T.-N.-L.<\/p>         \n              <p><strong>Sans frais:<\/strong> 1-800-456-1800<\/p>\n                          <p><strong>T\u00e9l\u00e9phone local:<\/strong> 709-896-1560<\/p>\n              <a href=\"mailto: info@alantraleasing.com\">CONTACTEZ-NOUS<\/a>\n      <h2>QU\u00e9BEC <\/h2>\n      <h3>Gasp\u00e9sie<\/h3>\n         <p>Contact locale : Ronald Irving<br \/>7, rue du Vieux Pont, Matap\u00e9dia <br \/>Qu\u00e9bec, G0J 1V0<\/p>         \n              <p><strong>Sans frais:<\/strong> 1-800-456-1800<\/p>\n                          <p><strong>T\u00e9l\u00e9phone local:<\/strong> 418-865-2123<\/p>\n                    <p><strong>Courriel:<\/strong> ronald@alantraleasing.com<\/p>\n              <a href=\"mailto: info@alantraleasing.com\">CONTACTEZ-NOUS<\/a>\n      <h2>QU\u00e9BEC<\/h2>\n      <h3>VAL-ALAIN<\/h3>\n         <p>Contact locale : Daniel Turcotte<br \/>1000, rue Principale, Val-Alain<br \/>Qu\u00e9bec, G0S 3H0<\/p>         \n              <p><strong>Sans frais:<\/strong> 1-800-456-1800<\/p>\n                          <p><strong>T\u00e9l\u00e9phone local:<\/strong> 418-655-8700<\/p>\n                    <p><strong>Courriel:<\/strong> daniel@alantraleasing.com<\/p>\n              <a href=\"mailto: info@alantraleasing.com\">CONTACTEZ-NOUS<\/a>\n      <h2>ONTARIO <\/h2>\n      <h3>LONDON<\/h3>\n         <p>Municipalit\u00e9 de Thames Centre<br \/>181, promenade Donnybrook, Dorchester<br \/>Ontario, N0L 1G3<\/p>         \n              <p><strong>Sans frais:<\/strong> 1-800-456-1800<\/p>\n              <a href=\"mailto: info@alantraleasing.com\">CONTACTEZ-NOUS<\/a>\n      <h2>ONTARIO <\/h2>\n      <h3>JOHNSTOWN<\/h3>\n         <p>Contact locale: Doug Thompson<br \/>21 Newport Drive <br \/>Johnstown, ON<\/p>         \n              <p><strong>Sans frais:<\/strong> 1-800-456-1800<\/p>\n                          <p><strong>T\u00e9l\u00e9phone local:<\/strong> 613-803-1440<\/p>\n                    <p><strong>Courriel:<\/strong> doug@alantraleasing.com<\/p>\n              <a href=\"mailto: info@alantraleasing.com\">CONTACTEZ-NOUS<\/a>\n      <h2>NUNAVUT<\/h2>\n      \n         <p>Contact locale: Terry Dobbin<\/p>         \n              <p><strong>Sans frais:<\/strong> 1-800-456-1800<\/p>\n                          <p><strong>T\u00e9l\u00e9phone local:<\/strong> 867-223-1632<\/p>\n                    <p><strong>Courriel:<\/strong> terry@alantraleasing.com<\/p>\n              <a href=\"mailto: info@alantraleasing.com\">CONTACTEZ-NOUS<\/a>\n<style>\n    .locations-wrapper {\n  display: flex;\n  flex-wrap: wrap;\n}\n.location-card {\n    background: #fff;\n    border-radius: 15px;\n       padding: 47px 15px 53px 27px;\n    width: 31.3%;\n    margin: 1%;\n    margin-bottom: 35px;\n}\n.location-name {\nfont: normal normal 800 35px\/38px futura-pt-condensed !important;\nletter-spacing: 0px;\ncolor: #2A3071;\ntext-transform: uppercase;\nmargin: 0;\n}\n.fl-builder-content h3.location-title {\nfont-family: \"futura-pt\", sans-serif;\t\nfont-weight:500;\nfont-size:26px;\nline-height:38px;\nletter-spacing: 0px;\ncolor: #2A3071;\ntext-transform: uppercase;\nmargin: 0px 0 5px;\n}\n.location-card p {\n    font-size: 18px;\n    line-height: 27px;\n      margin: 5px 0 -4px;\n    color: #000000;\n    font-family: Helvetica_New, Helvetica_New, sans-serif;\n\tfont-weight:normal;\n}\nspan.space {\n    display: block;\n    margin-bottom: 12px;\n}\n.contact-button {\n    display: inline-block;\n    margin-top: 20px;\n    background-color: #0B939C !important;\n    color: #fff !important;\n    text-decoration: none !important;\n    padding: 16px 25px;\n    border-radius: 15px;\n    font-weight: bold;\n    text-align: center;\n    transition: background-color 0.3s ease;\n    max-width: 299px;\n    width: 100%;\n    font-size: 16px;\n    font-family: futura-pt;\n}\n.contact-button:hover {\n  background-color: #2A3071;\n}\n.location-card-inner {\n    min-height: 286px;\n}\n@media(max-width:800px){\n  .location-card {\n     padding: 20px;\n    width: 100%;\n    margin-bottom:20px;\n}\n.location-card-inner {\n    min-height: auto;\n}\n}\n<\/style>\n","protected":false},"excerpt":{"rendered":"<p>EMPLACEMENTS DES CENTRES DE DISTRIBUTION ET DE VENTE NOUVEAU-BRUNSWICK Bureau principale 98, chemin CougleSussex CornerNouveau-Brunswick, E4E 5L5 Sans frais: 1-800-456-1800 T\u00e9l\u00e9copieur 506-432-9076 CONTACTEZ-NOUS NOUVELLE-\u00c9COSSE ELMSDALE 41 Venture Crescent Elmsdale, NS&hellip;<\/p>\n","protected":false},"author":1,"featured_media":0,"parent":1491,"menu_order":0,"comment_status":"closed","ping_status":"closed","template":"","meta":{"_acf_changed":false,"footnotes":""},"class_list":["post-1498","page","type-page","status-publish","hentry"],"acf":[],"yoast_head":"<!-- This site is optimized with the Yoast SEO plugin v27.2 - https:\/\/yoast.com\/product\/yoast-seo-wordpress\/ -->\n<title>Nos emplacements | Alantra<\/title>\n<meta name=\"description\" content=\"Trouvez les bureaux et centres de distribution d&#039;Alantra dans les provinces du Nouveau-Brunswick, de la Nouvelle-\u00c9cosse, de l&#039;\u00cele-du-Prince-\u00c9douard, du Qu\u00e9bec, de l&#039;Ontario et de Terre-Neuve-et-Labrador, et profitez d&#039;une livraison rapide au Nunavut.\" \/>\n<meta name=\"robots\" content=\"index, follow, max-snippet:-1, max-image-preview:large, max-video-preview:-1\" \/>\n<link rel=\"canonical\" href=\"https:\/\/www.alantraleasing.com\/fr\/a-propos-de-nous\/nos-emplacements\/\" \/>\n<meta property=\"og:locale\" content=\"fr_FR\" \/>\n<meta property=\"og:type\" content=\"article\" \/>\n<meta property=\"og:title\" content=\"Nos emplacements | Alantra\" \/>\n<meta property=\"og:description\" content=\"Trouvez les bureaux et centres de distribution d&#039;Alantra dans les provinces du Nouveau-Brunswick, de la Nouvelle-\u00c9cosse, de l&#039;\u00cele-du-Prince-\u00c9douard, du Qu\u00e9bec, de l&#039;Ontario et de Terre-Neuve-et-Labrador, et profitez d&#039;une livraison rapide au Nunavut.\" \/>\n<meta property=\"og:url\" content=\"https:\/\/www.alantraleasing.com\/fr\/a-propos-de-nous\/nos-emplacements\/\" \/>\n<meta property=\"og:site_name\" content=\"Alantra\" \/>\n<meta property=\"article:publisher\" content=\"https:\/\/www.facebook.com\/alantratrailers\/\" \/>\n<meta property=\"article:modified_time\" content=\"2026-03-17T16:36:17+00:00\" \/>\n<meta property=\"og:image\" content=\"https:\/\/www.alantraleasing.com\/wp-content\/uploads\/2026\/02\/Logo-Alantra.png\" \/>\n\t<meta property=\"og:image:width\" content=\"1200\" \/>\n\t<meta property=\"og:image:height\" content=\"675\" \/>\n\t<meta property=\"og:image:type\" content=\"image\/png\" \/>\n<meta name=\"twitter:card\" content=\"summary_large_image\" \/>\n<meta name=\"twitter:label1\" content=\"Dur\u00e9e de lecture estim\u00e9e\" \/>\n\t<meta name=\"twitter:data1\" content=\"2 minutes\" \/>\n<script type=\"application\/ld+json\" class=\"yoast-schema-graph\">{\"@context\":\"https:\/\/schema.org\",\"@graph\":[{\"@type\":\"WebPage\",\"@id\":\"https:\/\/www.alantraleasing.com\/fr\/a-propos-de-nous\/nos-emplacements\/\",\"url\":\"https:\/\/www.alantraleasing.com\/fr\/a-propos-de-nous\/nos-emplacements\/\",\"name\":\"Nos emplacements | Alantra\",\"isPartOf\":{\"@id\":\"https:\/\/www.alantraleasing.com\/#website\"},\"datePublished\":\"2025-07-29T11:01:45+00:00\",\"dateModified\":\"2026-03-17T16:36:17+00:00\",\"description\":\"Trouvez les bureaux et centres de distribution d'Alantra dans les provinces du Nouveau-Brunswick, de la Nouvelle-\u00c9cosse, de l'\u00cele-du-Prince-\u00c9douard, du Qu\u00e9bec, de l'Ontario et de Terre-Neuve-et-Labrador, et profitez d'une livraison rapide au Nunavut.\",\"breadcrumb\":{\"@id\":\"https:\/\/www.alantraleasing.com\/fr\/a-propos-de-nous\/nos-emplacements\/#breadcrumb\"},\"inLanguage\":\"fr-FR\",\"potentialAction\":[{\"@type\":\"ReadAction\",\"target\":[\"https:\/\/www.alantraleasing.com\/fr\/a-propos-de-nous\/nos-emplacements\/\"]}]},{\"@type\":\"BreadcrumbList\",\"@id\":\"https:\/\/www.alantraleasing.com\/fr\/a-propos-de-nous\/nos-emplacements\/#breadcrumb\",\"itemListElement\":[{\"@type\":\"ListItem\",\"position\":1,\"name\":\"Home\",\"item\":\"https:\/\/www.alantraleasing.com\/fr\/\"},{\"@type\":\"ListItem\",\"position\":2,\"name\":\"\u00c0 propos de nous\",\"item\":\"https:\/\/www.alantraleasing.com\/fr\/a-propos-de-nous\/\"},{\"@type\":\"ListItem\",\"position\":3,\"name\":\"Nos emplacements\"}]},{\"@type\":\"WebSite\",\"@id\":\"https:\/\/www.alantraleasing.com\/#website\",\"url\":\"https:\/\/www.alantraleasing.com\/\",\"name\":\"Alantra Leasing Inc.\",\"description\":\"Mobile Office Trailer &amp; Modular Building Specialists\",\"publisher\":{\"@id\":\"https:\/\/www.alantraleasing.com\/#organization\"},\"alternateName\":\"Alantra Leasing\",\"potentialAction\":[{\"@type\":\"SearchAction\",\"target\":{\"@type\":\"EntryPoint\",\"urlTemplate\":\"https:\/\/www.alantraleasing.com\/?s={search_term_string}\"},\"query-input\":{\"@type\":\"PropertyValueSpecification\",\"valueRequired\":true,\"valueName\":\"search_term_string\"}}],\"inLanguage\":\"fr-FR\"},{\"@type\":\"Organization\",\"@id\":\"https:\/\/www.alantraleasing.com\/#organization\",\"name\":\"Alantra Leasing Inc.\",\"alternateName\":\"Alantra Leasing\",\"url\":\"https:\/\/www.alantraleasing.com\/\",\"logo\":{\"@type\":\"ImageObject\",\"inLanguage\":\"fr-FR\",\"@id\":\"https:\/\/www.alantraleasing.com\/#\/schema\/logo\/image\/\",\"url\":\"https:\/\/www.alantraleasing.com\/wp-content\/uploads\/2026\/02\/Alantra.png\",\"contentUrl\":\"https:\/\/www.alantraleasing.com\/wp-content\/uploads\/2026\/02\/Alantra.png\",\"width\":1200,\"height\":1200,\"caption\":\"Alantra Leasing Inc.\"},\"image\":{\"@id\":\"https:\/\/www.alantraleasing.com\/#\/schema\/logo\/image\/\"},\"sameAs\":[\"https:\/\/www.facebook.com\/alantratrailers\/\",\"https:\/\/www.instagram.com\/alantraleasing\/?hl=en\",\"https:\/\/www.linkedin.com\/company\/alantra-leasing-inc-\/\",\"https:\/\/www.youtube.com\/channel\/UC147gZKyzDss4_0nrOOAj6w\"]}]}<\/script>\n<!-- \/ Yoast SEO plugin. -->","yoast_head_json":{"title":"Nos emplacements | Alantra","description":"Trouvez les bureaux et centres de distribution d'Alantra dans les provinces du Nouveau-Brunswick, de la Nouvelle-\u00c9cosse, de l'\u00cele-du-Prince-\u00c9douard, du Qu\u00e9bec, de l'Ontario et de Terre-Neuve-et-Labrador, et profitez d'une livraison rapide au Nunavut.","robots":{"index":"index","follow":"follow","max-snippet":"max-snippet:-1","max-image-preview":"max-image-preview:large","max-video-preview":"max-video-preview:-1"},"canonical":"https:\/\/www.alantraleasing.com\/fr\/a-propos-de-nous\/nos-emplacements\/","og_locale":"fr_FR","og_type":"article","og_title":"Nos emplacements | Alantra","og_description":"Trouvez les bureaux et centres de distribution d'Alantra dans les provinces du Nouveau-Brunswick, de la Nouvelle-\u00c9cosse, de l'\u00cele-du-Prince-\u00c9douard, du Qu\u00e9bec, de l'Ontario et de Terre-Neuve-et-Labrador, et profitez d'une livraison rapide au Nunavut.","og_url":"https:\/\/www.alantraleasing.com\/fr\/a-propos-de-nous\/nos-emplacements\/","og_site_name":"Alantra","article_publisher":"https:\/\/www.facebook.com\/alantratrailers\/","article_modified_time":"2026-03-17T16:36:17+00:00","og_image":[{"width":1200,"height":675,"url":"https:\/\/www.alantraleasing.com\/wp-content\/uploads\/2026\/02\/Logo-Alantra.png","type":"image\/png"}],"twitter_card":"summary_large_image","twitter_misc":{"Dur\u00e9e de lecture estim\u00e9e":"2 minutes"},"schema":{"@context":"https:\/\/schema.org","@graph":[{"@type":"WebPage","@id":"https:\/\/www.alantraleasing.com\/fr\/a-propos-de-nous\/nos-emplacements\/","url":"https:\/\/www.alantraleasing.com\/fr\/a-propos-de-nous\/nos-emplacements\/","name":"Nos emplacements | Alantra","isPartOf":{"@id":"https:\/\/www.alantraleasing.com\/#website"},"datePublished":"2025-07-29T11:01:45+00:00","dateModified":"2026-03-17T16:36:17+00:00","description":"Trouvez les bureaux et centres de distribution d'Alantra dans les provinces du Nouveau-Brunswick, de la Nouvelle-\u00c9cosse, de l'\u00cele-du-Prince-\u00c9douard, du Qu\u00e9bec, de l'Ontario et de Terre-Neuve-et-Labrador, et profitez d'une livraison rapide au Nunavut.","breadcrumb":{"@id":"https:\/\/www.alantraleasing.com\/fr\/a-propos-de-nous\/nos-emplacements\/#breadcrumb"},"inLanguage":"fr-FR","potentialAction":[{"@type":"ReadAction","target":["https:\/\/www.alantraleasing.com\/fr\/a-propos-de-nous\/nos-emplacements\/"]}]},{"@type":"BreadcrumbList","@id":"https:\/\/www.alantraleasing.com\/fr\/a-propos-de-nous\/nos-emplacements\/#breadcrumb","itemListElement":[{"@type":"ListItem","position":1,"name":"Home","item":"https:\/\/www.alantraleasing.com\/fr\/"},{"@type":"ListItem","position":2,"name":"\u00c0 propos de nous","item":"https:\/\/www.alantraleasing.com\/fr\/a-propos-de-nous\/"},{"@type":"ListItem","position":3,"name":"Nos emplacements"}]},{"@type":"WebSite","@id":"https:\/\/www.alantraleasing.com\/#website","url":"https:\/\/www.alantraleasing.com\/","name":"Alantra Leasing Inc.","description":"Mobile Office Trailer &amp; Modular Building Specialists","publisher":{"@id":"https:\/\/www.alantraleasing.com\/#organization"},"alternateName":"Alantra Leasing","potentialAction":[{"@type":"SearchAction","target":{"@type":"EntryPoint","urlTemplate":"https:\/\/www.alantraleasing.com\/?s={search_term_string}"},"query-input":{"@type":"PropertyValueSpecification","valueRequired":true,"valueName":"search_term_string"}}],"inLanguage":"fr-FR"},{"@type":"Organization","@id":"https:\/\/www.alantraleasing.com\/#organization","name":"Alantra Leasing Inc.","alternateName":"Alantra Leasing","url":"https:\/\/www.alantraleasing.com\/","logo":{"@type":"ImageObject","inLanguage":"fr-FR","@id":"https:\/\/www.alantraleasing.com\/#\/schema\/logo\/image\/","url":"https:\/\/www.alantraleasing.com\/wp-content\/uploads\/2026\/02\/Alantra.png","contentUrl":"https:\/\/www.alantraleasing.com\/wp-content\/uploads\/2026\/02\/Alantra.png","width":1200,"height":1200,"caption":"Alantra Leasing Inc."},"image":{"@id":"https:\/\/www.alantraleasing.com\/#\/schema\/logo\/image\/"},"sameAs":["https:\/\/www.facebook.com\/alantratrailers\/","https:\/\/www.instagram.com\/alantraleasing\/?hl=en","https:\/\/www.linkedin.com\/company\/alantra-leasing-inc-\/","https:\/\/www.youtube.com\/channel\/UC147gZKyzDss4_0nrOOAj6w"]}]}},"_links":{"self":[{"href":"https:\/\/www.alantraleasing.com\/fr\/wp-json\/wp\/v2\/pages\/1498","targetHints":{"allow":["GET"]}}],"collection":[{"href":"https:\/\/www.alantraleasing.com\/fr\/wp-json\/wp\/v2\/pages"}],"about":[{"href":"https:\/\/www.alantraleasing.com\/fr\/wp-json\/wp\/v2\/types\/page"}],"author":[{"embeddable":true,"href":"https:\/\/www.alantraleasing.com\/fr\/wp-json\/wp\/v2\/users\/1"}],"replies":[{"embeddable":true,"href":"https:\/\/www.alantraleasing.com\/fr\/wp-json\/wp\/v2\/comments?post=1498"}],"version-history":[{"count":8,"href":"https:\/\/www.alantraleasing.com\/fr\/wp-json\/wp\/v2\/pages\/1498\/revisions"}],"predecessor-version":[{"id":2466,"href":"https:\/\/www.alantraleasing.com\/fr\/wp-json\/wp\/v2\/pages\/1498\/revisions\/2466"}],"up":[{"embeddable":true,"href":"https:\/\/www.alantraleasing.com\/fr\/wp-json\/wp\/v2\/pages\/1491"}],"wp:attachment":[{"href":"https:\/\/www.alantraleasing.com\/fr\/wp-json\/wp\/v2\/media?parent=1498"}],"curies":[{"name":"wp","href":"https:\/\/api.w.org\/{rel}","templated":true}]}}