{"id":1495,"date":"2025-07-26T17:41:24","date_gmt":"2025-07-26T20:41:24","guid":{"rendered":"https:\/\/www.alantraleasing.com\/about-us\/contact-us\/"},"modified":"2026-02-26T15:55:56","modified_gmt":"2026-02-26T19:55:56","slug":"contactez-nous","status":"publish","type":"page","link":"https:\/\/www.alantraleasing.com\/fr\/a-propos-de-nous\/contactez-nous\/","title":{"rendered":"Contactez-nous"},"content":{"rendered":"\r\n<h2>\r\n\t\t\tCONTACTEZ-NOUS\t<\/h2>\r\n\t<p>Il suffit de nous appeler ou de nous envoyer un courriel pour obtenir l&rsquo;aide de notre personnel sp\u00e9cialiser, qui vous aidera dans tous les domaines, de l&rsquo;analyse des besoins \u00e0 l&rsquo;\u00e9valuation des projets, en passant par les recommandations et les informations sur la fabrication, l&rsquo;installation et la livraison.<\/p>\r\n<p>Vous pouvez \u00e9galement contacter l&rsquo;un des membres de notre \u00e9quipe du bureau principale pour organiser un rendez-vous personnalis\u00e9 ou une visite afin de d\u00e9couvrir notre large gamme de produits et services. Comment nous trouver.<\/p>\r\n<p>Nos centres de distribution sont id\u00e9alement situ\u00e9s dans tout l&rsquo;est du Canada. Les coordonn\u00e9es sont indiqu\u00e9es pour chaque centre de distribution.<\/p>\r\n<h2>\r\n\t\t\tENVOYEZ-NOUS UN MESSAGE\t<\/h2>\r\n\t<iframe id=\"JotFormIFrame-260135272523449\" title=\"French- Alantra Contact Us\" src=\"https:\/\/form.jotform.com\/260135272523449\" frameborder=\"0\" scrolling=\"no\"><br \/>\r\n<\/iframe><br \/>\r\n<br \/>\r\n\r\n<h2>\r\n\t\t\tNouveau-Brunswick\t<\/h2>\r\n<h2>\r\n\t\t\tBureau principale\t<\/h2>\r\n\t98, chemin Cougle<br \/>\r\nSussex (Nouveau-Brunswick) E4E 5L5\r\n\t<strong>Sans frais<\/strong> : 1-800-456-1800<br \/>\r\n<strong>T\u00e9l\u00e9phone<\/strong> : 506-433-3757<br \/>\r\n<strong>T\u00e9l\u00e9copieur<\/strong> : 506-432-9076<br \/>\r\n<strong>Heures d&rsquo;ouverture<\/strong> : de 7 h 30 \u00e0 15 h 30<br \/>\r\n<strong>Renseignements g\u00e9n\u00e9raux<\/strong> : <a href=\"mailto:info@alantraleasing.com\" target=\"_blank\" rel=\"noopener\">info@alantraleasing.com<\/a><br \/>\r\n<strong>Service requis<\/strong> : <a href=\"mailto:service@alantraleasing.com\" target=\"_blank\" rel=\"noopener\">service@alantraleasing.com<\/a>\r\n\t<iframe src=\"https:\/\/www.google.com\/maps\/embed\/v1\/place?q=98+Cougle+Road+Sussex+Corner%2C+NB+E4E+5L5&#038;key=AIzaSyD09zQ9PNDNNy9TadMuzRV_UsPUoWKntt8\" aria-hidden=\"true\"><\/iframe>\r\n\r\n","protected":false},"excerpt":{"rendered":"<p>CONTACTEZ-NOUS Il suffit de nous appeler ou de nous envoyer un courriel pour obtenir l&rsquo;aide de notre personnel sp\u00e9cialiser, qui vous aidera dans tous les domaines, de l&rsquo;analyse des besoins&hellip;<\/p>\n","protected":false},"author":1,"featured_media":0,"parent":1491,"menu_order":0,"comment_status":"closed","ping_status":"closed","template":"","meta":{"_acf_changed":false,"footnotes":""},"class_list":["post-1495","page","type-page","status-publish","hentry"],"acf":[],"yoast_head":"<!-- This site is optimized with the Yoast SEO plugin v27.2 - https:\/\/yoast.com\/product\/yoast-seo-wordpress\/ -->\n<title>Contactez-nous | Alantra<\/title>\n<meta name=\"description\" content=\"Contactez Alantra Leasing pour obtenir des devis, des services ou des informations sur les remorques de bureau mobiles et les solutions modulaires personnalis\u00e9es.\" \/>\n<meta name=\"robots\" content=\"index, follow, max-snippet:-1, max-image-preview:large, max-video-preview:-1\" \/>\n<link rel=\"canonical\" href=\"https:\/\/www.alantraleasing.com\/fr\/a-propos-de-nous\/contactez-nous\/\" \/>\n<meta property=\"og:locale\" content=\"fr_FR\" \/>\n<meta property=\"og:type\" content=\"article\" \/>\n<meta property=\"og:title\" content=\"Contactez-nous | Alantra\" \/>\n<meta property=\"og:description\" content=\"Contactez Alantra Leasing pour obtenir des devis, des services ou des informations sur les remorques de bureau mobiles et les solutions modulaires personnalis\u00e9es.\" \/>\n<meta property=\"og:url\" content=\"https:\/\/www.alantraleasing.com\/fr\/a-propos-de-nous\/contactez-nous\/\" \/>\n<meta property=\"og:site_name\" content=\"Alantra\" \/>\n<meta property=\"article:publisher\" content=\"https:\/\/www.facebook.com\/alantratrailers\/\" \/>\n<meta property=\"article:modified_time\" content=\"2026-02-26T19:55:56+00:00\" \/>\n<meta property=\"og:image\" content=\"https:\/\/www.alantraleasing.com\/wp-content\/uploads\/2026\/02\/Logo-Alantra.png\" \/>\n\t<meta property=\"og:image:width\" content=\"1200\" \/>\n\t<meta property=\"og:image:height\" content=\"675\" \/>\n\t<meta property=\"og:image:type\" content=\"image\/png\" \/>\n<meta name=\"twitter:card\" content=\"summary_large_image\" \/>\n<meta name=\"twitter:label1\" content=\"Dur\u00e9e de lecture estim\u00e9e\" \/>\n\t<meta name=\"twitter:data1\" content=\"1 minute\" \/>\n<script type=\"application\/ld+json\" class=\"yoast-schema-graph\">{\"@context\":\"https:\/\/schema.org\",\"@graph\":[{\"@type\":\"WebPage\",\"@id\":\"https:\/\/www.alantraleasing.com\/fr\/a-propos-de-nous\/contactez-nous\/\",\"url\":\"https:\/\/www.alantraleasing.com\/fr\/a-propos-de-nous\/contactez-nous\/\",\"name\":\"Contactez-nous | Alantra\",\"isPartOf\":{\"@id\":\"https:\/\/www.alantraleasing.com\/#website\"},\"datePublished\":\"2025-07-26T20:41:24+00:00\",\"dateModified\":\"2026-02-26T19:55:56+00:00\",\"description\":\"Contactez Alantra Leasing pour obtenir des devis, des services ou des informations sur les remorques de bureau mobiles et les solutions modulaires personnalis\u00e9es.\",\"breadcrumb\":{\"@id\":\"https:\/\/www.alantraleasing.com\/fr\/a-propos-de-nous\/contactez-nous\/#breadcrumb\"},\"inLanguage\":\"fr-FR\",\"potentialAction\":[{\"@type\":\"ReadAction\",\"target\":[\"https:\/\/www.alantraleasing.com\/fr\/a-propos-de-nous\/contactez-nous\/\"]}]},{\"@type\":\"BreadcrumbList\",\"@id\":\"https:\/\/www.alantraleasing.com\/fr\/a-propos-de-nous\/contactez-nous\/#breadcrumb\",\"itemListElement\":[{\"@type\":\"ListItem\",\"position\":1,\"name\":\"Home\",\"item\":\"https:\/\/www.alantraleasing.com\/fr\/\"},{\"@type\":\"ListItem\",\"position\":2,\"name\":\"\u00c0 propos de nous\",\"item\":\"https:\/\/www.alantraleasing.com\/fr\/a-propos-de-nous\/\"},{\"@type\":\"ListItem\",\"position\":3,\"name\":\"Contactez-nous\"}]},{\"@type\":\"WebSite\",\"@id\":\"https:\/\/www.alantraleasing.com\/#website\",\"url\":\"https:\/\/www.alantraleasing.com\/\",\"name\":\"Alantra Leasing Inc.\",\"description\":\"Mobile Office Trailer &amp; Modular Building Specialists\",\"publisher\":{\"@id\":\"https:\/\/www.alantraleasing.com\/#organization\"},\"alternateName\":\"Alantra Leasing\",\"potentialAction\":[{\"@type\":\"SearchAction\",\"target\":{\"@type\":\"EntryPoint\",\"urlTemplate\":\"https:\/\/www.alantraleasing.com\/?s={search_term_string}\"},\"query-input\":{\"@type\":\"PropertyValueSpecification\",\"valueRequired\":true,\"valueName\":\"search_term_string\"}}],\"inLanguage\":\"fr-FR\"},{\"@type\":\"Organization\",\"@id\":\"https:\/\/www.alantraleasing.com\/#organization\",\"name\":\"Alantra Leasing Inc.\",\"alternateName\":\"Alantra Leasing\",\"url\":\"https:\/\/www.alantraleasing.com\/\",\"logo\":{\"@type\":\"ImageObject\",\"inLanguage\":\"fr-FR\",\"@id\":\"https:\/\/www.alantraleasing.com\/#\/schema\/logo\/image\/\",\"url\":\"https:\/\/www.alantraleasing.com\/wp-content\/uploads\/2026\/02\/Alantra.png\",\"contentUrl\":\"https:\/\/www.alantraleasing.com\/wp-content\/uploads\/2026\/02\/Alantra.png\",\"width\":1200,\"height\":1200,\"caption\":\"Alantra Leasing Inc.\"},\"image\":{\"@id\":\"https:\/\/www.alantraleasing.com\/#\/schema\/logo\/image\/\"},\"sameAs\":[\"https:\/\/www.facebook.com\/alantratrailers\/\",\"https:\/\/www.instagram.com\/alantraleasing\/?hl=en\",\"https:\/\/www.linkedin.com\/company\/alantra-leasing-inc-\/\",\"https:\/\/www.youtube.com\/channel\/UC147gZKyzDss4_0nrOOAj6w\"]}]}<\/script>\n<!-- \/ Yoast SEO plugin. -->","yoast_head_json":{"title":"Contactez-nous | Alantra","description":"Contactez Alantra Leasing pour obtenir des devis, des services ou des informations sur les remorques de bureau mobiles et les solutions modulaires personnalis\u00e9es.","robots":{"index":"index","follow":"follow","max-snippet":"max-snippet:-1","max-image-preview":"max-image-preview:large","max-video-preview":"max-video-preview:-1"},"canonical":"https:\/\/www.alantraleasing.com\/fr\/a-propos-de-nous\/contactez-nous\/","og_locale":"fr_FR","og_type":"article","og_title":"Contactez-nous | Alantra","og_description":"Contactez Alantra Leasing pour obtenir des devis, des services ou des informations sur les remorques de bureau mobiles et les solutions modulaires personnalis\u00e9es.","og_url":"https:\/\/www.alantraleasing.com\/fr\/a-propos-de-nous\/contactez-nous\/","og_site_name":"Alantra","article_publisher":"https:\/\/www.facebook.com\/alantratrailers\/","article_modified_time":"2026-02-26T19:55:56+00:00","og_image":[{"width":1200,"height":675,"url":"https:\/\/www.alantraleasing.com\/wp-content\/uploads\/2026\/02\/Logo-Alantra.png","type":"image\/png"}],"twitter_card":"summary_large_image","twitter_misc":{"Dur\u00e9e de lecture estim\u00e9e":"1 minute"},"schema":{"@context":"https:\/\/schema.org","@graph":[{"@type":"WebPage","@id":"https:\/\/www.alantraleasing.com\/fr\/a-propos-de-nous\/contactez-nous\/","url":"https:\/\/www.alantraleasing.com\/fr\/a-propos-de-nous\/contactez-nous\/","name":"Contactez-nous | Alantra","isPartOf":{"@id":"https:\/\/www.alantraleasing.com\/#website"},"datePublished":"2025-07-26T20:41:24+00:00","dateModified":"2026-02-26T19:55:56+00:00","description":"Contactez Alantra Leasing pour obtenir des devis, des services ou des informations sur les remorques de bureau mobiles et les solutions modulaires personnalis\u00e9es.","breadcrumb":{"@id":"https:\/\/www.alantraleasing.com\/fr\/a-propos-de-nous\/contactez-nous\/#breadcrumb"},"inLanguage":"fr-FR","potentialAction":[{"@type":"ReadAction","target":["https:\/\/www.alantraleasing.com\/fr\/a-propos-de-nous\/contactez-nous\/"]}]},{"@type":"BreadcrumbList","@id":"https:\/\/www.alantraleasing.com\/fr\/a-propos-de-nous\/contactez-nous\/#breadcrumb","itemListElement":[{"@type":"ListItem","position":1,"name":"Home","item":"https:\/\/www.alantraleasing.com\/fr\/"},{"@type":"ListItem","position":2,"name":"\u00c0 propos de nous","item":"https:\/\/www.alantraleasing.com\/fr\/a-propos-de-nous\/"},{"@type":"ListItem","position":3,"name":"Contactez-nous"}]},{"@type":"WebSite","@id":"https:\/\/www.alantraleasing.com\/#website","url":"https:\/\/www.alantraleasing.com\/","name":"Alantra Leasing Inc.","description":"Mobile Office Trailer &amp; Modular Building Specialists","publisher":{"@id":"https:\/\/www.alantraleasing.com\/#organization"},"alternateName":"Alantra Leasing","potentialAction":[{"@type":"SearchAction","target":{"@type":"EntryPoint","urlTemplate":"https:\/\/www.alantraleasing.com\/?s={search_term_string}"},"query-input":{"@type":"PropertyValueSpecification","valueRequired":true,"valueName":"search_term_string"}}],"inLanguage":"fr-FR"},{"@type":"Organization","@id":"https:\/\/www.alantraleasing.com\/#organization","name":"Alantra Leasing Inc.","alternateName":"Alantra Leasing","url":"https:\/\/www.alantraleasing.com\/","logo":{"@type":"ImageObject","inLanguage":"fr-FR","@id":"https:\/\/www.alantraleasing.com\/#\/schema\/logo\/image\/","url":"https:\/\/www.alantraleasing.com\/wp-content\/uploads\/2026\/02\/Alantra.png","contentUrl":"https:\/\/www.alantraleasing.com\/wp-content\/uploads\/2026\/02\/Alantra.png","width":1200,"height":1200,"caption":"Alantra Leasing Inc."},"image":{"@id":"https:\/\/www.alantraleasing.com\/#\/schema\/logo\/image\/"},"sameAs":["https:\/\/www.facebook.com\/alantratrailers\/","https:\/\/www.instagram.com\/alantraleasing\/?hl=en","https:\/\/www.linkedin.com\/company\/alantra-leasing-inc-\/","https:\/\/www.youtube.com\/channel\/UC147gZKyzDss4_0nrOOAj6w"]}]}},"_links":{"self":[{"href":"https:\/\/www.alantraleasing.com\/fr\/wp-json\/wp\/v2\/pages\/1495","targetHints":{"allow":["GET"]}}],"collection":[{"href":"https:\/\/www.alantraleasing.com\/fr\/wp-json\/wp\/v2\/pages"}],"about":[{"href":"https:\/\/www.alantraleasing.com\/fr\/wp-json\/wp\/v2\/types\/page"}],"author":[{"embeddable":true,"href":"https:\/\/www.alantraleasing.com\/fr\/wp-json\/wp\/v2\/users\/1"}],"replies":[{"embeddable":true,"href":"https:\/\/www.alantraleasing.com\/fr\/wp-json\/wp\/v2\/comments?post=1495"}],"version-history":[{"count":5,"href":"https:\/\/www.alantraleasing.com\/fr\/wp-json\/wp\/v2\/pages\/1495\/revisions"}],"predecessor-version":[{"id":2337,"href":"https:\/\/www.alantraleasing.com\/fr\/wp-json\/wp\/v2\/pages\/1495\/revisions\/2337"}],"up":[{"embeddable":true,"href":"https:\/\/www.alantraleasing.com\/fr\/wp-json\/wp\/v2\/pages\/1491"}],"wp:attachment":[{"href":"https:\/\/www.alantraleasing.com\/fr\/wp-json\/wp\/v2\/media?parent=1495"}],"curies":[{"name":"wp","href":"https:\/\/api.w.org\/{rel}","templated":true}]}}