{"id":1493,"date":"2025-07-27T04:17:55","date_gmt":"2025-07-27T07:17:55","guid":{"rendered":"https:\/\/www.alantraleasing.com\/about-us\/careers\/"},"modified":"2026-04-09T15:00:02","modified_gmt":"2026-04-09T18:00:02","slug":"carrieres","status":"publish","type":"page","link":"https:\/\/www.alantraleasing.com\/fr\/a-propos-de-nous\/carrieres\/","title":{"rendered":"Carri\u00e8res"},"content":{"rendered":"\n<h2>\n\t\t\tCARRI\u00c8RES\t<\/h2>\n\t<p>REJOIGNEZ ALANTRA LEASING D\u00c8S AUJOURD&rsquo;HUI!<\/p>\n<p>Alantra Leasing est le leader de l&rsquo;est du Canada dans le domaine des structures modulaires, mobiles et pr\u00e9fabriqu\u00e9es depuis 1981. Notre succ\u00e8s repose sur nos employ\u00e9s, et nous croyons dans la cr\u00e9ation d&rsquo;un environnement o\u00f9 chacun peut exceller. Guid\u00e9s par nos valeurs fondamentales, nous nous effor\u00e7ons de cr\u00e9er un lieu de travail positif o\u00f9 la croissance, la collaboration et l&rsquo;innovation prosp\u00e8rent.<\/p>\n<figure itemscope itemtype=\"https:\/\/schema.org\/ImageObject\">\n\t\t\t\t<img decoding=\"async\" src=\"https:\/\/www.alantraleasing.com\/wp-content\/uploads\/2026\/03\/careers-cropped.png\" alt=\"careers cropped\" height=\"850\" width=\"1673\" title=\"careers cropped\" onerror=\"this.style.display='none'\" loading=\"lazy\" \/>\n\t<\/figure>\n<h2>\n\t\t\tPOSTES DISPONIBLES :\t<\/h2>\n          <small>POSTE<\/small>\n          <strong>Conducteur de camion &#8211; Cat\u00e9gorie 1 ou Cat\u00e9gorie 3<\/strong>\n          <small>LIEU<\/small>\n          <strong>Elmsdale, NS<\/strong>\n          <small>TYPE DE CONTRAT<\/small>\n          \n                    <a href=\"https:\/\/ca.indeed.com\/viewjob?jk=9205e6ae0e6850db&#038;from=shareddesktop_copy\" target=\"_blank\">VOIR LES D\u00c9TAILS<\/a>\n<style>\n    .careers-wrapper {\n  display: flex;\n  flex-direction: column;\n}\n.career-card {\n  display: flex;\n  align-items: center;\n  justify-content: space-between;\n  background: #f7f7f7;\n  border-radius: 12px;\n  padding: 30px 30px;\n  box-shadow: 0 1px 4px rgba(0, 0, 0, 0.05);\n  flex-wrap: wrap;\n      margin-bottom: 45px;\n}\n.career-info {\n  display: flex;\n  align-items: center;\n  flex: 1;\n  flex-wrap: wrap;\n  gap: 50px;\n}\n.career-info-item {\n  display: flex;\n  flex-direction: column;\n  font-size: 14px;\n  min-width: 150px;\n}\n.career-info-item small {\nfont: normal normal 500 16px \/ 36px futura-pt !important;\n    letter-spacing: 0px;\nletter-spacing: 0px;\ncolor: #000000;\ntext-transform: uppercase;\n}\n.career-info-item strong {\nfont: normal normal 800 24px\/36px futura-pt-condensed;\nletter-spacing: 0px;\ncolor: #2A3071;\ntext-transform: uppercase;\n    margin-top: -9px;\n}\n.career-divider {\n    width: 1px;\n    height: 73px;\n    background-color: #ccc;\n}\n.details-link {\n    background-color: #0B939C;\n    color: #fff !important;\n    font-weight: bold;\n    text-transform: uppercase;\n    padding: 13px 20px;\n    border-radius: 10px;\n    text-decoration: none !important;\n    font-size: 14px;\n    transition: background-color 0.3s ease;\n    width: 203px;\n    text-align: center;\n    font: normal normal 800 18px\/36px futura-pt-condensed;\n}\n.details-link:hover {\n  background-color: #2A3071;\n}\n.aj_item_1 {\n    width: 30%;\n}\n.aj_item_3 {\n    width: 11%;\n}\n.aj_item_2 {\n    width: 13%;\n}\n.aj\n.aj_item_4 {\n    width: 16%;\n}\n@media(max-width:800px){\n  .career-info {\n    display: block;\n}\n.career-divider {\n    height: 1px;\n    width: 100%;\n}\n.career-info-item {\n    width: 100%;\n}\n.career-card {\n    padding: 15px;\n        margin-bottom: 0;\n}\n.career-info-item strong {\n    font: normal normal 800 22px \/ 28px futura-pt-condensed;\n}\n.career-divider {\n    margin: 5px 0;\n}\n    .details-link {\n        padding: 8px 16px;\n        font-size: 14px;\n        width: 100%;\n        margin-top: 10px;\n        margin: 29px auto 7px;\n    }\n.career-info {\n    text-align: center;\n}\n    .career-card {\n        padding: 15px;\n        margin-bottom: 30px;\n    }\n}\n<\/style>\n","protected":false},"excerpt":{"rendered":"<p>CARRI\u00c8RES REJOIGNEZ ALANTRA LEASING D\u00c8S AUJOURD&rsquo;HUI! Alantra Leasing est le leader de l&rsquo;est du Canada dans le domaine des structures modulaires, mobiles et pr\u00e9fabriqu\u00e9es depuis 1981. Notre succ\u00e8s repose sur&hellip;<\/p>\n","protected":false},"author":1,"featured_media":0,"parent":1491,"menu_order":0,"comment_status":"closed","ping_status":"closed","template":"","meta":{"_acf_changed":false,"footnotes":""},"class_list":["post-1493","page","type-page","status-publish","hentry"],"acf":[],"yoast_head":"<!-- This site is optimized with the Yoast SEO plugin v27.2 - https:\/\/yoast.com\/product\/yoast-seo-wordpress\/ -->\n<title>Carri\u00e8res | Alantra<\/title>\n<meta name=\"description\" content=\"D\u00e9couvrez les opportunit\u00e9s de carri\u00e8re chez Alantra Leasing, une entreprise familiale qui fournit des remorques modulaires et mobiles dans tout l&#039;est du Canada.\" \/>\n<meta name=\"robots\" content=\"index, follow, max-snippet:-1, max-image-preview:large, max-video-preview:-1\" \/>\n<link rel=\"canonical\" href=\"https:\/\/www.alantraleasing.com\/fr\/a-propos-de-nous\/carrieres\/\" \/>\n<meta property=\"og:locale\" content=\"fr_FR\" \/>\n<meta property=\"og:type\" content=\"article\" \/>\n<meta property=\"og:title\" content=\"Carri\u00e8res | Alantra\" \/>\n<meta property=\"og:description\" content=\"D\u00e9couvrez les opportunit\u00e9s de carri\u00e8re chez Alantra Leasing, une entreprise familiale qui fournit des remorques modulaires et mobiles dans tout l&#039;est du Canada.\" \/>\n<meta property=\"og:url\" content=\"https:\/\/www.alantraleasing.com\/fr\/a-propos-de-nous\/carrieres\/\" \/>\n<meta property=\"og:site_name\" content=\"Alantra\" \/>\n<meta property=\"article:publisher\" content=\"https:\/\/www.facebook.com\/alantratrailers\/\" \/>\n<meta property=\"article:modified_time\" content=\"2026-04-09T18:00:02+00:00\" \/>\n<meta property=\"og:image\" content=\"https:\/\/www.alantraleasing.com\/wp-content\/uploads\/2026\/03\/careers-cropped.png\" \/>\n<meta name=\"twitter:card\" content=\"summary_large_image\" \/>\n<meta name=\"twitter:label1\" content=\"Dur\u00e9e de lecture estim\u00e9e\" \/>\n\t<meta name=\"twitter:data1\" content=\"1 minute\" \/>\n<script type=\"application\/ld+json\" class=\"yoast-schema-graph\">{\"@context\":\"https:\/\/schema.org\",\"@graph\":[{\"@type\":\"WebPage\",\"@id\":\"https:\/\/www.alantraleasing.com\/fr\/a-propos-de-nous\/carrieres\/\",\"url\":\"https:\/\/www.alantraleasing.com\/fr\/a-propos-de-nous\/carrieres\/\",\"name\":\"Carri\u00e8res | Alantra\",\"isPartOf\":{\"@id\":\"https:\/\/www.alantraleasing.com\/#website\"},\"primaryImageOfPage\":{\"@id\":\"https:\/\/www.alantraleasing.com\/fr\/a-propos-de-nous\/carrieres\/#primaryimage\"},\"image\":{\"@id\":\"https:\/\/www.alantraleasing.com\/fr\/a-propos-de-nous\/carrieres\/#primaryimage\"},\"thumbnailUrl\":\"https:\/\/www.alantraleasing.com\/wp-content\/uploads\/2026\/03\/careers-cropped.png\",\"datePublished\":\"2025-07-27T07:17:55+00:00\",\"dateModified\":\"2026-04-09T18:00:02+00:00\",\"description\":\"D\u00e9couvrez les opportunit\u00e9s de carri\u00e8re chez Alantra Leasing, une entreprise familiale qui fournit des remorques modulaires et mobiles dans tout l'est du Canada.\",\"breadcrumb\":{\"@id\":\"https:\/\/www.alantraleasing.com\/fr\/a-propos-de-nous\/carrieres\/#breadcrumb\"},\"inLanguage\":\"fr-FR\",\"potentialAction\":[{\"@type\":\"ReadAction\",\"target\":[\"https:\/\/www.alantraleasing.com\/fr\/a-propos-de-nous\/carrieres\/\"]}]},{\"@type\":\"ImageObject\",\"inLanguage\":\"fr-FR\",\"@id\":\"https:\/\/www.alantraleasing.com\/fr\/a-propos-de-nous\/carrieres\/#primaryimage\",\"url\":\"https:\/\/www.alantraleasing.com\/wp-content\/uploads\/2026\/03\/careers-cropped.png\",\"contentUrl\":\"https:\/\/www.alantraleasing.com\/wp-content\/uploads\/2026\/03\/careers-cropped.png\"},{\"@type\":\"BreadcrumbList\",\"@id\":\"https:\/\/www.alantraleasing.com\/fr\/a-propos-de-nous\/carrieres\/#breadcrumb\",\"itemListElement\":[{\"@type\":\"ListItem\",\"position\":1,\"name\":\"Home\",\"item\":\"https:\/\/www.alantraleasing.com\/fr\/\"},{\"@type\":\"ListItem\",\"position\":2,\"name\":\"\u00c0 propos de nous\",\"item\":\"https:\/\/www.alantraleasing.com\/fr\/a-propos-de-nous\/\"},{\"@type\":\"ListItem\",\"position\":3,\"name\":\"Carri\u00e8res\"}]},{\"@type\":\"WebSite\",\"@id\":\"https:\/\/www.alantraleasing.com\/#website\",\"url\":\"https:\/\/www.alantraleasing.com\/\",\"name\":\"Alantra Leasing Inc.\",\"description\":\"Mobile Office Trailer &amp; Modular Building Specialists\",\"publisher\":{\"@id\":\"https:\/\/www.alantraleasing.com\/#organization\"},\"alternateName\":\"Alantra Leasing\",\"potentialAction\":[{\"@type\":\"SearchAction\",\"target\":{\"@type\":\"EntryPoint\",\"urlTemplate\":\"https:\/\/www.alantraleasing.com\/?s={search_term_string}\"},\"query-input\":{\"@type\":\"PropertyValueSpecification\",\"valueRequired\":true,\"valueName\":\"search_term_string\"}}],\"inLanguage\":\"fr-FR\"},{\"@type\":\"Organization\",\"@id\":\"https:\/\/www.alantraleasing.com\/#organization\",\"name\":\"Alantra Leasing Inc.\",\"alternateName\":\"Alantra Leasing\",\"url\":\"https:\/\/www.alantraleasing.com\/\",\"logo\":{\"@type\":\"ImageObject\",\"inLanguage\":\"fr-FR\",\"@id\":\"https:\/\/www.alantraleasing.com\/#\/schema\/logo\/image\/\",\"url\":\"https:\/\/www.alantraleasing.com\/wp-content\/uploads\/2026\/02\/Alantra.png\",\"contentUrl\":\"https:\/\/www.alantraleasing.com\/wp-content\/uploads\/2026\/02\/Alantra.png\",\"width\":1200,\"height\":1200,\"caption\":\"Alantra Leasing Inc.\"},\"image\":{\"@id\":\"https:\/\/www.alantraleasing.com\/#\/schema\/logo\/image\/\"},\"sameAs\":[\"https:\/\/www.facebook.com\/alantratrailers\/\",\"https:\/\/www.instagram.com\/alantraleasing\/?hl=en\",\"https:\/\/www.linkedin.com\/company\/alantra-leasing-inc-\/\",\"https:\/\/www.youtube.com\/channel\/UC147gZKyzDss4_0nrOOAj6w\"]}]}<\/script>\n<!-- \/ Yoast SEO plugin. -->","yoast_head_json":{"title":"Carri\u00e8res | Alantra","description":"D\u00e9couvrez les opportunit\u00e9s de carri\u00e8re chez Alantra Leasing, une entreprise familiale qui fournit des remorques modulaires et mobiles dans tout l'est du Canada.","robots":{"index":"index","follow":"follow","max-snippet":"max-snippet:-1","max-image-preview":"max-image-preview:large","max-video-preview":"max-video-preview:-1"},"canonical":"https:\/\/www.alantraleasing.com\/fr\/a-propos-de-nous\/carrieres\/","og_locale":"fr_FR","og_type":"article","og_title":"Carri\u00e8res | Alantra","og_description":"D\u00e9couvrez les opportunit\u00e9s de carri\u00e8re chez Alantra Leasing, une entreprise familiale qui fournit des remorques modulaires et mobiles dans tout l'est du Canada.","og_url":"https:\/\/www.alantraleasing.com\/fr\/a-propos-de-nous\/carrieres\/","og_site_name":"Alantra","article_publisher":"https:\/\/www.facebook.com\/alantratrailers\/","article_modified_time":"2026-04-09T18:00:02+00:00","og_image":[{"url":"https:\/\/www.alantraleasing.com\/wp-content\/uploads\/2026\/03\/careers-cropped.png","type":"","width":"","height":""}],"twitter_card":"summary_large_image","twitter_misc":{"Dur\u00e9e de lecture estim\u00e9e":"1 minute"},"schema":{"@context":"https:\/\/schema.org","@graph":[{"@type":"WebPage","@id":"https:\/\/www.alantraleasing.com\/fr\/a-propos-de-nous\/carrieres\/","url":"https:\/\/www.alantraleasing.com\/fr\/a-propos-de-nous\/carrieres\/","name":"Carri\u00e8res | Alantra","isPartOf":{"@id":"https:\/\/www.alantraleasing.com\/#website"},"primaryImageOfPage":{"@id":"https:\/\/www.alantraleasing.com\/fr\/a-propos-de-nous\/carrieres\/#primaryimage"},"image":{"@id":"https:\/\/www.alantraleasing.com\/fr\/a-propos-de-nous\/carrieres\/#primaryimage"},"thumbnailUrl":"https:\/\/www.alantraleasing.com\/wp-content\/uploads\/2026\/03\/careers-cropped.png","datePublished":"2025-07-27T07:17:55+00:00","dateModified":"2026-04-09T18:00:02+00:00","description":"D\u00e9couvrez les opportunit\u00e9s de carri\u00e8re chez Alantra Leasing, une entreprise familiale qui fournit des remorques modulaires et mobiles dans tout l'est du Canada.","breadcrumb":{"@id":"https:\/\/www.alantraleasing.com\/fr\/a-propos-de-nous\/carrieres\/#breadcrumb"},"inLanguage":"fr-FR","potentialAction":[{"@type":"ReadAction","target":["https:\/\/www.alantraleasing.com\/fr\/a-propos-de-nous\/carrieres\/"]}]},{"@type":"ImageObject","inLanguage":"fr-FR","@id":"https:\/\/www.alantraleasing.com\/fr\/a-propos-de-nous\/carrieres\/#primaryimage","url":"https:\/\/www.alantraleasing.com\/wp-content\/uploads\/2026\/03\/careers-cropped.png","contentUrl":"https:\/\/www.alantraleasing.com\/wp-content\/uploads\/2026\/03\/careers-cropped.png"},{"@type":"BreadcrumbList","@id":"https:\/\/www.alantraleasing.com\/fr\/a-propos-de-nous\/carrieres\/#breadcrumb","itemListElement":[{"@type":"ListItem","position":1,"name":"Home","item":"https:\/\/www.alantraleasing.com\/fr\/"},{"@type":"ListItem","position":2,"name":"\u00c0 propos de nous","item":"https:\/\/www.alantraleasing.com\/fr\/a-propos-de-nous\/"},{"@type":"ListItem","position":3,"name":"Carri\u00e8res"}]},{"@type":"WebSite","@id":"https:\/\/www.alantraleasing.com\/#website","url":"https:\/\/www.alantraleasing.com\/","name":"Alantra Leasing Inc.","description":"Mobile Office Trailer &amp; Modular Building Specialists","publisher":{"@id":"https:\/\/www.alantraleasing.com\/#organization"},"alternateName":"Alantra Leasing","potentialAction":[{"@type":"SearchAction","target":{"@type":"EntryPoint","urlTemplate":"https:\/\/www.alantraleasing.com\/?s={search_term_string}"},"query-input":{"@type":"PropertyValueSpecification","valueRequired":true,"valueName":"search_term_string"}}],"inLanguage":"fr-FR"},{"@type":"Organization","@id":"https:\/\/www.alantraleasing.com\/#organization","name":"Alantra Leasing Inc.","alternateName":"Alantra Leasing","url":"https:\/\/www.alantraleasing.com\/","logo":{"@type":"ImageObject","inLanguage":"fr-FR","@id":"https:\/\/www.alantraleasing.com\/#\/schema\/logo\/image\/","url":"https:\/\/www.alantraleasing.com\/wp-content\/uploads\/2026\/02\/Alantra.png","contentUrl":"https:\/\/www.alantraleasing.com\/wp-content\/uploads\/2026\/02\/Alantra.png","width":1200,"height":1200,"caption":"Alantra Leasing Inc."},"image":{"@id":"https:\/\/www.alantraleasing.com\/#\/schema\/logo\/image\/"},"sameAs":["https:\/\/www.facebook.com\/alantratrailers\/","https:\/\/www.instagram.com\/alantraleasing\/?hl=en","https:\/\/www.linkedin.com\/company\/alantra-leasing-inc-\/","https:\/\/www.youtube.com\/channel\/UC147gZKyzDss4_0nrOOAj6w"]}]}},"_links":{"self":[{"href":"https:\/\/www.alantraleasing.com\/fr\/wp-json\/wp\/v2\/pages\/1493","targetHints":{"allow":["GET"]}}],"collection":[{"href":"https:\/\/www.alantraleasing.com\/fr\/wp-json\/wp\/v2\/pages"}],"about":[{"href":"https:\/\/www.alantraleasing.com\/fr\/wp-json\/wp\/v2\/types\/page"}],"author":[{"embeddable":true,"href":"https:\/\/www.alantraleasing.com\/fr\/wp-json\/wp\/v2\/users\/1"}],"replies":[{"embeddable":true,"href":"https:\/\/www.alantraleasing.com\/fr\/wp-json\/wp\/v2\/comments?post=1493"}],"version-history":[{"count":10,"href":"https:\/\/www.alantraleasing.com\/fr\/wp-json\/wp\/v2\/pages\/1493\/revisions"}],"predecessor-version":[{"id":2616,"href":"https:\/\/www.alantraleasing.com\/fr\/wp-json\/wp\/v2\/pages\/1493\/revisions\/2616"}],"up":[{"embeddable":true,"href":"https:\/\/www.alantraleasing.com\/fr\/wp-json\/wp\/v2\/pages\/1491"}],"wp:attachment":[{"href":"https:\/\/www.alantraleasing.com\/fr\/wp-json\/wp\/v2\/media?parent=1493"}],"curies":[{"name":"wp","href":"https:\/\/api.w.org\/{rel}","templated":true}]}}